{"id":26171,"date":"2025-03-21T16:13:36","date_gmt":"2025-03-21T16:13:36","guid":{"rendered":"https:\/\/www.tunidotenerife.com\/?page_id=26171"},"modified":"2025-03-21T16:15:41","modified_gmt":"2025-03-21T16:15:41","slug":"politica-de-cookies","status":"publish","type":"page","link":"https:\/\/www.tunidotenerife.com\/uk\/politica-de-cookies\/","title":{"rendered":"\u041f\u043e\u043b\u0456\u0442\u0438\u043a\u0430 \u0449\u043e\u0434\u043e \u0444\u0430\u0439\u043b\u0456\u0432 cookie"},"content":{"rendered":"<p data-start=\"321\" data-end=\"593\">\u0417\u0430 \u0430\u0434\u0440\u0435\u0441\u043e\u044e <strong data-start=\"324\" data-end=\"344\">Tu Nido Tenerife<\/strong>\u041c\u0438 \u0432\u0438\u043a\u043e\u0440\u0438\u0441\u0442\u043e\u0432\u0443\u0454\u043c\u043e \u0444\u0430\u0439\u043b\u0438 cookie \u0434\u043b\u044f \u0437\u0430\u0431\u0435\u0437\u043f\u0435\u0447\u0435\u043d\u043d\u044f \u043d\u0430\u043b\u0435\u0436\u043d\u043e\u0433\u043e \u0444\u0443\u043d\u043a\u0446\u0456\u043e\u043d\u0443\u0432\u0430\u043d\u043d\u044f \u0432\u0435\u0431-\u0441\u0430\u0439\u0442\u0443, \u043f\u043e\u043a\u0440\u0430\u0449\u0435\u043d\u043d\u044f \u043a\u043e\u0440\u0438\u0441\u0442\u0443\u0432\u0430\u0446\u044c\u043a\u043e\u0433\u043e \u0434\u043e\u0441\u0432\u0456\u0434\u0443 \u0442\u0430 \u0437\u0431\u043e\u0440\u0443 \u0430\u043d\u043e\u043d\u0456\u043c\u043d\u043e\u0457 \u0441\u0442\u0430\u0442\u0438\u0441\u0442\u0438\u0447\u043d\u043e\u0457 \u0456\u043d\u0444\u043e\u0440\u043c\u0430\u0446\u0456\u0457. \u0426\u044f \u043f\u043e\u043b\u0456\u0442\u0438\u043a\u0430 \u043f\u043e\u044f\u0441\u043d\u044e\u0454, \u0449\u043e \u0442\u0430\u043a\u0435 \u0444\u0430\u0439\u043b\u0438 cookie, \u044f\u043a\u0456 \u0442\u0438\u043f\u0438 \u043c\u0438 \u0432\u0438\u043a\u043e\u0440\u0438\u0441\u0442\u043e\u0432\u0443\u0454\u043c\u043e \u0442\u0430 \u044f\u043a \u043d\u0438\u043c\u0438 \u043a\u0435\u0440\u0443\u0432\u0430\u0442\u0438.<\/p>\n<h3 data-start=\"600\" data-end=\"632\"><strong data-start=\"604\" data-end=\"632\">1. \u0449\u043e \u0442\u0430\u043a\u0435 \u0444\u0430\u0439\u043b\u0438 cookie?<\/strong><\/h3>\n<p data-start=\"634\" data-end=\"928\">\u0424\u0430\u0439\u043b\u0438 cookie - \u0446\u0435 \u043d\u0435\u0432\u0435\u043b\u0438\u043a\u0456 \u0442\u0435\u043a\u0441\u0442\u043e\u0432\u0456 \u0444\u0430\u0439\u043b\u0438, \u044f\u043a\u0456 \u0432\u0435\u0431-\u0441\u0430\u0439\u0442\u0438 \u0432\u0441\u0442\u0430\u043d\u043e\u0432\u043b\u044e\u044e\u0442\u044c \u0443 \u0431\u0440\u0430\u0443\u0437\u0435\u0440\u0456 \u043a\u043e\u0440\u0438\u0441\u0442\u0443\u0432\u0430\u0447\u0430, \u0449\u043e\u0431 \u0437\u0431\u0435\u0440\u0456\u0433\u0430\u0442\u0438 \u0456\u043d\u0444\u043e\u0440\u043c\u0430\u0446\u0456\u044e \u043f\u0440\u043e \u0439\u043e\u0433\u043e \u0432\u0456\u0434\u0432\u0456\u0434\u0443\u0432\u0430\u043d\u043d\u044f, \u043d\u0430\u043f\u0440\u0438\u043a\u043b\u0430\u0434, \u043e\u0431\u0440\u0430\u043d\u0443 \u043c\u043e\u0432\u0443, \u0434\u0430\u043d\u0456 \u043f\u0440\u043e \u0441\u0435\u0430\u043d\u0441 \u0430\u0431\u043e \u043f\u043e\u0432\u0435\u0434\u0456\u043d\u043a\u0443 \u043d\u0430 \u0441\u0430\u0439\u0442\u0456. \u0412\u043e\u043d\u0438 \u043d\u0435 \u0437\u0430\u0432\u0434\u0430\u044e\u0442\u044c \u0448\u043a\u043e\u0434\u0438 \u043f\u0440\u0438\u0441\u0442\u0440\u043e\u044e, \u0430 \u0457\u0445 \u0432\u0438\u043a\u043e\u0440\u0438\u0441\u0442\u0430\u043d\u043d\u044f \u0440\u0435\u0433\u0443\u043b\u044e\u0454\u0442\u044c\u0441\u044f \u0447\u0438\u043d\u043d\u0438\u043c \u0437\u0430\u043a\u043e\u043d\u043e\u0434\u0430\u0432\u0441\u0442\u0432\u043e\u043c.<\/p>\n<h3 data-start=\"935\" data-end=\"979\"><strong data-start=\"939\" data-end=\"979\">2. \u044f\u043a\u0456 \u0442\u0438\u043f\u0438 \u0444\u0430\u0439\u043b\u0456\u0432 cookie \u043c\u0438 \u0432\u0438\u043a\u043e\u0440\u0438\u0441\u0442\u043e\u0432\u0443\u0454\u043c\u043e?<\/strong><\/h3>\n<p data-start=\"981\" data-end=\"1050\">\u041c\u0438 \u0432\u0438\u043a\u043e\u0440\u0438\u0441\u0442\u043e\u0432\u0443\u0454\u043c\u043e \u043d\u0430\u0441\u0442\u0443\u043f\u043d\u0456 \u043a\u0430\u0442\u0435\u0433\u043e\u0440\u0456\u0457 \u0444\u0430\u0439\u043b\u0456\u0432 cookie \u043d\u0430 \u043d\u0430\u0448\u043e\u043c\u0443 \u0441\u0430\u0439\u0442\u0456:<\/p>\n<h4 data-start=\"1052\" data-end=\"1092\">\u2705 <strong data-start=\"1059\" data-end=\"1092\">\u0422\u0435\u0445\u043d\u0456\u0447\u043d\u0456 \u0430\u0431\u043e \u043d\u0435\u043e\u0431\u0445\u0456\u0434\u043d\u0456 \u0444\u0430\u0439\u043b\u0438 cookie<\/strong><\/h4>\n<p data-start=\"1093\" data-end=\"1281\">\u0412\u043e\u043d\u0438 \u043d\u0435\u043e\u0431\u0445\u0456\u0434\u043d\u0456 \u0434\u043b\u044f \u0431\u0430\u0437\u043e\u0432\u043e\u0433\u043e \u0444\u0443\u043d\u043a\u0446\u0456\u043e\u043d\u0443\u0432\u0430\u043d\u043d\u044f \u0432\u0435\u0431-\u0441\u0430\u0439\u0442\u0443 \u0456 \u043d\u0435 \u0432\u0438\u043c\u0430\u0433\u0430\u044e\u0442\u044c \u0437\u0433\u043e\u0434\u0438. \u0412\u043e\u043d\u0438 \u0437\u0430\u0431\u0435\u0437\u043f\u0435\u0447\u0443\u044e\u0442\u044c \u0442\u0430\u043a\u0456 \u0444\u0443\u043d\u043a\u0446\u0456\u0457, \u044f\u043a \u0431\u0435\u0437\u043f\u0435\u0447\u043d\u0438\u0439 \u043f\u0435\u0440\u0435\u0433\u043b\u044f\u0434, \u0443\u043f\u0440\u0430\u0432\u043b\u0456\u043d\u043d\u044f \u0444\u043e\u0440\u043c\u0430\u043c\u0438 \u0430\u0431\u043e \u0434\u043e\u0441\u0442\u0443\u043f \u0434\u043e \u043f\u0440\u0438\u0432\u0430\u0442\u043d\u0438\u0445 \u0437\u043e\u043d.<\/p>\n<h4 data-start=\"1283\" data-end=\"1328\">\ud83d\udcca <strong data-start=\"1291\" data-end=\"1328\">\u0410\u043d\u0430\u043b\u0456\u0442\u0438\u0447\u043d\u0456 \u0430\u0431\u043e \u0435\u043a\u0441\u043f\u043b\u0443\u0430\u0442\u0430\u0446\u0456\u0439\u043d\u0456 \u0444\u0430\u0439\u043b\u0438 cookie<\/strong><\/h4>\n<p data-start=\"1329\" data-end=\"1589\">\u0412\u043e\u043d\u0438 \u0434\u043e\u0437\u0432\u043e\u043b\u044f\u044e\u0442\u044c \u043d\u0430\u043c \u0437\u0440\u043e\u0437\u0443\u043c\u0456\u0442\u0438, \u044f\u043a \u0432\u0456\u0434\u0432\u0456\u0434\u0443\u0432\u0430\u0447\u0456 \u0432\u0437\u0430\u0454\u043c\u043e\u0434\u0456\u044e\u0442\u044c \u0437 \u043d\u0430\u0448\u0438\u043c \u0441\u0430\u0439\u0442\u043e\u043c, \u0456 \u0442\u0430\u043a\u0438\u043c \u0447\u0438\u043d\u043e\u043c \u043f\u043e\u043a\u0440\u0430\u0449\u0438\u0442\u0438 \u0439\u043e\u0433\u043e \u0440\u043e\u0431\u043e\u0442\u0443. \u041c\u0438 \u0432\u0438\u043a\u043e\u0440\u0438\u0441\u0442\u043e\u0432\u0443\u0454\u043c\u043e \u0442\u0430\u043a\u0456 \u0456\u043d\u0441\u0442\u0440\u0443\u043c\u0435\u043d\u0442\u0438, \u044f\u043a <strong data-start=\"1460\" data-end=\"1480\">Google Analytics<\/strong>\u044f\u043a\u0456 \u0437\u0431\u0438\u0440\u0430\u044e\u0442\u044c \u0456\u043d\u0444\u043e\u0440\u043c\u0430\u0446\u0456\u044e \u0432 \u0430\u043d\u043e\u043d\u0456\u043c\u043d\u0456\u0439 \u0444\u043e\u0440\u043c\u0456 (\u043d\u0430\u043f\u0440\u0438\u043a\u043b\u0430\u0434, \u0432\u0456\u0434\u0432\u0456\u0434\u0430\u043d\u0456 \u0441\u0442\u043e\u0440\u0456\u043d\u043a\u0438, \u0447\u0430\u0441 \u043f\u0435\u0440\u0435\u0431\u0443\u0432\u0430\u043d\u043d\u044f \u043d\u0430 \u0441\u0430\u0439\u0442\u0456, \u043f\u0440\u0438\u0441\u0442\u0440\u0456\u0439 \u0442\u043e\u0449\u043e).<\/p>\n<h4 data-start=\"1591\" data-end=\"1645\">\ud83c\udfaf <strong data-start=\"1599\" data-end=\"1645\">\u041f\u0435\u0440\u0441\u043e\u043d\u0430\u043b\u0456\u0437\u0430\u0446\u0456\u0439\u043d\u0456 \u0430\u0431\u043e \u0444\u0443\u043d\u043a\u0446\u0456\u043e\u043d\u0430\u043b\u044c\u043d\u0456 \u0444\u0430\u0439\u043b\u0438 cookie<\/strong><\/h4>\n<p data-start=\"1646\" data-end=\"1767\">\u0426\u0456 \u0444\u0430\u0439\u043b\u0438 cookie \u0437\u0430\u043f\u0430\u043c'\u044f\u0442\u043e\u0432\u0443\u044e\u0442\u044c \u0432\u0430\u0448\u0456 \u0443\u043f\u043e\u0434\u043e\u0431\u0430\u043d\u043d\u044f \u0442\u0430 \u043d\u0430\u043b\u0430\u0448\u0442\u0443\u0432\u0430\u043d\u043d\u044f, \u0449\u043e\u0431 \u0437\u0430\u0431\u0435\u0437\u043f\u0435\u0447\u0438\u0442\u0438 \u0431\u0456\u043b\u044c\u0448 \u043f\u0435\u0440\u0441\u043e\u043d\u0430\u043b\u0456\u0437\u043e\u0432\u0430\u043d\u0438\u0439 \u0434\u043e\u0441\u0432\u0456\u0434 (\u043c\u043e\u0432\u0430, \u0440\u0435\u0433\u0456\u043e\u043d \u0442\u043e\u0449\u043e).<\/p>\n<h4 data-start=\"1769\" data-end=\"1800\">\ud83d\udce2 <strong data-start=\"1777\" data-end=\"1800\">\u0421\u0442\u043e\u0440\u043e\u043d\u043d\u0456 \u0444\u0430\u0439\u043b\u0438 cookie<\/strong><\/h4>\n<p data-start=\"1801\" data-end=\"1964\">\u041c\u0438 \u043c\u043e\u0436\u0435\u043c\u043e \u0432\u0438\u043a\u043e\u0440\u0438\u0441\u0442\u043e\u0432\u0443\u0432\u0430\u0442\u0438 \u0441\u0442\u043e\u0440\u043e\u043d\u043d\u0456 \u0441\u0435\u0440\u0432\u0456\u0441\u0438, \u044f\u043a\u0456 \u0432\u0441\u0442\u0430\u043d\u043e\u0432\u043b\u044e\u044e\u0442\u044c \u0432\u043b\u0430\u0441\u043d\u0456 \u0444\u0430\u0439\u043b\u0438 cookie, \u043d\u0430\u043f\u0440\u0438\u043a\u043b\u0430\u0434, \u043f\u0440\u0438 \u0432\u0456\u0434\u0442\u0432\u043e\u0440\u0435\u043d\u043d\u0456 \u0432\u0431\u0443\u0434\u043e\u0432\u0430\u043d\u0438\u0445 \u0432\u0456\u0434\u0435\u043e YouTube \u0430\u0431\u043e \u0432\u043f\u0440\u043e\u0432\u0430\u0434\u0436\u0435\u043d\u043d\u0456 Google Maps.<\/p>\n<h3 data-start=\"1971\" data-end=\"2016\"><strong data-start=\"1975\" data-end=\"2016\">3. \u044f\u043a \u043c\u0438 \u043e\u0442\u0440\u0438\u043c\u0443\u0454\u043c\u043e \u0432\u0430\u0448\u0443 \u0437\u0433\u043e\u0434\u0443?<\/strong><\/h3>\n<p data-start=\"2018\" data-end=\"2136\">\u041a\u043e\u043b\u0438 \u0432\u0438 \u0432\u043f\u0435\u0440\u0448\u0435 \u0437\u0430\u0445\u043e\u0434\u0438\u0442\u0435 \u043d\u0430 \u043d\u0430\u0448 \u0441\u0430\u0439\u0442, \u0432\u0430\u043c \u0431\u0443\u0434\u0435 \u043f\u043e\u043a\u0430\u0437\u0430\u043d\u043e <strong data-start=\"2076\" data-end=\"2112\">\u0431\u0430\u043d\u0435\u0440, \u043a\u0435\u0440\u043e\u0432\u0430\u043d\u0438\u0439 YesCookies<\/strong> \u0449\u043e \u0434\u043e\u0437\u0432\u043e\u043b\u044f\u0454 \u043a\u043e\u0440\u0438\u0441\u0442\u0443\u0432\u0430\u0447\u0435\u0432\u0456:<\/p>\n<ul data-start=\"2138\" data-end=\"2258\">\n<li data-start=\"2138\" data-end=\"2168\">\u2705 \u041f\u0440\u0438\u0439\u043d\u044f\u0442\u0438 \u0432\u0441\u0456 \u0444\u0430\u0439\u043b\u0438 cookie.<\/li>\n<li data-start=\"2169\" data-end=\"2206\">\u274c \u0412\u0456\u0434\u043a\u0438\u043d\u044c\u0442\u0435 \u0432\u0441\u0456 \u043d\u0435\u043f\u043e\u0442\u0440\u0456\u0431\u043d\u0456.<\/li>\n<li data-start=\"2207\" data-end=\"2258\">\u2699\ufe0f \u041d\u0430\u043b\u0430\u0448\u0442\u0443\u0439\u0442\u0435 \u0441\u0432\u043e\u0457 \u0443\u043f\u043e\u0434\u043e\u0431\u0430\u043d\u043d\u044f \u0431\u0456\u043b\u044c\u0448 \u0434\u0435\u0442\u0430\u043b\u044c\u043d\u043e.<\/li>\n<\/ul>\n<p data-start=\"2260\" data-end=\"2450\">\u041a\u043e\u0440\u0438\u0441\u0442\u0443\u0432\u0430\u0447 \u043c\u043e\u0436\u0435 \u0437\u043c\u0456\u043d\u0438\u0442\u0438 \u0441\u0432\u043e\u0457 \u043d\u0430\u043b\u0430\u0448\u0442\u0443\u0432\u0430\u043d\u043d\u044f \u0430\u0431\u043e \u0432\u0456\u0434\u043a\u043b\u0438\u043a\u0430\u0442\u0438 \u0437\u0433\u043e\u0434\u0443 \u0432 \u0431\u0443\u0434\u044c-\u044f\u043a\u0438\u0439 \u0447\u0430\u0441, \u043d\u0430\u0442\u0438\u0441\u043d\u0443\u0432\u0448\u0438 \u043d\u0430 \u043f\u043e\u0441\u0438\u043b\u0430\u043d\u043d\u044f \".<strong data-start=\"2370\" data-end=\"2398\">\u041d\u0430\u043b\u0430\u0448\u0442\u0443\u0432\u0430\u043d\u043d\u044f \u0444\u0430\u0439\u043b\u0456\u0432 cookie<\/strong>\"\u0434\u043e\u0441\u0442\u0443\u043f\u043d\u0438\u0439 \u0443 \u043d\u0438\u0436\u043d\u044c\u043e\u043c\u0443 \u043a\u043e\u043b\u043e\u043d\u0442\u0438\u0442\u0443\u043b\u0456 \u0432\u0435\u0431-\u0441\u0430\u0439\u0442\u0443.<\/p>\n<h3 data-start=\"2457\" data-end=\"2511\"><strong data-start=\"2461\" data-end=\"2511\">4. \u044f\u043a \u0432\u0438\u043c\u043a\u043d\u0443\u0442\u0438 \u0430\u0431\u043e \u0432\u0438\u0434\u0430\u043b\u0438\u0442\u0438 \u0444\u0430\u0439\u043b\u0438 cookie?<\/strong><\/h3>\n<p data-start=\"2513\" data-end=\"2690\">\u0412\u0438 \u043c\u043e\u0436\u0435\u0442\u0435 \u043d\u0430\u043b\u0430\u0448\u0442\u0443\u0432\u0430\u0442\u0438 \u0441\u0432\u0456\u0439 \u0431\u0440\u0430\u0443\u0437\u0435\u0440 \u0442\u0430\u043a, \u0449\u043e\u0431 \u043f\u0440\u0438\u0439\u043c\u0430\u0442\u0438, \u0431\u043b\u043e\u043a\u0443\u0432\u0430\u0442\u0438 \u0430\u0431\u043e \u0432\u0438\u0434\u0430\u043b\u044f\u0442\u0438 \u0444\u0430\u0439\u043b\u0438 cookie. \u0417\u0432\u0435\u0440\u043d\u0456\u0442\u044c \u0443\u0432\u0430\u0433\u0443, \u0449\u043e \u0432\u0438\u043c\u043a\u043d\u0435\u043d\u043d\u044f \u043d\u0435\u043e\u0431\u0445\u0456\u0434\u043d\u0438\u0445 \u0444\u0430\u0439\u043b\u0456\u0432 cookie \u043c\u043e\u0436\u0435 \u0432\u043f\u043b\u0438\u043d\u0443\u0442\u0438 \u043d\u0430 \u043d\u0430\u043b\u0435\u0436\u043d\u0435 \u0444\u0443\u043d\u043a\u0446\u0456\u043e\u043d\u0443\u0432\u0430\u043d\u043d\u044f \u0432\u0435\u0431-\u0441\u0430\u0439\u0442\u0443.<\/p>\n<p data-start=\"2692\" data-end=\"2763\">\u041e\u0441\u044c \u043f\u043e\u0441\u0438\u043b\u0430\u043d\u043d\u044f \u043d\u0430 \u0456\u043d\u0441\u0442\u0440\u0443\u043a\u0446\u0456\u0457 \u0434\u043b\u044f \u043d\u0430\u0439\u043f\u043e\u0448\u0438\u0440\u0435\u043d\u0456\u0448\u0438\u0445 \u0431\u0440\u0430\u0443\u0437\u0435\u0440\u0456\u0432:<\/p>\n<ul data-start=\"2765\" data-end=\"3137\">\n<li data-start=\"2765\" data-end=\"2834\"><strong data-start=\"2767\" data-end=\"2785\">Google Chrome:<\/strong> <a href=\"https:\/\/support.google.com\/chrome\/answer\/95647\" target=\"_new\" rel=\"noopener\" data-start=\"2786\" data-end=\"2832\">https:\/\/support.google.com\/chrome\/answer\/95647<\/a><\/li>\n<li data-start=\"2835\" data-end=\"2926\"><strong data-start=\"2837\" data-end=\"2857\">Mozilla Firefox:<\/strong> <a href=\"https:\/\/support.mozilla.org\/es\/kb\/habilitar-y-deshabilitar-cookies\" target=\"_new\" rel=\"noopener\" data-start=\"2858\" data-end=\"2924\">https:\/\/support.mozilla.org\/es\/kb\/habilitar-y-deshabilitar-cookies<\/a><\/li>\n<li data-start=\"2927\" data-end=\"2991\"><strong data-start=\"2929\" data-end=\"2948\">Safari (Apple):<\/strong> <a href=\"https:\/\/support.apple.com\/es-es\/HT201265\" target=\"_new\" rel=\"noopener\" data-start=\"2949\" data-end=\"2989\">https:\/\/support.apple.com\/es-es\/HT201265<\/a><\/li>\n<li data-start=\"2992\" data-end=\"3064\"><strong data-start=\"2994\" data-end=\"3013\">Microsoft Edge:<\/strong> <a href=\"https:\/\/support.microsoft.com\/es-es\/help\/4027947\" target=\"_new\" rel=\"noopener\" data-start=\"3014\" data-end=\"3062\">https:\/\/support.microsoft.com\/es-es\/help\/4027947<\/a><\/li>\n<li data-start=\"3065\" data-end=\"3137\"><strong data-start=\"3067\" data-end=\"3077\">\u041e\u043f\u0435\u0440\u0430:<\/strong> <a href=\"https:\/\/help.opera.com\/en\/latest\/web-preferences\/#cookies\" target=\"_new\" rel=\"noopener\" data-start=\"3078\" data-end=\"3135\">https:\/\/help.opera.com\/en\/latest\/web-preferences\/#cookies<\/a><\/li>\n<\/ul>\n<p data-start=\"3139\" data-end=\"3258\">\u0412\u0438 \u0442\u0430\u043a\u043e\u0436 \u043c\u043e\u0436\u0435\u0442\u0435 \u0432\u0441\u0442\u0430\u043d\u043e\u0432\u0438\u0442\u0438 \u0442\u0430\u043a\u0456 \u0440\u043e\u0437\u0448\u0438\u0440\u0435\u043d\u043d\u044f, \u044f\u043a <strong data-start=\"3180\" data-end=\"3192\">\u041f\u0440\u0438\u0432\u0438\u0434\u0438.<\/strong> o <strong data-start=\"3195\" data-end=\"3216\">\u0410\u0432\u0442\u043e\u043c\u0430\u0442\u0438\u0447\u043d\u0435 \u0432\u0438\u0434\u0430\u043b\u0435\u043d\u043d\u044f \u0444\u0430\u0439\u043b\u0456\u0432 cookie<\/strong> \u0449\u043e\u0431 \u043c\u0430\u0442\u0438 \u0431\u0456\u043b\u044c\u0448\u0435 \u043a\u043e\u043d\u0442\u0440\u043e\u043b\u044e \u043d\u0430\u0434 \u0444\u0430\u0439\u043b\u0430\u043c\u0438 cookie.<\/p>\n<h3 data-start=\"3265\" data-end=\"3315\"><strong data-start=\"3269\" data-end=\"3315\">5. \u041c\u0456\u0436\u043d\u0430\u0440\u043e\u0434\u043d\u0430 \u043f\u0435\u0440\u0435\u0434\u0430\u0447\u0430 \u0434\u0430\u043d\u0438\u0445<\/strong><\/h3>\n<p data-start=\"3317\" data-end=\"3587\">\u0414\u0435\u044f\u043a\u0456 \u0441\u0442\u043e\u0440\u043e\u043d\u043d\u0456 \u0444\u0430\u0439\u043b\u0438 cookie, \u0442\u0430\u043a\u0456 \u044f\u043a Google \u0430\u0431\u043e Meta, \u043c\u043e\u0436\u0443\u0442\u044c \u043f\u0435\u0440\u0435\u0434\u0431\u0430\u0447\u0430\u0442\u0438 \u043f\u0435\u0440\u0435\u0434\u0430\u0447\u0443 \u0434\u0430\u043d\u0438\u0445 \u0437\u0430 \u043c\u0435\u0436\u0456 \u0404\u0432\u0440\u043e\u043f\u0435\u0439\u0441\u044c\u043a\u043e\u0457 \u0435\u043a\u043e\u043d\u043e\u043c\u0456\u0447\u043d\u043e\u0457 \u0437\u043e\u043d\u0438 (\u0404\u0415\u0417). \u0426\u044f \u043f\u0435\u0440\u0435\u0434\u0430\u0447\u0430 \u0437\u0434\u0456\u0439\u0441\u043d\u044e\u0454\u0442\u044c\u0441\u044f \u0437 \u0434\u043e\u0442\u0440\u0438\u043c\u0430\u043d\u043d\u044f\u043c \u0432\u0456\u0434\u043f\u043e\u0432\u0456\u0434\u043d\u0438\u0445 \u0433\u0430\u0440\u0430\u043d\u0442\u0456\u0439, \u0442\u0430\u043a\u0438\u0445 \u044f\u043a <strong data-start=\"3516\" data-end=\"3548\">\u0421\u0442\u0430\u043d\u0434\u0430\u0440\u0442\u043d\u0456 \u0434\u043e\u0433\u043e\u0432\u0456\u0440\u043d\u0456 \u0443\u043c\u043e\u0432\u0438<\/strong> \u0430\u0431\u043e <strong data-start=\"3554\" data-end=\"3586\">\u0420\u0430\u043c\u043a\u043e\u0432\u0430 \u043f\u0440\u043e\u0433\u0440\u0430\u043c\u0430 \u0437\u0430\u0445\u0438\u0441\u0442\u0443 \u0434\u0430\u043d\u0438\u0445 (DPF)<\/strong>.<\/p>\n<h3 data-start=\"3594\" data-end=\"3646\"><strong data-start=\"3598\" data-end=\"3646\">6. \u041e\u043d\u043e\u0432\u043b\u0435\u043d\u043d\u044f \u043f\u043e\u043b\u0456\u0442\u0438\u043a\u0438 \u0449\u043e\u0434\u043e \u0444\u0430\u0439\u043b\u0456\u0432 cookie<\/strong><\/h3>\n<p data-start=\"3648\" data-end=\"3797\">\u041c\u0438 \u043c\u043e\u0436\u0435\u043c\u043e \u043e\u043d\u043e\u0432\u043b\u044e\u0432\u0430\u0442\u0438 \u0446\u044e \u043f\u043e\u043b\u0456\u0442\u0438\u043a\u0443 \u0437\u0430\u043b\u0435\u0436\u043d\u043e \u0432\u0456\u0434 \u044e\u0440\u0438\u0434\u0438\u0447\u043d\u0438\u0445, \u0442\u0435\u0445\u043d\u0456\u0447\u043d\u0438\u0445 \u0430\u0431\u043e \u043e\u043f\u0435\u0440\u0430\u0446\u0456\u0439\u043d\u0438\u0445 \u0437\u043c\u0456\u043d \u043d\u0430 \u0432\u0435\u0431-\u0441\u0430\u0439\u0442\u0456. \u041c\u0438 \u0440\u0435\u043a\u043e\u043c\u0435\u043d\u0434\u0443\u0454\u043c\u043e \u0432\u0430\u043c \u043f\u0435\u0440\u0456\u043e\u0434\u0438\u0447\u043d\u043e \u043f\u0435\u0440\u0435\u0433\u043b\u044f\u0434\u0430\u0442\u0438 \u0457\u0457.<\/p>\n<h3 data-start=\"3804\" data-end=\"3820\"><strong data-start=\"3808\" data-end=\"3820\">\u041a\u043e\u043d\u0442\u0430\u043a\u0442\u0438<\/strong><\/h3>\n<p data-start=\"3822\" data-end=\"3925\">\u0417 \u0431\u0443\u0434\u044c-\u044f\u043a\u0438\u0445 \u043f\u0438\u0442\u0430\u043d\u044c \u0449\u043e\u0434\u043e \u0432\u0438\u043a\u043e\u0440\u0438\u0441\u0442\u0430\u043d\u043d\u044f \u0444\u0430\u0439\u043b\u0456\u0432 cookie \u043d\u0430 \u043d\u0430\u0448\u043e\u043c\u0443 \u0441\u0430\u0439\u0442\u0456 \u0432\u0438 \u043c\u043e\u0436\u0435\u0442\u0435 \u0437\u0432'\u044f\u0437\u0430\u0442\u0438\u0441\u044f \u0437 \u043d\u0430\u043c\u0438 \u0437\u0430 \u0430\u0434\u0440\u0435\u0441\u043e\u044e:<\/p>\n<p data-start=\"3927\" data-end=\"4046\"><strong data-start=\"3927\" data-end=\"3940\">\ud83d\udce9 \u0415\u043b\u0435\u043a\u0442\u0440\u043e\u043d\u043d\u0430 \u043f\u043e\u0448\u0442\u0430:<\/strong> <a rel=\"noopener\" data-start=\"3941\" data-end=\"3963\">psa@tunidotenerife.com<\/a><br data-start=\"3963\" data-end=\"3966\" \/><strong data-start=\"3966\" data-end=\"3983\">\u0410\u0434\u0440\u0435\u0441\u0430:<\/strong> Calle el Sauce 9, Local 3, Costa Adeje, Santa Cruz de Tenerife<\/p>\n<p data-start=\"3927\" data-end=\"4046\">\n<p data-start=\"3927\" data-end=\"4046\">\n<p data-start=\"3927\" data-end=\"4046\"><strong data-start=\"274\" data-end=\"319\">\u041e\u0441\u0442\u0430\u043d\u043d\u0454 \u043e\u043d\u043e\u0432\u043b\u0435\u043d\u043d\u044f: 21 \u0431\u0435\u0440\u0435\u0437\u043d\u044f 2025 \u0440\u043e\u043a\u0443<\/strong><\/p>","protected":false},"excerpt":{"rendered":"<p>En Tu Nido Tenerife, utilizamos cookies para garantizar el correcto funcionamiento del sitio web, mejorar la experiencia del usuario y recopilar informaci\u00f3n estad\u00edstica an\u00f3nima. Esta pol\u00edtica explica qu\u00e9 son las cookies, qu\u00e9 tipo utilizamos y c\u00f3mo puedes gestionarlas. 1. \u00bfQu\u00e9 son las cookies? Las cookies son peque\u00f1os archivos de texto que los sitios web instalan [&hellip;]<\/p>\n","protected":false},"author":1,"featured_media":0,"parent":0,"menu_order":0,"comment_status":"closed","ping_status":"closed","template":"","meta":{"footnotes":""},"class_list":["post-26171","page","type-page","status-publish","hentry"],"_links":{"self":[{"href":"https:\/\/www.tunidotenerife.com\/uk\/wp-json\/wp\/v2\/pages\/26171","targetHints":{"allow":["GET"]}}],"collection":[{"href":"https:\/\/www.tunidotenerife.com\/uk\/wp-json\/wp\/v2\/pages"}],"about":[{"href":"https:\/\/www.tunidotenerife.com\/uk\/wp-json\/wp\/v2\/types\/page"}],"author":[{"embeddable":true,"href":"https:\/\/www.tunidotenerife.com\/uk\/wp-json\/wp\/v2\/users\/1"}],"replies":[{"embeddable":true,"href":"https:\/\/www.tunidotenerife.com\/uk\/wp-json\/wp\/v2\/comments?post=26171"}],"version-history":[{"count":0,"href":"https:\/\/www.tunidotenerife.com\/uk\/wp-json\/wp\/v2\/pages\/26171\/revisions"}],"wp:attachment":[{"href":"https:\/\/www.tunidotenerife.com\/uk\/wp-json\/wp\/v2\/media?parent=26171"}],"curies":[{"name":"wp","href":"https:\/\/api.w.org\/{rel}","templated":true}]}}