{"id":3,"date":"2024-04-03T06:23:08","date_gmt":"2024-04-03T04:23:08","guid":{"rendered":"https:\/\/tunidotenerife.com\/?page_id=3"},"modified":"2025-03-21T16:11:00","modified_gmt":"2025-03-21T16:11:00","slug":"politica-privacidad","status":"publish","type":"page","link":"https:\/\/www.tunidotenerife.com\/ro\/politica-privacidad\/","title":{"rendered":"Politica de confiden\u021bialitate"},"content":{"rendered":"<p>La Tu Nido Tenerife, \u00een\u021belegem importan\u021ba protej\u0103rii confiden\u021bialit\u0103\u021bii dvs. \u0219i ne angaj\u0103m s\u0103 trat\u0103m informa\u021biile dvs. personale cu respect \u0219i responsabilitate. Aceast\u0103 politic\u0103 de confiden\u021bialitate explic\u0103 modul \u00een care colect\u0103m, utiliz\u0103m, protej\u0103m \u0219i, \u00een anumite circumstan\u021be, \u00eemp\u0103rt\u0103\u0219im informa\u021biile dumneavoastr\u0103 personale.<\/p>\r\n<p><span style=\"text-decoration: underline;\"><strong>Operator de date:<\/strong><\/span><\/p>\r\n<p><strong>Denumire comercial\u0103:<\/strong> Tu Nido Tenerife<br \/><strong>Denumirea juridic\u0103 a societ\u0103\u021bii:<\/strong> Tu Nido Tenerife SL<br \/><strong>CIF:<\/strong> B76752567<br \/><strong>Adresa:<\/strong> Calle el Sauce 9, Local 3, Costa Adeje, Santa Cruz de Tenerife.<br \/><strong>Email:<\/strong> psa@tunidotenerife.com<br \/><br \/><\/p>\r\n<h2 class=\"wp-block-heading\"><strong>Informa\u021bii pe care le colect\u0103m<\/strong><\/h2>\r\n<p>Putem colecta informa\u021bii personale pe care ni le furniza\u021bi direct, cum ar fi numele, adresa de e-mail, num\u0103rul de telefon, adresa fizic\u0103, preferin\u021bele de proprietate \u0219i detaliile financiare atunci c\u00e2nd utiliza\u021bi serviciile noastre, v\u0103 \u00eenregistra\u021bi pe site-ul nostru, v\u0103 abona\u021bi la buletinul nostru informativ sau comunica\u021bi cu noi.<\/p>\r\n<h2><strong>Utilizarea informa\u021biilor dumneavoastr\u0103<\/strong><\/h2>\r\n<p>Utiliz\u0103m informa\u021biile dvs. personale pentru:<\/p>\r\n<ul>\r\n<li>Pentru a furniza, opera \u0219i \u00eentre\u021bine serviciile noastre.<\/li>\r\n<li>\u00cembun\u0103t\u0103\u021birea, personalizarea \u0219i extinderea serviciilor noastre.<\/li>\r\n<li>S\u0103 \u00een\u021belegem \u0219i s\u0103 analiz\u0103m modul \u00een care utiliza\u021bi serviciile noastre.<\/li>\r\n<li>Dezvoltarea de noi produse, servicii, caracteristici \u0219i func\u021bionalit\u0103\u021bi.<\/li>\r\n<li>Pentru a comunica cu dumneavoastr\u0103, direct sau prin intermediul unuia dintre partenerii no\u0219tri, inclusiv pentru serviciul clien\u021bi, pentru a v\u0103 furniza actualiz\u0103ri \u0219i alte informa\u021bii legate de servicii, precum \u0219i \u00een scopuri promo\u021bionale \u0219i de marketing.<\/li>\r\n<li>S\u0103 v\u0103 trimit\u0103 e-mail-uri.<\/li>\r\n<\/ul>\r\n<h2><strong>Temeiul juridic pentru prelucrare<\/strong><\/h2>\r\n<p>Temeiul juridic pentru prelucrarea datelor dumneavoastr\u0103 cu caracter personal este:<\/p>\r\n<ul>\r\n<li>Consim\u021b\u0103m\u00e2ntul dat \u00een mod liber prin completarea formularelor de pe site-ul nostru.<\/li>\r\n<li>Executarea unui contract sau aplicarea de m\u0103suri precontractuale atunci c\u00e2nd solicita\u021bi informa\u021bii de la noi sau dori\u021bi s\u0103 contracta\u021bi serviciile noastre.<\/li>\r\n<li>Respectarea obliga\u021biilor noastre legale (fiscale, contabile, de protec\u021bie a datelor etc.).<\/li>\r\n<li>Interesul nostru legitim \u00een \u00eembun\u0103t\u0103\u021birea experien\u021bei utilizatorului \u0219i a securit\u0103\u021bii site-ului.<\/li>\r\n<\/ul>\r\n<h2><strong>Partajarea informa\u021biilor dvs. personale<\/strong><\/h2>\r\n<p>Nu vindem \u0219i nu \u00eenchiriem informa\u021biile dvs. personale unor ter\u021be p\u0103r\u021bi. Este posibil s\u0103 \u00eemp\u0103rt\u0103\u0219im informa\u021biile dvs. cu ter\u021be p\u0103r\u021bi \u00een urm\u0103toarele circumstan\u021be:<\/p>\r\n<ul>\r\n<li>Pentru a respecta legile, regulamentele, procedurile legale sau solicit\u0103rile guvernamentale aplicabile.<\/li>\r\n<li>Pentru a proteja drepturile, proprietatea sau siguran\u021ba Tu Nido Tenerife, a clien\u021bilor no\u0219tri sau a publicului, dup\u0103 cum este cerut sau permis de lege.<\/li>\r\n<\/ul>\r\n<h2><strong>Securitatea informa\u021biilor<\/strong><\/h2>\r\n<p>Ne str\u0103duim s\u0103 folosim m\u0103suri de securitate rezonabile menite s\u0103 protejeze informa\u021biile dumneavoastr\u0103 personale \u00eempotriva accesului neautorizat, modific\u0103rii, divulg\u0103rii sau distrugerii. Cu toate acestea, nicio metod\u0103 de transmitere pe internet sau metod\u0103 de stocare electronic\u0103 nu este 100% sigur\u0103 \u0219i nu putem garanta securitatea absolut\u0103 a acestora.<\/p>\r\n<h2>P\u0103strarea datelor<\/h2>\r\n<p>Vom p\u0103stra datele dvs. pentru perioada necesar\u0103 \u00eendeplinirii scopului pentru care au fost colectate sau pe durata rela\u021biei contractuale\/comerciale. Odat\u0103 ce rela\u021bia contractual\u0103\/comercial\u0103 a luat sf\u00e2r\u0219it, vom p\u0103stra datele blocate pentru perioadele prev\u0103zute de lege.<\/p>\r\n<h2><strong>Drepturile dumneavoastr\u0103<\/strong><\/h2>\r\n<p>Ave\u021bi dreptul la:<\/p>\r\n<p>- Accesa\u021bi datele dvs. personale.<br \/>- Solicita\u021bi rectificarea datelor inexacte sau incomplete.<br \/>- Solicita\u021bi \u0219tergerea datelor dumneavoastr\u0103 atunci c\u00e2nd acestea nu mai sunt necesare.<br \/>- Solicita\u021bi restric\u021bionarea prelucr\u0103rii datelor dumneavoastr\u0103.<br \/>- s\u0103 v\u0103 opune\u021bi prelucr\u0103rii datelor dumneavoastr\u0103 \u00een anumite circumstan\u021be.<br \/>- Solicita\u021bi portabilitatea datelor dumneavoastr\u0103 c\u0103tre un alt furnizor, \u00een cazul \u00een care este posibil din punct de vedere tehnic.<\/p>\r\n<p>Pentru a exercita oricare dintre aceste drepturi, pute\u021bi trimite o cerere la adresa de e-mail psa@tunidodetenerife.com, ata\u0219\u00e2nd o copie a c\u0103r\u021bii de identitate sau a unui document de identificare echivalent.<\/p>\r\n<p>Dac\u0103 considera\u021bi c\u0103 prelucrarea datelor dumneavoastr\u0103 cu caracter personal \u00eencalc\u0103 reglement\u0103rile privind protec\u021bia datelor, ave\u021bi dreptul de a depune o pl\u00e2ngere la Agen\u021bia spaniol\u0103 pentru protec\u021bia datelor (www.aepd.es).<\/p>\r\n<h2>Transferuri interna\u021bionale de date<\/h2>\r\n<p>Nu exist\u0103 transferuri interna\u021bionale ale datelor dumneavoastr\u0103 cu caracter personal. \u00cen cazul \u00een care, \u00een viitor, datele sunt partajate cu furnizori situa\u021bi \u00een afara Spa\u021biului Economic European, se va asigura respectarea de c\u0103tre ace\u0219tia a unor garan\u021bii adecvate, cum ar fi clauzele contractuale standard aprobate de Comisia European\u0103 sau aderarea lor la Cadrul de confiden\u021bialitate a datelor.<\/p>\r\n<h2>Decizii automatizate<\/h2>\r\n<p>Tu Nido Tenerife nu ia decizii automate \u0219i nu creeaz\u0103 profiluri pe baza datelor cu caracter personal pe care le prelucr\u0103m.<\/p>\r\n<h2><strong>Modific\u0103ri ale prezentei politici de confiden\u021bialitate<\/strong><\/h2>\r\n<p>Ne rezerv\u0103m dreptul de a modifica aceast\u0103 politic\u0103 de confiden\u021bialitate \u00een orice moment. V\u0103 \u00eencuraj\u0103m s\u0103 o revizui\u021bi periodic. Modific\u0103rile vor intra \u00een vigoare imediat dup\u0103 publicarea pe site-ul nostru web.<\/p>\r\n<h3><strong>Contacta\u021bi<\/strong><\/h3>\r\n<p>Dac\u0103 ave\u021bi \u00eentreb\u0103ri sau comentarii cu privire la aceast\u0103 Politic\u0103 de confiden\u021bialitate, v\u0103 rug\u0103m s\u0103 <a href=\"https:\/\/www.tunidotenerife.com\/ro\/contactar\/\">contacta\u021bi-ne<\/a>.<\/p>\r\n<hr \/>\r\n<p>Ultima actualizare: 21 martie 2025<\/p>","protected":false},"excerpt":{"rendered":"<p>En Tu Nido Tenerife, comprendemos la importancia de proteger su privacidad y nos comprometemos a tratar su informaci\u00f3n personal con respeto y responsabilidad. Esta Pol\u00edtica de Privacidad explica c\u00f3mo recopilamos, usamos, protegemos y, en ciertas circunstancias, compartimos su informaci\u00f3n personal. Responsable del Tratamiento: Nombre Comercial: Tu Nido TenerifeNombre legal de la empresa: Tu Nido Tenerife [&hellip;]<\/p>\n","protected":false},"author":1,"featured_media":0,"parent":0,"menu_order":0,"comment_status":"closed","ping_status":"closed","template":"","meta":{"footnotes":""},"class_list":["post-3","page","type-page","status-publish","hentry"],"_links":{"self":[{"href":"https:\/\/www.tunidotenerife.com\/ro\/wp-json\/wp\/v2\/pages\/3","targetHints":{"allow":["GET"]}}],"collection":[{"href":"https:\/\/www.tunidotenerife.com\/ro\/wp-json\/wp\/v2\/pages"}],"about":[{"href":"https:\/\/www.tunidotenerife.com\/ro\/wp-json\/wp\/v2\/types\/page"}],"author":[{"embeddable":true,"href":"https:\/\/www.tunidotenerife.com\/ro\/wp-json\/wp\/v2\/users\/1"}],"replies":[{"embeddable":true,"href":"https:\/\/www.tunidotenerife.com\/ro\/wp-json\/wp\/v2\/comments?post=3"}],"version-history":[{"count":0,"href":"https:\/\/www.tunidotenerife.com\/ro\/wp-json\/wp\/v2\/pages\/3\/revisions"}],"wp:attachment":[{"href":"https:\/\/www.tunidotenerife.com\/ro\/wp-json\/wp\/v2\/media?parent=3"}],"curies":[{"name":"wp","href":"https:\/\/api.w.org\/{rel}","templated":true}]}}