{"id":26171,"date":"2025-03-21T16:13:36","date_gmt":"2025-03-21T16:13:36","guid":{"rendered":"https:\/\/www.tunidotenerife.com\/?page_id=26171"},"modified":"2025-03-21T16:15:41","modified_gmt":"2025-03-21T16:15:41","slug":"politica-de-cookies","status":"publish","type":"page","link":"https:\/\/www.tunidotenerife.com\/ro\/politica-de-cookies\/","title":{"rendered":"Politica privind cookie-urile"},"content":{"rendered":"<p data-start=\"321\" data-end=\"593\">La <strong data-start=\"324\" data-end=\"344\">Tu Nido Tenerife<\/strong>Utiliz\u0103m module cookie pentru a asigura buna func\u021bionare a site-ului, pentru a \u00eembun\u0103t\u0103\u021bi experien\u021ba utilizatorului \u0219i pentru a colecta informa\u021bii statistice anonime. Aceast\u0103 politic\u0103 explic\u0103 ce sunt modulele cookie, ce tip folosim \u0219i cum le pute\u021bi gestiona.<\/p>\n<h3 data-start=\"600\" data-end=\"632\"><strong data-start=\"604\" data-end=\"632\">1. Ce sunt cookie-urile?<\/strong><\/h3>\n<p data-start=\"634\" data-end=\"928\">Cookie-urile sunt mici fi\u0219iere text pe care site-urile web le instaleaz\u0103 \u00een browserul utilizatorului pentru a stoca informa\u021bii despre vizita acestuia, cum ar fi limba preferat\u0103, datele de sesiune sau comportamentul pe site. Acestea nu deterioreaz\u0103 dispozitivul, iar utilizarea lor este reglementat\u0103 de legisla\u021bia \u00een vigoare.<\/p>\n<h3 data-start=\"935\" data-end=\"979\"><strong data-start=\"939\" data-end=\"979\">2. Ce tipuri de module cookie folosim?<\/strong><\/h3>\n<p data-start=\"981\" data-end=\"1050\">Pe site-ul nostru web utiliz\u0103m urm\u0103toarele categorii de module cookie:<\/p>\n<h4 data-start=\"1052\" data-end=\"1092\">\u2705 <strong data-start=\"1059\" data-end=\"1092\">Cookie-uri tehnice sau necesare<\/strong><\/h4>\n<p data-start=\"1093\" data-end=\"1281\">Acestea sunt esen\u021biale pentru func\u021bionarea de baz\u0103 a site-ului \u0219i nu necesit\u0103 consim\u021b\u0103m\u00e2nt. Acestea permit func\u021bii precum navigarea securizat\u0103, gestionarea formularelor sau accesul la zone private.<\/p>\n<h4 data-start=\"1283\" data-end=\"1328\">\ud83d\udcca <strong data-start=\"1291\" data-end=\"1328\">Cookie-uri analitice sau de performan\u021b\u0103<\/strong><\/h4>\n<p data-start=\"1329\" data-end=\"1589\">Acestea ne permit s\u0103 \u00een\u021belegem modul \u00een care vizitatorii interac\u021bioneaz\u0103 cu site-ul nostru \u0219i s\u0103 \u00eembun\u0103t\u0103\u021bim astfel performan\u021ba acestuia. Utiliz\u0103m instrumente precum <strong data-start=\"1460\" data-end=\"1480\">Google Analytics<\/strong>care colecteaz\u0103 informa\u021bii \u00eentr-o form\u0103 anonim\u0103 (de exemplu, pagini vizitate, timp petrecut pe site, dispozitiv etc.).<\/p>\n<h4 data-start=\"1591\" data-end=\"1645\">\ud83c\udfaf <strong data-start=\"1599\" data-end=\"1645\">Cookie-uri de personalizare sau func\u021bionalitate<\/strong><\/h4>\n<p data-start=\"1646\" data-end=\"1767\">Aceste module cookie re\u021bin preferin\u021bele \u0219i set\u0103rile dvs. pentru a oferi o experien\u021b\u0103 mai personalizat\u0103 (limb\u0103, regiune etc.).<\/p>\n<h4 data-start=\"1769\" data-end=\"1800\">\ud83d\udce2 <strong data-start=\"1777\" data-end=\"1800\">Module cookie ale ter\u021bilor<\/strong><\/h4>\n<p data-start=\"1801\" data-end=\"1964\">Putem utiliza servicii ter\u021be care \u00ee\u0219i seteaz\u0103 propriile module cookie, de exemplu, atunci c\u00e2nd red\u0103m videoclipuri YouTube \u00eencorporate sau \u00eencorpor\u0103m Google Maps.<\/p>\n<h3 data-start=\"1971\" data-end=\"2016\"><strong data-start=\"1975\" data-end=\"2016\">3. Cum ob\u021binem consim\u021b\u0103m\u00e2ntul dumneavoastr\u0103?<\/strong><\/h3>\n<p data-start=\"2018\" data-end=\"2136\">C\u00e2nd accesa\u021bi site-ul nostru pentru prima dat\u0103, vi se va afi\u0219a un <strong data-start=\"2076\" data-end=\"2112\">banner gestionat de YesCookies<\/strong> care permite utilizatorului:<\/p>\n<ul data-start=\"2138\" data-end=\"2258\">\n<li data-start=\"2138\" data-end=\"2168\">\u2705 Accepta\u021bi toate modulele cookie.<\/li>\n<li data-start=\"2169\" data-end=\"2206\">\u274c Respinge\u021bi toate cele inutile.<\/li>\n<li data-start=\"2207\" data-end=\"2258\">\u2699\ufe0f Configura\u021bi-v\u0103 preferin\u021bele \u00eentr-un mod granular.<\/li>\n<\/ul>\n<p data-start=\"2260\" data-end=\"2450\">Utilizatorul \u00ee\u0219i poate modifica set\u0103rile sau \u00ee\u0219i poate retrage consim\u021b\u0103m\u00e2ntul \u00een orice moment f\u0103c\u00e2nd clic pe link-ul \".<strong data-start=\"2370\" data-end=\"2398\">Set\u0103ri cookie<\/strong>\" disponibil\u0103 \u00een subsolul paginii web.<\/p>\n<h3 data-start=\"2457\" data-end=\"2511\"><strong data-start=\"2461\" data-end=\"2511\">4. Cum pute\u021bi dezactiva sau \u0219terge modulele cookie?<\/strong><\/h3>\n<p data-start=\"2513\" data-end=\"2690\">V\u0103 pute\u021bi configura browserul pentru a accepta, bloca sau \u0219terge modulele cookie. V\u0103 rug\u0103m s\u0103 re\u021bine\u021bi c\u0103 dezactivarea cookie-urilor necesare poate afecta buna func\u021bionare a site-ului.<\/p>\n<p data-start=\"2692\" data-end=\"2763\">Aici sunt linkuri c\u0103tre instruc\u021biuni pentru cele mai comune browsere:<\/p>\n<ul data-start=\"2765\" data-end=\"3137\">\n<li data-start=\"2765\" data-end=\"2834\"><strong data-start=\"2767\" data-end=\"2785\">Google Chrome:<\/strong> <a href=\"https:\/\/support.google.com\/chrome\/answer\/95647\" target=\"_new\" rel=\"noopener\" data-start=\"2786\" data-end=\"2832\">https:\/\/support.google.com\/chrome\/answer\/95647<\/a><\/li>\n<li data-start=\"2835\" data-end=\"2926\"><strong data-start=\"2837\" data-end=\"2857\">Mozilla Firefox:<\/strong> <a href=\"https:\/\/support.mozilla.org\/es\/kb\/habilitar-y-deshabilitar-cookies\" target=\"_new\" rel=\"noopener\" data-start=\"2858\" data-end=\"2924\">https:\/\/support.mozilla.org\/es\/kb\/habilitar-y-deshabilitar-cookies<\/a><\/li>\n<li data-start=\"2927\" data-end=\"2991\"><strong data-start=\"2929\" data-end=\"2948\">Safari (Apple):<\/strong> <a href=\"https:\/\/support.apple.com\/es-es\/HT201265\" target=\"_new\" rel=\"noopener\" data-start=\"2949\" data-end=\"2989\">https:\/\/support.apple.com\/es-es\/HT201265<\/a><\/li>\n<li data-start=\"2992\" data-end=\"3064\"><strong data-start=\"2994\" data-end=\"3013\">Microsoft Edge:<\/strong> <a href=\"https:\/\/support.microsoft.com\/es-es\/help\/4027947\" target=\"_new\" rel=\"noopener\" data-start=\"3014\" data-end=\"3062\">https:\/\/support.microsoft.com\/es-es\/help\/4027947<\/a><\/li>\n<li data-start=\"3065\" data-end=\"3137\"><strong data-start=\"3067\" data-end=\"3077\">Oper\u0103:<\/strong> <a href=\"https:\/\/help.opera.com\/en\/latest\/web-preferences\/#cookies\" target=\"_new\" rel=\"noopener\" data-start=\"3078\" data-end=\"3135\">https:\/\/help.opera.com\/en\/latest\/web-preferences\/#cookies<\/a><\/li>\n<\/ul>\n<p data-start=\"3139\" data-end=\"3258\">De asemenea, pute\u021bi instala extensii precum <strong data-start=\"3180\" data-end=\"3192\">Ghostery<\/strong> o <strong data-start=\"3195\" data-end=\"3216\">Cookie AutoDelete<\/strong> pentru a avea mai mult control asupra modulelor cookie.<\/p>\n<h3 data-start=\"3265\" data-end=\"3315\"><strong data-start=\"3269\" data-end=\"3315\">5. Transferuri interna\u021bionale de date<\/strong><\/h3>\n<p data-start=\"3317\" data-end=\"3587\">Unele module cookie ter\u021b\u0103 parte, cum ar fi Google sau Meta, pot implica transferuri de date \u00een afara Spa\u021biului Economic European (SEE). Aceste transferuri sunt efectuate \u00een conformitate cu garan\u021bii adecvate, cum ar fi <strong data-start=\"3516\" data-end=\"3548\">Clauze contractuale standard<\/strong> sau <strong data-start=\"3554\" data-end=\"3586\">Cadrul privind confiden\u021bialitatea datelor (DPF)<\/strong>.<\/p>\n<h3 data-start=\"3594\" data-end=\"3646\"><strong data-start=\"3598\" data-end=\"3646\">6. Actualizarea politicii privind modulele cookie<\/strong><\/h3>\n<p data-start=\"3648\" data-end=\"3797\">Putem actualiza aceast\u0103 politic\u0103 \u00een func\u021bie de modific\u0103rile juridice, tehnice sau opera\u021bionale ale site-ului. V\u0103 \u00eencuraj\u0103m s\u0103 o revizui\u021bi periodic.<\/p>\n<h3 data-start=\"3804\" data-end=\"3820\"><strong data-start=\"3808\" data-end=\"3820\">Contacta\u021bi<\/strong><\/h3>\n<p data-start=\"3822\" data-end=\"3925\">Pentru orice \u00eentreb\u0103ri privind utilizarea modulelor cookie pe site-ul nostru, ne pute\u021bi contacta la adresa:<\/p>\n<p data-start=\"3927\" data-end=\"4046\"><strong data-start=\"3927\" data-end=\"3940\">\ud83d\udce9 E-mail:<\/strong> <a rel=\"noopener\" data-start=\"3941\" data-end=\"3963\">psa@tunidotenerife.com<\/a><br data-start=\"3963\" data-end=\"3966\" \/><strong data-start=\"3966\" data-end=\"3983\">\ud83d\udccd Adresa:<\/strong> Calle el Sauce 9, Local 3, Costa Adeje, Santa Cruz de Tenerife.<\/p>\n<p data-start=\"3927\" data-end=\"4046\">\n<p data-start=\"3927\" data-end=\"4046\">\n<p data-start=\"3927\" data-end=\"4046\"><strong data-start=\"274\" data-end=\"319\">Ultima actualizare: 21 martie 2025<\/strong><\/p>","protected":false},"excerpt":{"rendered":"<p>En Tu Nido Tenerife, utilizamos cookies para garantizar el correcto funcionamiento del sitio web, mejorar la experiencia del usuario y recopilar informaci\u00f3n estad\u00edstica an\u00f3nima. Esta pol\u00edtica explica qu\u00e9 son las cookies, qu\u00e9 tipo utilizamos y c\u00f3mo puedes gestionarlas. 1. \u00bfQu\u00e9 son las cookies? Las cookies son peque\u00f1os archivos de texto que los sitios web instalan [&hellip;]<\/p>\n","protected":false},"author":1,"featured_media":0,"parent":0,"menu_order":0,"comment_status":"closed","ping_status":"closed","template":"","meta":{"footnotes":""},"class_list":["post-26171","page","type-page","status-publish","hentry"],"_links":{"self":[{"href":"https:\/\/www.tunidotenerife.com\/ro\/wp-json\/wp\/v2\/pages\/26171","targetHints":{"allow":["GET"]}}],"collection":[{"href":"https:\/\/www.tunidotenerife.com\/ro\/wp-json\/wp\/v2\/pages"}],"about":[{"href":"https:\/\/www.tunidotenerife.com\/ro\/wp-json\/wp\/v2\/types\/page"}],"author":[{"embeddable":true,"href":"https:\/\/www.tunidotenerife.com\/ro\/wp-json\/wp\/v2\/users\/1"}],"replies":[{"embeddable":true,"href":"https:\/\/www.tunidotenerife.com\/ro\/wp-json\/wp\/v2\/comments?post=26171"}],"version-history":[{"count":0,"href":"https:\/\/www.tunidotenerife.com\/ro\/wp-json\/wp\/v2\/pages\/26171\/revisions"}],"wp:attachment":[{"href":"https:\/\/www.tunidotenerife.com\/ro\/wp-json\/wp\/v2\/media?parent=26171"}],"curies":[{"name":"wp","href":"https:\/\/api.w.org\/{rel}","templated":true}]}}