{"id":26168,"date":"2025-03-21T16:12:51","date_gmt":"2025-03-21T16:12:51","guid":{"rendered":"https:\/\/www.tunidotenerife.com\/?page_id=26168"},"modified":"2025-03-21T16:12:51","modified_gmt":"2025-03-21T16:12:51","slug":"aviso-legal","status":"publish","type":"page","link":"https:\/\/www.tunidotenerife.com\/ro\/aviso-legal\/","title":{"rendered":"Notificare legal\u0103"},"content":{"rendered":"<h2 data-start=\"294\" data-end=\"343\">1. IDENTIFICAREA PROPRIETARULUI SITE-ULUI<\/h2>\n<p data-start=\"344\" data-end=\"544\">\u00cen conformitate cu articolul 10 din Legea 34\/2002, din 11 iulie, privind serviciile societ\u0103\u021bii informa\u021bionale \u0219i comer\u021bul electronic (LSSI-CE), v\u0103 inform\u0103m c\u0103 acest site web este proprietatea:<\/p>\n<ul data-start=\"546\" data-end=\"946\">\n<li data-start=\"546\" data-end=\"588\"><strong data-start=\"548\" data-end=\"569\">Denumire comercial\u0103:<\/strong> Tu Nido Tenerife<\/li>\n<li data-start=\"589\" data-end=\"630\"><strong data-start=\"591\" data-end=\"608\">Numele companiei:<\/strong> Tu Nido Tenerife SL<\/li>\n<li data-start=\"631\" data-end=\"653\"><strong data-start=\"633\" data-end=\"641\">CIF:<\/strong> B76752567<\/li>\n<li data-start=\"654\" data-end=\"742\"><strong data-start=\"656\" data-end=\"677\">Sediul social:<\/strong> Calle el Sauce 9, Local 3, Costa Adeje, Santa Cruz de Tenerife.<\/li>\n<li data-start=\"743\" data-end=\"815\"><strong data-start=\"745\" data-end=\"770\">Num\u0103rul de telefon de contact:<\/strong> +34 922 71 38 83<\/li>\n<li data-start=\"816\" data-end=\"866\"><strong data-start=\"818\" data-end=\"841\">E-mail:<\/strong> <a rel=\"noopener\" data-start=\"842\" data-end=\"864\">psa@tunidotenerife.com<\/a><\/li>\n<li data-start=\"867\" data-end=\"946\"><strong data-start=\"869\" data-end=\"883\">Activitate:<\/strong> Brokeraj imobiliar \u0219i servicii de gestionare \u00een Tenerife<\/li>\n<\/ul>\n<h3 data-start=\"953\" data-end=\"979\">2. UTILIZAREA SITE-ULUI WEB<\/h3>\n<p data-start=\"980\" data-end=\"1145\">Accesul la acest site web \u0219i utilizarea acestuia confer\u0103 statutul de utilizator, care implic\u0103 acceptarea deplin\u0103 \u0219i f\u0103r\u0103 rezerve a tuturor dispozi\u021biilor din prezenta Not\u0103 juridic\u0103.<\/p>\n<p data-start=\"1147\" data-end=\"1305\">Utilizatorul se angajeaz\u0103 s\u0103 utilizeze \u00een mod corespunz\u0103tor con\u021binutul site-ului, s\u0103 nu \u00eel foloseasc\u0103 pentru activit\u0103\u021bi ilegale \u0219i s\u0103 respecte drepturile ter\u021bilor.<\/p>\n<h3 data-start=\"1312\" data-end=\"1355\">3. PROPRIETATEA INTELECTUAL\u0102 \u0218I INDUSTRIAL\u0102<\/h3>\n<p data-start=\"1356\" data-end=\"1662\">Tot con\u021binutul site-ului (texte, imagini, logo-uri, design grafic, structur\u0103 de navigare, cod surs\u0103 etc.) este protejat prin drepturi de proprietate intelectual\u0103 \u0219i industrial\u0103, de\u021binute de Tu Nido Tenerife sau de ter\u021bi cu care s-a \u00eencheiat un acord de transfer al drepturilor.<\/p>\n<p data-start=\"1664\" data-end=\"1810\">Reproducerea, distribuirea, comunicarea public\u0103 sau transformarea acestui con\u021binut este interzis\u0103 f\u0103r\u0103 autoriza\u021bia expres\u0103 a proprietarului.<\/p>\n<h3 data-start=\"1817\" data-end=\"1842\">4. LEG\u0102TURI EXTERNE<\/h3>\n<p data-start=\"1843\" data-end=\"2052\">Acest site web poate con\u021bine linkuri c\u0103tre site-uri web ale unor ter\u021be p\u0103r\u021bi. Tu Nido Tenerife nu este responsabil pentru con\u021binutul, politicile de confiden\u021bialitate sau utilizarea informa\u021biilor personale de c\u0103tre aceste p\u0103r\u021bi ter\u021be.<\/p>\n<h3 data-start=\"2059\" data-end=\"2083\">5. RESPONSABILITATE<\/h3>\n<p data-start=\"2084\" data-end=\"2286\">Tu Nido Tenerife nu garanteaz\u0103 inexisten\u021ba erorilor \u00een accesul la site, \u00een con\u021binutul sau \u00een actualizarea acestuia, de\u0219i se angajeaz\u0103 s\u0103 le corecteze imediat ce ia cuno\u0219tin\u021b\u0103 de acestea.<\/p>\n<p data-start=\"2288\" data-end=\"2463\">De asemenea, nu va fi r\u0103spunz\u0103toare pentru daunele care pot ap\u0103rea din cauza interferen\u021belor, \u00eentreruperilor, viru\u0219ilor informatici sau deconect\u0103rilor din sistemul de operare al utilizatorului.<\/p>\n<h3 data-start=\"2470\" data-end=\"2510\">6. POLITICA DE PROTEC\u021aIE A DATELOR<\/h3>\n<p data-start=\"2511\" data-end=\"2709\">Datele cu caracter personal colectate prin intermediul site-ului vor fi prelucrate \u00een conformitate cu reglement\u0103rile aplicabile privind protec\u021bia datelor. Pentru informa\u021bii suplimentare, v\u0103 rug\u0103m s\u0103 consulta\u021bi site-ul nostru <strong data-start=\"2677\" data-end=\"2708\"><a href=\"#\" rel=\"noopener\" data-start=\"2679\" data-end=\"2706\">Politica de confiden\u021bialitate<\/a><\/strong>.<\/p>\n<h3 data-start=\"2716\" data-end=\"2761\">7. LEGEA APLICABIL\u0102 \u0218I JURISDIC\u021aIA<\/h3>\n<p data-start=\"2762\" data-end=\"3023\">Prezenta not\u0103 juridic\u0103 este reglementat\u0103 de legisla\u021bia spaniol\u0103. \u00cen cazul oric\u0103rui litigiu generat de accesul la acest site web sau de utilizarea acestuia, ambele p\u0103r\u021bi se vor supune instan\u021belor \u0219i tribunalelor din Santa Cruz de Tenerife, renun\u021b\u00e2nd \u00een mod expres la orice alt\u0103 jurisdic\u021bie.<\/p>\n<p data-start=\"2762\" data-end=\"3023\">\n<p data-start=\"2762\" data-end=\"3023\"><strong data-start=\"247\" data-end=\"292\">Ultima actualizare: 21 martie 2025<\/strong><\/p>","protected":false},"excerpt":{"rendered":"<p>1. IDENTIFICACI\u00d3N DEL TITULAR DEL SITIO WEB En cumplimiento con el art\u00edculo 10 de la Ley 34\/2002, de 11 de julio, de Servicios de la Sociedad de la Informaci\u00f3n y del Comercio Electr\u00f3nico (LSSI-CE), se informa que este sitio web es propiedad de: Nombre comercial: Tu Nido Tenerife Raz\u00f3n social: Tu Nido Tenerife SL CIF: [&hellip;]<\/p>\n","protected":false},"author":1,"featured_media":0,"parent":0,"menu_order":0,"comment_status":"closed","ping_status":"closed","template":"","meta":{"footnotes":""},"class_list":["post-26168","page","type-page","status-publish","hentry"],"_links":{"self":[{"href":"https:\/\/www.tunidotenerife.com\/ro\/wp-json\/wp\/v2\/pages\/26168","targetHints":{"allow":["GET"]}}],"collection":[{"href":"https:\/\/www.tunidotenerife.com\/ro\/wp-json\/wp\/v2\/pages"}],"about":[{"href":"https:\/\/www.tunidotenerife.com\/ro\/wp-json\/wp\/v2\/types\/page"}],"author":[{"embeddable":true,"href":"https:\/\/www.tunidotenerife.com\/ro\/wp-json\/wp\/v2\/users\/1"}],"replies":[{"embeddable":true,"href":"https:\/\/www.tunidotenerife.com\/ro\/wp-json\/wp\/v2\/comments?post=26168"}],"version-history":[{"count":0,"href":"https:\/\/www.tunidotenerife.com\/ro\/wp-json\/wp\/v2\/pages\/26168\/revisions"}],"wp:attachment":[{"href":"https:\/\/www.tunidotenerife.com\/ro\/wp-json\/wp\/v2\/media?parent=26168"}],"curies":[{"name":"wp","href":"https:\/\/api.w.org\/{rel}","templated":true}]}}