{"id":20906,"date":"2024-04-11T16:47:57","date_gmt":"2024-04-11T15:47:57","guid":{"rendered":"https:\/\/www.tunidotenerife.com\/?page_id=20906"},"modified":"2024-05-10T01:04:26","modified_gmt":"2024-05-10T00:04:26","slug":"tipo-propiedad","status":"publish","type":"page","link":"https:\/\/www.tunidotenerife.com\/ro\/tipo-propiedad\/","title":{"rendered":"Tipuri de propriet\u0103\u021bi"},"content":{"rendered":"<div data-elementor-type=\"wp-page\" data-elementor-id=\"20906\" class=\"elementor elementor-20906\">\n\t\t\t\t<div class=\"elementor-element elementor-element-2f68b8a e-flex e-con-boxed e-con e-parent\" data-id=\"2f68b8a\" data-element_type=\"container\" data-e-type=\"container\">\n\t\t\t\t\t<div class=\"e-con-inner\">\n\t\t\t\t<div class=\"elementor-element elementor-element-fad413b elementor-widget elementor-widget-spacer\" data-id=\"fad413b\" data-element_type=\"widget\" data-e-type=\"widget\" data-widget_type=\"spacer.default\">\n\t\t\t\t<div class=\"elementor-widget-container\">\n\t\t\t\t\t\t\t<div class=\"elementor-spacer\">\n\t\t\t<div class=\"elementor-spacer-inner\"><\/div>\n\t\t<\/div>\n\t\t\t\t\t\t<\/div>\n\t\t\t\t<\/div>\n\t\t\t\t<div class=\"elementor-element elementor-element-47a3d46 elementor-widget elementor-widget-heading\" data-id=\"47a3d46\" data-element_type=\"widget\" data-e-type=\"widget\" data-widget_type=\"heading.default\">\n\t\t\t\t<div class=\"elementor-widget-container\">\n\t\t\t\t\t<h1 class=\"elementor-heading-title elementor-size-default\">Propriet\u0103\u021bi de v\u00e2nzare \u0219i \u00eenchiriere \u00een Tenerife<\/h1>\t\t\t\t<\/div>\n\t\t\t\t<\/div>\n\t\t\t\t<div class=\"elementor-element elementor-element-b47950d elementor-widget elementor-widget-spacer\" data-id=\"b47950d\" data-element_type=\"widget\" data-e-type=\"widget\" data-widget_type=\"spacer.default\">\n\t\t\t\t<div class=\"elementor-widget-container\">\n\t\t\t\t\t\t\t<div class=\"elementor-spacer\">\n\t\t\t<div class=\"elementor-spacer-inner\"><\/div>\n\t\t<\/div>\n\t\t\t\t\t\t<\/div>\n\t\t\t\t<\/div>\n\t\t\t\t<div class=\"elementor-element elementor-element-622be95 elementor-widget elementor-widget-houzez_elementor_grids\" data-id=\"622be95\" data-element_type=\"widget\" data-e-type=\"widget\" data-widget_type=\"houzez_elementor_grids.default\">\n\t\t\t\t<div class=\"elementor-widget-container\">\n\t\t\t\t\t\t\t<div class=\"taxonomy-grids-module taxonomy-grids-module-v4\">\r\n    \t\t<div class=\"taxonomy-grids-module-grid\">\r\n\t\t\t\t\t\t\t\t\t\t<div class=\"taxonomy-item-rectangle\">\r\n\t\t\t\t\t\t\t<div class=\"taxonomy-item-wrap h-100\">\t\r\n\t\t\t\t\t\t\t\t<div class=\"taxonomy-item\" style=\"background-image: url(https:\/\/www.tunidotenerife.com\/wp-content\/uploads\/2024\/04\/apartamento.jpeg);\">\r\n\t\t\t\t\t\t\t\t\t<a class=\"taxonomy-link hover-effect-flat\" href=\"https:\/\/www.tunidotenerife.com\/ro\/tipo-propiedad\/apartamento\/\">\r\n\t\t\t\t\t\t\t\t\t\t<div class=\"taxonomy-text-wrap d-flex flex-column justify-content-end align-items-start h-100 w-100\">\r\n\t\t\t\t\t\t\t\t\t\t\t<div class=\"taxonomy-title\">Apartament<\/div>\r\n\t\t\t\t\t\t\t\t\t\t\t\t\t\t\t\t\t\t\t\t\t<\/div><!-- taxonomy-text-wrap -->\r\n\t\t\t\t\t\t\t\t\t<\/a>\r\n\t\t\t\t\t\t\t\t<\/div>\r\n\t\t\t\t\t\t\t<\/div>\r\n\t\t\t\t\t\t<\/div>\r\n\t\t\t\t\t\t\t\t\t\t\t\t<div class=\"taxonomy-item-square\">\r\n\t\t\t\t\t\t\t<div class=\"taxonomy-item-wrap h-100\">\t\r\n\t\t\t\t\t\t\t\t<div class=\"taxonomy-item\" style=\"background-image: url(https:\/\/www.tunidotenerife.com\/wp-content\/uploads\/2024\/04\/villa.jpeg);\">\r\n\t\t\t\t\t\t\t\t\t<a class=\"taxonomy-link hover-effect-flat\" href=\"https:\/\/www.tunidotenerife.com\/ro\/tipo-propiedad\/villa\/\">\r\n\t\t\t\t\t\t\t\t\t\t<div class=\"taxonomy-text-wrap d-flex flex-column justify-content-end align-items-start h-100 w-100\">\r\n\t\t\t\t\t\t\t\t\t\t\t<div class=\"taxonomy-title\">Vila \/ Casa<\/div>\r\n\t\t\t\t\t\t\t\t\t\t\t\t\t\t\t\t\t\t\t\t\t<\/div><!-- taxonomy-text-wrap -->\r\n\t\t\t\t\t\t\t\t\t<\/a>\r\n\t\t\t\t\t\t\t\t<\/div>\r\n\t\t\t\t\t\t\t<\/div>\r\n\t\t\t\t\t\t<\/div>\r\n\t\t\t\t\t\t\t\t\t\t\t\t<div class=\"taxonomy-item-square\">\r\n\t\t\t\t\t\t\t<div class=\"taxonomy-item-wrap h-100\">\t\r\n\t\t\t\t\t\t\t\t<div class=\"taxonomy-item\" style=\"background-image: url(https:\/\/www.tunidotenerife.com\/wp-content\/uploads\/2024\/04\/terrenos.jpg);\">\r\n\t\t\t\t\t\t\t\t\t<a class=\"taxonomy-link hover-effect-flat\" href=\"https:\/\/www.tunidotenerife.com\/ro\/tipo-propiedad\/terreno\/\">\r\n\t\t\t\t\t\t\t\t\t\t<div class=\"taxonomy-text-wrap d-flex flex-column justify-content-end align-items-start h-100 w-100\">\r\n\t\t\t\t\t\t\t\t\t\t\t<div class=\"taxonomy-title\">Teren<\/div>\r\n\t\t\t\t\t\t\t\t\t\t\t\t\t\t\t\t\t\t\t\t\t<\/div><!-- taxonomy-text-wrap -->\r\n\t\t\t\t\t\t\t\t\t<\/a>\r\n\t\t\t\t\t\t\t\t<\/div>\r\n\t\t\t\t\t\t\t<\/div>\r\n\t\t\t\t\t\t<\/div>\r\n\t\t\t\t\t\t\t\t\t\t\t\t<div class=\"taxonomy-item-square\">\r\n\t\t\t\t\t\t\t<div class=\"taxonomy-item-wrap h-100\">\t\r\n\t\t\t\t\t\t\t\t<div class=\"taxonomy-item\" style=\"background-image: url(https:\/\/www.tunidotenerife.com\/wp-content\/uploads\/2024\/04\/adosado.jpeg);\">\r\n\t\t\t\t\t\t\t\t\t<a class=\"taxonomy-link hover-effect-flat\" href=\"https:\/\/www.tunidotenerife.com\/ro\/tipo-propiedad\/adosado\/\">\r\n\t\t\t\t\t\t\t\t\t\t<div class=\"taxonomy-text-wrap d-flex flex-column justify-content-end align-items-start h-100 w-100\">\r\n\t\t\t\t\t\t\t\t\t\t\t<div class=\"taxonomy-title\">Cas\u0103 de ora\u0219<\/div>\r\n\t\t\t\t\t\t\t\t\t\t\t\t\t\t\t\t\t\t\t\t\t<\/div><!-- taxonomy-text-wrap -->\r\n\t\t\t\t\t\t\t\t\t<\/a>\r\n\t\t\t\t\t\t\t\t<\/div>\r\n\t\t\t\t\t\t\t<\/div>\r\n\t\t\t\t\t\t<\/div>\r\n\t\t\t\t\t\t\t\t\t\t\t\t<div class=\"taxonomy-item-square\">\r\n\t\t\t\t\t\t\t<div class=\"taxonomy-item-wrap h-100\">\t\r\n\t\t\t\t\t\t\t\t<div class=\"taxonomy-item\" style=\"background-image: url(https:\/\/www.tunidotenerife.com\/wp-content\/uploads\/2024\/04\/duplex.jpeg);\">\r\n\t\t\t\t\t\t\t\t\t<a class=\"taxonomy-link hover-effect-flat\" href=\"https:\/\/www.tunidotenerife.com\/ro\/tipo-propiedad\/duplex\/\">\r\n\t\t\t\t\t\t\t\t\t\t<div class=\"taxonomy-text-wrap d-flex flex-column justify-content-end align-items-start h-100 w-100\">\r\n\t\t\t\t\t\t\t\t\t\t\t<div class=\"taxonomy-title\">Duplex<\/div>\r\n\t\t\t\t\t\t\t\t\t\t\t\t\t\t\t\t\t\t\t\t\t<\/div><!-- taxonomy-text-wrap -->\r\n\t\t\t\t\t\t\t\t\t<\/a>\r\n\t\t\t\t\t\t\t\t<\/div>\r\n\t\t\t\t\t\t\t<\/div>\r\n\t\t\t\t\t\t<\/div>\r\n\t\t\t\t\t\t\t\t\t\t\t\t<div class=\"taxonomy-item-rectangle\">\r\n\t\t\t\t\t\t\t<div class=\"taxonomy-item-wrap h-100\">\t\r\n\t\t\t\t\t\t\t\t<div class=\"taxonomy-item\" style=\"background-image: url(https:\/\/www.tunidotenerife.com\/wp-content\/uploads\/2024\/04\/fincas.jpeg);\">\r\n\t\t\t\t\t\t\t\t\t<a class=\"taxonomy-link hover-effect-flat\" href=\"https:\/\/www.tunidotenerife.com\/ro\/tipo-propiedad\/finca\/\">\r\n\t\t\t\t\t\t\t\t\t\t<div class=\"taxonomy-text-wrap d-flex flex-column justify-content-end align-items-start h-100 w-100\">\r\n\t\t\t\t\t\t\t\t\t\t\t<div class=\"taxonomy-title\">Finca<\/div>\r\n\t\t\t\t\t\t\t\t\t\t\t\t\t\t\t\t\t\t\t\t\t<\/div><!-- taxonomy-text-wrap -->\r\n\t\t\t\t\t\t\t\t\t<\/a>\r\n\t\t\t\t\t\t\t\t<\/div>\r\n\t\t\t\t\t\t\t<\/div>\r\n\t\t\t\t\t\t<\/div>\r\n\t\t\t\t\t\t\t\t\t\t\t\t<div class=\"taxonomy-item-rectangle\">\r\n\t\t\t\t\t\t\t<div class=\"taxonomy-item-wrap h-100\">\t\r\n\t\t\t\t\t\t\t\t<div class=\"taxonomy-item\" style=\"background-image: url(https:\/\/www.tunidotenerife.com\/wp-content\/uploads\/2024\/04\/estudio.jpeg);\">\r\n\t\t\t\t\t\t\t\t\t<a class=\"taxonomy-link hover-effect-flat\" href=\"https:\/\/www.tunidotenerife.com\/ro\/tipo-propiedad\/estudio\/\">\r\n\t\t\t\t\t\t\t\t\t\t<div class=\"taxonomy-text-wrap d-flex flex-column justify-content-end align-items-start h-100 w-100\">\r\n\t\t\t\t\t\t\t\t\t\t\t<div class=\"taxonomy-title\">Studiu<\/div>\r\n\t\t\t\t\t\t\t\t\t\t\t\t\t\t\t\t\t\t\t\t\t<\/div><!-- taxonomy-text-wrap -->\r\n\t\t\t\t\t\t\t\t\t<\/a>\r\n\t\t\t\t\t\t\t\t<\/div>\r\n\t\t\t\t\t\t\t<\/div>\r\n\t\t\t\t\t\t<\/div>\r\n\t\t\t\t\t\t\t\t\t\t\t\t<div class=\"taxonomy-item-square\">\r\n\t\t\t\t\t\t\t<div class=\"taxonomy-item-wrap h-100\">\t\r\n\t\t\t\t\t\t\t\t<div class=\"taxonomy-item\" style=\"background-image: url();\">\r\n\t\t\t\t\t\t\t\t\t<a class=\"taxonomy-link hover-effect-flat\" href=\"https:\/\/www.tunidotenerife.com\/ro\/tipo-propiedad\/local-comercial\/\">\r\n\t\t\t\t\t\t\t\t\t\t<div class=\"taxonomy-text-wrap d-flex flex-column justify-content-end align-items-start h-100 w-100\">\r\n\t\t\t\t\t\t\t\t\t\t\t<div class=\"taxonomy-title\">Spa\u021bii comerciale<\/div>\r\n\t\t\t\t\t\t\t\t\t\t\t\t\t\t\t\t\t\t\t\t\t<\/div><!-- taxonomy-text-wrap -->\r\n\t\t\t\t\t\t\t\t\t<\/a>\r\n\t\t\t\t\t\t\t\t<\/div>\r\n\t\t\t\t\t\t\t<\/div>\r\n\t\t\t\t\t\t<\/div>\r\n\t\t\t\t\t\t\t\t\t\t\t\t<div class=\"taxonomy-item-square\">\r\n\t\t\t\t\t\t\t<div class=\"taxonomy-item-wrap h-100\">\t\r\n\t\t\t\t\t\t\t\t<div class=\"taxonomy-item\" style=\"background-image: url(https:\/\/www.tunidotenerife.com\/wp-content\/uploads\/2024\/04\/atico.jpeg);\">\r\n\t\t\t\t\t\t\t\t\t<a class=\"taxonomy-link hover-effect-flat\" href=\"https:\/\/www.tunidotenerife.com\/ro\/tipo-propiedad\/atico\/\">\r\n\t\t\t\t\t\t\t\t\t\t<div class=\"taxonomy-text-wrap d-flex flex-column justify-content-end align-items-start h-100 w-100\">\r\n\t\t\t\t\t\t\t\t\t\t\t<div class=\"taxonomy-title\">Penthouse<\/div>\r\n\t\t\t\t\t\t\t\t\t\t\t\t\t\t\t\t\t\t\t\t\t<\/div><!-- taxonomy-text-wrap -->\r\n\t\t\t\t\t\t\t\t\t<\/a>\r\n\t\t\t\t\t\t\t\t<\/div>\r\n\t\t\t\t\t\t\t<\/div>\r\n\t\t\t\t\t\t<\/div>\r\n\t\t\t\t\t\t\t\t\t\t\t\t<div class=\"taxonomy-item-square\">\r\n\t\t\t\t\t\t\t<div class=\"taxonomy-item-wrap h-100\">\t\r\n\t\t\t\t\t\t\t\t<div class=\"taxonomy-item\" style=\"background-image: url(https:\/\/www.tunidotenerife.com\/wp-content\/uploads\/2024\/04\/negocio.jpeg);\">\r\n\t\t\t\t\t\t\t\t\t<a class=\"taxonomy-link hover-effect-flat\" href=\"https:\/\/www.tunidotenerife.com\/ro\/tipo-propiedad\/negocio\/\">\r\n\t\t\t\t\t\t\t\t\t\t<div class=\"taxonomy-text-wrap d-flex flex-column justify-content-end align-items-start h-100 w-100\">\r\n\t\t\t\t\t\t\t\t\t\t\t<div class=\"taxonomy-title\">Afaceri<\/div>\r\n\t\t\t\t\t\t\t\t\t\t\t\t\t\t\t\t\t\t\t\t\t<\/div><!-- taxonomy-text-wrap -->\r\n\t\t\t\t\t\t\t\t\t<\/a>\r\n\t\t\t\t\t\t\t\t<\/div>\r\n\t\t\t\t\t\t\t<\/div>\r\n\t\t\t\t\t\t<\/div>\r\n\t\t\t\t\t\t\t\t\t\t\t\t<div class=\"taxonomy-item-square\">\r\n\t\t\t\t\t\t\t<div class=\"taxonomy-item-wrap h-100\">\t\r\n\t\t\t\t\t\t\t\t<div class=\"taxonomy-item\" style=\"background-image: url(https:\/\/www.tunidotenerife.com\/wp-content\/uploads\/2024\/04\/edificios.jpeg);\">\r\n\t\t\t\t\t\t\t\t\t<a class=\"taxonomy-link hover-effect-flat\" href=\"https:\/\/www.tunidotenerife.com\/ro\/tipo-propiedad\/edificio\/\">\r\n\t\t\t\t\t\t\t\t\t\t<div class=\"taxonomy-text-wrap d-flex flex-column justify-content-end align-items-start h-100 w-100\">\r\n\t\t\t\t\t\t\t\t\t\t\t<div class=\"taxonomy-title\">Cl\u0103dire<\/div>\r\n\t\t\t\t\t\t\t\t\t\t\t\t\t\t\t\t\t\t\t\t\t<\/div><!-- taxonomy-text-wrap -->\r\n\t\t\t\t\t\t\t\t\t<\/a>\r\n\t\t\t\t\t\t\t\t<\/div>\r\n\t\t\t\t\t\t\t<\/div>\r\n\t\t\t\t\t\t<\/div>\r\n\t\t\t\t\t\t\t\t\t\t\t\t<div class=\"taxonomy-item-rectangle\">\r\n\t\t\t\t\t\t\t<div class=\"taxonomy-item-wrap h-100\">\t\r\n\t\t\t\t\t\t\t\t<div class=\"taxonomy-item\" style=\"background-image: url(https:\/\/www.tunidotenerife.com\/wp-content\/uploads\/2024\/04\/bungalo.jpeg);\">\r\n\t\t\t\t\t\t\t\t\t<a class=\"taxonomy-link hover-effect-flat\" href=\"https:\/\/www.tunidotenerife.com\/ro\/tipo-propiedad\/bungalo\/\">\r\n\t\t\t\t\t\t\t\t\t\t<div class=\"taxonomy-text-wrap d-flex flex-column justify-content-end align-items-start h-100 w-100\">\r\n\t\t\t\t\t\t\t\t\t\t\t<div class=\"taxonomy-title\">Bungalow<\/div>\r\n\t\t\t\t\t\t\t\t\t\t\t\t\t\t\t\t\t\t\t\t\t<\/div><!-- taxonomy-text-wrap -->\r\n\t\t\t\t\t\t\t\t\t<\/a>\r\n\t\t\t\t\t\t\t\t<\/div>\r\n\t\t\t\t\t\t\t<\/div>\r\n\t\t\t\t\t\t<\/div>\r\n\t\t\t\t\t\t\t\t\t\t\t\t<div class=\"taxonomy-item-rectangle\">\r\n\t\t\t\t\t\t\t<div class=\"taxonomy-item-wrap h-100\">\t\r\n\t\t\t\t\t\t\t\t<div class=\"taxonomy-item\" style=\"background-image: url();\">\r\n\t\t\t\t\t\t\t\t\t<a class=\"taxonomy-link hover-effect-flat\" href=\"https:\/\/www.tunidotenerife.com\/ro\/tipo-propiedad\/traspaso\/\">\r\n\t\t\t\t\t\t\t\t\t\t<div class=\"taxonomy-text-wrap d-flex flex-column justify-content-end align-items-start h-100 w-100\">\r\n\t\t\t\t\t\t\t\t\t\t\t<div class=\"taxonomy-title\">Transfer<\/div>\r\n\t\t\t\t\t\t\t\t\t\t\t\t\t\t\t\t\t\t\t\t\t<\/div><!-- taxonomy-text-wrap -->\r\n\t\t\t\t\t\t\t\t\t<\/a>\r\n\t\t\t\t\t\t\t\t<\/div>\r\n\t\t\t\t\t\t\t<\/div>\r\n\t\t\t\t\t\t<\/div>\r\n\t\t\t\t\t\t\t\t\t\t\t\t<div class=\"taxonomy-item-square\">\r\n\t\t\t\t\t\t\t<div class=\"taxonomy-item-wrap h-100\">\t\r\n\t\t\t\t\t\t\t\t<div class=\"taxonomy-item\" style=\"background-image: url(https:\/\/www.tunidotenerife.com\/wp-content\/uploads\/2024\/04\/hotel.jpeg);\">\r\n\t\t\t\t\t\t\t\t\t<a class=\"taxonomy-link hover-effect-flat\" href=\"https:\/\/www.tunidotenerife.com\/ro\/tipo-propiedad\/hotel\/\">\r\n\t\t\t\t\t\t\t\t\t\t<div class=\"taxonomy-text-wrap d-flex flex-column justify-content-end align-items-start h-100 w-100\">\r\n\t\t\t\t\t\t\t\t\t\t\t<div class=\"taxonomy-title\">Hotel<\/div>\r\n\t\t\t\t\t\t\t\t\t\t\t\t\t\t\t\t\t\t\t\t\t<\/div><!-- taxonomy-text-wrap -->\r\n\t\t\t\t\t\t\t\t\t<\/a>\r\n\t\t\t\t\t\t\t\t<\/div>\r\n\t\t\t\t\t\t\t<\/div>\r\n\t\t\t\t\t\t<\/div>\r\n\t\t\t\t\t\t\t\t\t<\/div>\r\n\t\t<\/div>\r\n\t\t\t\t\t\t<\/div>\n\t\t\t\t<\/div>\n\t\t\t\t\t<\/div>\n\t\t\t\t<\/div>\n\t\t<div class=\"elementor-element elementor-element-dbc0b60 e-flex e-con-boxed e-con e-parent\" data-id=\"dbc0b60\" data-element_type=\"container\" data-e-type=\"container\">\n\t\t\t\t\t<div class=\"e-con-inner\">\n\t\t\t\t<div class=\"elementor-element elementor-element-687ce94 elementor-widget elementor-widget-text-editor\" data-id=\"687ce94\" data-element_type=\"widget\" data-e-type=\"widget\" data-widget_type=\"text-editor.default\">\n\t\t\t\t<div class=\"elementor-widget-container\">\n\t\t\t\t\t\t\t\t\t<p>Explorarea diverselor tipuri de propriet\u0103\u021bi disponibile \u00een Tenerife, fie c\u0103 este vorba de cump\u0103rare sau de \u00eenchiriere, deschide o serie de posibilit\u0103\u021bi pentru cei care viseaz\u0103 s\u0103 locuiasc\u0103 pe aceast\u0103 insul\u0103 paradisiac\u0103 sau s\u0103 investeasc\u0103 pe pia\u021ba imobiliar\u0103. Tenerife, cu climatul s\u0103u idilic, peisajele sale uluitoare \u0219i stilul de via\u021b\u0103 vibrant, ofer\u0103 op\u021biuni de locuin\u021be pentru toate gusturile \u0219i nevoile. De la vile luxoase la studiouri confortabile, diversitatea propriet\u0103\u021bilor imobiliare de pe insul\u0103 asigur\u0103 c\u0103 toat\u0103 lumea \u00ee\u0219i poate g\u0103si locul perfect la soare.<\/p>\n<p>Pentru cei care caut\u0103 <strong>cump\u0103ra\u021bi o cas\u0103 \u00een Tenerife,<\/strong>&nbsp;insula ofer\u0103 de toate, de la case de ora\u0219 lini\u0219tite \u00een comunit\u0103\u021bi lini\u0219tite la case independente impresionante cu vedere la mare sau la munte. La <strong>vile<\/strong> reprezint\u0103 apogeul luxului \u00een Tenerife, cu propriet\u0103\u021bi care ofer\u0103 intimitate, exclusivitate \u0219i adesea acces direct la terenuri de golf \u0219i coaste private. A cump\u0103ra o vil\u0103 \u00een Tenerife \u00eenseamn\u0103 s\u0103 investe\u0219ti \u00eentr-un stil de via\u021b\u0103 f\u0103r\u0103 egal, \u00een care confortul \u0219i frumuse\u021bea natural\u0103 se reg\u0103sesc \u00een propria cas\u0103.<\/p>\n<p>Pia\u021ba pentru <strong>apartamente<\/strong> este la fel de atractiv\u0103, oferind op\u021biuni at\u00e2t pentru cei care doresc s\u0103 <strong>cump\u0103ra apartament \u00een Tenerife<\/strong> precum \u0219i pentru cei interesa\u021bi de <strong>\u00cenchiriere apartament \u00een Tenerife.<\/strong>&nbsp;Apartamentele de pe insul\u0103 variaz\u0103 de la unit\u0103\u021bi compacte \u0219i practice p\u00e2n\u0103 la penthouse-uri spa\u021bioase cu vederi panoramice de vis. Ideal\u0103 pentru persoane singure, cupluri sau familii, via\u021ba \u00een apartamente \u00een Tenerife combin\u0103 confortul de a fi aproape de facilit\u0103\u021bi \u0219i atrac\u021bii cu frumuse\u021bea \u00eemprejurimilor insulei.<\/p>\n<p>Pentru cei care prefer\u0103 un spa\u021biu mai intim sau care sunt \u00een c\u0103utarea unei op\u021biuni mai accesibile, se poate opta pentru <strong>studii<\/strong> ofer\u0103 o solu\u021bie practic\u0103 \u0219i modern\u0103. Aceste spa\u021bii sunt perfecte pentru tinerii profesioni\u0219ti sau pentru oricine dore\u0219te s\u0103 \u00ee\u0219i \u00eenceap\u0103 aventura \u00een Tenerife cu o investi\u021bie inteligent\u0103 \u0219i u\u0219or de gestionat.<\/p>\n<p>The <strong>duplex<\/strong> y <strong>bungalouri<\/strong> din Tenerife ofer\u0103 senza\u021bii similare cu cele ale unei case, cu avantajul de a avea zone comune \u0219i, \u00een multe cazuri, piscine \u0219i gr\u0103dini. Acestea sunt ideale pentru familii sau pentru cei care caut\u0103 un echilibru \u00eentre intimitate \u0219i comunitate.<\/p>\n<p>Pentru investitori, pia\u021ba ofer\u0103 de la <strong>garaje<\/strong> la <strong>cl\u0103diri complete,<\/strong>&nbsp;trec\u00e2nd prin <strong>teren<\/strong> unde s\u0103 construim proiecte personalizate, <strong>transferuri de afaceri<\/strong> cu poten\u021bial de cre\u0219tere \u0219i <strong>hoteluri<\/strong> \u00een loca\u021bii excelente, gata de func\u021bionare. A investi \u00een Tenerife \u00eenseamn\u0103 a paria pe o pia\u021b\u0103 \u00een continu\u0103 evolu\u021bie, unde cererea de \u00eenchirieri de vacan\u021b\u0103 \u0219i de propriet\u0103\u021bi reziden\u021biale permanente continu\u0103 s\u0103 creasc\u0103.<\/p>\n<p>\u00cen plus, pentru cei care sunt \u00een c\u0103utarea unui refugiu lini\u0219tit sau a unui proiect de via\u021b\u0103 la \u021bar\u0103, la <strong>ferme<\/strong> din Tenerife ofer\u0103 posibilitatea de a tr\u0103i \u00een armonie cu natura, bucur\u00e2ndu-se de terenuri mari \u0219i de priveli\u0219ti care \u00ee\u021bi taie respira\u021bia.<\/p>\n<p>Alege\u021bi <strong>cump\u0103ra \u00een Tenerife<\/strong> o <strong>de \u00eenchiriat \u00een Tenerife<\/strong> este s\u0103 v\u0103 decide\u021bi pentru un stil de via\u021b\u0103 \u00eembucur\u0103tor pe una dintre cele mai frumoase \u0219i mai primitoare insule din lume. Cu o gam\u0103 at\u00e2t de divers\u0103 de oferte imobiliare, g\u0103sirea casei ideale \u00een Tenerife este la \u00eendem\u00e2na dumneavoastr\u0103. Fie c\u0103 dori\u021bi s\u0103 <strong>\u00cenchiria\u021bi o vil\u0103 \u00een Tenerife<\/strong> pentru vacan\u021be sau pentru a v\u0103 cump\u0103ra urm\u0103toarea cas\u0103, insula promite mediul perfect pentru a v\u0103 \u00eemplini visele.<\/p>\t\t\t\t\t\t\t\t<\/div>\n\t\t\t\t<\/div>\n\t\t\t\t\t<\/div>\n\t\t\t\t<\/div>\n\t\t\t\t<\/div>","protected":false},"excerpt":{"rendered":"<p>Propiedades en Venta y Alquiler en Tenerife Villa \/ Casa Adosado Apartamento Estudio D\u00faplex Negocio Edificio Hotel Finca Bungal\u00f3 \u00c1tico Terreno Explorar los diversos tipos de propiedades disponibles en Tenerife, ya sea para compra o alquiler, abre un abanico de posibilidades para aquellos que sue\u00f1an con vivir en esta isla paradis\u00edaca o invertir en su [&hellip;]<\/p>\n","protected":false},"author":1,"featured_media":0,"parent":0,"menu_order":0,"comment_status":"closed","ping_status":"closed","template":"elementor_header_footer","meta":{"footnotes":""},"class_list":["post-20906","page","type-page","status-publish","hentry"],"_links":{"self":[{"href":"https:\/\/www.tunidotenerife.com\/ro\/wp-json\/wp\/v2\/pages\/20906","targetHints":{"allow":["GET"]}}],"collection":[{"href":"https:\/\/www.tunidotenerife.com\/ro\/wp-json\/wp\/v2\/pages"}],"about":[{"href":"https:\/\/www.tunidotenerife.com\/ro\/wp-json\/wp\/v2\/types\/page"}],"author":[{"embeddable":true,"href":"https:\/\/www.tunidotenerife.com\/ro\/wp-json\/wp\/v2\/users\/1"}],"replies":[{"embeddable":true,"href":"https:\/\/www.tunidotenerife.com\/ro\/wp-json\/wp\/v2\/comments?post=20906"}],"version-history":[{"count":0,"href":"https:\/\/www.tunidotenerife.com\/ro\/wp-json\/wp\/v2\/pages\/20906\/revisions"}],"wp:attachment":[{"href":"https:\/\/www.tunidotenerife.com\/ro\/wp-json\/wp\/v2\/media?parent=20906"}],"curies":[{"name":"wp","href":"https:\/\/api.w.org\/{rel}","templated":true}]}}