{"id":3,"date":"2024-04-03T06:23:08","date_gmt":"2024-04-03T04:23:08","guid":{"rendered":"https:\/\/tunidotenerife.com\/?page_id=3"},"modified":"2025-03-21T16:11:00","modified_gmt":"2025-03-21T16:11:00","slug":"politica-privacidad","status":"publish","type":"page","link":"https:\/\/www.tunidotenerife.com\/pl\/politica-privacidad\/","title":{"rendered":"Polityka prywatno\u015bci"},"content":{"rendered":"<p>W Tu Nido Tenerife rozumiemy znaczenie ochrony Pa\u0144stwa prywatno\u015bci i zobowi\u0105zujemy si\u0119 do traktowania Pa\u0144stwa danych osobowych z szacunkiem i odpowiedzialno\u015bci\u0105. Niniejsza Polityka prywatno\u015bci wyja\u015bnia, w jaki spos\u00f3b gromadzimy, wykorzystujemy, chronimy i, w pewnych okoliczno\u015bciach, udost\u0119pniamy Pa\u0144stwa dane osobowe.<\/p>\r\n<p><span style=\"text-decoration: underline;\"><strong>Administrator danych:<\/strong><\/span><\/p>\r\n<p><strong>Nazwa handlowa:<\/strong> Tu Nido Tenerife<br \/><strong>Nazwa prawna sp\u00f3\u0142ki:<\/strong> Tu Nido Tenerife SL<br \/><strong>CIF:<\/strong> B76752567<br \/><strong>Adres:<\/strong> Calle el Sauce 9, Local 3, Costa Adeje, Santa Cruz de Tenerife.<br \/><strong>E-mail:<\/strong> psa@tunidotenerife.com<br \/><br \/><\/p>\r\n<h2 class=\"wp-block-heading\"><strong>Gromadzone przez nas informacje<\/strong><\/h2>\r\n<p>Mo\u017cemy gromadzi\u0107 dane osobowe, kt\u00f3re przekazuj\u0105 nam Pa\u0144stwo bezpo\u015brednio, takie jak imi\u0119 i nazwisko, adres e-mail, numer telefonu, adres fizyczny, preferencje dotycz\u0105ce w\u0142asno\u015bci i dane finansowe, gdy korzystaj\u0105 Pa\u0144stwo z naszych us\u0142ug, rejestruj\u0105 si\u0119 na naszej stronie internetowej, subskrybuj\u0105 nasz biuletyn lub komunikuj\u0105 si\u0119 z nami.<\/p>\r\n<h2><strong>Wykorzystanie informacji o u\u017cytkowniku<\/strong><\/h2>\r\n<p>Wykorzystujemy Pa\u0144stwa dane osobowe do:<\/p>\r\n<ul>\r\n<li>W celu \u015bwiadczenia, obs\u0142ugi i utrzymania naszych us\u0142ug.<\/li>\r\n<li>Ulepsza\u0107, personalizowa\u0107 i rozszerza\u0107 nasze us\u0142ugi.<\/li>\r\n<li>Zrozumie\u0107 i przeanalizowa\u0107 spos\u00f3b, w jaki korzystaj\u0105 Pa\u0144stwo z naszych us\u0142ug.<\/li>\r\n<li>Opracowywanie nowych produkt\u00f3w, us\u0142ug, funkcji i funkcjonalno\u015bci.<\/li>\r\n<li>Aby komunikowa\u0107 si\u0119 z Pa\u0144stwem bezpo\u015brednio lub za po\u015brednictwem jednego z naszych partner\u00f3w, w tym w celu obs\u0142ugi klienta, dostarczania Pa\u0144stwu aktualizacji i innych informacji zwi\u0105zanych z us\u0142ugami oraz w celach marketingowych i promocyjnych.<\/li>\r\n<li>Prosz\u0119 wysy\u0142a\u0107 e-maile.<\/li>\r\n<\/ul>\r\n<h2><strong>Podstawa prawna przetwarzania<\/strong><\/h2>\r\n<p>Podstaw\u0105 prawn\u0105 przetwarzania danych osobowych jest:<\/p>\r\n<ul>\r\n<li>Zgoda wyra\u017cona dobrowolnie poprzez wype\u0142nienie formularzy na naszej stronie internetowej.<\/li>\r\n<li>Wykonanie umowy lub zastosowanie \u015brodk\u00f3w przedumownych, gdy u\u017cytkownik zwraca si\u0119 do nas o informacje lub chce skorzysta\u0107 z naszych us\u0142ug.<\/li>\r\n<li>Zgodno\u015b\u0107 z naszymi zobowi\u0105zaniami prawnymi (podatki, ksi\u0119gowo\u015b\u0107, ochrona danych itp.).<\/li>\r\n<li>Nasz uzasadniony interes w poprawie komfortu u\u017cytkowania i bezpiecze\u0144stwa witryny.<\/li>\r\n<\/ul>\r\n<h2><strong>Udost\u0119pnianie danych osobowych<\/strong><\/h2>\r\n<p>Nie sprzedajemy ani nie wypo\u017cyczamy Pa\u0144stwa danych osobowych stronom trzecim. Mo\u017cemy udost\u0119pnia\u0107 Pa\u0144stwa dane stronom trzecim w nast\u0119puj\u0105cych okoliczno\u015bciach:<\/p>\r\n<ul>\r\n<li>Przestrzeganie obowi\u0105zuj\u0105cych przepis\u00f3w prawa, regulacji, procedur prawnych lub \u017c\u0105da\u0144 rz\u0105dowych.<\/li>\r\n<li>W celu ochrony praw, w\u0142asno\u015bci lub bezpiecze\u0144stwa Tu Nido Tenerife, naszych klient\u00f3w lub spo\u0142ecze\u0144stwa, zgodnie z wymogami lub zezwoleniami prawa.<\/li>\r\n<\/ul>\r\n<h2><strong>Bezpiecze\u0144stwo informacji<\/strong><\/h2>\r\n<p>Staramy si\u0119 stosowa\u0107 rozs\u0105dne \u015brodki bezpiecze\u0144stwa maj\u0105ce na celu ochron\u0119 Pa\u0144stwa danych osobowych przed nieuprawnionym dost\u0119pem, zmian\u0105, ujawnieniem lub zniszczeniem. Jednak \u017cadna metoda transmisji przez Internet lub metoda elektronicznego przechowywania danych nie jest 100% bezpieczna i nie mo\u017cemy zagwarantowa\u0107 jej ca\u0142kowitego bezpiecze\u0144stwa.<\/p>\r\n<h2>Zatrzymywanie danych<\/h2>\r\n<p>Dane u\u017cytkownika b\u0119d\u0105 przechowywane przez okres niezb\u0119dny do realizacji celu, dla kt\u00f3rego zosta\u0142y zgromadzone, lub przez czas trwania stosunku umownego\/handlowego. Po zako\u0144czeniu stosunku umownego\/handlowego b\u0119dziemy przechowywa\u0107 dane zablokowane przez prawnie wymagane okresy.<\/p>\r\n<h2><strong>Twoje prawa<\/strong><\/h2>\r\n<p>Masz prawo do:<\/p>\r\n<p>- Dost\u0119p do danych osobowych.<br \/>- \u017b\u0105danie sprostowania niedok\u0142adnych lub niekompletnych danych.<br \/>- Za\u017c\u0105da\u0107 usuni\u0119cia swoich danych, gdy nie b\u0119d\u0105 ju\u017c potrzebne.<br \/>- \u017b\u0105danie ograniczenia przetwarzania danych u\u017cytkownika.<br \/>- wniesienia sprzeciwu wobec przetwarzania danych w okre\u015blonych okoliczno\u015bciach.<br \/>- Za\u017c\u0105da\u0107 przeniesienia swoich danych do innego dostawcy, o ile jest to technicznie mo\u017cliwe.<\/p>\r\n<p>Aby skorzysta\u0107 z kt\u00f3regokolwiek z tych praw, mo\u017cna wys\u0142a\u0107 wniosek na adres e-mail psa@tunidodetenerife.com, za\u0142\u0105czaj\u0105c kopi\u0119 dowodu osobistego lub r\u00f3wnowa\u017cnego dokumentu to\u017csamo\u015bci.<\/p>\r\n<p>Je\u015bli u\u017cytkownik uwa\u017ca, \u017ce przetwarzanie jego danych osobowych narusza przepisy o ochronie danych, ma prawo z\u0142o\u017cy\u0107 skarg\u0119 do Hiszpa\u0144skiej Agencji Ochrony Danych (www.aepd.es).<\/p>\r\n<h2>Mi\u0119dzynarodowe transfery danych<\/h2>\r\n<p>Dane osobowe u\u017cytkownik\u00f3w nie s\u0105 przekazywane za granic\u0119. W przypadku, gdy dane b\u0119d\u0105 w przysz\u0142o\u015bci udost\u0119pniane dostawcom spoza Europejskiego Obszaru Gospodarczego, zapewnione zostanie przestrzeganie przez nich odpowiednich zabezpiecze\u0144, takich jak standardowe klauzule umowne zatwierdzone przez Komisj\u0119 Europejsk\u0105 lub przestrzeganie przez nich ram ochrony prywatno\u015bci danych.<\/p>\r\n<h2>Zautomatyzowane decyzje<\/h2>\r\n<p>Tu Nido Tenerife nie podejmuje zautomatyzowanych decyzji ani nie tworzy profili na podstawie przetwarzanych przez nas danych osobowych.<\/p>\r\n<h2><strong>Zmiany w niniejszej Polityce prywatno\u015bci<\/strong><\/h2>\r\n<p>Zastrzegamy sobie prawo do zmiany niniejszej Polityki prywatno\u015bci w dowolnym momencie. Zach\u0119camy Pa\u0144stwa do jej okresowego przegl\u0105dania. Zmiany wejd\u0105 w \u017cycie natychmiast po ich opublikowaniu na naszej stronie internetowej.<\/p>\r\n<h3><strong>Kontakt<\/strong><\/h3>\r\n<p>W przypadku jakichkolwiek pyta\u0144 lub uwag dotycz\u0105cych niniejszej Polityki prywatno\u015bci prosimy o <a href=\"https:\/\/www.tunidotenerife.com\/pl\/contactar\/\">skontaktuj si\u0119 z nami<\/a>.<\/p>\r\n<hr \/>\r\n<p>Ostatnia aktualizacja: 21 marca 2025 r.<\/p>","protected":false},"excerpt":{"rendered":"<p>En Tu Nido Tenerife, comprendemos la importancia de proteger su privacidad y nos comprometemos a tratar su informaci\u00f3n personal con respeto y responsabilidad. Esta Pol\u00edtica de Privacidad explica c\u00f3mo recopilamos, usamos, protegemos y, en ciertas circunstancias, compartimos su informaci\u00f3n personal. Responsable del Tratamiento: Nombre Comercial: Tu Nido TenerifeNombre legal de la empresa: Tu Nido Tenerife [&hellip;]<\/p>\n","protected":false},"author":1,"featured_media":0,"parent":0,"menu_order":0,"comment_status":"closed","ping_status":"closed","template":"","meta":{"footnotes":""},"class_list":["post-3","page","type-page","status-publish","hentry"],"_links":{"self":[{"href":"https:\/\/www.tunidotenerife.com\/pl\/wp-json\/wp\/v2\/pages\/3","targetHints":{"allow":["GET"]}}],"collection":[{"href":"https:\/\/www.tunidotenerife.com\/pl\/wp-json\/wp\/v2\/pages"}],"about":[{"href":"https:\/\/www.tunidotenerife.com\/pl\/wp-json\/wp\/v2\/types\/page"}],"author":[{"embeddable":true,"href":"https:\/\/www.tunidotenerife.com\/pl\/wp-json\/wp\/v2\/users\/1"}],"replies":[{"embeddable":true,"href":"https:\/\/www.tunidotenerife.com\/pl\/wp-json\/wp\/v2\/comments?post=3"}],"version-history":[{"count":0,"href":"https:\/\/www.tunidotenerife.com\/pl\/wp-json\/wp\/v2\/pages\/3\/revisions"}],"wp:attachment":[{"href":"https:\/\/www.tunidotenerife.com\/pl\/wp-json\/wp\/v2\/media?parent=3"}],"curies":[{"name":"wp","href":"https:\/\/api.w.org\/{rel}","templated":true}]}}