{"id":29340,"date":"2026-03-23T16:56:59","date_gmt":"2026-03-23T16:56:59","guid":{"rendered":"https:\/\/www.tunidotenerife.com\/?page_id=29340"},"modified":"2026-03-23T17:03:02","modified_gmt":"2026-03-23T17:03:02","slug":"canal-denuncias","status":"publish","type":"page","link":"https:\/\/www.tunidotenerife.com\/pl\/canal-denuncias\/","title":{"rendered":"Kana\u0142 reklamacji Tu Nido Tenerife"},"content":{"rendered":"<div data-elementor-type=\"wp-page\" data-elementor-id=\"29340\" class=\"elementor elementor-29340\">\n\t\t\t\t<div class=\"elementor-element elementor-element-5925fe7 e-flex e-con-boxed e-con e-parent\" data-id=\"5925fe7\" data-element_type=\"container\" data-e-type=\"container\">\n\t\t\t\t\t<div class=\"e-con-inner\">\n\t\t\t\t<div class=\"elementor-element elementor-element-a924b77 elementor-widget elementor-widget-text-editor\" data-id=\"a924b77\" data-element_type=\"widget\" data-e-type=\"widget\" data-widget_type=\"text-editor.default\">\n\t\t\t\t<div class=\"elementor-widget-container\">\n\t\t\t\t\t\t\t\t\t<h1>Kana\u0142 reklamacji<\/h1><h2><b>Tw\u00f3j g\u0142os ma znaczenie. Twoja to\u017csamo\u015b\u0107 jest chroniona.<\/b><\/h2><p><span style=\"font-weight: 400;\">W Tunido Tenerife wierzymy, \u017ce zaufanie buduje si\u0119 czynami, a nie tylko s\u0142owami. Dlatego te\u017c utworzyli\u015bmy wewn\u0119trzny kana\u0142 Whistleblowing Channel, bezpieczny i poufny kana\u0142, dzi\u0119ki kt\u00f3remu ka\u017cda osoba zwi\u0105zana z nasz\u0105 dzia\u0142alno\u015bci\u0105 mo\u017ce zg\u0142asza\u0107 nieprawid\u0142owo\u015bci bez obawy o represje.<\/span><\/p><p><span style=\"font-weight: 400;\">Inicjatywa ta jest odpowiedzi\u0105 na zaanga\u017cowanie naszej firmy w ustaw\u0119 2\/2023 z dnia 20 lutego, kt\u00f3ra reguluje ochron\u0119 os\u00f3b zg\u0142aszaj\u0105cych naruszenia przepis\u00f3w i walk\u0119 z korupcj\u0105, a tak\u017ce przekonanie, \u017ce firma z bran\u017cy nieruchomo\u015bci, kt\u00f3ra dzia\u0142a uczciwie, oferuje lepsze us\u0142ugi swoim klientom i spo\u0142eczno\u015bci.<\/span><\/p><h3><b>Kto mo\u017ce z niego korzysta\u0107?<\/b><\/h3><p><span style=\"font-weight: 400;\">Kana\u0142 jest otwarty dla ka\u017cdego, kto ma relacje z Tunido Tenerife: pracownik\u00f3w, wsp\u00f3\u0142pracownik\u00f3w, dostawc\u00f3w, klient\u00f3w lub os\u00f3b trzecich, kt\u00f3re mia\u0142y z nami kontakt zawodowy.<\/span><\/p><h3><b>W jakich sytuacjach mo\u017cna si\u0119 komunikowa\u0107?<\/b><\/h3><p><span style=\"font-weight: 400;\">Za po\u015brednictwem tego kana\u0142u mo\u017cesz zg\u0142asza\u0107 zachowania, kt\u00f3re uwa\u017casz za sprzeczne z prawem, etyk\u0105 zawodow\u0105 lub warto\u015bciami naszej firmy. Oto kilka przyk\u0142ad\u00f3w:<\/span><\/p><p><span style=\"font-weight: 400;\">Nieuczciwe post\u0119powanie lub oznaki korupcji w jakimkolwiek obszarze dzia\u0142alno\u015bci biznesowej. Naruszenia obowi\u0105zuj\u0105cych przepis\u00f3w, czy to w zakresie planowania urbanistycznego, podatk\u00f3w, ochrony danych, czy w jakimkolwiek innym obszarze maj\u0105cym zastosowanie do sektora nieruchomo\u015bci. Zachowanie sprzeczne z kodeksem etycznym sp\u00f3\u0142ki, w tym niezg\u0142oszone konflikty interes\u00f3w lub niew\u0142a\u015bciwe wykorzystanie uprzywilejowanych informacji. Sytuacje n\u0119kania, dyskryminacji lub jakiegokolwiek traktowania naruszaj\u0105cego godno\u015b\u0107 jednostki.<\/span><\/p><h3><b>Gwarancje kana\u0142\u00f3w<\/b><\/h3><p><span style=\"font-weight: 400;\">Absolutna poufno\u015b\u0107: to\u017csamo\u015b\u0107 informatora jest chroniona przez ca\u0142y czas i istnieje mo\u017cliwo\u015b\u0107 anonimowego przekazywania informacji. Ochrona przed represjami: prawo chroni osoby zg\u0142aszaj\u0105ce w dobrej wierze, a w Tunido Tenerife jeste\u015bmy zobowi\u0105zani do skutecznego zagwarantowania tej ochrony. Niezale\u017cne zarz\u0105dzanie: zg\u0142oszenia s\u0105 przetwarzane przez wyspecjalizowan\u0105 platform\u0119 zewn\u0119trzn\u0105, kt\u00f3ra zapewnia bezstronno\u015b\u0107 procesu.<\/span><\/p><h3><b>Dlaczego podj\u0119li\u015bmy ten krok?<\/b><\/h3><p><span style=\"font-weight: 400;\">Poniewa\u017c praca w sektorze nieruchomo\u015bci wi\u0105\u017ce si\u0119 z zarz\u0105dzaniem wa\u017cnymi decyzjami dla ludzi: zakupem domu, inwestowaniem oszcz\u0119dno\u015bci, zaufaniem do uczciwych porad. Posiadanie kana\u0142u whistleblowingu to nie tylko obowi\u0105zek prawny, to deklaracja zasad. Chcemy, aby ka\u017cdy, kto z nami wsp\u00f3\u0142pracuje lub korzysta z naszych us\u0142ug, wiedzia\u0142, \u017ce wszelkie nieprawid\u0142owo\u015bci mog\u0105 zosta\u0107 zg\u0142oszone i zostan\u0105 rozpatrzone.<\/span><\/p><h3><b>Dost\u0119p do kana\u0142u Whistleblower Channel<\/b><\/h3><p><span style=\"font-weight: 400;\">Komunikacj\u0119 mo\u017cna bezpiecznie przes\u0142a\u0107 za po\u015brednictwem poni\u017cszego \u0142\u0105cza:<\/span><\/p>\t\t\t\t\t\t\t\t<\/div>\n\t\t\t\t<\/div>\n\t\t\t\t<div class=\"elementor-element elementor-element-5f691ef elementor-button-success elementor-widget elementor-widget-button\" data-id=\"5f691ef\" data-element_type=\"widget\" data-e-type=\"widget\" data-widget_type=\"button.default\">\n\t\t\t\t<div class=\"elementor-widget-container\">\n\t\t\t\t\t\t\t\t\t<div class=\"elementor-button-wrapper\">\n\t\t\t\t\t<a class=\"elementor-button elementor-button-link elementor-size-sm\" href=\"https:\/\/whistlelegal.com\/u\/tunidotenerife\" target=\"_blank\" rel=\"noopener\">\n\t\t\t\t\t\t<span class=\"elementor-button-content-wrapper\">\n\t\t\t\t\t\t\t\t\t<span class=\"elementor-button-text\">przejd\u017a do Kana\u0142u skarg i za\u017cale\u0144<\/span>\n\t\t\t\t\t<\/span>\n\t\t\t\t\t<\/a>\n\t\t\t\t<\/div>\n\t\t\t\t\t\t\t\t<\/div>\n\t\t\t\t<\/div>\n\t\t\t\t<div class=\"elementor-element elementor-element-a62d9fa elementor-widget elementor-widget-text-editor\" data-id=\"a62d9fa\" data-element_type=\"widget\" data-e-type=\"widget\" data-widget_type=\"text-editor.default\">\n\t\t\t\t<div class=\"elementor-widget-container\">\n\t\t\t\t\t\t\t\t\t<p><span style=\"font-weight: 400;\">Proces jest prosty, prowadzony i dost\u0119pny przez ca\u0142y czas. Je\u015bli masz jakiekolwiek pytania dotycz\u0105ce tego, jak to dzia\u0142a, nie wahaj si\u0119 z nami skontaktowa\u0107.<\/span><\/p>\t\t\t\t\t\t\t\t<\/div>\n\t\t\t\t<\/div>\n\t\t\t\t\t<\/div>\n\t\t\t\t<\/div>\n\t\t\t\t<\/div>","protected":false},"excerpt":{"rendered":"<p>Canal de Denuncias Tu voz importa. Tu identidad est\u00e1 protegida. En Tunido Tenerife creemos que la confianza se construye con hechos, no solo con palabras. Por eso hemos puesto en marcha un Canal de Denuncias interno, una v\u00eda segura y confidencial para que cualquier persona vinculada a nuestra actividad pueda comunicar irregularidades sin temor a [&hellip;]<\/p>\n","protected":false},"author":1,"featured_media":0,"parent":0,"menu_order":0,"comment_status":"closed","ping_status":"closed","template":"elementor_header_footer","meta":{"footnotes":""},"class_list":["post-29340","page","type-page","status-publish","hentry"],"_links":{"self":[{"href":"https:\/\/www.tunidotenerife.com\/pl\/wp-json\/wp\/v2\/pages\/29340","targetHints":{"allow":["GET"]}}],"collection":[{"href":"https:\/\/www.tunidotenerife.com\/pl\/wp-json\/wp\/v2\/pages"}],"about":[{"href":"https:\/\/www.tunidotenerife.com\/pl\/wp-json\/wp\/v2\/types\/page"}],"author":[{"embeddable":true,"href":"https:\/\/www.tunidotenerife.com\/pl\/wp-json\/wp\/v2\/users\/1"}],"replies":[{"embeddable":true,"href":"https:\/\/www.tunidotenerife.com\/pl\/wp-json\/wp\/v2\/comments?post=29340"}],"version-history":[{"count":7,"href":"https:\/\/www.tunidotenerife.com\/pl\/wp-json\/wp\/v2\/pages\/29340\/revisions"}],"predecessor-version":[{"id":29348,"href":"https:\/\/www.tunidotenerife.com\/pl\/wp-json\/wp\/v2\/pages\/29340\/revisions\/29348"}],"wp:attachment":[{"href":"https:\/\/www.tunidotenerife.com\/pl\/wp-json\/wp\/v2\/media?parent=29340"}],"curies":[{"name":"wp","href":"https:\/\/api.w.org\/{rel}","templated":true}]}}