{"id":26171,"date":"2025-03-21T16:13:36","date_gmt":"2025-03-21T16:13:36","guid":{"rendered":"https:\/\/www.tunidotenerife.com\/?page_id=26171"},"modified":"2025-03-21T16:15:41","modified_gmt":"2025-03-21T16:15:41","slug":"politica-de-cookies","status":"publish","type":"page","link":"https:\/\/www.tunidotenerife.com\/pl\/politica-de-cookies\/","title":{"rendered":"Polityka dotycz\u0105ca plik\u00f3w cookie"},"content":{"rendered":"<p data-start=\"321\" data-end=\"593\">Przy <strong data-start=\"324\" data-end=\"344\">Tu Nido Tenerife<\/strong>U\u017cywamy plik\u00f3w cookie, aby zapewni\u0107 prawid\u0142owe funkcjonowanie witryny, poprawi\u0107 komfort u\u017cytkowania i zbiera\u0107 anonimowe informacje statystyczne. Niniejsza polityka wyja\u015bnia, czym s\u0105 pliki cookie, jakiego typu u\u017cywamy i jak mo\u017cna nimi zarz\u0105dza\u0107.<\/p>\n<h3 data-start=\"600\" data-end=\"632\"><strong data-start=\"604\" data-end=\"632\">1) Czym s\u0105 pliki cookie?<\/strong><\/h3>\n<p data-start=\"634\" data-end=\"928\">Pliki cookie to ma\u0142e pliki tekstowe, kt\u00f3re strony internetowe instaluj\u0105 w przegl\u0105darce u\u017cytkownika w celu przechowywania informacji o jego wizycie, takich jak preferowany j\u0119zyk, dane sesji lub zachowanie na stronie internetowej. Nie uszkadzaj\u0105 one urz\u0105dzenia, a ich u\u017cycie jest regulowane przez obowi\u0105zuj\u0105ce przepisy.<\/p>\n<h3 data-start=\"935\" data-end=\"979\"><strong data-start=\"939\" data-end=\"979\">2) Jakich rodzaj\u00f3w plik\u00f3w cookie u\u017cywamy?<\/strong><\/h3>\n<p data-start=\"981\" data-end=\"1050\">Na naszej stronie internetowej wykorzystujemy nast\u0119puj\u0105ce kategorie plik\u00f3w cookie:<\/p>\n<h4 data-start=\"1052\" data-end=\"1092\">\u2705 <strong data-start=\"1059\" data-end=\"1092\">Techniczne lub niezb\u0119dne pliki cookie<\/strong><\/h4>\n<p data-start=\"1093\" data-end=\"1281\">S\u0105 one niezb\u0119dne do podstawowego funkcjonowania strony internetowej i nie wymagaj\u0105 zgody. Umo\u017cliwiaj\u0105 one takie funkcje, jak bezpieczne przegl\u0105danie, zarz\u0105dzanie formularzami lub dost\u0119p do obszar\u00f3w prywatnych.<\/p>\n<h4 data-start=\"1283\" data-end=\"1328\">\ud83d\udcca <strong data-start=\"1291\" data-end=\"1328\">Analityczne lub wydajno\u015bciowe pliki cookie<\/strong><\/h4>\n<p data-start=\"1329\" data-end=\"1589\">Pozwalaj\u0105 nam one zrozumie\u0107, w jaki spos\u00f3b odwiedzaj\u0105cy wchodz\u0105 w interakcj\u0119 z nasz\u0105 witryn\u0105, a tym samym poprawi\u0107 jej wydajno\u015b\u0107. Korzystamy z takich narz\u0119dzi jak <strong data-start=\"1460\" data-end=\"1480\">Google Analytics<\/strong>kt\u00f3re zbieraj\u0105 informacje w formie anonimowej (np. odwiedzane strony, czas sp\u0119dzony na stronie internetowej, urz\u0105dzenie itp.)<\/p>\n<h4 data-start=\"1591\" data-end=\"1645\">\ud83c\udfaf <strong data-start=\"1599\" data-end=\"1645\">Pliki cookie dotycz\u0105ce personalizacji lub funkcjonalno\u015bci<\/strong><\/h4>\n<p data-start=\"1646\" data-end=\"1767\">Te pliki cookie zapami\u0119tuj\u0105 preferencje i ustawienia u\u017cytkownika w celu zapewnienia bardziej spersonalizowanej obs\u0142ugi (j\u0119zyk, region itp.).<\/p>\n<h4 data-start=\"1769\" data-end=\"1800\">\ud83d\udce2 <strong data-start=\"1777\" data-end=\"1800\">Pliki cookie stron trzecich<\/strong><\/h4>\n<p data-start=\"1801\" data-end=\"1964\">Mo\u017cemy korzysta\u0107 z us\u0142ug stron trzecich, kt\u00f3re ustawiaj\u0105 w\u0142asne pliki cookie, na przyk\u0142ad podczas odtwarzania osadzonych film\u00f3w z YouTube lub osadzania Map Google.<\/p>\n<h3 data-start=\"1971\" data-end=\"2016\"><strong data-start=\"1975\" data-end=\"2016\">3 W jaki spos\u00f3b uzyskujemy zgod\u0119 u\u017cytkownika?<\/strong><\/h3>\n<p data-start=\"2018\" data-end=\"2136\">Przy pierwszym wej\u015bciu na nasz\u0105 stron\u0119 zostanie wy\u015bwietlona ikona <strong data-start=\"2076\" data-end=\"2112\">baner zarz\u0105dzany przez YesCookies<\/strong> kt\u00f3ra pozwala u\u017cytkownikowi:<\/p>\n<ul data-start=\"2138\" data-end=\"2258\">\n<li data-start=\"2138\" data-end=\"2168\">Akceptuj wszystkie pliki cookie.<\/li>\n<li data-start=\"2169\" data-end=\"2206\">Odrzu\u0107 wszystkie niepotrzebne.<\/li>\n<li data-start=\"2207\" data-end=\"2258\">\u2699\ufe0f Skonfiguruj swoje preferencje w szczeg\u00f3\u0142owy spos\u00f3b.<\/li>\n<\/ul>\n<p data-start=\"2260\" data-end=\"2450\">U\u017cytkownik mo\u017ce zmieni\u0107 swoje ustawienia lub wycofa\u0107 zgod\u0119 w dowolnym momencie, klikaj\u0105c \u0142\u0105cze \".<strong data-start=\"2370\" data-end=\"2398\">Ustawienia plik\u00f3w cookie<\/strong>\"dost\u0119pny w stopce strony internetowej.<\/p>\n<h3 data-start=\"2457\" data-end=\"2511\"><strong data-start=\"2461\" data-end=\"2511\">4) Jak wy\u0142\u0105czy\u0107 lub usun\u0105\u0107 pliki cookie?<\/strong><\/h3>\n<p data-start=\"2513\" data-end=\"2690\">Przegl\u0105dark\u0119 mo\u017cna skonfigurowa\u0107 tak, aby akceptowa\u0142a, blokowa\u0142a lub usuwa\u0142a pliki cookie. Nale\u017cy pami\u0119ta\u0107, \u017ce wy\u0142\u0105czenie niezb\u0119dnych plik\u00f3w cookie mo\u017ce wp\u0142yn\u0105\u0107 na prawid\u0142owe funkcjonowanie strony internetowej.<\/p>\n<p data-start=\"2692\" data-end=\"2763\">Poni\u017cej znajduj\u0105 si\u0119 linki do instrukcji dla najpopularniejszych przegl\u0105darek:<\/p>\n<ul data-start=\"2765\" data-end=\"3137\">\n<li data-start=\"2765\" data-end=\"2834\"><strong data-start=\"2767\" data-end=\"2785\">Google Chrome:<\/strong> <a href=\"https:\/\/support.google.com\/chrome\/answer\/95647\" target=\"_new\" rel=\"noopener\" data-start=\"2786\" data-end=\"2832\">https:\/\/support.google.com\/chrome\/answer\/95647<\/a><\/li>\n<li data-start=\"2835\" data-end=\"2926\"><strong data-start=\"2837\" data-end=\"2857\">Mozilla Firefox:<\/strong> <a href=\"https:\/\/support.mozilla.org\/es\/kb\/habilitar-y-deshabilitar-cookies\" target=\"_new\" rel=\"noopener\" data-start=\"2858\" data-end=\"2924\">https:\/\/support.mozilla.org\/es\/kb\/habilitar-y-deshabilitar-cookies<\/a><\/li>\n<li data-start=\"2927\" data-end=\"2991\"><strong data-start=\"2929\" data-end=\"2948\">Safari (Apple):<\/strong> <a href=\"https:\/\/support.apple.com\/es-es\/HT201265\" target=\"_new\" rel=\"noopener\" data-start=\"2949\" data-end=\"2989\">https:\/\/support.apple.com\/es-es\/HT201265<\/a><\/li>\n<li data-start=\"2992\" data-end=\"3064\"><strong data-start=\"2994\" data-end=\"3013\">Microsoft Edge:<\/strong> <a href=\"https:\/\/support.microsoft.com\/es-es\/help\/4027947\" target=\"_new\" rel=\"noopener\" data-start=\"3014\" data-end=\"3062\">https:\/\/support.microsoft.com\/es-es\/help\/4027947<\/a><\/li>\n<li data-start=\"3065\" data-end=\"3137\"><strong data-start=\"3067\" data-end=\"3077\">Opera:<\/strong> <a href=\"https:\/\/help.opera.com\/en\/latest\/web-preferences\/#cookies\" target=\"_new\" rel=\"noopener\" data-start=\"3078\" data-end=\"3135\">https:\/\/help.opera.com\/en\/latest\/web-preferences\/#cookies<\/a><\/li>\n<\/ul>\n<p data-start=\"3139\" data-end=\"3258\">Mo\u017cna r\u00f3wnie\u017c zainstalowa\u0107 rozszerzenia, takie jak <strong data-start=\"3180\" data-end=\"3192\">Ghostery<\/strong> o <strong data-start=\"3195\" data-end=\"3216\">Plik cookie automatycznego usuwania<\/strong> aby mie\u0107 wi\u0119ksz\u0105 kontrol\u0119 nad plikami cookie.<\/p>\n<h3 data-start=\"3265\" data-end=\"3315\"><strong data-start=\"3269\" data-end=\"3315\">5. Mi\u0119dzynarodowe transfery danych<\/strong><\/h3>\n<p data-start=\"3317\" data-end=\"3587\">Niekt\u00f3re pliki cookie stron trzecich, takie jak Google lub Meta, mog\u0105 wi\u0105za\u0107 si\u0119 z przekazywaniem danych poza Europejski Obszar Gospodarczy (EOG). Przekazywanie danych odbywa si\u0119 z zastosowaniem odpowiednich zabezpiecze\u0144, takich jak <strong data-start=\"3516\" data-end=\"3548\">Standardowe klauzule umowne<\/strong> lub <strong data-start=\"3554\" data-end=\"3586\">Ramy prywatno\u015bci danych (DPF)<\/strong>.<\/p>\n<h3 data-start=\"3594\" data-end=\"3646\"><strong data-start=\"3598\" data-end=\"3646\">6. Aktualizacje polityki plik\u00f3w cookie<\/strong><\/h3>\n<p data-start=\"3648\" data-end=\"3797\">Mo\u017cemy aktualizowa\u0107 niniejsze zasady w zale\u017cno\u015bci od zmian prawnych, technicznych lub operacyjnych w witrynie. Zach\u0119camy do jej okresowego przegl\u0105dania.<\/p>\n<h3 data-start=\"3804\" data-end=\"3820\"><strong data-start=\"3808\" data-end=\"3820\">Kontakt<\/strong><\/h3>\n<p data-start=\"3822\" data-end=\"3925\">W przypadku jakichkolwiek pyta\u0144 dotycz\u0105cych korzystania z plik\u00f3w cookie na naszej stronie internetowej, mo\u017cesz skontaktowa\u0107 si\u0119 z nami pod adresem:<\/p>\n<p data-start=\"3927\" data-end=\"4046\"><strong data-start=\"3927\" data-end=\"3940\">E-mail:<\/strong> <a rel=\"noopener\" data-start=\"3941\" data-end=\"3963\">psa@tunidotenerife.com<\/a><br data-start=\"3963\" data-end=\"3966\" \/><strong data-start=\"3966\" data-end=\"3983\">Adres:<\/strong> Calle el Sauce 9, Local 3, Costa Adeje, Santa Cruz de Tenerife.<\/p>\n<p data-start=\"3927\" data-end=\"4046\">\n<p data-start=\"3927\" data-end=\"4046\">\n<p data-start=\"3927\" data-end=\"4046\"><strong data-start=\"274\" data-end=\"319\">Ostatnia aktualizacja: 21 marca 2025 r.<\/strong><\/p>","protected":false},"excerpt":{"rendered":"<p>En Tu Nido Tenerife, utilizamos cookies para garantizar el correcto funcionamiento del sitio web, mejorar la experiencia del usuario y recopilar informaci\u00f3n estad\u00edstica an\u00f3nima. Esta pol\u00edtica explica qu\u00e9 son las cookies, qu\u00e9 tipo utilizamos y c\u00f3mo puedes gestionarlas. 1. \u00bfQu\u00e9 son las cookies? Las cookies son peque\u00f1os archivos de texto que los sitios web instalan [&hellip;]<\/p>\n","protected":false},"author":1,"featured_media":0,"parent":0,"menu_order":0,"comment_status":"closed","ping_status":"closed","template":"","meta":{"footnotes":""},"class_list":["post-26171","page","type-page","status-publish","hentry"],"_links":{"self":[{"href":"https:\/\/www.tunidotenerife.com\/pl\/wp-json\/wp\/v2\/pages\/26171","targetHints":{"allow":["GET"]}}],"collection":[{"href":"https:\/\/www.tunidotenerife.com\/pl\/wp-json\/wp\/v2\/pages"}],"about":[{"href":"https:\/\/www.tunidotenerife.com\/pl\/wp-json\/wp\/v2\/types\/page"}],"author":[{"embeddable":true,"href":"https:\/\/www.tunidotenerife.com\/pl\/wp-json\/wp\/v2\/users\/1"}],"replies":[{"embeddable":true,"href":"https:\/\/www.tunidotenerife.com\/pl\/wp-json\/wp\/v2\/comments?post=26171"}],"version-history":[{"count":0,"href":"https:\/\/www.tunidotenerife.com\/pl\/wp-json\/wp\/v2\/pages\/26171\/revisions"}],"wp:attachment":[{"href":"https:\/\/www.tunidotenerife.com\/pl\/wp-json\/wp\/v2\/media?parent=26171"}],"curies":[{"name":"wp","href":"https:\/\/api.w.org\/{rel}","templated":true}]}}