{"id":26168,"date":"2025-03-21T16:12:51","date_gmt":"2025-03-21T16:12:51","guid":{"rendered":"https:\/\/www.tunidotenerife.com\/?page_id=26168"},"modified":"2025-03-21T16:12:51","modified_gmt":"2025-03-21T16:12:51","slug":"aviso-legal","status":"publish","type":"page","link":"https:\/\/www.tunidotenerife.com\/pl\/aviso-legal\/","title":{"rendered":"Nota prawna"},"content":{"rendered":"<h2 data-start=\"294\" data-end=\"343\">1. IDENTYFIKACJA W\u0141A\u015aCICIELA WITRYNY<\/h2>\n<p data-start=\"344\" data-end=\"544\">Zgodnie z art. 10 ustawy 34\/2002 z dnia 11 lipca o us\u0142ugach spo\u0142ecze\u0144stwa informacyjnego i handlu elektronicznym (LSSI-CE), niniejszym informujemy, \u017ce niniejsza strona internetowa jest w\u0142asno\u015bci\u0105:<\/p>\n<ul data-start=\"546\" data-end=\"946\">\n<li data-start=\"546\" data-end=\"588\"><strong data-start=\"548\" data-end=\"569\">Nazwa handlowa:<\/strong> Tu Nido Tenerife<\/li>\n<li data-start=\"589\" data-end=\"630\"><strong data-start=\"591\" data-end=\"608\">Nazwa firmy:<\/strong> Tu Nido Tenerife SL<\/li>\n<li data-start=\"631\" data-end=\"653\"><strong data-start=\"633\" data-end=\"641\">CIF:<\/strong> B76752567<\/li>\n<li data-start=\"654\" data-end=\"742\"><strong data-start=\"656\" data-end=\"677\">Siedziba statutowa:<\/strong> Calle el Sauce 9, Local 3, Costa Adeje, Santa Cruz de Tenerife.<\/li>\n<li data-start=\"743\" data-end=\"815\"><strong data-start=\"745\" data-end=\"770\">Numer telefonu kontaktowego:<\/strong> +34 922 71 38 83<\/li>\n<li data-start=\"816\" data-end=\"866\"><strong data-start=\"818\" data-end=\"841\">E-mail:<\/strong> <a rel=\"noopener\" data-start=\"842\" data-end=\"864\">psa@tunidotenerife.com<\/a><\/li>\n<li data-start=\"867\" data-end=\"946\"><strong data-start=\"869\" data-end=\"883\">Aktywno\u015b\u0107:<\/strong> Us\u0142ugi po\u015brednictwa i zarz\u0105dzania nieruchomo\u015bciami na Teneryfie<\/li>\n<\/ul>\n<h3 data-start=\"953\" data-end=\"979\">2. KORZYSTANIE Z WITRYNY<\/h3>\n<p data-start=\"980\" data-end=\"1145\">Dost\u0119p do niniejszej strony internetowej i korzystanie z niej nadaje status U\u017cytkownika, co oznacza pe\u0142n\u0105 i bezwarunkow\u0105 akceptacj\u0119 wszystkich postanowie\u0144 niniejszej Informacji prawnej.<\/p>\n<p data-start=\"1147\" data-end=\"1305\">U\u017cytkownik zobowi\u0105zuje si\u0119 do w\u0142a\u015bciwego korzystania z zawarto\u015bci strony internetowej, niewykorzystywania jej do dzia\u0142a\u0144 niezgodnych z prawem oraz do poszanowania praw os\u00f3b trzecich.<\/p>\n<h3 data-start=\"1312\" data-end=\"1355\">3. W\u0141ASNO\u015a\u0106 INTELEKTUALNA I PRZEMYS\u0141OWA<\/h3>\n<p data-start=\"1356\" data-end=\"1662\">Ca\u0142a zawarto\u015b\u0107 strony internetowej (teksty, obrazy, logo, projekt graficzny, struktura nawigacji, kod \u017ar\u00f3d\u0142owy itp.) s\u0105 chronione prawami w\u0142asno\u015bci intelektualnej i przemys\u0142owej, kt\u00f3rych w\u0142a\u015bcicielem jest Tu Nido Tenerife lub osoby trzecie, z kt\u00f3rymi zawarto umow\u0119 o przeniesieniu praw.<\/p>\n<p data-start=\"1664\" data-end=\"1810\">Powielanie, rozpowszechnianie, publiczne udost\u0119pnianie lub przekszta\u0142canie tych tre\u015bci bez wyra\u017anej zgody w\u0142a\u015bciciela jest zabronione.<\/p>\n<h3 data-start=\"1817\" data-end=\"1842\">4. POWI\u0104ZANIA ZEWN\u0118TRZNE<\/h3>\n<p data-start=\"1843\" data-end=\"2052\">Niniejsza strona internetowa mo\u017ce zawiera\u0107 \u0142\u0105cza do stron internetowych os\u00f3b trzecich. Tu Nido Tenerife nie ponosi odpowiedzialno\u015bci za tre\u015b\u0107, polityk\u0119 prywatno\u015bci lub wykorzystanie danych osobowych przez takie strony trzecie.<\/p>\n<h3 data-start=\"2059\" data-end=\"2083\">5. ODPOWIEDZIALNO\u015a\u0106<\/h3>\n<p data-start=\"2084\" data-end=\"2286\">Tu Nido Tenerife nie gwarantuje nieistnienia b\u0142\u0119d\u00f3w w dost\u0119pie do strony internetowej, w jej tre\u015bci lub w jej aktualizacji, chocia\u017c zobowi\u0105zuje si\u0119 do ich poprawienia, gdy tylko si\u0119 o nich dowie.<\/p>\n<p data-start=\"2288\" data-end=\"2463\">Nie ponosi r\u00f3wnie\u017c odpowiedzialno\u015bci za szkody, kt\u00f3re mog\u0105 wynikn\u0105\u0107 z zak\u0142\u00f3ce\u0144, przerw, wirus\u00f3w komputerowych lub od\u0142\u0105czenia systemu operacyjnego u\u017cytkownika.<\/p>\n<h3 data-start=\"2470\" data-end=\"2510\">6. POLITYKA OCHRONY DANYCH<\/h3>\n<p data-start=\"2511\" data-end=\"2709\">Dane osobowe gromadzone za po\u015brednictwem strony internetowej b\u0119d\u0105 przetwarzane zgodnie z obowi\u0105zuj\u0105cymi przepisami o ochronie danych. Wi\u0119cej informacji mo\u017cna znale\u017a\u0107 na stronie <strong data-start=\"2677\" data-end=\"2708\"><a href=\"#\" rel=\"noopener\" data-start=\"2679\" data-end=\"2706\">Polityka prywatno\u015bci<\/a><\/strong>.<\/p>\n<h3 data-start=\"2716\" data-end=\"2761\">7. PRAWO W\u0141A\u015aCIWE I JURYSDYKCJA<\/h3>\n<p data-start=\"2762\" data-end=\"3023\">Niniejsza Nota Prawna podlega prawu hiszpa\u0144skiemu. W przypadku jakiegokolwiek sporu wynikaj\u0105cego z dost\u0119pu lub korzystania z niniejszej strony internetowej, obie strony poddaj\u0105 si\u0119 s\u0105dom i trybuna\u0142om Santa Cruz de Tenerife, wyra\u017anie zrzekaj\u0105c si\u0119 prawa do jakiejkolwiek innej jurysdykcji.<\/p>\n<p data-start=\"2762\" data-end=\"3023\">\n<p data-start=\"2762\" data-end=\"3023\"><strong data-start=\"247\" data-end=\"292\">Ostatnia aktualizacja: 21 marca 2025 r.<\/strong><\/p>","protected":false},"excerpt":{"rendered":"<p>1. IDENTIFICACI\u00d3N DEL TITULAR DEL SITIO WEB En cumplimiento con el art\u00edculo 10 de la Ley 34\/2002, de 11 de julio, de Servicios de la Sociedad de la Informaci\u00f3n y del Comercio Electr\u00f3nico (LSSI-CE), se informa que este sitio web es propiedad de: Nombre comercial: Tu Nido Tenerife Raz\u00f3n social: Tu Nido Tenerife SL CIF: [&hellip;]<\/p>\n","protected":false},"author":1,"featured_media":0,"parent":0,"menu_order":0,"comment_status":"closed","ping_status":"closed","template":"","meta":{"footnotes":""},"class_list":["post-26168","page","type-page","status-publish","hentry"],"_links":{"self":[{"href":"https:\/\/www.tunidotenerife.com\/pl\/wp-json\/wp\/v2\/pages\/26168","targetHints":{"allow":["GET"]}}],"collection":[{"href":"https:\/\/www.tunidotenerife.com\/pl\/wp-json\/wp\/v2\/pages"}],"about":[{"href":"https:\/\/www.tunidotenerife.com\/pl\/wp-json\/wp\/v2\/types\/page"}],"author":[{"embeddable":true,"href":"https:\/\/www.tunidotenerife.com\/pl\/wp-json\/wp\/v2\/users\/1"}],"replies":[{"embeddable":true,"href":"https:\/\/www.tunidotenerife.com\/pl\/wp-json\/wp\/v2\/comments?post=26168"}],"version-history":[{"count":0,"href":"https:\/\/www.tunidotenerife.com\/pl\/wp-json\/wp\/v2\/pages\/26168\/revisions"}],"wp:attachment":[{"href":"https:\/\/www.tunidotenerife.com\/pl\/wp-json\/wp\/v2\/media?parent=26168"}],"curies":[{"name":"wp","href":"https:\/\/api.w.org\/{rel}","templated":true}]}}