{"id":3,"date":"2024-04-03T06:23:08","date_gmt":"2024-04-03T04:23:08","guid":{"rendered":"https:\/\/tunidotenerife.com\/?page_id=3"},"modified":"2025-03-21T16:11:00","modified_gmt":"2025-03-21T16:11:00","slug":"politica-privacidad","status":"publish","type":"page","link":"https:\/\/www.tunidotenerife.com\/it\/politica-privacidad\/","title":{"rendered":"Informativa sulla privacy"},"content":{"rendered":"<p>Noi di Tu Nido Tenerife siamo consapevoli dell'importanza di proteggere la sua privacy e ci impegniamo a trattare le sue informazioni personali con rispetto e responsabilit\u00e0. La presente Informativa sulla privacy spiega come raccogliamo, utilizziamo, proteggiamo e, in determinate circostanze, condividiamo le sue informazioni personali.<\/p>\r\n<p><span style=\"text-decoration: underline;\"><strong>Titolare del trattamento dei dati:<\/strong><\/span><\/p>\r\n<p><strong>Nome commerciale:<\/strong> Tu Nido Tenerife<br \/><strong>Nome legale dell'azienda:<\/strong> Tu Nido Tenerife SL<br \/><strong>CIF:<\/strong> B76752567<br \/><strong>Indirizzo:<\/strong> Calle el Sauce 9, Local 3, Costa Adeje, Santa Cruz de Tenerife.<br \/><strong>E-mail:<\/strong> psa@tunidotenerife.com<br \/><br \/><\/p>\r\n<h2 class=\"wp-block-heading\"><strong>Informazioni raccolte<\/strong><\/h2>\r\n<p>Possiamo raccogliere i dati personali che lei ci fornisce direttamente, come il suo nome, l'indirizzo e-mail, il numero di telefono, l'indirizzo fisico, le preferenze di propriet\u00e0 e i dettagli finanziari quando utilizza i nostri servizi, si registra sul nostro sito web, si iscrive alla nostra newsletter o comunica con noi.<\/p>\r\n<h2><strong>Utilizzo delle informazioni<\/strong><\/h2>\r\n<p>Utilizziamo i suoi dati personali per:<\/p>\r\n<ul>\r\n<li>Per fornire, far funzionare e mantenere i nostri servizi.<\/li>\r\n<li>Migliorare, personalizzare ed espandere i nostri servizi.<\/li>\r\n<li>Capire e analizzare come utilizza i nostri servizi.<\/li>\r\n<li>Sviluppare nuovi prodotti, servizi, caratteristiche e funzionalit\u00e0.<\/li>\r\n<li>Per comunicare con lei, direttamente o tramite uno dei nostri partner, anche per il servizio clienti, per fornirle aggiornamenti e altre informazioni relative al servizio, e per scopi di marketing e promozionali.<\/li>\r\n<li>Le invii delle e-mail.<\/li>\r\n<\/ul>\r\n<h2><strong>Base giuridica del trattamento<\/strong><\/h2>\r\n<p>La base giuridica per il trattamento dei Suoi dati personali \u00e8:<\/p>\r\n<ul>\r\n<li>Consenso dato liberamente compilando i moduli presenti sul nostro sito web.<\/li>\r\n<li>L'esecuzione di un contratto o l'applicazione di misure precontrattuali quando ci richiedete informazioni o desiderate contrattare i nostri servizi.<\/li>\r\n<li>Adempimento dei nostri obblighi legali (fiscali, contabili, protezione dei dati, ecc.).<\/li>\r\n<li>Il nostro legittimo interesse a migliorare l'esperienza dell'utente e la sicurezza del sito.<\/li>\r\n<\/ul>\r\n<h2><strong>Condivisione delle informazioni personali<\/strong><\/h2>\r\n<p>Non vendiamo n\u00e9 affittiamo le sue informazioni personali a terzi. Possiamo condividere le sue informazioni con terzi nelle seguenti circostanze:<\/p>\r\n<ul>\r\n<li>Per rispettare le leggi, i regolamenti, i processi legali o le richieste governative.<\/li>\r\n<li>Per proteggere i diritti, la propriet\u00e0 o la sicurezza di Tu Nido Tenerife, dei nostri clienti o del pubblico, come richiesto o consentito dalla legge.<\/li>\r\n<\/ul>\r\n<h2><strong>Sicurezza delle informazioni<\/strong><\/h2>\r\n<p>Ci sforziamo di utilizzare misure di sicurezza ragionevoli per proteggere le sue informazioni personali da accessi, alterazioni, divulgazioni o distruzioni non autorizzate. Tuttavia, nessun metodo di trasmissione su Internet o metodo di archiviazione elettronica \u00e8 100% sicuro e non possiamo garantirne l'assoluta sicurezza.<\/p>\r\n<h2>Conservazione dei dati<\/h2>\r\n<p>Conserveremo i vostri dati per il tempo necessario a raggiungere lo scopo per cui sono stati raccolti, o per la durata del rapporto contrattuale\/commerciale. Una volta terminato il rapporto contrattuale\/commerciale, conserveremo i dati bloccati per i periodi previsti dalla legge.<\/p>\r\n<h2><strong>I vostri diritti<\/strong><\/h2>\r\n<p>Avete il diritto di:<\/p>\r\n<p>- Accedere ai propri dati personali.<br \/>- Richiedere la rettifica di dati inesatti o incompleti.<br \/>- Richiedere la cancellazione dei propri dati quando non sono pi\u00f9 necessari.<br \/>- Richiedere la limitazione del trattamento dei propri dati.<br \/>- opporsi al trattamento dei dati in determinate circostanze.<br \/>- Richiedere la portabilit\u00e0 dei vostri dati ad un altro fornitore, ove tecnicamente possibile.<\/p>\r\n<p>Per esercitare uno di questi diritti, \u00e8 possibile inviare una richiesta all'indirizzo e-mail psa@tunidodetenerife.com, allegando una copia della carta d'identit\u00e0 o di un documento di riconoscimento equivalente.<\/p>\r\n<p>Se ritenete che il trattamento dei vostri dati personali violi le norme sulla protezione dei dati, avete il diritto di presentare un reclamo all'Agenzia spagnola per la protezione dei dati (www.aepd.es).<\/p>\r\n<h2>Trasferimenti internazionali di dati<\/h2>\r\n<p>Non vi sono trasferimenti internazionali dei vostri dati personali. Nel caso in cui i dati vengano condivisi in futuro con fornitori situati al di fuori dello Spazio Economico Europeo, ci si assicurer\u00e0 che essi rispettino le opportune garanzie, come le Clausole Contrattuali Standard approvate dalla Commissione Europea o la loro adesione al Data Privacy Framework.<\/p>\r\n<h2>Decisioni automatizzate<\/h2>\r\n<p>Tu Nido Tenerife non prende decisioni automatizzate n\u00e9 crea profili basati sui dati personali da noi trattati.<\/p>\r\n<h2><strong>Modifiche alla presente Informativa sulla privacy<\/strong><\/h2>\r\n<p>Ci riserviamo il diritto di modificare la presente Informativa sulla privacy in qualsiasi momento. La invitiamo a rivederla periodicamente. Le modifiche saranno efficaci immediatamente dopo la pubblicazione sul nostro sito web.<\/p>\r\n<h3><strong>Contatto<\/strong><\/h3>\r\n<p>In caso di domande o commenti sulla presente Informativa sulla privacy, vi invitiamo a <a href=\"https:\/\/www.tunidotenerife.com\/it\/contactar\/\">contattateci<\/a>.<\/p>\r\n<hr \/>\r\n<p>Ultimo aggiornamento: 21 marzo 2025<\/p>","protected":false},"excerpt":{"rendered":"<p>En Tu Nido Tenerife, comprendemos la importancia de proteger su privacidad y nos comprometemos a tratar su informaci\u00f3n personal con respeto y responsabilidad. Esta Pol\u00edtica de Privacidad explica c\u00f3mo recopilamos, usamos, protegemos y, en ciertas circunstancias, compartimos su informaci\u00f3n personal. Responsable del Tratamiento: Nombre Comercial: Tu Nido TenerifeNombre legal de la empresa: Tu Nido Tenerife [&hellip;]<\/p>\n","protected":false},"author":1,"featured_media":0,"parent":0,"menu_order":0,"comment_status":"closed","ping_status":"closed","template":"","meta":{"footnotes":""},"class_list":["post-3","page","type-page","status-publish","hentry"],"_links":{"self":[{"href":"https:\/\/www.tunidotenerife.com\/it\/wp-json\/wp\/v2\/pages\/3","targetHints":{"allow":["GET"]}}],"collection":[{"href":"https:\/\/www.tunidotenerife.com\/it\/wp-json\/wp\/v2\/pages"}],"about":[{"href":"https:\/\/www.tunidotenerife.com\/it\/wp-json\/wp\/v2\/types\/page"}],"author":[{"embeddable":true,"href":"https:\/\/www.tunidotenerife.com\/it\/wp-json\/wp\/v2\/users\/1"}],"replies":[{"embeddable":true,"href":"https:\/\/www.tunidotenerife.com\/it\/wp-json\/wp\/v2\/comments?post=3"}],"version-history":[{"count":0,"href":"https:\/\/www.tunidotenerife.com\/it\/wp-json\/wp\/v2\/pages\/3\/revisions"}],"wp:attachment":[{"href":"https:\/\/www.tunidotenerife.com\/it\/wp-json\/wp\/v2\/media?parent=3"}],"curies":[{"name":"wp","href":"https:\/\/api.w.org\/{rel}","templated":true}]}}