{"id":26171,"date":"2025-03-21T16:13:36","date_gmt":"2025-03-21T16:13:36","guid":{"rendered":"https:\/\/www.tunidotenerife.com\/?page_id=26171"},"modified":"2025-03-21T16:15:41","modified_gmt":"2025-03-21T16:15:41","slug":"politica-de-cookies","status":"publish","type":"page","link":"https:\/\/www.tunidotenerife.com\/it\/politica-de-cookies\/","title":{"rendered":"Informativa sui cookie"},"content":{"rendered":"<p data-start=\"321\" data-end=\"593\">A <strong data-start=\"324\" data-end=\"344\">Tu Nido Tenerife<\/strong>Utilizziamo i cookie per garantire il corretto funzionamento del sito web, migliorare l'esperienza dell'utente e raccogliere informazioni statistiche anonime. La presente informativa spiega cosa sono i cookie, che tipo di cookie utilizziamo e come \u00e8 possibile gestirli.<\/p>\n<h3 data-start=\"600\" data-end=\"632\"><strong data-start=\"604\" data-end=\"632\">1. Cosa sono i cookie?<\/strong><\/h3>\n<p data-start=\"634\" data-end=\"928\">I cookie sono piccoli file di testo che i siti web installano nel browser dell'utente per memorizzare informazioni sulla sua visita, come la lingua preferita, i dati della sessione o il comportamento sul sito web. Non danneggiano il dispositivo e il loro utilizzo \u00e8 regolato dalla normativa vigente.<\/p>\n<h3 data-start=\"935\" data-end=\"979\"><strong data-start=\"939\" data-end=\"979\">2. Quali tipi di cookie utilizziamo?<\/strong><\/h3>\n<p data-start=\"981\" data-end=\"1050\">Sul nostro sito web utilizziamo le seguenti categorie di cookie:<\/p>\n<h4 data-start=\"1052\" data-end=\"1092\">\u2705 <strong data-start=\"1059\" data-end=\"1092\">Cookie tecnici o necessari<\/strong><\/h4>\n<p data-start=\"1093\" data-end=\"1281\">Sono essenziali per il funzionamento di base del sito e non richiedono il consenso. Consentono funzioni quali la navigazione sicura, la gestione dei moduli o l'accesso ad aree private.<\/p>\n<h4 data-start=\"1283\" data-end=\"1328\">\ud83d\udcca <strong data-start=\"1291\" data-end=\"1328\">Cookie analitici o di performance<\/strong><\/h4>\n<p data-start=\"1329\" data-end=\"1589\">Ci permettono di capire come i visitatori interagiscono con il nostro sito web e quindi di migliorarne le prestazioni. Utilizziamo strumenti come <strong data-start=\"1460\" data-end=\"1480\">Google Analytics<\/strong>che raccolgono informazioni in forma anonima (ad esempio, pagine visitate, tempo di permanenza sul sito web, dispositivo, ecc.)<\/p>\n<h4 data-start=\"1591\" data-end=\"1645\">\ud83c\udfaf <strong data-start=\"1599\" data-end=\"1645\">Cookie di personalizzazione o di funzionalit\u00e0<\/strong><\/h4>\n<p data-start=\"1646\" data-end=\"1767\">Questi cookie ricordano le preferenze e le impostazioni dell'utente per fornire un'esperienza pi\u00f9 personalizzata (lingua, regione, ecc.).<\/p>\n<h4 data-start=\"1769\" data-end=\"1800\">\ud83d\udce2 <strong data-start=\"1777\" data-end=\"1800\">Cookie di terze parti<\/strong><\/h4>\n<p data-start=\"1801\" data-end=\"1964\">Potremmo utilizzare servizi di terze parti che impostano i propri cookie, ad esempio quando si riproducono video YouTube incorporati o si incorpora Google Maps.<\/p>\n<h3 data-start=\"1971\" data-end=\"2016\"><strong data-start=\"1975\" data-end=\"2016\">3. Come otteniamo il vostro consenso?<\/strong><\/h3>\n<p data-start=\"2018\" data-end=\"2136\">Quando si accede al nostro sito per la prima volta, viene visualizzata una schermata di <strong data-start=\"2076\" data-end=\"2112\">banner gestito da YesCookies<\/strong> che consente all'utente:<\/p>\n<ul data-start=\"2138\" data-end=\"2258\">\n<li data-start=\"2138\" data-end=\"2168\">\u2705 Accettare tutti i cookie.<\/li>\n<li data-start=\"2169\" data-end=\"2206\">\u274c Rifiutate tutti quelli non necessari.<\/li>\n<li data-start=\"2207\" data-end=\"2258\">\u2699\ufe0f Configurate le vostre preferenze in modo granulare.<\/li>\n<\/ul>\n<p data-start=\"2260\" data-end=\"2450\">L'utente pu\u00f2 modificare le proprie impostazioni o revocare il consenso in qualsiasi momento cliccando sul link \".<strong data-start=\"2370\" data-end=\"2398\">Impostazioni dei cookie<\/strong>\" disponibile nel footer del sito web.<\/p>\n<h3 data-start=\"2457\" data-end=\"2511\"><strong data-start=\"2461\" data-end=\"2511\">4. Come si possono disabilitare o cancellare i cookie?<\/strong><\/h3>\n<p data-start=\"2513\" data-end=\"2690\">\u00c8 possibile configurare il browser per accettare, bloccare o eliminare i cookie. Si noti che la disabilitazione dei cookie necessari pu\u00f2 compromettere il corretto funzionamento del sito web.<\/p>\n<p data-start=\"2692\" data-end=\"2763\">Ecco i link alle istruzioni per i browser pi\u00f9 comuni:<\/p>\n<ul data-start=\"2765\" data-end=\"3137\">\n<li data-start=\"2765\" data-end=\"2834\"><strong data-start=\"2767\" data-end=\"2785\">Google Chrome:<\/strong> <a href=\"https:\/\/support.google.com\/chrome\/answer\/95647\" target=\"_new\" rel=\"noopener\" data-start=\"2786\" data-end=\"2832\">https:\/\/support.google.com\/chrome\/answer\/95647<\/a><\/li>\n<li data-start=\"2835\" data-end=\"2926\"><strong data-start=\"2837\" data-end=\"2857\">Mozilla Firefox:<\/strong> <a href=\"https:\/\/support.mozilla.org\/es\/kb\/habilitar-y-deshabilitar-cookies\" target=\"_new\" rel=\"noopener\" data-start=\"2858\" data-end=\"2924\">https:\/\/support.mozilla.org\/es\/kb\/habilitar-y-deshabilitar-cookies<\/a><\/li>\n<li data-start=\"2927\" data-end=\"2991\"><strong data-start=\"2929\" data-end=\"2948\">Safari (Apple):<\/strong> <a href=\"https:\/\/support.apple.com\/es-es\/HT201265\" target=\"_new\" rel=\"noopener\" data-start=\"2949\" data-end=\"2989\">https:\/\/support.apple.com\/es-es\/HT201265<\/a><\/li>\n<li data-start=\"2992\" data-end=\"3064\"><strong data-start=\"2994\" data-end=\"3013\">Microsoft Edge:<\/strong> <a href=\"https:\/\/support.microsoft.com\/es-es\/help\/4027947\" target=\"_new\" rel=\"noopener\" data-start=\"3014\" data-end=\"3062\">https:\/\/support.microsoft.com\/es-es\/help\/4027947<\/a><\/li>\n<li data-start=\"3065\" data-end=\"3137\"><strong data-start=\"3067\" data-end=\"3077\">Opera:<\/strong> <a href=\"https:\/\/help.opera.com\/en\/latest\/web-preferences\/#cookies\" target=\"_new\" rel=\"noopener\" data-start=\"3078\" data-end=\"3135\">https:\/\/help.opera.com\/en\/latest\/web-preferences\/#cookies<\/a><\/li>\n<\/ul>\n<p data-start=\"3139\" data-end=\"3258\">\u00c8 inoltre possibile installare estensioni come <strong data-start=\"3180\" data-end=\"3192\">Ghostery<\/strong> o <strong data-start=\"3195\" data-end=\"3216\">Cookie di cancellazione automatica<\/strong> per avere un maggiore controllo sui cookie.<\/p>\n<h3 data-start=\"3265\" data-end=\"3315\"><strong data-start=\"3269\" data-end=\"3315\">5. Trasferimenti internazionali di dati<\/strong><\/h3>\n<p data-start=\"3317\" data-end=\"3587\">Alcuni cookie di terze parti, come Google o Meta, possono comportare trasferimenti di dati al di fuori dello Spazio economico europeo (SEE). Questi trasferimenti avvengono nel rispetto di adeguate garanzie, come ad esempio <strong data-start=\"3516\" data-end=\"3548\">Clausole contrattuali standard<\/strong> o il <strong data-start=\"3554\" data-end=\"3586\">Quadro sulla privacy dei dati (DPF)<\/strong>.<\/p>\n<h3 data-start=\"3594\" data-end=\"3646\"><strong data-start=\"3598\" data-end=\"3646\">6. Aggiornamenti della politica sui cookie<\/strong><\/h3>\n<p data-start=\"3648\" data-end=\"3797\">Potremmo aggiornare questa politica a seconda delle modifiche legali, tecniche o operative apportate al sito web. Vi invitiamo a rivederla periodicamente.<\/p>\n<h3 data-start=\"3804\" data-end=\"3820\"><strong data-start=\"3808\" data-end=\"3820\">Contatto<\/strong><\/h3>\n<p data-start=\"3822\" data-end=\"3925\">Per qualsiasi domanda sull'uso dei cookie sul nostro sito web, potete contattarci all'indirizzo:<\/p>\n<p data-start=\"3927\" data-end=\"4046\"><strong data-start=\"3927\" data-end=\"3940\">\ud83d\udce9 Email:<\/strong> <a rel=\"noopener\" data-start=\"3941\" data-end=\"3963\">psa@tunidotenerife.com<\/a><br data-start=\"3963\" data-end=\"3966\" \/><strong data-start=\"3966\" data-end=\"3983\">\ud83d\udccd Indirizzo:<\/strong> Calle el Sauce 9, Local 3, Costa Adeje, Santa Cruz de Tenerife.<\/p>\n<p data-start=\"3927\" data-end=\"4046\">\n<p data-start=\"3927\" data-end=\"4046\">\n<p data-start=\"3927\" data-end=\"4046\"><strong data-start=\"274\" data-end=\"319\">Ultimo aggiornamento: 21 marzo 2025<\/strong><\/p>","protected":false},"excerpt":{"rendered":"<p>En Tu Nido Tenerife, utilizamos cookies para garantizar el correcto funcionamiento del sitio web, mejorar la experiencia del usuario y recopilar informaci\u00f3n estad\u00edstica an\u00f3nima. Esta pol\u00edtica explica qu\u00e9 son las cookies, qu\u00e9 tipo utilizamos y c\u00f3mo puedes gestionarlas. 1. \u00bfQu\u00e9 son las cookies? Las cookies son peque\u00f1os archivos de texto que los sitios web instalan [&hellip;]<\/p>\n","protected":false},"author":1,"featured_media":0,"parent":0,"menu_order":0,"comment_status":"closed","ping_status":"closed","template":"","meta":{"footnotes":""},"class_list":["post-26171","page","type-page","status-publish","hentry"],"_links":{"self":[{"href":"https:\/\/www.tunidotenerife.com\/it\/wp-json\/wp\/v2\/pages\/26171","targetHints":{"allow":["GET"]}}],"collection":[{"href":"https:\/\/www.tunidotenerife.com\/it\/wp-json\/wp\/v2\/pages"}],"about":[{"href":"https:\/\/www.tunidotenerife.com\/it\/wp-json\/wp\/v2\/types\/page"}],"author":[{"embeddable":true,"href":"https:\/\/www.tunidotenerife.com\/it\/wp-json\/wp\/v2\/users\/1"}],"replies":[{"embeddable":true,"href":"https:\/\/www.tunidotenerife.com\/it\/wp-json\/wp\/v2\/comments?post=26171"}],"version-history":[{"count":0,"href":"https:\/\/www.tunidotenerife.com\/it\/wp-json\/wp\/v2\/pages\/26171\/revisions"}],"wp:attachment":[{"href":"https:\/\/www.tunidotenerife.com\/it\/wp-json\/wp\/v2\/media?parent=26171"}],"curies":[{"name":"wp","href":"https:\/\/api.w.org\/{rel}","templated":true}]}}