{"id":26168,"date":"2025-03-21T16:12:51","date_gmt":"2025-03-21T16:12:51","guid":{"rendered":"https:\/\/www.tunidotenerife.com\/?page_id=26168"},"modified":"2025-03-21T16:12:51","modified_gmt":"2025-03-21T16:12:51","slug":"aviso-legal","status":"publish","type":"page","link":"https:\/\/www.tunidotenerife.com\/it\/aviso-legal\/","title":{"rendered":"Avviso legale"},"content":{"rendered":"<h2 data-start=\"294\" data-end=\"343\">1. IDENTIFICAZIONE DEL PROPRIETARIO DEL SITO WEB<\/h2>\n<p data-start=\"344\" data-end=\"544\">In conformit\u00e0 con l'articolo 10 della legge 34\/2002, dell'11 luglio, sui servizi della societ\u00e0 dell'informazione e del commercio elettronico (LSSI-CE), vi informiamo che questo sito web \u00e8 di propriet\u00e0 di:<\/p>\n<ul data-start=\"546\" data-end=\"946\">\n<li data-start=\"546\" data-end=\"588\"><strong data-start=\"548\" data-end=\"569\">Nome commerciale:<\/strong> Tu Nido Tenerife<\/li>\n<li data-start=\"589\" data-end=\"630\"><strong data-start=\"591\" data-end=\"608\">Nome della societ\u00e0:<\/strong> Tu Nido Tenerife SL<\/li>\n<li data-start=\"631\" data-end=\"653\"><strong data-start=\"633\" data-end=\"641\">CIF:<\/strong> B76752567<\/li>\n<li data-start=\"654\" data-end=\"742\"><strong data-start=\"656\" data-end=\"677\">Sede legale:<\/strong> Calle el Sauce 9, Local 3, Costa Adeje, Santa Cruz de Tenerife.<\/li>\n<li data-start=\"743\" data-end=\"815\"><strong data-start=\"745\" data-end=\"770\">Numero di telefono di contatto:<\/strong> +34 922 71 38 83<\/li>\n<li data-start=\"816\" data-end=\"866\"><strong data-start=\"818\" data-end=\"841\">E-mail:<\/strong> <a rel=\"noopener\" data-start=\"842\" data-end=\"864\">psa@tunidotenerife.com<\/a><\/li>\n<li data-start=\"867\" data-end=\"946\"><strong data-start=\"869\" data-end=\"883\">Attivit\u00e0:<\/strong> Servizi di intermediazione e gestione immobiliare a Tenerife<\/li>\n<\/ul>\n<h3 data-start=\"953\" data-end=\"979\">2. UTILIZZO DEL SITO WEB<\/h3>\n<p data-start=\"980\" data-end=\"1145\">L'accesso e l'utilizzo di questo sito web conferisce lo status di Utente, che implica l'accettazione piena e senza riserve di tutte le disposizioni del presente Avviso legale.<\/p>\n<p data-start=\"1147\" data-end=\"1305\">L'utente si impegna a fare un uso appropriato del contenuto del sito web, a non utilizzarlo per attivit\u00e0 illegali e a rispettare i diritti di terzi.<\/p>\n<h3 data-start=\"1312\" data-end=\"1355\">3. PROPRIET\u00c0 INTELLETTUALE E INDUSTRIALE<\/h3>\n<p data-start=\"1356\" data-end=\"1662\">Tutti i contenuti del sito web (testi, immagini, loghi, design grafico, struttura di navigazione, codice sorgente, ecc.) sono protetti da diritti di propriet\u00e0 intellettuale e industriale, di propriet\u00e0 di Tu Nido Tenerife o di terzi con cui \u00e8 stato raggiunto un accordo di trasferimento dei diritti.<\/p>\n<p data-start=\"1664\" data-end=\"1810\">\u00c8 vietata la riproduzione, la distribuzione, la comunicazione pubblica o la trasformazione di questi contenuti senza l'espressa autorizzazione del proprietario.<\/p>\n<h3 data-start=\"1817\" data-end=\"1842\">4. COLLEGAMENTI ESTERNI<\/h3>\n<p data-start=\"1843\" data-end=\"2052\">Questo sito Web pu\u00f2 contenere collegamenti a siti Web di terzi. Tu Nido Tenerife non \u00e8 responsabile del contenuto, delle politiche sulla privacy o dell'utilizzo dei dati personali da parte di tali terze parti.<\/p>\n<h3 data-start=\"2059\" data-end=\"2083\">5. RESPONSABILIT\u00c0<\/h3>\n<p data-start=\"2084\" data-end=\"2286\">Tu Nido Tenerife non garantisce l'inesistenza di errori nell'accesso al sito, nel suo contenuto o nel suo aggiornamento, pur impegnandosi a correggerli non appena ne venga a conoscenza.<\/p>\n<p data-start=\"2288\" data-end=\"2463\">Inoltre, non \u00e8 responsabile dei danni che possono derivare da interferenze, interruzioni, virus informatici o disconnessioni del sistema operativo dell'utente.<\/p>\n<h3 data-start=\"2470\" data-end=\"2510\">6. POLITICA DI PROTEZIONE DEI DATI<\/h3>\n<p data-start=\"2511\" data-end=\"2709\">I dati personali raccolti tramite il sito web saranno trattati in conformit\u00e0 alle normative vigenti in materia di protezione dei dati. Per ulteriori informazioni, si prega di consultare il nostro <strong data-start=\"2677\" data-end=\"2708\"><a href=\"#\" rel=\"noopener\" data-start=\"2679\" data-end=\"2706\">Informativa sulla privacy<\/a><\/strong>.<\/p>\n<h3 data-start=\"2716\" data-end=\"2761\">7. LEGGE APPLICABILE E GIURISDIZIONE<\/h3>\n<p data-start=\"2762\" data-end=\"3023\">Il presente Avviso legale \u00e8 disciplinato dalla legge spagnola. In caso di controversie derivanti dall'accesso o dall'uso di questo sito web, entrambe le parti si sottoporranno alle Corti e ai Tribunali di Santa Cruz de Tenerife, rinunciando espressamente a qualsiasi altra giurisdizione.<\/p>\n<p data-start=\"2762\" data-end=\"3023\">\n<p data-start=\"2762\" data-end=\"3023\"><strong data-start=\"247\" data-end=\"292\">Ultimo aggiornamento: 21 marzo 2025<\/strong><\/p>","protected":false},"excerpt":{"rendered":"<p>1. IDENTIFICACI\u00d3N DEL TITULAR DEL SITIO WEB En cumplimiento con el art\u00edculo 10 de la Ley 34\/2002, de 11 de julio, de Servicios de la Sociedad de la Informaci\u00f3n y del Comercio Electr\u00f3nico (LSSI-CE), se informa que este sitio web es propiedad de: Nombre comercial: Tu Nido Tenerife Raz\u00f3n social: Tu Nido Tenerife SL CIF: [&hellip;]<\/p>\n","protected":false},"author":1,"featured_media":0,"parent":0,"menu_order":0,"comment_status":"closed","ping_status":"closed","template":"","meta":{"footnotes":""},"class_list":["post-26168","page","type-page","status-publish","hentry"],"_links":{"self":[{"href":"https:\/\/www.tunidotenerife.com\/it\/wp-json\/wp\/v2\/pages\/26168","targetHints":{"allow":["GET"]}}],"collection":[{"href":"https:\/\/www.tunidotenerife.com\/it\/wp-json\/wp\/v2\/pages"}],"about":[{"href":"https:\/\/www.tunidotenerife.com\/it\/wp-json\/wp\/v2\/types\/page"}],"author":[{"embeddable":true,"href":"https:\/\/www.tunidotenerife.com\/it\/wp-json\/wp\/v2\/users\/1"}],"replies":[{"embeddable":true,"href":"https:\/\/www.tunidotenerife.com\/it\/wp-json\/wp\/v2\/comments?post=26168"}],"version-history":[{"count":0,"href":"https:\/\/www.tunidotenerife.com\/it\/wp-json\/wp\/v2\/pages\/26168\/revisions"}],"wp:attachment":[{"href":"https:\/\/www.tunidotenerife.com\/it\/wp-json\/wp\/v2\/media?parent=26168"}],"curies":[{"name":"wp","href":"https:\/\/api.w.org\/{rel}","templated":true}]}}