{"id":20906,"date":"2024-04-11T16:47:57","date_gmt":"2024-04-11T15:47:57","guid":{"rendered":"https:\/\/www.tunidotenerife.com\/?page_id=20906"},"modified":"2024-05-10T01:04:26","modified_gmt":"2024-05-10T00:04:26","slug":"tipo-propiedad","status":"publish","type":"page","link":"https:\/\/www.tunidotenerife.com\/it\/tipo-propiedad\/","title":{"rendered":"Tipi di propriet\u00e0"},"content":{"rendered":"<div data-elementor-type=\"wp-page\" data-elementor-id=\"20906\" class=\"elementor elementor-20906\">\n\t\t\t\t<div class=\"elementor-element elementor-element-2f68b8a e-flex e-con-boxed e-con e-parent\" data-id=\"2f68b8a\" data-element_type=\"container\" data-e-type=\"container\">\n\t\t\t\t\t<div class=\"e-con-inner\">\n\t\t\t\t<div class=\"elementor-element elementor-element-fad413b elementor-widget elementor-widget-spacer\" data-id=\"fad413b\" data-element_type=\"widget\" data-e-type=\"widget\" data-widget_type=\"spacer.default\">\n\t\t\t\t<div class=\"elementor-widget-container\">\n\t\t\t\t\t\t\t<div class=\"elementor-spacer\">\n\t\t\t<div class=\"elementor-spacer-inner\"><\/div>\n\t\t<\/div>\n\t\t\t\t\t\t<\/div>\n\t\t\t\t<\/div>\n\t\t\t\t<div class=\"elementor-element elementor-element-47a3d46 elementor-widget elementor-widget-heading\" data-id=\"47a3d46\" data-element_type=\"widget\" data-e-type=\"widget\" data-widget_type=\"heading.default\">\n\t\t\t\t<div class=\"elementor-widget-container\">\n\t\t\t\t\t<h1 class=\"elementor-heading-title elementor-size-default\">Propriet\u00e0 in vendita e in affitto a Tenerife<\/h1>\t\t\t\t<\/div>\n\t\t\t\t<\/div>\n\t\t\t\t<div class=\"elementor-element elementor-element-b47950d elementor-widget elementor-widget-spacer\" data-id=\"b47950d\" data-element_type=\"widget\" data-e-type=\"widget\" data-widget_type=\"spacer.default\">\n\t\t\t\t<div class=\"elementor-widget-container\">\n\t\t\t\t\t\t\t<div class=\"elementor-spacer\">\n\t\t\t<div class=\"elementor-spacer-inner\"><\/div>\n\t\t<\/div>\n\t\t\t\t\t\t<\/div>\n\t\t\t\t<\/div>\n\t\t\t\t<div class=\"elementor-element elementor-element-622be95 elementor-widget elementor-widget-houzez_elementor_grids\" data-id=\"622be95\" data-element_type=\"widget\" data-e-type=\"widget\" data-widget_type=\"houzez_elementor_grids.default\">\n\t\t\t\t<div class=\"elementor-widget-container\">\n\t\t\t\t\t\t\t<div class=\"taxonomy-grids-module taxonomy-grids-module-v4\">\r\n    \t\t<div class=\"taxonomy-grids-module-grid\">\r\n\t\t\t\t\t\t\t\t\t\t<div class=\"taxonomy-item-rectangle\">\r\n\t\t\t\t\t\t\t<div class=\"taxonomy-item-wrap h-100\">\t\r\n\t\t\t\t\t\t\t\t<div class=\"taxonomy-item\" style=\"background-image: url(https:\/\/www.tunidotenerife.com\/wp-content\/uploads\/2024\/04\/apartamento.jpeg);\">\r\n\t\t\t\t\t\t\t\t\t<a class=\"taxonomy-link hover-effect-flat\" href=\"https:\/\/www.tunidotenerife.com\/it\/tipo-propiedad\/apartamento\/\">\r\n\t\t\t\t\t\t\t\t\t\t<div class=\"taxonomy-text-wrap d-flex flex-column justify-content-end align-items-start h-100 w-100\">\r\n\t\t\t\t\t\t\t\t\t\t\t<div class=\"taxonomy-title\">Appartamento<\/div>\r\n\t\t\t\t\t\t\t\t\t\t\t\t\t\t\t\t\t\t\t\t\t<\/div><!-- taxonomy-text-wrap -->\r\n\t\t\t\t\t\t\t\t\t<\/a>\r\n\t\t\t\t\t\t\t\t<\/div>\r\n\t\t\t\t\t\t\t<\/div>\r\n\t\t\t\t\t\t<\/div>\r\n\t\t\t\t\t\t\t\t\t\t\t\t<div class=\"taxonomy-item-square\">\r\n\t\t\t\t\t\t\t<div class=\"taxonomy-item-wrap h-100\">\t\r\n\t\t\t\t\t\t\t\t<div class=\"taxonomy-item\" style=\"background-image: url(https:\/\/www.tunidotenerife.com\/wp-content\/uploads\/2024\/04\/villa.jpeg);\">\r\n\t\t\t\t\t\t\t\t\t<a class=\"taxonomy-link hover-effect-flat\" href=\"https:\/\/www.tunidotenerife.com\/it\/tipo-propiedad\/villa\/\">\r\n\t\t\t\t\t\t\t\t\t\t<div class=\"taxonomy-text-wrap d-flex flex-column justify-content-end align-items-start h-100 w-100\">\r\n\t\t\t\t\t\t\t\t\t\t\t<div class=\"taxonomy-title\">Villa \/ Casa<\/div>\r\n\t\t\t\t\t\t\t\t\t\t\t\t\t\t\t\t\t\t\t\t\t<\/div><!-- taxonomy-text-wrap -->\r\n\t\t\t\t\t\t\t\t\t<\/a>\r\n\t\t\t\t\t\t\t\t<\/div>\r\n\t\t\t\t\t\t\t<\/div>\r\n\t\t\t\t\t\t<\/div>\r\n\t\t\t\t\t\t\t\t\t\t\t\t<div class=\"taxonomy-item-square\">\r\n\t\t\t\t\t\t\t<div class=\"taxonomy-item-wrap h-100\">\t\r\n\t\t\t\t\t\t\t\t<div class=\"taxonomy-item\" style=\"background-image: url(https:\/\/www.tunidotenerife.com\/wp-content\/uploads\/2024\/04\/terrenos.jpg);\">\r\n\t\t\t\t\t\t\t\t\t<a class=\"taxonomy-link hover-effect-flat\" href=\"https:\/\/www.tunidotenerife.com\/it\/tipo-propiedad\/terreno\/\">\r\n\t\t\t\t\t\t\t\t\t\t<div class=\"taxonomy-text-wrap d-flex flex-column justify-content-end align-items-start h-100 w-100\">\r\n\t\t\t\t\t\t\t\t\t\t\t<div class=\"taxonomy-title\">Terreno<\/div>\r\n\t\t\t\t\t\t\t\t\t\t\t\t\t\t\t\t\t\t\t\t\t<\/div><!-- taxonomy-text-wrap -->\r\n\t\t\t\t\t\t\t\t\t<\/a>\r\n\t\t\t\t\t\t\t\t<\/div>\r\n\t\t\t\t\t\t\t<\/div>\r\n\t\t\t\t\t\t<\/div>\r\n\t\t\t\t\t\t\t\t\t\t\t\t<div class=\"taxonomy-item-square\">\r\n\t\t\t\t\t\t\t<div class=\"taxonomy-item-wrap h-100\">\t\r\n\t\t\t\t\t\t\t\t<div class=\"taxonomy-item\" style=\"background-image: url(https:\/\/www.tunidotenerife.com\/wp-content\/uploads\/2024\/04\/adosado.jpeg);\">\r\n\t\t\t\t\t\t\t\t\t<a class=\"taxonomy-link hover-effect-flat\" href=\"https:\/\/www.tunidotenerife.com\/it\/tipo-propiedad\/adosado\/\">\r\n\t\t\t\t\t\t\t\t\t\t<div class=\"taxonomy-text-wrap d-flex flex-column justify-content-end align-items-start h-100 w-100\">\r\n\t\t\t\t\t\t\t\t\t\t\t<div class=\"taxonomy-title\">Casa a schiera<\/div>\r\n\t\t\t\t\t\t\t\t\t\t\t\t\t\t\t\t\t\t\t\t\t<\/div><!-- taxonomy-text-wrap -->\r\n\t\t\t\t\t\t\t\t\t<\/a>\r\n\t\t\t\t\t\t\t\t<\/div>\r\n\t\t\t\t\t\t\t<\/div>\r\n\t\t\t\t\t\t<\/div>\r\n\t\t\t\t\t\t\t\t\t\t\t\t<div class=\"taxonomy-item-square\">\r\n\t\t\t\t\t\t\t<div class=\"taxonomy-item-wrap h-100\">\t\r\n\t\t\t\t\t\t\t\t<div class=\"taxonomy-item\" style=\"background-image: url(https:\/\/www.tunidotenerife.com\/wp-content\/uploads\/2024\/04\/fincas.jpeg);\">\r\n\t\t\t\t\t\t\t\t\t<a class=\"taxonomy-link hover-effect-flat\" href=\"https:\/\/www.tunidotenerife.com\/it\/tipo-propiedad\/finca\/\">\r\n\t\t\t\t\t\t\t\t\t\t<div class=\"taxonomy-text-wrap d-flex flex-column justify-content-end align-items-start h-100 w-100\">\r\n\t\t\t\t\t\t\t\t\t\t\t<div class=\"taxonomy-title\">Finca<\/div>\r\n\t\t\t\t\t\t\t\t\t\t\t\t\t\t\t\t\t\t\t\t\t<\/div><!-- taxonomy-text-wrap -->\r\n\t\t\t\t\t\t\t\t\t<\/a>\r\n\t\t\t\t\t\t\t\t<\/div>\r\n\t\t\t\t\t\t\t<\/div>\r\n\t\t\t\t\t\t<\/div>\r\n\t\t\t\t\t\t\t\t\t\t\t\t<div class=\"taxonomy-item-rectangle\">\r\n\t\t\t\t\t\t\t<div class=\"taxonomy-item-wrap h-100\">\t\r\n\t\t\t\t\t\t\t\t<div class=\"taxonomy-item\" style=\"background-image: url(https:\/\/www.tunidotenerife.com\/wp-content\/uploads\/2024\/04\/duplex.jpeg);\">\r\n\t\t\t\t\t\t\t\t\t<a class=\"taxonomy-link hover-effect-flat\" href=\"https:\/\/www.tunidotenerife.com\/it\/tipo-propiedad\/duplex\/\">\r\n\t\t\t\t\t\t\t\t\t\t<div class=\"taxonomy-text-wrap d-flex flex-column justify-content-end align-items-start h-100 w-100\">\r\n\t\t\t\t\t\t\t\t\t\t\t<div class=\"taxonomy-title\">Duplex<\/div>\r\n\t\t\t\t\t\t\t\t\t\t\t\t\t\t\t\t\t\t\t\t\t<\/div><!-- taxonomy-text-wrap -->\r\n\t\t\t\t\t\t\t\t\t<\/a>\r\n\t\t\t\t\t\t\t\t<\/div>\r\n\t\t\t\t\t\t\t<\/div>\r\n\t\t\t\t\t\t<\/div>\r\n\t\t\t\t\t\t\t\t\t\t\t\t<div class=\"taxonomy-item-rectangle\">\r\n\t\t\t\t\t\t\t<div class=\"taxonomy-item-wrap h-100\">\t\r\n\t\t\t\t\t\t\t\t<div class=\"taxonomy-item\" style=\"background-image: url(https:\/\/www.tunidotenerife.com\/wp-content\/uploads\/2024\/04\/estudio.jpeg);\">\r\n\t\t\t\t\t\t\t\t\t<a class=\"taxonomy-link hover-effect-flat\" href=\"https:\/\/www.tunidotenerife.com\/it\/tipo-propiedad\/estudio\/\">\r\n\t\t\t\t\t\t\t\t\t\t<div class=\"taxonomy-text-wrap d-flex flex-column justify-content-end align-items-start h-100 w-100\">\r\n\t\t\t\t\t\t\t\t\t\t\t<div class=\"taxonomy-title\">Studio<\/div>\r\n\t\t\t\t\t\t\t\t\t\t\t\t\t\t\t\t\t\t\t\t\t<\/div><!-- taxonomy-text-wrap -->\r\n\t\t\t\t\t\t\t\t\t<\/a>\r\n\t\t\t\t\t\t\t\t<\/div>\r\n\t\t\t\t\t\t\t<\/div>\r\n\t\t\t\t\t\t<\/div>\r\n\t\t\t\t\t\t\t\t\t\t\t\t<div class=\"taxonomy-item-square\">\r\n\t\t\t\t\t\t\t<div class=\"taxonomy-item-wrap h-100\">\t\r\n\t\t\t\t\t\t\t\t<div class=\"taxonomy-item\" style=\"background-image: url(https:\/\/www.tunidotenerife.com\/wp-content\/uploads\/2024\/04\/atico.jpeg);\">\r\n\t\t\t\t\t\t\t\t\t<a class=\"taxonomy-link hover-effect-flat\" href=\"https:\/\/www.tunidotenerife.com\/it\/tipo-propiedad\/atico\/\">\r\n\t\t\t\t\t\t\t\t\t\t<div class=\"taxonomy-text-wrap d-flex flex-column justify-content-end align-items-start h-100 w-100\">\r\n\t\t\t\t\t\t\t\t\t\t\t<div class=\"taxonomy-title\">Attico<\/div>\r\n\t\t\t\t\t\t\t\t\t\t\t\t\t\t\t\t\t\t\t\t\t<\/div><!-- taxonomy-text-wrap -->\r\n\t\t\t\t\t\t\t\t\t<\/a>\r\n\t\t\t\t\t\t\t\t<\/div>\r\n\t\t\t\t\t\t\t<\/div>\r\n\t\t\t\t\t\t<\/div>\r\n\t\t\t\t\t\t\t\t\t\t\t\t<div class=\"taxonomy-item-square\">\r\n\t\t\t\t\t\t\t<div class=\"taxonomy-item-wrap h-100\">\t\r\n\t\t\t\t\t\t\t\t<div class=\"taxonomy-item\" style=\"background-image: url(https:\/\/www.tunidotenerife.com\/wp-content\/uploads\/2024\/04\/negocio.jpeg);\">\r\n\t\t\t\t\t\t\t\t\t<a class=\"taxonomy-link hover-effect-flat\" href=\"https:\/\/www.tunidotenerife.com\/it\/tipo-propiedad\/negocio\/\">\r\n\t\t\t\t\t\t\t\t\t\t<div class=\"taxonomy-text-wrap d-flex flex-column justify-content-end align-items-start h-100 w-100\">\r\n\t\t\t\t\t\t\t\t\t\t\t<div class=\"taxonomy-title\">Affari<\/div>\r\n\t\t\t\t\t\t\t\t\t\t\t\t\t\t\t\t\t\t\t\t\t<\/div><!-- taxonomy-text-wrap -->\r\n\t\t\t\t\t\t\t\t\t<\/a>\r\n\t\t\t\t\t\t\t\t<\/div>\r\n\t\t\t\t\t\t\t<\/div>\r\n\t\t\t\t\t\t<\/div>\r\n\t\t\t\t\t\t\t\t\t\t\t\t<div class=\"taxonomy-item-square\">\r\n\t\t\t\t\t\t\t<div class=\"taxonomy-item-wrap h-100\">\t\r\n\t\t\t\t\t\t\t\t<div class=\"taxonomy-item\" style=\"background-image: url();\">\r\n\t\t\t\t\t\t\t\t\t<a class=\"taxonomy-link hover-effect-flat\" href=\"https:\/\/www.tunidotenerife.com\/it\/tipo-propiedad\/local-comercial\/\">\r\n\t\t\t\t\t\t\t\t\t\t<div class=\"taxonomy-text-wrap d-flex flex-column justify-content-end align-items-start h-100 w-100\">\r\n\t\t\t\t\t\t\t\t\t\t\t<div class=\"taxonomy-title\">Locali commerciali<\/div>\r\n\t\t\t\t\t\t\t\t\t\t\t\t\t\t\t\t\t\t\t\t\t<\/div><!-- taxonomy-text-wrap -->\r\n\t\t\t\t\t\t\t\t\t<\/a>\r\n\t\t\t\t\t\t\t\t<\/div>\r\n\t\t\t\t\t\t\t<\/div>\r\n\t\t\t\t\t\t<\/div>\r\n\t\t\t\t\t\t\t\t\t\t\t\t<div class=\"taxonomy-item-square\">\r\n\t\t\t\t\t\t\t<div class=\"taxonomy-item-wrap h-100\">\t\r\n\t\t\t\t\t\t\t\t<div class=\"taxonomy-item\" style=\"background-image: url(https:\/\/www.tunidotenerife.com\/wp-content\/uploads\/2024\/04\/edificios.jpeg);\">\r\n\t\t\t\t\t\t\t\t\t<a class=\"taxonomy-link hover-effect-flat\" href=\"https:\/\/www.tunidotenerife.com\/it\/tipo-propiedad\/edificio\/\">\r\n\t\t\t\t\t\t\t\t\t\t<div class=\"taxonomy-text-wrap d-flex flex-column justify-content-end align-items-start h-100 w-100\">\r\n\t\t\t\t\t\t\t\t\t\t\t<div class=\"taxonomy-title\">Edificio<\/div>\r\n\t\t\t\t\t\t\t\t\t\t\t\t\t\t\t\t\t\t\t\t\t<\/div><!-- taxonomy-text-wrap -->\r\n\t\t\t\t\t\t\t\t\t<\/a>\r\n\t\t\t\t\t\t\t\t<\/div>\r\n\t\t\t\t\t\t\t<\/div>\r\n\t\t\t\t\t\t<\/div>\r\n\t\t\t\t\t\t\t\t\t\t\t\t<div class=\"taxonomy-item-rectangle\">\r\n\t\t\t\t\t\t\t<div class=\"taxonomy-item-wrap h-100\">\t\r\n\t\t\t\t\t\t\t\t<div class=\"taxonomy-item\" style=\"background-image: url(https:\/\/www.tunidotenerife.com\/wp-content\/uploads\/2024\/04\/bungalo.jpeg);\">\r\n\t\t\t\t\t\t\t\t\t<a class=\"taxonomy-link hover-effect-flat\" href=\"https:\/\/www.tunidotenerife.com\/it\/tipo-propiedad\/bungalo\/\">\r\n\t\t\t\t\t\t\t\t\t\t<div class=\"taxonomy-text-wrap d-flex flex-column justify-content-end align-items-start h-100 w-100\">\r\n\t\t\t\t\t\t\t\t\t\t\t<div class=\"taxonomy-title\">Bungalow<\/div>\r\n\t\t\t\t\t\t\t\t\t\t\t\t\t\t\t\t\t\t\t\t\t<\/div><!-- taxonomy-text-wrap -->\r\n\t\t\t\t\t\t\t\t\t<\/a>\r\n\t\t\t\t\t\t\t\t<\/div>\r\n\t\t\t\t\t\t\t<\/div>\r\n\t\t\t\t\t\t<\/div>\r\n\t\t\t\t\t\t\t\t\t\t\t\t<div class=\"taxonomy-item-rectangle\">\r\n\t\t\t\t\t\t\t<div class=\"taxonomy-item-wrap h-100\">\t\r\n\t\t\t\t\t\t\t\t<div class=\"taxonomy-item\" style=\"background-image: url();\">\r\n\t\t\t\t\t\t\t\t\t<a class=\"taxonomy-link hover-effect-flat\" href=\"https:\/\/www.tunidotenerife.com\/it\/tipo-propiedad\/traspaso\/\">\r\n\t\t\t\t\t\t\t\t\t\t<div class=\"taxonomy-text-wrap d-flex flex-column justify-content-end align-items-start h-100 w-100\">\r\n\t\t\t\t\t\t\t\t\t\t\t<div class=\"taxonomy-title\">Trasferimento<\/div>\r\n\t\t\t\t\t\t\t\t\t\t\t\t\t\t\t\t\t\t\t\t\t<\/div><!-- taxonomy-text-wrap -->\r\n\t\t\t\t\t\t\t\t\t<\/a>\r\n\t\t\t\t\t\t\t\t<\/div>\r\n\t\t\t\t\t\t\t<\/div>\r\n\t\t\t\t\t\t<\/div>\r\n\t\t\t\t\t\t\t\t\t\t\t\t<div class=\"taxonomy-item-square\">\r\n\t\t\t\t\t\t\t<div class=\"taxonomy-item-wrap h-100\">\t\r\n\t\t\t\t\t\t\t\t<div class=\"taxonomy-item\" style=\"background-image: url(https:\/\/www.tunidotenerife.com\/wp-content\/uploads\/2024\/04\/hotel.jpeg);\">\r\n\t\t\t\t\t\t\t\t\t<a class=\"taxonomy-link hover-effect-flat\" href=\"https:\/\/www.tunidotenerife.com\/it\/tipo-propiedad\/hotel\/\">\r\n\t\t\t\t\t\t\t\t\t\t<div class=\"taxonomy-text-wrap d-flex flex-column justify-content-end align-items-start h-100 w-100\">\r\n\t\t\t\t\t\t\t\t\t\t\t<div class=\"taxonomy-title\">Hotel<\/div>\r\n\t\t\t\t\t\t\t\t\t\t\t\t\t\t\t\t\t\t\t\t\t<\/div><!-- taxonomy-text-wrap -->\r\n\t\t\t\t\t\t\t\t\t<\/a>\r\n\t\t\t\t\t\t\t\t<\/div>\r\n\t\t\t\t\t\t\t<\/div>\r\n\t\t\t\t\t\t<\/div>\r\n\t\t\t\t\t\t\t\t\t<\/div>\r\n\t\t<\/div>\r\n\t\t\t\t\t\t<\/div>\n\t\t\t\t<\/div>\n\t\t\t\t\t<\/div>\n\t\t\t\t<\/div>\n\t\t<div class=\"elementor-element elementor-element-dbc0b60 e-flex e-con-boxed e-con e-parent\" data-id=\"dbc0b60\" data-element_type=\"container\" data-e-type=\"container\">\n\t\t\t\t\t<div class=\"e-con-inner\">\n\t\t\t\t<div class=\"elementor-element elementor-element-687ce94 elementor-widget elementor-widget-text-editor\" data-id=\"687ce94\" data-element_type=\"widget\" data-e-type=\"widget\" data-widget_type=\"text-editor.default\">\n\t\t\t\t<div class=\"elementor-widget-container\">\n\t\t\t\t\t\t\t\t\t<p>Esplorare i vari tipi di immobili disponibili a Tenerife, sia per l'acquisto che per l'affitto, apre una serie di possibilit\u00e0 per chi sogna di vivere su quest'isola paradisiaca o di investire nel suo mercato immobiliare. Tenerife, con il suo clima idilliaco, i paesaggi mozzafiato e lo stile di vita vivace, offre opzioni abitative per ogni gusto ed esigenza. Dalle ville lussuose ai monolocali accoglienti, la variet\u00e0 di immobili sull'isola assicura che tutti possano trovare il loro posto perfetto al sole.<\/p>\n<p>Per chi \u00e8 alla ricerca di <strong>acquistare una casa a Tenerife,<\/strong>&nbsp;L'isola offre di tutto, dalle tranquille villette a schiera in comunit\u00e0 serene alle imponenti case indipendenti con vista sul mare o sulle montagne. Il <strong>ville<\/strong> rappresentano l'apice del lusso a Tenerife, con propriet\u00e0 che offrono privacy, esclusivit\u00e0 e spesso accesso diretto a campi da golf e coste private. Acquistare una villa a Tenerife significa investire in uno stile di vita come nessun altro, dove il comfort e la bellezza naturale si trovano nella propria casa.<\/p>\n<p>Il mercato per <strong>appartamenti<\/strong> \u00e8 altrettanto attraente, offrendo opzioni sia per coloro che vogliono <strong>acquistare un appartamento a Tenerife<\/strong> cos\u00ec come per coloro che sono interessati a <strong>affittare un appartamento a Tenerife.<\/strong>&nbsp;Gli appartamenti sull'isola vanno da unit\u00e0 compatte e pratiche ad attici spaziosi con viste panoramiche da sogno. Ideale per singoli, coppie o famiglie, la vita in appartamento a Tenerife combina la comodit\u00e0 della vicinanza ai servizi e alle attrazioni con la bellezza dei dintorni dell'isola.<\/p>\n<p>Per coloro che preferiscono uno spazio pi\u00f9 intimo o che sono alla ricerca di un'opzione pi\u00f9 accessibile, il <strong>studi<\/strong> offrono una soluzione pratica e moderna. Questi spazi sono perfetti per i giovani professionisti o per chi desidera iniziare la propria avventura a Tenerife con un investimento intelligente e gestibile.<\/p>\n<p>Il <strong>duplex<\/strong> y <strong>bungalow<\/strong> a Tenerife offrono sensazioni simili a quelle di una casa, con il vantaggio di avere aree comuni e, in molti casi, piscine e giardini. Sono ideali per le famiglie o per chi cerca un equilibrio tra privacy e comunit\u00e0.<\/p>\n<p>Per gli investitori, il mercato offre da <strong>garage<\/strong> a <strong>edifici completi,<\/strong>&nbsp;passando attraverso <strong>terra<\/strong> dove costruire progetti su misura, <strong>trasferimenti aziendali<\/strong> con un potenziale di crescita e <strong>hotel<\/strong> in posizioni privilegiate, pronte all'uso. Investire a Tenerife significa scommettere su un mercato in costante evoluzione, dove la domanda di affitti per vacanze e di propriet\u00e0 residenziali permanenti continua a crescere.<\/p>\n<p>Inoltre, per coloro che sono alla ricerca di un ritiro tranquillo o di un progetto di vita in campagna, la <strong>fattorie<\/strong> a Tenerife offrono l'opportunit\u00e0 di vivere in armonia con la natura, godendo di ampi appezzamenti di terreno e di viste mozzafiato.<\/p>\n<p>Scegliere <strong>acquistare a Tenerife<\/strong> o <strong>affittare a Tenerife<\/strong> \u00e8 decidere per uno stile di vita arricchente in una delle isole pi\u00f9 belle e accoglienti del mondo. Con un'offerta immobiliare cos\u00ec diversificata, trovare la sua casa ideale a Tenerife \u00e8 a portata di mano. Sia che desideri <strong>affittare una villa a Tenerife<\/strong> per le sue vacanze o per acquistare la sua prossima casa, l'isola promette l'ambiente perfetto per realizzare i suoi sogni.<\/p>\t\t\t\t\t\t\t\t<\/div>\n\t\t\t\t<\/div>\n\t\t\t\t\t<\/div>\n\t\t\t\t<\/div>\n\t\t\t\t<\/div>","protected":false},"excerpt":{"rendered":"<p>Propiedades en Venta y Alquiler en Tenerife Villa \/ Casa Adosado Apartamento Estudio D\u00faplex Negocio Edificio Hotel Finca Bungal\u00f3 \u00c1tico Terreno Explorar los diversos tipos de propiedades disponibles en Tenerife, ya sea para compra o alquiler, abre un abanico de posibilidades para aquellos que sue\u00f1an con vivir en esta isla paradis\u00edaca o invertir en su [&hellip;]<\/p>\n","protected":false},"author":1,"featured_media":0,"parent":0,"menu_order":0,"comment_status":"closed","ping_status":"closed","template":"elementor_header_footer","meta":{"footnotes":""},"class_list":["post-20906","page","type-page","status-publish","hentry"],"_links":{"self":[{"href":"https:\/\/www.tunidotenerife.com\/it\/wp-json\/wp\/v2\/pages\/20906","targetHints":{"allow":["GET"]}}],"collection":[{"href":"https:\/\/www.tunidotenerife.com\/it\/wp-json\/wp\/v2\/pages"}],"about":[{"href":"https:\/\/www.tunidotenerife.com\/it\/wp-json\/wp\/v2\/types\/page"}],"author":[{"embeddable":true,"href":"https:\/\/www.tunidotenerife.com\/it\/wp-json\/wp\/v2\/users\/1"}],"replies":[{"embeddable":true,"href":"https:\/\/www.tunidotenerife.com\/it\/wp-json\/wp\/v2\/comments?post=20906"}],"version-history":[{"count":0,"href":"https:\/\/www.tunidotenerife.com\/it\/wp-json\/wp\/v2\/pages\/20906\/revisions"}],"wp:attachment":[{"href":"https:\/\/www.tunidotenerife.com\/it\/wp-json\/wp\/v2\/media?parent=20906"}],"curies":[{"name":"wp","href":"https:\/\/api.w.org\/{rel}","templated":true}]}}