{"id":16650,"date":"2020-02-24T22:15:15","date_gmt":"2020-02-24T22:15:15","guid":{"rendered":"https:\/\/demo29.houzez.co\/?page_id=16650"},"modified":"2026-01-28T16:31:37","modified_gmt":"2026-01-28T16:31:37","slug":"nosotros","status":"publish","type":"page","link":"https:\/\/www.tunidotenerife.com\/it\/nosotros\/","title":{"rendered":"Chi siamo"},"content":{"rendered":"<div data-elementor-type=\"wp-page\" data-elementor-id=\"16650\" class=\"elementor elementor-16650\">\n\t\t\t\t\t\t<section class=\"elementor-section elementor-top-section elementor-element elementor-element-79056bdf elementor-section-stretched elementor-section-boxed elementor-section-height-default elementor-section-height-default elementor-invisible\" data-id=\"79056bdf\" data-element_type=\"section\" data-e-type=\"section\" data-settings=\"{&quot;stretch_section&quot;:&quot;section-stretched&quot;,&quot;background_background&quot;:&quot;classic&quot;,&quot;animation&quot;:&quot;fadeIn&quot;}\">\n\t\t\t\t\t\t<div class=\"elementor-container elementor-column-gap-default\">\n\t\t\t\t\t<div class=\"elementor-column elementor-col-100 elementor-top-column elementor-element elementor-element-18da4fbe\" data-id=\"18da4fbe\" data-element_type=\"column\" data-e-type=\"column\">\n\t\t\t<div class=\"elementor-widget-wrap elementor-element-populated\">\n\t\t\t\t\t\t<div class=\"elementor-element elementor-element-714057f elementor-widget elementor-widget-heading\" data-id=\"714057f\" data-element_type=\"widget\" data-e-type=\"widget\" data-widget_type=\"heading.default\">\n\t\t\t\t<div class=\"elementor-widget-container\">\n\t\t\t\t\t<h1 class=\"elementor-heading-title elementor-size-default\">Informazioni su Tu Nido Tenerife<\/h1>\t\t\t\t<\/div>\n\t\t\t\t<\/div>\n\t\t\t\t<section class=\"elementor-section elementor-inner-section elementor-element elementor-element-ac58eb9 elementor-section-content-middle elementor-section-boxed elementor-section-height-default elementor-section-height-default elementor-invisible\" data-id=\"ac58eb9\" data-element_type=\"section\" data-e-type=\"section\" data-settings=\"{&quot;animation&quot;:&quot;fadeIn&quot;}\">\n\t\t\t\t\t\t<div class=\"elementor-container elementor-column-gap-wider\">\n\t\t\t\t\t<div class=\"elementor-column elementor-col-33 elementor-inner-column elementor-element elementor-element-4dc193d8\" data-id=\"4dc193d8\" data-element_type=\"column\" data-e-type=\"column\">\n\t\t\t<div class=\"elementor-widget-wrap elementor-element-populated\">\n\t\t\t\t\t\t<div class=\"elementor-element elementor-element-5db5fa10 elementor-widget elementor-widget-image\" data-id=\"5db5fa10\" data-element_type=\"widget\" data-e-type=\"widget\" data-widget_type=\"image.default\">\n\t\t\t\t<div class=\"elementor-widget-container\">\n\t\t\t\t\t\t\t\t\t\t\t\t\t\t\t<img decoding=\"async\" src=\"https:\/\/www.tunidotenerife.com\/wp-content\/uploads\/elementor\/thumbs\/tunido_watermark2-scaled-r8updgjze2q6ckb0zs00yx4l7pju875s3eoognpg9s.jpg\" title=\"Villa in vendita a Tenerife Sud, Madro\u00f1al de Fa\u00f1abe\" alt=\"Villa in vendita a Tenerife Sud, Madro\u00f1al de Fa\u00f1abe\" loading=\"lazy\" \/>\t\t\t\t\t\t\t\t\t\t\t\t\t\t\t<\/div>\n\t\t\t\t<\/div>\n\t\t\t\t\t<\/div>\n\t\t<\/div>\n\t\t\t\t<div class=\"elementor-column elementor-col-66 elementor-inner-column elementor-element elementor-element-27755ce2\" data-id=\"27755ce2\" data-element_type=\"column\" data-e-type=\"column\">\n\t\t\t<div class=\"elementor-widget-wrap elementor-element-populated\">\n\t\t\t\t\t\t<div class=\"elementor-element elementor-element-ecb5cc8 elementor-widget elementor-widget-text-editor\" data-id=\"ecb5cc8\" data-element_type=\"widget\" data-e-type=\"widget\" data-widget_type=\"text-editor.default\">\n\t\t\t\t<div class=\"elementor-widget-container\">\n\t\t\t\t\t\t\t\t\t<h4>Chi siamo<\/h4><p class=\"translation-block\">Noi di <strong>Tu Nido Tenerife,<\/strong> crediamo che trovare la casa perfetta sia pi\u00f9 di una semplice transazione immobiliare; \u00e8 l'inizio di un nuovo capitolo pieno di momenti e ricordi. La nostra missione \u00e8 accompagnarvi in ogni passo di questo viaggio emozionante e significativo.<\/p>\t\t\t\t\t\t\t\t<\/div>\n\t\t\t\t<\/div>\n\t\t\t\t<div class=\"elementor-element elementor-element-81c702c elementor-widget elementor-widget-text-editor\" data-id=\"81c702c\" data-element_type=\"widget\" data-e-type=\"widget\" data-widget_type=\"text-editor.default\">\n\t\t\t\t<div class=\"elementor-widget-container\">\n\t\t\t\t\t\t\t\t\t<h4>I nostri inizi<\/h4><p>La storia di Tu Nido Tenerife risale a pi\u00f9 di 20 anni fa, nata dal sogno visionario del nostro fondatore, Pavel Slanina. Affascinato dalla bellezza naturale di Tenerife e dal calore della sua gente, Pavel si \u00e8 proposto di aiutare gli altri a scoprire il proprio angolo di paradiso. Da quei primi giorni, ci siamo evoluti in una famiglia di professionisti appassionati, impegnati a superare le aspettative e a trasformare i sogni in case.<\/p>\t\t\t\t\t\t\t\t<\/div>\n\t\t\t\t<\/div>\n\t\t\t\t\t<\/div>\n\t\t<\/div>\n\t\t\t\t\t<\/div>\n\t\t<\/section>\n\t\t<div class=\"elementor-element elementor-element-f2ce2f7 e-con-full e-flex elementor-invisible e-con e-parent\" data-id=\"f2ce2f7\" data-element_type=\"container\" data-e-type=\"container\" data-settings=\"{&quot;animation&quot;:&quot;fadeIn&quot;}\">\n\t\t<div class=\"elementor-element elementor-element-d1b2cb9 e-con-full e-flex e-con e-child\" data-id=\"d1b2cb9\" data-element_type=\"container\" data-e-type=\"container\">\n\t\t\t\t<div class=\"elementor-element elementor-element-c794a9c elementor-widget elementor-widget-text-editor\" data-id=\"c794a9c\" data-element_type=\"widget\" data-e-type=\"widget\" data-widget_type=\"text-editor.default\">\n\t\t\t\t<div class=\"elementor-widget-container\">\n\t\t\t\t\t\t\t\t\t<h4>Chi siamo<\/h4><p>Siamo un team di sognatori e di persone che agiscono; esperti del settore immobiliare che condividono una passione comune: rendere la ricerca della sua casa a Tenerife un'esperienza personale, calorosa e gratificante. Dalla consulenza per l'acquisto, la vendita e l'affitto, alla personalizzazione della sua nuova propriet\u00e0, siamo qui per assicurarci che ogni dettaglio corrisponda ai suoi sogni.<\/p>\t\t\t\t\t\t\t\t<\/div>\n\t\t\t\t<\/div>\n\t\t\t\t<div class=\"elementor-element elementor-element-cc10c5b elementor-widget elementor-widget-text-editor\" data-id=\"cc10c5b\" data-element_type=\"widget\" data-e-type=\"widget\" data-widget_type=\"text-editor.default\">\n\t\t\t\t<div class=\"elementor-widget-container\">\n\t\t\t\t\t\t\t\t\t<h4>La nostra filosofia<\/h4><p>Crediamo nella costruzione di relazioni basate sulla fiducia, sulla trasparenza e sul rispetto. Per noi, ogni cliente \u00e8 unico, con storie e sogni che meritano di essere ascoltati e realizzati. Il nostro approccio si concentra sulla comprensione profonda dei suoi desideri e delle sue esigenze, per offrirle soluzioni su misura che rendano la sua ricerca di una casa un'esperienza piacevole e senza stress.<\/p>\t\t\t\t\t\t\t\t<\/div>\n\t\t\t\t<\/div>\n\t\t\t\t<\/div>\n\t\t<div class=\"elementor-element elementor-element-35d2227 e-con-full e-flex e-con e-child\" data-id=\"35d2227\" data-element_type=\"container\" data-e-type=\"container\">\n\t\t\t\t<div class=\"elementor-element elementor-element-4916b16 elementor-widget elementor-widget-image\" data-id=\"4916b16\" data-element_type=\"widget\" data-e-type=\"widget\" data-widget_type=\"image.default\">\n\t\t\t\t<div class=\"elementor-widget-container\">\n\t\t\t\t\t\t\t\t\t\t\t\t\t\t\t<img decoding=\"async\" src=\"https:\/\/www.tunidotenerife.com\/wp-content\/uploads\/elementor\/thumbs\/tunido_watermark15-1-scaled-r8qk8ueuy3hx6kioxnx2a66aecrrqz4pn8ap3ht0o0.jpg\" title=\"Villa di lusso costruita da Tu Nido Tenerife\" alt=\"Villa di lusso costruita da Tu Nido Tenerife\" loading=\"lazy\" \/>\t\t\t\t\t\t\t\t\t\t\t\t\t\t\t<\/div>\n\t\t\t\t<\/div>\n\t\t\t\t<\/div>\n\t\t\t\t<\/div>\n\t\t\t\t<section class=\"elementor-section elementor-inner-section elementor-element elementor-element-f73d76b elementor-section-content-middle elementor-section-boxed elementor-section-height-default elementor-section-height-default elementor-invisible\" data-id=\"f73d76b\" data-element_type=\"section\" data-e-type=\"section\" data-settings=\"{&quot;animation&quot;:&quot;fadeIn&quot;}\">\n\t\t\t\t\t\t<div class=\"elementor-container elementor-column-gap-wider\">\n\t\t\t\t\t<div class=\"elementor-column elementor-col-33 elementor-inner-column elementor-element elementor-element-2721527\" data-id=\"2721527\" data-element_type=\"column\" data-e-type=\"column\">\n\t\t\t<div class=\"elementor-widget-wrap elementor-element-populated\">\n\t\t\t\t\t\t<div class=\"elementor-element elementor-element-a34ccb3 elementor-widget elementor-widget-image\" data-id=\"a34ccb3\" data-element_type=\"widget\" data-e-type=\"widget\" data-widget_type=\"image.default\">\n\t\t\t\t<div class=\"elementor-widget-container\">\n\t\t\t\t\t\t\t\t\t\t\t\t\t\t\t<img decoding=\"async\" src=\"https:\/\/www.tunidotenerife.com\/wp-content\/uploads\/elementor\/thumbs\/casa-tunido-r96tr40c1y207j5snuzz2573r0of8odyyyoufgulr4.webp\" title=\"Casa Tu Nido Tenerife\" alt=\"Casa Tu Nido Tenerife\" loading=\"lazy\" \/>\t\t\t\t\t\t\t\t\t\t\t\t\t\t\t<\/div>\n\t\t\t\t<\/div>\n\t\t\t\t\t<\/div>\n\t\t<\/div>\n\t\t\t\t<div class=\"elementor-column elementor-col-66 elementor-inner-column elementor-element elementor-element-07b8fb6\" data-id=\"07b8fb6\" data-element_type=\"column\" data-e-type=\"column\">\n\t\t\t<div class=\"elementor-widget-wrap elementor-element-populated\">\n\t\t\t\t\t\t<div class=\"elementor-element elementor-element-1d3217d elementor-widget elementor-widget-text-editor\" data-id=\"1d3217d\" data-element_type=\"widget\" data-e-type=\"widget\" data-widget_type=\"text-editor.default\">\n\t\t\t\t<div class=\"elementor-widget-container\">\n\t\t\t\t\t\t\t\t\t<h4>Il nostro impegno<\/h4><p class=\"translation-block\">Noi di <strong>Tu Nido Tenerife,<\/strong> ci impegniamo a fornirvi un servizio eccezionale, guidandovi con onest\u00e0 e professionalit\u00e0. Ci dedichiamo a trovarvi non solo una casa, ma una casa in cui possiate creare ricordi indimenticabili. La nostra soddisfazione deriva dal vedere la gioia nei vostri occhi quando vi consegniamo le chiavi della vostra nuova casa.<\/p>\t\t\t\t\t\t\t\t<\/div>\n\t\t\t\t<\/div>\n\t\t\t\t<div class=\"elementor-element elementor-element-bce3dd1 elementor-widget elementor-widget-text-editor\" data-id=\"bce3dd1\" data-element_type=\"widget\" data-e-type=\"widget\" data-widget_type=\"text-editor.default\">\n\t\t\t\t<div class=\"elementor-widget-container\">\n\t\t\t\t\t\t\t\t\t<h4>La invitiamo a conoscerci<\/h4><p>La invitiamo a conoscerci meglio e a scoprire come possiamo aiutarla a trovare la casa dei suoi sogni a Tenerife. Venga a far parte della nostra storia, mentre noi la aiutiamo a scrivere la sua.<\/p>\t\t\t\t\t\t\t\t<\/div>\n\t\t\t\t<\/div>\n\t\t\t\t\t<\/div>\n\t\t<\/div>\n\t\t\t\t\t<\/div>\n\t\t<\/section>\n\t\t\t\t<div class=\"elementor-element elementor-element-24d94fe elementor-widget elementor-widget-spacer\" data-id=\"24d94fe\" data-element_type=\"widget\" data-e-type=\"widget\" data-widget_type=\"spacer.default\">\n\t\t\t\t<div class=\"elementor-widget-container\">\n\t\t\t\t\t\t\t<div class=\"elementor-spacer\">\n\t\t\t<div class=\"elementor-spacer-inner\"><\/div>\n\t\t<\/div>\n\t\t\t\t\t\t<\/div>\n\t\t\t\t<\/div>\n\t\t\t\t\t<\/div>\n\t\t<\/div>\n\t\t\t\t\t<\/div>\n\t\t<\/section>\n\t\t\t\t<section class=\"elementor-section elementor-top-section elementor-element elementor-element-6bb31844 elementor-section-boxed elementor-section-height-default elementor-section-height-default elementor-invisible\" data-id=\"6bb31844\" data-element_type=\"section\" data-e-type=\"section\" data-settings=\"{&quot;animation&quot;:&quot;fadeIn&quot;}\">\n\t\t\t\t\t\t<div class=\"elementor-container elementor-column-gap-default\">\n\t\t\t\t\t<div class=\"elementor-column elementor-col-100 elementor-top-column elementor-element elementor-element-441c21d3\" data-id=\"441c21d3\" data-element_type=\"column\" data-e-type=\"column\">\n\t\t\t<div class=\"elementor-widget-wrap elementor-element-populated\">\n\t\t\t\t\t\t<div class=\"elementor-element elementor-element-d699482 elementor-widget elementor-widget-heading\" data-id=\"d699482\" data-element_type=\"widget\" data-e-type=\"widget\" data-widget_type=\"heading.default\">\n\t\t\t\t<div class=\"elementor-widget-container\">\n\t\t\t\t\t<h3 class=\"elementor-heading-title elementor-size-default\">Il nostro ufficio a Costa Adeje<\/h3>\t\t\t\t<\/div>\n\t\t\t\t<\/div>\n\t\t\t\t<div class=\"elementor-element elementor-element-63b992f elementor-widget elementor-widget-image\" data-id=\"63b992f\" data-element_type=\"widget\" data-e-type=\"widget\" data-widget_type=\"image.default\">\n\t\t\t\t<div class=\"elementor-widget-container\">\n\t\t\t\t\t\t\t\t\t\t\t\t\t\t\t<img fetchpriority=\"high\" decoding=\"async\" width=\"1024\" height=\"683\" src=\"https:\/\/www.tunidotenerife.com\/wp-content\/uploads\/2024\/04\/TuNido-Office_Web-1.avif\" class=\"attachment-large size-large wp-image-22850\" alt=\"Ufficio Tu Nido Tenerife\" srcset=\"https:\/\/www.tunidotenerife.com\/wp-content\/uploads\/2024\/04\/TuNido-Office_Web-1.avif 1600w, https:\/\/www.tunidotenerife.com\/wp-content\/uploads\/2024\/04\/TuNido-Office_Web-1-1536x1024.avif 1536w, https:\/\/www.tunidotenerife.com\/wp-content\/uploads\/2024\/04\/TuNido-Office_Web-1-18x12.avif 18w\" sizes=\"(max-width: 1024px) 100vw, 1024px\" title=\",\">\t\t\t\t\t\t\t\t\t\t\t\t\t\t\t<\/div>\n\t\t\t\t<\/div>\n\t\t\t\t<div class=\"elementor-element elementor-element-18807a6 elementor-widget elementor-widget-spacer\" data-id=\"18807a6\" data-element_type=\"widget\" data-e-type=\"widget\" data-widget_type=\"spacer.default\">\n\t\t\t\t<div class=\"elementor-widget-container\">\n\t\t\t\t\t\t\t<div class=\"elementor-spacer\">\n\t\t\t<div class=\"elementor-spacer-inner\"><\/div>\n\t\t<\/div>\n\t\t\t\t\t\t<\/div>\n\t\t\t\t<\/div>\n\t\t\t\t\t<\/div>\n\t\t<\/div>\n\t\t\t\t\t<\/div>\n\t\t<\/section>\n\t\t\t\t<section class=\"elementor-section elementor-top-section elementor-element elementor-element-723eedb elementor-section-boxed elementor-section-height-default elementor-section-height-default elementor-invisible\" data-id=\"723eedb\" data-element_type=\"section\" data-e-type=\"section\" data-settings=\"{&quot;animation&quot;:&quot;fadeIn&quot;}\">\n\t\t\t\t\t\t<div class=\"elementor-container elementor-column-gap-default\">\n\t\t\t\t\t<div class=\"elementor-column elementor-col-100 elementor-top-column elementor-element elementor-element-7795d35\" data-id=\"7795d35\" data-element_type=\"column\" data-e-type=\"column\">\n\t\t\t<div class=\"elementor-widget-wrap elementor-element-populated\">\n\t\t\t\t\t\t<div class=\"elementor-element elementor-element-da251ab elementor-widget elementor-widget-heading\" data-id=\"da251ab\" data-element_type=\"widget\" data-e-type=\"widget\" data-widget_type=\"heading.default\">\n\t\t\t\t<div class=\"elementor-widget-container\">\n\t\t\t\t\t<h2 class=\"elementor-heading-title elementor-size-default\">Incontra il nostro team<\/h2>\t\t\t\t<\/div>\n\t\t\t\t<\/div>\n\t\t\t\t<div class=\"elementor-element elementor-element-52ad830 elementor-widget elementor-widget-spacer\" data-id=\"52ad830\" data-element_type=\"widget\" data-e-type=\"widget\" data-widget_type=\"spacer.default\">\n\t\t\t\t<div class=\"elementor-widget-container\">\n\t\t\t\t\t\t\t<div class=\"elementor-spacer\">\n\t\t\t<div class=\"elementor-spacer-inner\"><\/div>\n\t\t<\/div>\n\t\t\t\t\t\t<\/div>\n\t\t\t\t<\/div>\n\t\t\t\t<div class=\"elementor-element elementor-element-b39ff54 elementor-widget-mobile__width-initial elementor-widget elementor-widget-houzez_elementor_agents_grid\" data-id=\"b39ff54\" data-element_type=\"widget\" data-e-type=\"widget\" data-widget_type=\"houzez_elementor_agents_grid.default\">\n\t\t\t\t<div class=\"elementor-widget-container\">\n\t\t\t\t\t\n        <div class=\"agent-v3-grid-module agents-grid-view row row-cols-1 row-cols-md-2 row-cols-lg-3 row-cols-xl-4 g-3\">\n\n            <article class=\"agent-grid-container\" id=\"28891\">\n\t<div class=\"agent-grid-wrap agent-grid-wrap-v2\">\t\n\t\t<header class=\"agent-grid-image-wrap text-center\">\n\t\t\t<a class=\"agent-grid-image d-block\" href=\"https:\/\/www.tunidotenerife.com\/it\/agente\/julia-veselkova\/\">\n\t\t\t\t<img decoding=\"async\" width=\"780\" height=\"780\" src=\"https:\/\/www.tunidotenerife.com\/wp-content\/uploads\/2026\/01\/juliatunido-780x780.jpeg\" class=\"img-fluid wp-post-image\" alt=\"Julia Tu Nido Tenerife\" srcset=\"https:\/\/www.tunidotenerife.com\/wp-content\/uploads\/2026\/01\/juliatunido-780x780.jpeg 780w, https:\/\/www.tunidotenerife.com\/wp-content\/uploads\/2026\/01\/juliatunido-12x12.jpeg 12w, https:\/\/www.tunidotenerife.com\/wp-content\/uploads\/2026\/01\/juliatunido.jpeg 1024w\" sizes=\"(max-width: 780px) 100vw, 780px\" title=\",\">\t\t\t\t\n<span class=\"badge btn-secondary agent-verified-badge\">\n    <i class=\"houzez-icon icon-check-circle-1 me-1\"><\/i> Verificato<\/span> \n\n\t\t\t\t\t\t\t<\/a>\n\t\t\t<h2 class=\"mt-4 mb-1\"><a href=\"https:\/\/www.tunidotenerife.com\/it\/agente\/julia-veselkova\/\">Julia Veselkova<\/a><\/h2>\n\t\t\t\t\t\t<div class=\"agent-list-position mb-3\" role=\"text\">Agente immobiliare<\/div>\n\t\t\t\t\t<\/header>\n\t\t<div class=\"agent-grid-content-wrap text-center p-3\">\n\t\t\t<ul class=\"agent-list-contact list-unstyled\">\n\t\t\t\t\t\t\t\t<li class=\"agent-listings-count\">Immobili: <strong>14<\/strong><\/li>\n\t\t\t\t\n\t\t\t\t\t\t\t\t<li class=\"agent-languages-list\">Lingua: <strong>Russo, inglese, spagnolo<\/strong><\/li>\n\t\t\t\t\t\t\t<\/ul>\n\t\t\t<a class=\"btn btn-primary-outlined w-100\" href=\"https:\/\/www.tunidotenerife.com\/it\/agente\/julia-veselkova\/\" role=\"button\">\n\t\t\t\tVedi Profilo<\/a>\n\t\t<\/div>\n\t<\/div>\n<\/article><article class=\"agent-grid-container\" id=\"23720\">\n\t<div class=\"agent-grid-wrap agent-grid-wrap-v2\">\t\n\t\t<header class=\"agent-grid-image-wrap text-center\">\n\t\t\t<a class=\"agent-grid-image d-block\" href=\"https:\/\/www.tunidotenerife.com\/it\/agente\/nadiya-maslei\/\">\n\t\t\t\t<img decoding=\"async\" width=\"780\" height=\"780\" src=\"https:\/\/www.tunidotenerife.com\/wp-content\/uploads\/2024\/05\/nadiya-tunido-780x780.jpg\" class=\"img-fluid wp-post-image\" alt=\"Nadiya Tu Nido Tenerife\" srcset=\"https:\/\/www.tunidotenerife.com\/wp-content\/uploads\/2024\/05\/nadiya-tunido-780x780.jpg 780w, https:\/\/www.tunidotenerife.com\/wp-content\/uploads\/2024\/05\/nadiya-tunido-1536x1536.jpg 1536w, https:\/\/www.tunidotenerife.com\/wp-content\/uploads\/2024\/05\/nadiya-tunido-scaled.jpg 1600w, https:\/\/www.tunidotenerife.com\/wp-content\/uploads\/2024\/05\/nadiya-tunido-12x12.jpg 12w\" sizes=\"(max-width: 780px) 100vw, 780px\" title=\",\">\t\t\t\t\n<span class=\"badge btn-secondary agent-verified-badge\">\n    <i class=\"houzez-icon icon-check-circle-1 me-1\"><\/i> Verificato<\/span> \n\n\t\t\t\t\t\t\t<\/a>\n\t\t\t<h2 class=\"mt-4 mb-1\"><a href=\"https:\/\/www.tunidotenerife.com\/it\/agente\/nadiya-maslei\/\">Nadiya Maslei<\/a><\/h2>\n\t\t\t\t\t\t<div class=\"agent-list-position mb-3\" role=\"text\">Agente immobiliare<\/div>\n\t\t\t\t\t<\/header>\n\t\t<div class=\"agent-grid-content-wrap text-center p-3\">\n\t\t\t<ul class=\"agent-list-contact list-unstyled\">\n\t\t\t\t\t\t\t\t<li class=\"agent-listings-count\">Immobili: <strong>82<\/strong><\/li>\n\t\t\t\t\n\t\t\t\t\t\t\t\t<li class=\"agent-languages-list\">Lingua: <strong>Ucraino, russo, inglese, slovacco, spagnolo<\/strong><\/li>\n\t\t\t\t\t\t\t<\/ul>\n\t\t\t<a class=\"btn btn-primary-outlined w-100\" href=\"https:\/\/www.tunidotenerife.com\/it\/agente\/nadiya-maslei\/\" role=\"button\">\n\t\t\t\tVedi Profilo<\/a>\n\t\t<\/div>\n\t<\/div>\n<\/article><article class=\"agent-grid-container\" id=\"158\">\n\t<div class=\"agent-grid-wrap agent-grid-wrap-v2\">\t\n\t\t<header class=\"agent-grid-image-wrap text-center\">\n\t\t\t<a class=\"agent-grid-image d-block\" href=\"https:\/\/www.tunidotenerife.com\/it\/agente\/pavel-slanina\/\">\n\t\t\t\t<img loading=\"lazy\" decoding=\"async\" width=\"780\" height=\"780\" src=\"https:\/\/www.tunidotenerife.com\/wp-content\/uploads\/2016\/02\/pavel-780x780.jpg\" class=\"img-fluid wp-post-image\" alt=\"Pavel Slanina - Tu Nido Tenerife\" srcset=\"https:\/\/www.tunidotenerife.com\/wp-content\/uploads\/2016\/02\/pavel-780x780.jpg 780w, https:\/\/www.tunidotenerife.com\/wp-content\/uploads\/2016\/02\/pavel-12x12.jpg 12w, https:\/\/www.tunidotenerife.com\/wp-content\/uploads\/2016\/02\/pavel.jpg 900w\" sizes=\"(max-width: 780px) 100vw, 780px\" title=\",\">\t\t\t\t\n<span class=\"badge btn-secondary agent-verified-badge\">\n    <i class=\"houzez-icon icon-check-circle-1 me-1\"><\/i> Verificato<\/span> \n\n\t\t\t\t\t\t\t<\/a>\n\t\t\t<h2 class=\"mt-4 mb-1\"><a href=\"https:\/\/www.tunidotenerife.com\/it\/agente\/pavel-slanina\/\">Pavel Slanina<\/a><\/h2>\n\t\t\t\t\t\t<div class=\"agent-list-position mb-3\" role=\"text\">Direttore<\/div>\n\t\t\t\t\t<\/header>\n\t\t<div class=\"agent-grid-content-wrap text-center p-3\">\n\t\t\t<ul class=\"agent-list-contact list-unstyled\">\n\t\t\t\t\t\t\t\t<li class=\"agent-listings-count\">Immobili: <strong>3<\/strong><\/li>\n\t\t\t\t\n\t\t\t\t\t\t\t\t<li class=\"agent-languages-list\">Lingua: <strong>Spagnolo, russo, rumeno<\/strong><\/li>\n\t\t\t\t\t\t\t<\/ul>\n\t\t\t<a class=\"btn btn-primary-outlined w-100\" href=\"https:\/\/www.tunidotenerife.com\/it\/agente\/pavel-slanina\/\" role=\"button\">\n\t\t\t\tVedi Profilo<\/a>\n\t\t<\/div>\n\t<\/div>\n<\/article><article class=\"agent-grid-container\" id=\"156\">\n\t<div class=\"agent-grid-wrap agent-grid-wrap-v2\">\t\n\t\t<header class=\"agent-grid-image-wrap text-center\">\n\t\t\t<a class=\"agent-grid-image d-block\" href=\"https:\/\/www.tunidotenerife.com\/it\/agente\/vladlena-batcu\/\">\n\t\t\t\t<img loading=\"lazy\" decoding=\"async\" width=\"780\" height=\"780\" src=\"https:\/\/www.tunidotenerife.com\/wp-content\/uploads\/2016\/02\/vladlena-1-780x780.jpg\" class=\"img-fluid wp-post-image\" alt=\"Vladlena Batcu - Tu Nido Tenerife\" srcset=\"https:\/\/www.tunidotenerife.com\/wp-content\/uploads\/2016\/02\/vladlena-1-780x780.jpg 780w, https:\/\/www.tunidotenerife.com\/wp-content\/uploads\/2016\/02\/vladlena-1-1536x1536.jpg 1536w, https:\/\/www.tunidotenerife.com\/wp-content\/uploads\/2016\/02\/vladlena-1-scaled.jpg 1600w, https:\/\/www.tunidotenerife.com\/wp-content\/uploads\/2016\/02\/vladlena-1-12x12.jpg 12w\" sizes=\"(max-width: 780px) 100vw, 780px\" title=\",\">\t\t\t\t\n<span class=\"badge btn-secondary agent-verified-badge\">\n    <i class=\"houzez-icon icon-check-circle-1 me-1\"><\/i> Verificato<\/span> \n\n\t\t\t\t\t\t\t<\/a>\n\t\t\t<h2 class=\"mt-4 mb-1\"><a href=\"https:\/\/www.tunidotenerife.com\/it\/agente\/vladlena-batcu\/\">Vladlena Batcu<\/a><\/h2>\n\t\t\t\t\t\t<div class=\"agent-list-position mb-3\" role=\"text\">Agente immobiliare in affitto<\/div>\n\t\t\t\t\t<\/header>\n\t\t<div class=\"agent-grid-content-wrap text-center p-3\">\n\t\t\t<ul class=\"agent-list-contact list-unstyled\">\n\t\t\t\t\t\t\t\t<li class=\"agent-listings-count\">Immobili: <strong>22<\/strong><\/li>\n\t\t\t\t\n\t\t\t\t\t\t\t\t<li class=\"agent-languages-list\">Lingua: <strong>Inglese, spagnolo, rumeno, russo<\/strong><\/li>\n\t\t\t\t\t\t\t<\/ul>\n\t\t\t<a class=\"btn btn-primary-outlined w-100\" href=\"https:\/\/www.tunidotenerife.com\/it\/agente\/vladlena-batcu\/\" role=\"button\">\n\t\t\t\tVedi Profilo<\/a>\n\t\t<\/div>\n\t<\/div>\n<\/article><article class=\"agent-grid-container\" id=\"150\">\n\t<div class=\"agent-grid-wrap agent-grid-wrap-v2\">\t\n\t\t<header class=\"agent-grid-image-wrap text-center\">\n\t\t\t<a class=\"agent-grid-image d-block\" href=\"https:\/\/www.tunidotenerife.com\/it\/agente\/tatiana-slanina\/\">\n\t\t\t\t<img loading=\"lazy\" decoding=\"async\" width=\"780\" height=\"780\" src=\"https:\/\/www.tunidotenerife.com\/wp-content\/uploads\/2016\/02\/tatianaslanina-780x780.jpg\" class=\"img-fluid wp-post-image\" alt=\"Tatiana Slanina - Tu Nido Tenerife\" srcset=\"https:\/\/www.tunidotenerife.com\/wp-content\/uploads\/2016\/02\/tatianaslanina-780x780.jpg 780w, https:\/\/www.tunidotenerife.com\/wp-content\/uploads\/2016\/02\/tatianaslanina-1536x1536.jpg 1536w, https:\/\/www.tunidotenerife.com\/wp-content\/uploads\/2016\/02\/tatianaslanina-scaled.jpg 1600w, https:\/\/www.tunidotenerife.com\/wp-content\/uploads\/2016\/02\/tatianaslanina-12x12.jpg 12w\" sizes=\"(max-width: 780px) 100vw, 780px\" title=\",\">\t\t\t\t\n<span class=\"badge btn-secondary agent-verified-badge\">\n    <i class=\"houzez-icon icon-check-circle-1 me-1\"><\/i> Verificato<\/span> \n\n\t\t\t\t\t\t\t<\/a>\n\t\t\t<h2 class=\"mt-4 mb-1\"><a href=\"https:\/\/www.tunidotenerife.com\/it\/agente\/tatiana-slanina\/\">Tatiana Slanina<\/a><\/h2>\n\t\t\t\t\t\t<div class=\"agent-list-position mb-3\" role=\"text\">Agente immobiliare<\/div>\n\t\t\t\t\t<\/header>\n\t\t<div class=\"agent-grid-content-wrap text-center p-3\">\n\t\t\t<ul class=\"agent-list-contact list-unstyled\">\n\t\t\t\t\t\t\t\t<li class=\"agent-listings-count\">Immobili: <strong>49<\/strong><\/li>\n\t\t\t\t\n\t\t\t\t\t\t\t\t<li class=\"agent-languages-list\">Lingua: <strong>Inglese, spagnolo, rumeno, russo<\/strong><\/li>\n\t\t\t\t\t\t\t<\/ul>\n\t\t\t<a class=\"btn btn-primary-outlined w-100\" href=\"https:\/\/www.tunidotenerife.com\/it\/agente\/tatiana-slanina\/\" role=\"button\">\n\t\t\t\tVedi Profilo<\/a>\n\t\t<\/div>\n\t<\/div>\n<\/article>        <\/div><!-- agent-module -->\n\n        \n        \t\t\t\t<\/div>\n\t\t\t\t<\/div>\n\t\t\t\t<div class=\"elementor-element elementor-element-01bcc55 elementor-widget elementor-widget-spacer\" data-id=\"01bcc55\" data-element_type=\"widget\" data-e-type=\"widget\" data-widget_type=\"spacer.default\">\n\t\t\t\t<div class=\"elementor-widget-container\">\n\t\t\t\t\t\t\t<div class=\"elementor-spacer\">\n\t\t\t<div class=\"elementor-spacer-inner\"><\/div>\n\t\t<\/div>\n\t\t\t\t\t\t<\/div>\n\t\t\t\t<\/div>\n\t\t\t\t\t<\/div>\n\t\t<\/div>\n\t\t\t\t\t<\/div>\n\t\t<\/section>\n\t\t\t\t<\/div>","protected":false},"excerpt":{"rendered":"<p>Acerca de Tu Nido Tenerife Sobre Nosotros En Tu Nido Tenerife,\u00a0creemos que encontrar el hogar perfecto va m\u00e1s all\u00e1 de una transacci\u00f3n inmobiliaria; es el inicio de un nuevo cap\u00edtulo lleno de momentos y recuerdos. Nuestra misi\u00f3n es acompa\u00f1arte en cada paso de este viaje emocionante y significativo. Nuestros Inicios La historia de Tu Nido [&hellip;]<\/p>\n","protected":false},"author":1,"featured_media":0,"parent":0,"menu_order":0,"comment_status":"closed","ping_status":"closed","template":"template\/template-homepage.php","meta":{"footnotes":""},"class_list":["post-16650","page","type-page","status-publish","hentry"],"_links":{"self":[{"href":"https:\/\/www.tunidotenerife.com\/it\/wp-json\/wp\/v2\/pages\/16650","targetHints":{"allow":["GET"]}}],"collection":[{"href":"https:\/\/www.tunidotenerife.com\/it\/wp-json\/wp\/v2\/pages"}],"about":[{"href":"https:\/\/www.tunidotenerife.com\/it\/wp-json\/wp\/v2\/types\/page"}],"author":[{"embeddable":true,"href":"https:\/\/www.tunidotenerife.com\/it\/wp-json\/wp\/v2\/users\/1"}],"replies":[{"embeddable":true,"href":"https:\/\/www.tunidotenerife.com\/it\/wp-json\/wp\/v2\/comments?post=16650"}],"version-history":[{"count":3,"href":"https:\/\/www.tunidotenerife.com\/it\/wp-json\/wp\/v2\/pages\/16650\/revisions"}],"predecessor-version":[{"id":28907,"href":"https:\/\/www.tunidotenerife.com\/it\/wp-json\/wp\/v2\/pages\/16650\/revisions\/28907"}],"wp:attachment":[{"href":"https:\/\/www.tunidotenerife.com\/it\/wp-json\/wp\/v2\/media?parent=16650"}],"curies":[{"name":"wp","href":"https:\/\/api.w.org\/{rel}","templated":true}]}}