{"id":3,"date":"2024-04-03T06:23:08","date_gmt":"2024-04-03T04:23:08","guid":{"rendered":"https:\/\/tunidotenerife.com\/?page_id=3"},"modified":"2025-03-21T16:11:00","modified_gmt":"2025-03-21T16:11:00","slug":"politica-privacidad","status":"publish","type":"page","link":"https:\/\/www.tunidotenerife.com\/fr\/politica-privacidad\/","title":{"rendered":"Politique de confidentialit\u00e9"},"content":{"rendered":"<p>Chez Tu Nido Tenerife, nous comprenons l'importance de la protection de votre vie priv\u00e9e et nous nous engageons \u00e0 traiter vos informations personnelles avec respect et responsabilit\u00e9. La pr\u00e9sente politique de confidentialit\u00e9 explique comment nous recueillons, utilisons, prot\u00e9geons et, dans certaines circonstances, partageons vos informations personnelles.<\/p>\r\n<p><span style=\"text-decoration: underline;\"><strong>Contr\u00f4leur de donn\u00e9es :<\/strong><\/span><\/p>\r\n<p><strong>Nom commercial :<\/strong> Tu Nido Tenerife<br \/><strong>Nom l\u00e9gal de l'entreprise :<\/strong> Tu Nido Tenerife SL<br \/><strong>CIF :<\/strong> B76752567<br \/><strong>Adresse :<\/strong> Calle el Sauce 9, Local 3, Costa Adeje, Santa Cruz de Tenerife.<br \/><strong>Courriel :<\/strong> psa@tunidotenerife.com<br \/><br \/><\/p>\r\n<h2 class=\"wp-block-heading\"><strong>Informations collect\u00e9es<\/strong><\/h2>\r\n<p>Nous pouvons recueillir des informations personnelles que vous nous fournissez directement, telles que votre nom, votre adresse \u00e9lectronique, votre num\u00e9ro de t\u00e9l\u00e9phone, votre adresse physique, vos pr\u00e9f\u00e9rences en mati\u00e8re de propri\u00e9t\u00e9 et vos donn\u00e9es financi\u00e8res lorsque vous utilisez nos services, que vous vous inscrivez sur notre site web, que vous vous abonnez \u00e0 notre bulletin d'information ou que vous communiquez avec nous.<\/p>\r\n<h2><strong>Utilisation de vos informations<\/strong><\/h2>\r\n<p>Nous utilisons vos informations personnelles pour :<\/p>\r\n<ul>\r\n<li>Fournir, exploiter et maintenir nos services.<\/li>\r\n<li>Am\u00e9liorer, personnaliser et d\u00e9velopper nos services.<\/li>\r\n<li>Comprendre et analyser la mani\u00e8re dont vous utilisez nos services.<\/li>\r\n<li>D\u00e9velopper de nouveaux produits, services, caract\u00e9ristiques et fonctionnalit\u00e9s.<\/li>\r\n<li>Pour communiquer avec vous, directement ou par l'interm\u00e9diaire de l'un de nos partenaires, notamment pour le service client\u00e8le, pour vous fournir des mises \u00e0 jour et d'autres informations relatives au service, ainsi qu'\u00e0 des fins de marketing et de promotion.<\/li>\r\n<li>Vous envoyer des e-mails.<\/li>\r\n<\/ul>\r\n<h2><strong>Base juridique du traitement<\/strong><\/h2>\r\n<p>La base juridique du traitement de vos donn\u00e9es personnelles est la suivante :<\/p>\r\n<ul>\r\n<li>Consentement donn\u00e9 librement en remplissant les formulaires sur notre site web.<\/li>\r\n<li>l'ex\u00e9cution d'un contrat ou l'application de mesures pr\u00e9contractuelles lorsque vous nous demandez des informations ou souhaitez faire appel \u00e0 nos services.<\/li>\r\n<li>le respect de nos obligations l\u00e9gales (fiscales, comptables, protection des donn\u00e9es, etc.).<\/li>\r\n<li>Notre int\u00e9r\u00eat l\u00e9gitime \u00e0 am\u00e9liorer l'exp\u00e9rience de l'utilisateur et la s\u00e9curit\u00e9 du site.<\/li>\r\n<\/ul>\r\n<h2><strong>Partage de vos informations personnelles<\/strong><\/h2>\r\n<p>Nous ne vendons ni ne louons vos informations personnelles \u00e0 des tiers. Nous pouvons partager vos informations avec des tiers dans les circonstances suivantes :<\/p>\r\n<ul>\r\n<li>se conformer aux lois, r\u00e9glementations, proc\u00e9dures l\u00e9gales ou demandes gouvernementales applicables.<\/li>\r\n<li>Prot\u00e9ger les droits, la propri\u00e9t\u00e9 ou la s\u00e9curit\u00e9 de Tu Nido Tenerife, de nos clients ou du public, comme l'exige ou l'autorise la loi.<\/li>\r\n<\/ul>\r\n<h2><strong>S\u00e9curit\u00e9 de l'information<\/strong><\/h2>\r\n<p>Nous nous effor\u00e7ons d'utiliser des mesures de s\u00e9curit\u00e9 raisonnables con\u00e7ues pour prot\u00e9ger vos informations personnelles contre l'acc\u00e8s, la modification, la divulgation ou la destruction non autoris\u00e9s. Toutefois, aucune m\u00e9thode de transmission sur Internet ou de stockage \u00e9lectronique n'est 100% s\u00fbre et nous ne pouvons pas garantir une s\u00e9curit\u00e9 absolue.<\/p>\r\n<h2>Conservation des donn\u00e9es<\/h2>\r\n<p>Nous conserverons vos donn\u00e9es pendant la dur\u00e9e n\u00e9cessaire \u00e0 la r\u00e9alisation de l'objectif pour lequel elles ont \u00e9t\u00e9 collect\u00e9es, ou pendant la dur\u00e9e de la relation contractuelle\/commerciale. Une fois la relation contractuelle\/commerciale termin\u00e9e, nous conserverons les donn\u00e9es bloqu\u00e9es pendant les p\u00e9riodes l\u00e9galement requises.<\/p>\r\n<h2><strong>Vos droits<\/strong><\/h2>\r\n<p>Vous avez le droit de :<\/p>\r\n<p>- Acc\u00e9der \u00e0 vos donn\u00e9es personnelles.<br \/>- Demander la rectification de donn\u00e9es inexactes ou incompl\u00e8tes.<br \/>- Demander la suppression de vos donn\u00e9es lorsqu'elles ne sont plus n\u00e9cessaires.<br \/>- Demander la restriction du traitement de vos donn\u00e9es.<br \/>- s'opposer au traitement de vos donn\u00e9es dans certaines circonstances.<br \/>- Demander la portabilit\u00e9 de vos donn\u00e9es vers un autre fournisseur, lorsque cela est techniquement possible.<\/p>\r\n<p>Pour exercer l'un de ces droits, vous pouvez envoyer une demande \u00e0 l'adresse \u00e9lectronique psa@tunidodetenerife.com, en joignant une copie de votre carte d'identit\u00e9 ou d'un document d'identification \u00e9quivalent.<\/p>\r\n<p>Si vous estimez que le traitement de vos donn\u00e9es personnelles est contraire aux r\u00e8gles de protection des donn\u00e9es, vous avez le droit de d\u00e9poser une plainte aupr\u00e8s de l'Agence espagnole de protection des donn\u00e9es (www.aepd.es).<\/p>\r\n<h2>Transferts internationaux de donn\u00e9es<\/h2>\r\n<p>Il n'y a pas de transferts internationaux de vos donn\u00e9es personnelles. Si, \u00e0 l'avenir, des donn\u00e9es sont partag\u00e9es avec des fournisseurs situ\u00e9s en dehors de l'Espace \u00e9conomique europ\u00e9en, il conviendra de s'assurer qu'ils respectent les garanties appropri\u00e9es, telles que les clauses contractuelles types approuv\u00e9es par la Commission europ\u00e9enne ou leur adh\u00e9sion au cadre de protection des donn\u00e9es.<\/p>\r\n<h2>D\u00e9cisions automatis\u00e9es<\/h2>\r\n<p>Tu Nido Tenerife ne prend pas de d\u00e9cisions automatis\u00e9es et ne cr\u00e9e pas de profils bas\u00e9s sur les donn\u00e9es personnelles que nous traitons.<\/p>\r\n<h2><strong>Modifications de la pr\u00e9sente politique de protection de la vie priv\u00e9e<\/strong><\/h2>\r\n<p>Nous nous r\u00e9servons le droit de modifier cette politique de confidentialit\u00e9 \u00e0 tout moment. Nous vous encourageons \u00e0 la consulter r\u00e9guli\u00e8rement. Les modifications entreront en vigueur d\u00e8s leur publication sur notre site web.<\/p>\r\n<h3><strong>Contact<\/strong><\/h3>\r\n<p>Si vous avez des questions ou des commentaires sur la pr\u00e9sente politique de confidentialit\u00e9, veuillez vous adresser \u00e0 <a href=\"https:\/\/www.tunidotenerife.com\/fr\/contactar\/\">nous contacter<\/a>.<\/p>\r\n<hr \/>\r\n<p>Derni\u00e8re mise \u00e0 jour : 21 mars 2025<\/p>","protected":false},"excerpt":{"rendered":"<p>En Tu Nido Tenerife, comprendemos la importancia de proteger su privacidad y nos comprometemos a tratar su informaci\u00f3n personal con respeto y responsabilidad. Esta Pol\u00edtica de Privacidad explica c\u00f3mo recopilamos, usamos, protegemos y, en ciertas circunstancias, compartimos su informaci\u00f3n personal. Responsable del Tratamiento: Nombre Comercial: Tu Nido TenerifeNombre legal de la empresa: Tu Nido Tenerife [&hellip;]<\/p>\n","protected":false},"author":1,"featured_media":0,"parent":0,"menu_order":0,"comment_status":"closed","ping_status":"closed","template":"","meta":{"footnotes":""},"class_list":["post-3","page","type-page","status-publish","hentry"],"_links":{"self":[{"href":"https:\/\/www.tunidotenerife.com\/fr\/wp-json\/wp\/v2\/pages\/3","targetHints":{"allow":["GET"]}}],"collection":[{"href":"https:\/\/www.tunidotenerife.com\/fr\/wp-json\/wp\/v2\/pages"}],"about":[{"href":"https:\/\/www.tunidotenerife.com\/fr\/wp-json\/wp\/v2\/types\/page"}],"author":[{"embeddable":true,"href":"https:\/\/www.tunidotenerife.com\/fr\/wp-json\/wp\/v2\/users\/1"}],"replies":[{"embeddable":true,"href":"https:\/\/www.tunidotenerife.com\/fr\/wp-json\/wp\/v2\/comments?post=3"}],"version-history":[{"count":0,"href":"https:\/\/www.tunidotenerife.com\/fr\/wp-json\/wp\/v2\/pages\/3\/revisions"}],"wp:attachment":[{"href":"https:\/\/www.tunidotenerife.com\/fr\/wp-json\/wp\/v2\/media?parent=3"}],"curies":[{"name":"wp","href":"https:\/\/api.w.org\/{rel}","templated":true}]}}