{"id":27344,"date":"2025-07-02T12:50:17","date_gmt":"2025-07-02T11:50:17","guid":{"rendered":"https:\/\/www.tunidotenerife.com\/?page_id=27344"},"modified":"2025-07-20T23:36:12","modified_gmt":"2025-07-20T22:36:12","slug":"gestion-vivienda-vacacional-tenerife","status":"publish","type":"page","link":"https:\/\/www.tunidotenerife.com\/fr\/gestion-vivienda-vacacional-tenerife\/","title":{"rendered":"Nous g\u00e9rons VV \u00e0 Tenerife"},"content":{"rendered":"<div data-elementor-type=\"wp-page\" data-elementor-id=\"27344\" class=\"elementor elementor-27344\">\n\t\t\t\t<div class=\"elementor-element elementor-element-e923478 e-flex e-con-boxed e-con e-parent\" data-id=\"e923478\" data-element_type=\"container\" data-e-type=\"container\">\n\t\t\t\t\t<div class=\"e-con-inner\">\n\t\t<div class=\"elementor-element elementor-element-710b760 e-con-full e-flex e-con e-child\" data-id=\"710b760\" data-element_type=\"container\" data-e-type=\"container\">\n\t\t<div class=\"elementor-element elementor-element-0ffeaf2 e-con-full e-flex elementor-invisible e-con e-child\" data-id=\"0ffeaf2\" data-element_type=\"container\" data-e-type=\"container\" data-settings=\"{&quot;background_background&quot;:&quot;classic&quot;,&quot;animation&quot;:&quot;fadeInUp&quot;}\">\n\t\t<div class=\"elementor-element elementor-element-a6dfc9b e-con-full e-flex e-con e-child\" data-id=\"a6dfc9b\" data-element_type=\"container\" data-e-type=\"container\">\n\t\t\t\t<div class=\"elementor-element elementor-element-5ca97fe elementor-widget__width-initial elementor-widget elementor-widget-heading\" data-id=\"5ca97fe\" data-element_type=\"widget\" data-e-type=\"widget\" data-widget_type=\"heading.default\">\n\t\t\t\t<div class=\"elementor-widget-container\">\n\t\t\t\t\t<h1 class=\"elementor-heading-title elementor-size-large\">Soci\u00e9t\u00e9 de gestion de propri\u00e9t\u00e9s de location de vacances \u00e0 Tenerife<\/h1>\t\t\t\t<\/div>\n\t\t\t\t<\/div>\n\t\t\t\t<div class=\"elementor-element elementor-element-bacfd91 elementor-align-start elementor-icon-list--layout-traditional elementor-list-item-link-full_width elementor-widget elementor-widget-icon-list\" data-id=\"bacfd91\" data-element_type=\"widget\" data-e-type=\"widget\" data-widget_type=\"icon-list.default\">\n\t\t\t\t<div class=\"elementor-widget-container\">\n\t\t\t\t\t\t\t<ul class=\"elementor-icon-list-items\">\n\t\t\t\t\t\t\t<li class=\"elementor-icon-list-item\">\n\t\t\t\t\t\t\t\t\t\t\t<span class=\"elementor-icon-list-icon\">\n\t\t\t\t\t\t\t<svg aria-hidden=\"true\" class=\"e-font-icon-svg e-fas-home\" viewbox=\"0 0 576 512\" xmlns=\"http:\/\/www.w3.org\/2000\/svg\"><path d=\"M280.37 148.26L96 300.11V464a16 16 0 0 0 16 16l112.06-.29a16 16 0 0 0 15.92-16V368a16 16 0 0 1 16-16h64a16 16 0 0 1 16 16v95.64a16 16 0 0 0 16 16.05L464 480a16 16 0 0 0 16-16V300L295.67 148.26a12.19 12.19 0 0 0-15.3 0zM571.6 251.47L488 182.56V44.05a12 12 0 0 0-12-12h-56a12 12 0 0 0-12 12v72.61L318.47 43a48 48 0 0 0-61 0L4.34 251.47a12 12 0 0 0-1.6 16.9l25.5 31A12 12 0 0 0 45.15 301l235.22-193.74a12.19 12.19 0 0 1 15.3 0L530.9 301a12 12 0 0 0 16.9-1.6l25.5-31a12 12 0 0 0-1.7-16.93z\"><\/path><\/svg>\t\t\t\t\t\t<\/span>\n\t\t\t\t\t\t\t\t\t\t<span class=\"elementor-icon-list-text\">+25 Propri\u00e9t\u00e9s g\u00e9r\u00e9es<\/span>\n\t\t\t\t\t\t\t\t\t<\/li>\n\t\t\t\t\t\t\t\t<li class=\"elementor-icon-list-item\">\n\t\t\t\t\t\t\t\t\t\t\t<span class=\"elementor-icon-list-icon\">\n\t\t\t\t\t\t\t<svg aria-hidden=\"true\" class=\"e-font-icon-svg e-far-check-circle\" viewbox=\"0 0 512 512\" xmlns=\"http:\/\/www.w3.org\/2000\/svg\"><path d=\"M256 8C119.033 8 8 119.033 8 256s111.033 248 248 248 248-111.033 248-248S392.967 8 256 8zm0 48c110.532 0 200 89.451 200 200 0 110.532-89.451 200-200 200-110.532 0-200-89.451-200-200 0-110.532 89.451-200 200-200m140.204 130.267l-22.536-22.718c-4.667-4.705-12.265-4.736-16.97-.068L215.346 303.697l-59.792-60.277c-4.667-4.705-12.265-4.736-16.97-.069l-22.719 22.536c-4.705 4.667-4.736 12.265-.068 16.971l90.781 91.516c4.667 4.705 12.265 4.736 16.97.068l172.589-171.204c4.704-4.668 4.734-12.266.067-16.971z\"><\/path><\/svg>\t\t\t\t\t\t<\/span>\n\t\t\t\t\t\t\t\t\t\t<span class=\"elementor-icon-list-text\">+15 ans d'exp\u00e9rience<\/span>\n\t\t\t\t\t\t\t\t\t<\/li>\n\t\t\t\t\t\t\t\t<li class=\"elementor-icon-list-item\">\n\t\t\t\t\t\t\t\t\t\t\t<span class=\"elementor-icon-list-icon\">\n\t\t\t\t\t\t\t<svg aria-hidden=\"true\" class=\"e-font-icon-svg e-fab-airbnb\" viewbox=\"0 0 448 512\" xmlns=\"http:\/\/www.w3.org\/2000\/svg\"><path d=\"M224 373.12c-25.24-31.67-40.08-59.43-45-83.18-22.55-88 112.61-88 90.06 0-5.45 24.25-20.29 52-45 83.18zm138.15 73.23c-42.06 18.31-83.67-10.88-119.3-50.47 103.9-130.07 46.11-200-18.85-200-54.92 0-85.16 46.51-73.28 100.5 6.93 29.19 25.23 62.39 54.43 99.5-32.53 36.05-60.55 52.69-85.15 54.92-50 7.43-89.11-41.06-71.3-91.09 15.1-39.16 111.72-231.18 115.87-241.56 15.75-30.07 25.56-57.4 59.38-57.4 32.34 0 43.4 25.94 60.37 59.87 36 70.62 89.35 177.48 114.84 239.09 13.17 33.07-1.37 71.29-37.01 86.64zm47-136.12C280.27 35.93 273.13 32 224 32c-45.52 0-64.87 31.67-84.66 72.79C33.18 317.1 22.89 347.19 22 349.81-3.22 419.14 48.74 480 111.63 480c21.71 0 60.61-6.06 112.37-62.4 58.68 63.78 101.26 62.4 112.37 62.4 62.89.05 114.85-60.86 89.61-130.19.02-3.89-16.82-38.9-16.82-39.58z\"><\/path><\/svg>\t\t\t\t\t\t<\/span>\n\t\t\t\t\t\t\t\t\t\t<span class=\"elementor-icon-list-text\">SuperHost sur Airbnb et Booking<\/span>\n\t\t\t\t\t\t\t\t\t<\/li>\n\t\t\t\t\t\t<\/ul>\n\t\t\t\t\t\t<\/div>\n\t\t\t\t<\/div>\n\t\t\t\t<div class=\"elementor-element elementor-element-4b5fdb6 elementor-widget elementor-widget-text-editor\" data-id=\"4b5fdb6\" data-element_type=\"widget\" data-e-type=\"widget\" data-widget_type=\"text-editor.default\">\n\t\t\t\t<div class=\"elementor-widget-container\">\n\t\t\t\t\t\t\t\t\t<p class=\"translation-block\">Nous nous occupons de l'ensemble du processus de <strong>gestion de votre propri\u00e9t\u00e9 de vacances \u00e0 Tenerife<\/strong> afin que vous n'ayez \u00e0 vous soucier de rien : de la promotion et de la gestion des r\u00e9servations au nettoyage, \u00e0 l'entretien et au service personnalis\u00e9 aux clients. Notre objectif est de maximiser vos revenus et de maintenir votre propri\u00e9t\u00e9 \u00e0 T\u00e9n\u00e9rife dans les meilleures conditions.<\/p>\t\t\t\t\t\t\t\t<\/div>\n\t\t\t\t<\/div>\n\t\t\t\t<div class=\"elementor-element elementor-element-e5a211e elementor-button-success elementor-align-left elementor-mobile-align-center elementor-widget elementor-widget-button\" data-id=\"e5a211e\" data-element_type=\"widget\" data-e-type=\"widget\" data-widget_type=\"button.default\">\n\t\t\t\t<div class=\"elementor-widget-container\">\n\t\t\t\t\t\t\t\t\t<div class=\"elementor-button-wrapper\">\n\t\t\t\t\t<a class=\"elementor-button elementor-button-link elementor-size-sm\" href=\"https:\/\/api.whatsapp.com\/send?phone=+34616620497&#038;text=Hola,%20tengo%20una%20propiedad%20en%20Tenerife%20y%20estoy%20interesado%20en%20venderla.%20Me%20gustar\u00eda%20recibir%20m\u00e1s%20informaci\u00f3n%20sobre%20c\u00f3mo%20pod\u00e9is%20ayudarme.\" target=\"_blank\" rel=\"noopener\">\n\t\t\t\t\t\t<span class=\"elementor-button-content-wrapper\">\n\t\t\t\t\t\t<span class=\"elementor-button-icon\">\n\t\t\t\t<svg aria-hidden=\"true\" class=\"e-font-icon-svg e-fab-whatsapp\" viewbox=\"0 0 448 512\" xmlns=\"http:\/\/www.w3.org\/2000\/svg\"><path d=\"M380.9 97.1C339 55.1 283.2 32 223.9 32c-122.4 0-222 99.6-222 222 0 39.1 10.2 77.3 29.6 111L0 480l117.7-30.9c32.4 17.7 68.9 27 106.1 27h.1c122.3 0 224.1-99.6 224.1-222 0-59.3-25.2-115-67.1-157zm-157 341.6c-33.2 0-65.7-8.9-94-25.7l-6.7-4-69.8 18.3L72 359.2l-4.4-7c-18.5-29.4-28.2-63.3-28.2-98.2 0-101.7 82.8-184.5 184.6-184.5 49.3 0 95.6 19.2 130.4 54.1 34.8 34.9 56.2 81.2 56.1 130.5 0 101.8-84.9 184.6-186.6 184.6zm101.2-138.2c-5.5-2.8-32.8-16.2-37.9-18-5.1-1.9-8.8-2.8-12.5 2.8-3.7 5.6-14.3 18-17.6 21.8-3.2 3.7-6.5 4.2-12 1.4-32.6-16.3-54-29.1-75.5-66-5.7-9.8 5.7-9.1 16.3-30.3 1.8-3.7.9-6.9-.5-9.7-1.4-2.8-12.5-30.1-17.1-41.2-4.5-10.8-9.1-9.3-12.5-9.5-3.2-.2-6.9-.2-10.6-.2-3.7 0-9.7 1.4-14.8 6.9-5.1 5.6-19.4 19-19.4 46.3 0 27.3 19.9 53.7 22.6 57.4 2.8 3.7 39.1 59.7 94.8 83.8 35.2 15.2 49 16.5 66.6 13.9 10.7-1.6 32.8-13.4 37.4-26.4 4.6-13 4.6-24.1 3.2-26.4-1.3-2.5-5-3.9-10.5-6.6z\"><\/path><\/svg>\t\t\t<\/span>\n\t\t\t\t\t\t\t\t\t<span class=\"elementor-button-text\">Contact par Whatsapp<\/span>\n\t\t\t\t\t<\/span>\n\t\t\t\t\t<\/a>\n\t\t\t\t<\/div>\n\t\t\t\t\t\t\t\t<\/div>\n\t\t\t\t<\/div>\n\t\t\t\t<div class=\"elementor-element elementor-element-3327c13 elementor-button-info elementor-align-left elementor-mobile-align-center elementor-widget elementor-widget-button\" data-id=\"3327c13\" data-element_type=\"widget\" data-e-type=\"widget\" data-widget_type=\"button.default\">\n\t\t\t\t<div class=\"elementor-widget-container\">\n\t\t\t\t\t\t\t\t\t<div class=\"elementor-button-wrapper\">\n\t\t\t\t\t<a class=\"elementor-button elementor-button-link elementor-size-sm\" href=\"tel:+34616620497\">\n\t\t\t\t\t\t<span class=\"elementor-button-content-wrapper\">\n\t\t\t\t\t\t<span class=\"elementor-button-icon\">\n\t\t\t\t<svg aria-hidden=\"true\" class=\"e-font-icon-svg e-fas-phone-square-alt\" viewbox=\"0 0 448 512\" xmlns=\"http:\/\/www.w3.org\/2000\/svg\"><path d=\"M400 32H48A48 48 0 0 0 0 80v352a48 48 0 0 0 48 48h352a48 48 0 0 0 48-48V80a48 48 0 0 0-48-48zm-16.39 307.37l-15 65A15 15 0 0 1 354 416C194 416 64 286.29 64 126a15.7 15.7 0 0 1 11.63-14.61l65-15A18.23 18.23 0 0 1 144 96a16.27 16.27 0 0 1 13.79 9.09l30 70A17.9 17.9 0 0 1 189 181a17 17 0 0 1-5.5 11.61l-37.89 31a231.91 231.91 0 0 0 110.78 110.78l31-37.89A17 17 0 0 1 299 291a17.85 17.85 0 0 1 5.91 1.21l70 30A16.25 16.25 0 0 1 384 336a17.41 17.41 0 0 1-.39 3.37z\"><\/path><\/svg>\t\t\t<\/span>\n\t\t\t\t\t\t\t\t\t<span class=\"elementor-button-text\">Contact par t\u00e9l\u00e9phone<\/span>\n\t\t\t\t\t<\/span>\n\t\t\t\t\t<\/a>\n\t\t\t\t<\/div>\n\t\t\t\t\t\t\t\t<\/div>\n\t\t\t\t<\/div>\n\t\t\t\t<\/div>\n\t\t<div class=\"elementor-element elementor-element-13c4858 e-con-full e-flex e-con e-child\" data-id=\"13c4858\" data-element_type=\"container\" data-e-type=\"container\">\n\t\t\t\t<div class=\"elementor-element elementor-element-e77c578 elementor-widget elementor-widget-image\" data-id=\"e77c578\" data-element_type=\"widget\" data-e-type=\"widget\" data-widget_type=\"image.default\">\n\t\t\t\t<div class=\"elementor-widget-container\">\n\t\t\t\t\t\t\t\t\t\t\t\t\t\t\t<img decoding=\"async\" src=\"https:\/\/www.tunidotenerife.com\/wp-content\/uploads\/elementor\/thumbs\/sunsetalquilertenerife-r8j74ns4ypu924zarm2fghfex65xhmriqgq4692o1s.webp\" title=\"Duplex avec vue sur le coucher de soleil \u00e0 louer \u00e0 Tenerife\" alt=\"Duplex avec vue sur le coucher de soleil \u00e0 louer \u00e0 Tenerife\" loading=\"lazy\" \/>\t\t\t\t\t\t\t\t\t\t\t\t\t\t\t<\/div>\n\t\t\t\t<\/div>\n\t\t\t\t<\/div>\n\t\t\t\t<\/div>\n\t\t\t\t<\/div>\n\t\t\t\t\t<\/div>\n\t\t\t\t<\/div>\n\t\t<div class=\"elementor-element elementor-element-5488033 e-flex e-con-boxed e-con e-parent\" data-id=\"5488033\" data-element_type=\"container\" data-e-type=\"container\">\n\t\t\t\t\t<div class=\"e-con-inner\">\n\t\t\t\t<div class=\"elementor-element elementor-element-a5d8edc elementor-widget elementor-widget-text-editor\" data-id=\"a5d8edc\" data-element_type=\"widget\" data-e-type=\"widget\" data-widget_type=\"text-editor.default\">\n\t\t\t\t<div class=\"elementor-widget-container\">\n\t\t\t\t\t\t\t\t\t<h2>Gestion des locations de vacances \u00e0 Tenerife<\/h2><p class=\"translation-block\">A <strong>Tu Nido Tenerife<\/strong> nous sommes une entreprise de gestion de propri\u00e9t\u00e9s de vacances \u00e0 Tenerife avec <span style=\"text-decoration : underline\">plus de 15 ans d'exp\u00e9rience<\/span> aidant les propri\u00e9taires \u00e0 rentabiliser leurs propri\u00e9t\u00e9s sans stress ni complications. Notre objectif est de vous permettre d'obtenir la rentabilit\u00e9 maximale de votre propri\u00e9t\u00e9, en vous offrant un service complet et personnalis\u00e9 de <strong>gestion de location de vacances \u00e0 Tenerife<\/strong>.<\/p><p>Nous sommes sp\u00e9cialis\u00e9s dans la transformation de la gestion de votre maison de vacances en une exp\u00e9rience rentable, s\u00fbre et sans aucun souci. Gr\u00e2ce \u00e0 notre \u00e9quipe d'experts, votre propri\u00e9t\u00e9 sera toujours entre de bonnes mains, soign\u00e9e et pr\u00e9par\u00e9e pour recevoir chaque h\u00f4te avec la meilleure qualit\u00e9 et le plus grand professionnalisme.<\/p><h3>Notre processus de gestion des locations de vacances<\/h3><ol><li><span style=\"text-decoration: underline;\"><strong>Pr\u00e9paration professionnelle<\/strong>:<\/span><ul><li class=\"translation-block\"><strong>R\u00e9vision et adaptation<\/strong> : nous analysons votre bien et l'adaptons pour qu'il r\u00e9ponde \u00e0 toutes les normes l\u00e9gales et de qualit\u00e9 requises pour les locations de vacances \u00e0 Tenerife.<\/li><li class=\"translation-block\"><strong>Photographie et visite vid\u00e9o<\/strong> : nous r\u00e9alisons un reportage photographique et une visite vid\u00e9o professionnelle qui mettent en valeur les points forts de votre propri\u00e9t\u00e9, attirant ainsi plus de r\u00e9servations.<\/li><li class=\"translation-block\"><strong>Ad Optimisation<\/strong> : nous r\u00e9digeons des descriptions attrayantes et multilingues, optimis\u00e9es pour le r\u00e9f\u00e9rencement, qui augmentent la visibilit\u00e9 sur des plateformes telles que Airbnb, Booking et d'autres sites sp\u00e9cialis\u00e9s.<\/li><\/ul><\/li><li><span style=\"text-decoration: underline;\"><strong>Promotion et r\u00e9servation<\/strong>:<\/span><ul><li class=\"translation-block\"><strong>Diffusion mondiale<\/strong> : nous publions votre maison de vacances sur les principaux portails internationaux et dans notre propre r\u00e9seau de clients et de collaborateurs directs.<\/li><li class=\"translation-block\"><strong>Gestion des r\u00e9servations<\/strong> : nous nous chargeons de g\u00e9rer chaque r\u00e9servation de mani\u00e8re s\u00fbre et efficace, en maximisant le taux d'occupation et en ajustant les prix de mani\u00e8re strat\u00e9gique afin d'obtenir les meilleures performances.<\/li><li class=\"translation-block\"><strong>Service multilingue<\/strong> : nous offrons un service en plusieurs langues, garantissant une communication fluide et professionnelle avec chaque client, ce qui am\u00e9liore leur exp\u00e9rience et leur \u00e9valuation.<\/li><\/ul><\/li><li><span style=\"text-decoration: underline;\"><strong>Fonctionnement et entretien<\/strong>:<\/span><ul><li class=\"translation-block\"><strong>Check-in et Check-out<\/strong> : nous g\u00e9rons l'accueil et le d\u00e9part des clients, en offrant un service personnalis\u00e9 qui g\u00e9n\u00e8re confiance et confort.<\/li><li class=\"translation-block\"><strong>Nettoyage et blanchissage<\/strong> : nous coordonnons le nettoyage en profondeur et le changement des draps et des serviettes apr\u00e8s chaque s\u00e9jour, en veillant toujours \u00e0 la meilleure pr\u00e9sentation possible.<\/li><li class=\"translation-block\"><strong>Maintenance pr\u00e9ventive<\/strong> : nous surveillons constamment votre propri\u00e9t\u00e9 pour nous assurer qu'elle est maintenue en parfait \u00e9tat et \u00e9viter les incidents qui pourraient affecter les r\u00e9servations.<\/li><\/ul><\/li><li><span style=\"text-decoration: underline;\"><strong>Gestion administrative et juridique<\/strong>:<\/span><ul><li class=\"translation-block\"><strong>Contr\u00f4le des revenus et des paiements<\/strong> : nous g\u00e9rons les recouvrements et les paiements en toute transparence et ponctualit\u00e9, en vous offrant des rapports clairs et d\u00e9taill\u00e9s.<\/li><li class=\"translation-block\"><strong>L\u00e9galit\u00e9 et licences<\/strong> : nous veillons \u00e0 ce que votre maison de vacances soit conforme \u00e0 toutes les r\u00e9glementations locales et poss\u00e8de les licences n\u00e9cessaires pour fonctionner l\u00e9galement \u00e0 T\u00e9n\u00e9riffe.<\/li><li class=\"translation-block\">&lt;Rapports p\u00e9riodiques<\/strong> : vous recevrez des rapports actualis\u00e9s sur l'occupation, les revenus et l'\u00e9tat g\u00e9n\u00e9ral de votre bien, de sorte que vous serez toujours au courant de ses performances.<\/li><\/ul><\/li><\/ol><h4>Pourquoi choisir Tu Nido Tenerife comme soci\u00e9t\u00e9 de gestion de propri\u00e9t\u00e9s de vacances \u00e0 Tenerife ?<\/h4><ul><li class=\"translation-block\"><strong>Plus de 15 ans d'exp\u00e9rience<\/strong> : Nous sommes des experts du march\u00e9 local et connaissons les meilleures strat\u00e9gies pour maximiser le rendement de chaque maison de vacances \u00e0 Tenerife.<\/li><li class=\"translation-block\"><strong>Excellentes notes<\/strong> : Nous avons une note moyenne de 4,8 sur 5 sur des plateformes telles que Airbnb et Booking. Nous sommes Superhost et avons la distinction d'excellence, ce qui refl\u00e8te la qualit\u00e9 de notre service.<\/li><li class=\"translation-block\"><strong>Traitement personnalis\u00e9<\/strong> : nous adaptons chaque d\u00e9tail de la gestion \u00e0 vos besoins et aux particularit\u00e9s de votre propri\u00e9t\u00e9 afin d'obtenir des r\u00e9sultats optimaux.<\/li><li class=\"translation-block\"><strong>Profitabilit\u00e9 maximale<\/strong> : nous ajustons les prix et le taux d'occupation de mani\u00e8re dynamique afin que vous obteniez le profit le plus \u00e9lev\u00e9 possible, sans sacrifier la qualit\u00e9 ou la satisfaction des clients.<\/li><li class=\"translation-block\"><strong>Paix d'esprit et confiance<\/strong> : gr\u00e2ce \u00e0 notre service complet, vous pouvez oublier toute inqui\u00e9tude et profiter des avantages de votre investissement sans aucune complication.<\/li><\/ul><p class=\"translation-block\">Si vous recherchez une <strong>soci\u00e9t\u00e9 de gestion de location de vacances \u00e0 Tenerife<\/strong> qui s'occupe de votre propri\u00e9t\u00e9 comme s'il s'agissait de la sienne, qui maximise vos revenus et qui garantit la meilleure exp\u00e9rience pour chaque invit\u00e9, <strong>Tu Nido Tenerife<\/strong> est votre meilleure option.<\/p><p><strong>Contactez-nous d\u00e8s aujourd'hui et confiez la gestion de votre maison de vacances \u00e0 Tu Nido Tenerife !<\/strong><\/p>\t\t\t\t\t\t\t\t<\/div>\n\t\t\t\t<\/div>\n\t\t\t\t\t<\/div>\n\t\t\t\t<\/div>\n\t\t\t\t<\/div>","protected":false},"excerpt":{"rendered":"<p>Empresa de Gesti\u00f3n de Propiedades de Alquiler Vacacional en Tenerife +25 Propiedades Gestionadas +15 A\u00f1os de Experiencia SuperHost en Airbnb y Booking Nos encargamos de todo el proceso de gesti\u00f3n de su propiedad vacacional en Tenerife para que usted no tenga que preocuparse por nada: desde la promoci\u00f3n y gesti\u00f3n de reservas hasta la limpieza, [&hellip;]<\/p>\n","protected":false},"author":1,"featured_media":0,"parent":0,"menu_order":0,"comment_status":"closed","ping_status":"closed","template":"template\/template-homepage.php","meta":{"footnotes":""},"class_list":["post-27344","page","type-page","status-publish","hentry"],"_links":{"self":[{"href":"https:\/\/www.tunidotenerife.com\/fr\/wp-json\/wp\/v2\/pages\/27344","targetHints":{"allow":["GET"]}}],"collection":[{"href":"https:\/\/www.tunidotenerife.com\/fr\/wp-json\/wp\/v2\/pages"}],"about":[{"href":"https:\/\/www.tunidotenerife.com\/fr\/wp-json\/wp\/v2\/types\/page"}],"author":[{"embeddable":true,"href":"https:\/\/www.tunidotenerife.com\/fr\/wp-json\/wp\/v2\/users\/1"}],"replies":[{"embeddable":true,"href":"https:\/\/www.tunidotenerife.com\/fr\/wp-json\/wp\/v2\/comments?post=27344"}],"version-history":[{"count":0,"href":"https:\/\/www.tunidotenerife.com\/fr\/wp-json\/wp\/v2\/pages\/27344\/revisions"}],"wp:attachment":[{"href":"https:\/\/www.tunidotenerife.com\/fr\/wp-json\/wp\/v2\/media?parent=27344"}],"curies":[{"name":"wp","href":"https:\/\/api.w.org\/{rel}","templated":true}]}}