{"id":26171,"date":"2025-03-21T16:13:36","date_gmt":"2025-03-21T16:13:36","guid":{"rendered":"https:\/\/www.tunidotenerife.com\/?page_id=26171"},"modified":"2025-03-21T16:15:41","modified_gmt":"2025-03-21T16:15:41","slug":"politica-de-cookies","status":"publish","type":"page","link":"https:\/\/www.tunidotenerife.com\/fr\/politica-de-cookies\/","title":{"rendered":"Politique en mati\u00e8re de cookies"},"content":{"rendered":"<p data-start=\"321\" data-end=\"593\">Au <strong data-start=\"324\" data-end=\"344\">Tu Nido Tenerife<\/strong>Nous utilisons des cookies pour assurer le bon fonctionnement du site web, am\u00e9liorer l'exp\u00e9rience de l'utilisateur et collecter des informations statistiques anonymes. Cette politique explique ce que sont les cookies, quel type nous utilisons et comment vous pouvez les g\u00e9rer.<\/p>\n<h3 data-start=\"600\" data-end=\"632\"><strong data-start=\"604\" data-end=\"632\">1) Qu'est-ce qu'un cookie ?<\/strong><\/h3>\n<p data-start=\"634\" data-end=\"928\">Les cookies sont de petits fichiers texte que les sites web installent dans le navigateur de l'utilisateur pour stocker des informations sur sa visite, telles que la langue pr\u00e9f\u00e9r\u00e9e, les donn\u00e9es de session ou le comportement sur le site web. Ils n'endommagent pas l'appareil et leur utilisation est r\u00e9glement\u00e9e par la l\u00e9gislation en vigueur.<\/p>\n<h3 data-start=\"935\" data-end=\"979\"><strong data-start=\"939\" data-end=\"979\">2. quels types de cookies utilisons-nous ?<\/strong><\/h3>\n<p data-start=\"981\" data-end=\"1050\">Nous utilisons les cat\u00e9gories de cookies suivantes sur notre site web :<\/p>\n<h4 data-start=\"1052\" data-end=\"1092\">\u2705 <strong data-start=\"1059\" data-end=\"1092\">Cookies techniques ou n\u00e9cessaires<\/strong><\/h4>\n<p data-start=\"1093\" data-end=\"1281\">Elles sont essentielles au fonctionnement de base du site web et ne n\u00e9cessitent pas de consentement. Ils permettent des fonctions telles que la navigation s\u00e9curis\u00e9e, la gestion des formulaires ou l'acc\u00e8s \u00e0 des zones priv\u00e9es.<\/p>\n<h4 data-start=\"1283\" data-end=\"1328\">\ud83d\udcca <strong data-start=\"1291\" data-end=\"1328\">Cookies d'analyse ou de performance<\/strong><\/h4>\n<p data-start=\"1329\" data-end=\"1589\">Ils nous permettent de comprendre comment les visiteurs interagissent avec notre site web et d'am\u00e9liorer ainsi ses performances. Nous utilisons des outils tels que <strong data-start=\"1460\" data-end=\"1480\">Google Analytics<\/strong>qui recueillent des informations sous une forme anonyme (par exemple, les pages visit\u00e9es, le temps pass\u00e9 sur le site web, l'appareil, etc.)<\/p>\n<h4 data-start=\"1591\" data-end=\"1645\">\ud83c\udfaf <strong data-start=\"1599\" data-end=\"1645\">Cookies de personnalisation ou de fonctionnalit\u00e9<\/strong><\/h4>\n<p data-start=\"1646\" data-end=\"1767\">Ces cookies m\u00e9morisent vos pr\u00e9f\u00e9rences et vos param\u00e8tres afin de vous offrir une exp\u00e9rience plus personnalis\u00e9e (langue, r\u00e9gion, etc.).<\/p>\n<h4 data-start=\"1769\" data-end=\"1800\">\ud83d\udce2 <strong data-start=\"1777\" data-end=\"1800\">Cookies de tiers<\/strong><\/h4>\n<p data-start=\"1801\" data-end=\"1964\">Nous pouvons utiliser des services tiers qui d\u00e9finissent leurs propres cookies, par exemple lors de la lecture de vid\u00e9os YouTube int\u00e9gr\u00e9es ou de l'int\u00e9gration de Google Maps.<\/p>\n<h3 data-start=\"1971\" data-end=\"2016\"><strong data-start=\"1975\" data-end=\"2016\">3) Comment obtenons-nous votre consentement ?<\/strong><\/h3>\n<p data-start=\"2018\" data-end=\"2136\">Lorsque vous acc\u00e9dez \u00e0 notre site pour la premi\u00e8re fois, vous verrez s'afficher un <strong data-start=\"2076\" data-end=\"2112\">banni\u00e8re g\u00e9r\u00e9e par YesCookies<\/strong> qui permet \u00e0 l'utilisateur :<\/p>\n<ul data-start=\"2138\" data-end=\"2258\">\n<li data-start=\"2138\" data-end=\"2168\">\u2705 Accepter tous les cookies.<\/li>\n<li data-start=\"2169\" data-end=\"2206\">\u274c Rejeter tous ceux qui ne sont pas n\u00e9cessaires.<\/li>\n<li data-start=\"2207\" data-end=\"2258\">\u2699\ufe0f Configurez vos pr\u00e9f\u00e9rences de mani\u00e8re granulaire.<\/li>\n<\/ul>\n<p data-start=\"2260\" data-end=\"2450\">L'utilisateur peut modifier ses param\u00e8tres ou retirer son consentement \u00e0 tout moment en cliquant sur le lien \".<strong data-start=\"2370\" data-end=\"2398\">Param\u00e8tres des cookies<\/strong>\"disponible dans le pied de page du site web.<\/p>\n<h3 data-start=\"2457\" data-end=\"2511\"><strong data-start=\"2461\" data-end=\"2511\">4) Comment d\u00e9sactiver ou supprimer les cookies ?<\/strong><\/h3>\n<p data-start=\"2513\" data-end=\"2690\">Vous pouvez configurer votre navigateur pour qu'il accepte, bloque ou supprime les cookies. Veuillez noter que la d\u00e9sactivation des cookies n\u00e9cessaires peut affecter le bon fonctionnement du site web.<\/p>\n<p data-start=\"2692\" data-end=\"2763\">Voici des liens vers des instructions pour les navigateurs les plus courants :<\/p>\n<ul data-start=\"2765\" data-end=\"3137\">\n<li data-start=\"2765\" data-end=\"2834\"><strong data-start=\"2767\" data-end=\"2785\">Google Chrome :<\/strong> <a href=\"https:\/\/support.google.com\/chrome\/answer\/95647\" target=\"_new\" rel=\"noopener\" data-start=\"2786\" data-end=\"2832\">https:\/\/support.google.com\/chrome\/answer\/95647<\/a><\/li>\n<li data-start=\"2835\" data-end=\"2926\"><strong data-start=\"2837\" data-end=\"2857\">Mozilla Firefox :<\/strong> <a href=\"https:\/\/support.mozilla.org\/es\/kb\/habilitar-y-deshabilitar-cookies\" target=\"_new\" rel=\"noopener\" data-start=\"2858\" data-end=\"2924\">https:\/\/support.mozilla.org\/es\/kb\/habilitar-y-deshabilitar-cookies<\/a><\/li>\n<li data-start=\"2927\" data-end=\"2991\"><strong data-start=\"2929\" data-end=\"2948\">Safari (Apple) :<\/strong> <a href=\"https:\/\/support.apple.com\/es-es\/HT201265\" target=\"_new\" rel=\"noopener\" data-start=\"2949\" data-end=\"2989\">https:\/\/support.apple.com\/es-es\/HT201265<\/a><\/li>\n<li data-start=\"2992\" data-end=\"3064\"><strong data-start=\"2994\" data-end=\"3013\">Microsoft Edge :<\/strong> <a href=\"https:\/\/support.microsoft.com\/es-es\/help\/4027947\" target=\"_new\" rel=\"noopener\" data-start=\"3014\" data-end=\"3062\">https:\/\/support.microsoft.com\/es-es\/help\/4027947<\/a><\/li>\n<li data-start=\"3065\" data-end=\"3137\"><strong data-start=\"3067\" data-end=\"3077\">Op\u00e9ra :<\/strong> <a href=\"https:\/\/help.opera.com\/en\/latest\/web-preferences\/#cookies\" target=\"_new\" rel=\"noopener\" data-start=\"3078\" data-end=\"3135\">https:\/\/help.opera.com\/en\/latest\/web-preferences\/#cookies<\/a><\/li>\n<\/ul>\n<p data-start=\"3139\" data-end=\"3258\">Vous pouvez \u00e9galement installer des extensions telles que <strong data-start=\"3180\" data-end=\"3192\">Ghostery<\/strong> o <strong data-start=\"3195\" data-end=\"3216\">Cookie AutoDelete<\/strong> pour mieux contr\u00f4ler les cookies.<\/p>\n<h3 data-start=\"3265\" data-end=\"3315\"><strong data-start=\"3269\" data-end=\"3315\">5. Transferts internationaux de donn\u00e9es<\/strong><\/h3>\n<p data-start=\"3317\" data-end=\"3587\">Certains cookies de tiers, tels que Google ou Meta, peuvent impliquer des transferts de donn\u00e9es en dehors de l'Espace \u00e9conomique europ\u00e9en (EEE). Ces transferts sont effectu\u00e9s dans le cadre de garanties appropri\u00e9es telles que <strong data-start=\"3516\" data-end=\"3548\">Clauses contractuelles types<\/strong> ou le <strong data-start=\"3554\" data-end=\"3586\">Cadre de protection des donn\u00e9es (CPD)<\/strong>.<\/p>\n<h3 data-start=\"3594\" data-end=\"3646\"><strong data-start=\"3598\" data-end=\"3646\">6. Mise \u00e0 jour de la politique en mati\u00e8re de cookies<\/strong><\/h3>\n<p data-start=\"3648\" data-end=\"3797\">Nous pouvons mettre \u00e0 jour cette politique en fonction des changements juridiques, techniques ou op\u00e9rationnels apport\u00e9s au site web. Nous vous encourageons \u00e0 la consulter r\u00e9guli\u00e8rement.<\/p>\n<h3 data-start=\"3804\" data-end=\"3820\"><strong data-start=\"3808\" data-end=\"3820\">Contact<\/strong><\/h3>\n<p data-start=\"3822\" data-end=\"3925\">Pour toute question concernant l'utilisation de cookies sur notre site web, vous pouvez nous contacter \u00e0 l'adresse suivante :<\/p>\n<p data-start=\"3927\" data-end=\"4046\"><strong data-start=\"3927\" data-end=\"3940\">\ud83d\udce9 Courriel :<\/strong> <a rel=\"noopener\" data-start=\"3941\" data-end=\"3963\">psa@tunidotenerife.com<\/a><br data-start=\"3963\" data-end=\"3966\" \/><strong data-start=\"3966\" data-end=\"3983\">\ud83d\udccd Adresse :<\/strong> Calle el Sauce 9, Local 3, Costa Adeje, Santa Cruz de Tenerife.<\/p>\n<p data-start=\"3927\" data-end=\"4046\">\n<p data-start=\"3927\" data-end=\"4046\">\n<p data-start=\"3927\" data-end=\"4046\"><strong data-start=\"274\" data-end=\"319\">Derni\u00e8re mise \u00e0 jour : 21 mars 2025<\/strong><\/p>","protected":false},"excerpt":{"rendered":"<p>En Tu Nido Tenerife, utilizamos cookies para garantizar el correcto funcionamiento del sitio web, mejorar la experiencia del usuario y recopilar informaci\u00f3n estad\u00edstica an\u00f3nima. Esta pol\u00edtica explica qu\u00e9 son las cookies, qu\u00e9 tipo utilizamos y c\u00f3mo puedes gestionarlas. 1. \u00bfQu\u00e9 son las cookies? Las cookies son peque\u00f1os archivos de texto que los sitios web instalan [&hellip;]<\/p>\n","protected":false},"author":1,"featured_media":0,"parent":0,"menu_order":0,"comment_status":"closed","ping_status":"closed","template":"","meta":{"footnotes":""},"class_list":["post-26171","page","type-page","status-publish","hentry"],"_links":{"self":[{"href":"https:\/\/www.tunidotenerife.com\/fr\/wp-json\/wp\/v2\/pages\/26171","targetHints":{"allow":["GET"]}}],"collection":[{"href":"https:\/\/www.tunidotenerife.com\/fr\/wp-json\/wp\/v2\/pages"}],"about":[{"href":"https:\/\/www.tunidotenerife.com\/fr\/wp-json\/wp\/v2\/types\/page"}],"author":[{"embeddable":true,"href":"https:\/\/www.tunidotenerife.com\/fr\/wp-json\/wp\/v2\/users\/1"}],"replies":[{"embeddable":true,"href":"https:\/\/www.tunidotenerife.com\/fr\/wp-json\/wp\/v2\/comments?post=26171"}],"version-history":[{"count":0,"href":"https:\/\/www.tunidotenerife.com\/fr\/wp-json\/wp\/v2\/pages\/26171\/revisions"}],"wp:attachment":[{"href":"https:\/\/www.tunidotenerife.com\/fr\/wp-json\/wp\/v2\/media?parent=26171"}],"curies":[{"name":"wp","href":"https:\/\/api.w.org\/{rel}","templated":true}]}}