{"id":26168,"date":"2025-03-21T16:12:51","date_gmt":"2025-03-21T16:12:51","guid":{"rendered":"https:\/\/www.tunidotenerife.com\/?page_id=26168"},"modified":"2025-03-21T16:12:51","modified_gmt":"2025-03-21T16:12:51","slug":"aviso-legal","status":"publish","type":"page","link":"https:\/\/www.tunidotenerife.com\/fr\/aviso-legal\/","title":{"rendered":"Avis juridique"},"content":{"rendered":"<h2 data-start=\"294\" data-end=\"343\">1. L'IDENTIFICATION DU PROPRI\u00c9TAIRE DU SITE WEB<\/h2>\n<p data-start=\"344\" data-end=\"544\">Conform\u00e9ment \u00e0 l'article 10 de la loi 34\/2002, du 11 juillet, sur les services de la soci\u00e9t\u00e9 de l'information et le commerce \u00e9lectronique (LSSI-CE), nous vous informons que ce site web est la propri\u00e9t\u00e9 de :<\/p>\n<ul data-start=\"546\" data-end=\"946\">\n<li data-start=\"546\" data-end=\"588\"><strong data-start=\"548\" data-end=\"569\">Nom commercial :<\/strong> Tu Nido Tenerife<\/li>\n<li data-start=\"589\" data-end=\"630\"><strong data-start=\"591\" data-end=\"608\">Nom de l'entreprise :<\/strong> Tu Nido Tenerife SL<\/li>\n<li data-start=\"631\" data-end=\"653\"><strong data-start=\"633\" data-end=\"641\">CIF :<\/strong> B76752567<\/li>\n<li data-start=\"654\" data-end=\"742\"><strong data-start=\"656\" data-end=\"677\">Si\u00e8ge social :<\/strong> Calle el Sauce 9, Local 3, Costa Adeje, Santa Cruz de Tenerife.<\/li>\n<li data-start=\"743\" data-end=\"815\"><strong data-start=\"745\" data-end=\"770\">Num\u00e9ro de t\u00e9l\u00e9phone de contact :<\/strong> +34 922 71 38 83<\/li>\n<li data-start=\"816\" data-end=\"866\"><strong data-start=\"818\" data-end=\"841\">E-mail :<\/strong> <a rel=\"noopener\" data-start=\"842\" data-end=\"864\">psa@tunidotenerife.com<\/a><\/li>\n<li data-start=\"867\" data-end=\"946\"><strong data-start=\"869\" data-end=\"883\">Activit\u00e9 :<\/strong> Services de courtage et de gestion immobili\u00e8re \u00e0 Tenerife<\/li>\n<\/ul>\n<h3 data-start=\"953\" data-end=\"979\">2. UTILISATION DU SITE WEB<\/h3>\n<p data-start=\"980\" data-end=\"1145\">L'acc\u00e8s et l'utilisation de ce site web conf\u00e8rent le statut d'utilisateur, ce qui implique l'acceptation totale et sans r\u00e9serve de toutes les dispositions du pr\u00e9sent avis juridique.<\/p>\n<p data-start=\"1147\" data-end=\"1305\">L'utilisateur s'engage \u00e0 faire un usage appropri\u00e9 du contenu du site web, \u00e0 ne pas l'utiliser pour des activit\u00e9s ill\u00e9gales et \u00e0 respecter les droits des tiers.<\/p>\n<h3 data-start=\"1312\" data-end=\"1355\">3. PROPRI\u00c9T\u00c9 INTELLECTUELLE ET INDUSTRIELLE<\/h3>\n<p data-start=\"1356\" data-end=\"1662\">Tous les contenus du site web (textes, images, logos, conception graphique, structure de navigation, code source, etc.) sont prot\u00e9g\u00e9s par des droits de propri\u00e9t\u00e9 intellectuelle et industrielle, d\u00e9tenus par Tu Nido Tenerife ou par des tiers avec lesquels un accord de cession de droits a \u00e9t\u00e9 conclu.<\/p>\n<p data-start=\"1664\" data-end=\"1810\">La reproduction, la distribution, la communication publique ou la transformation de ce contenu est interdite sans l'autorisation expresse du propri\u00e9taire.<\/p>\n<h3 data-start=\"1817\" data-end=\"1842\">4. LIENS EXTERNES<\/h3>\n<p data-start=\"1843\" data-end=\"2052\">Ce site web peut contenir des liens vers des sites web de tiers. Tu Nido Tenerife n'est pas responsable du contenu, des politiques de confidentialit\u00e9 ou de l'utilisation des informations personnelles par ces tiers.<\/p>\n<h3 data-start=\"2059\" data-end=\"2083\">5. RESPONSABILIT\u00c9<\/h3>\n<p data-start=\"2084\" data-end=\"2286\">Tu Nido Tenerife ne garantit pas l'inexistence d'erreurs dans l'acc\u00e8s au site, dans son contenu ou dans sa mise \u00e0 jour, bien qu'elle s'engage \u00e0 les corriger d\u00e8s qu'elle en a connaissance.<\/p>\n<p data-start=\"2288\" data-end=\"2463\">Elle n'est pas non plus responsable des dommages pouvant r\u00e9sulter d'interf\u00e9rences, d'interruptions, de virus informatiques ou de d\u00e9connexions du syst\u00e8me d'exploitation de l'utilisateur.<\/p>\n<h3 data-start=\"2470\" data-end=\"2510\">6. POLITIQUE DE PROTECTION DES DONN\u00c9ES<\/h3>\n<p data-start=\"2511\" data-end=\"2709\">Les donn\u00e9es personnelles collect\u00e9es via le site web seront trait\u00e9es conform\u00e9ment aux r\u00e9glementations applicables en mati\u00e8re de protection des donn\u00e9es. Pour plus d'informations, veuillez vous r\u00e9f\u00e9rer \u00e0 notre <strong data-start=\"2677\" data-end=\"2708\"><a href=\"#\" rel=\"noopener\" data-start=\"2679\" data-end=\"2706\">Politique de confidentialit\u00e9<\/a><\/strong>.<\/p>\n<h3 data-start=\"2716\" data-end=\"2761\">7. DROIT APPLICABLE ET JURIDICTION<\/h3>\n<p data-start=\"2762\" data-end=\"3023\">Le pr\u00e9sent avis juridique est r\u00e9gi par la l\u00e9gislation espagnole. En cas de litige d\u00e9coulant de l'acc\u00e8s ou de l'utilisation de ce site web, les deux parties se soumettront aux cours et tribunaux de Santa Cruz de Tenerife, renon\u00e7ant express\u00e9ment \u00e0 toute autre juridiction.<\/p>\n<p data-start=\"2762\" data-end=\"3023\">\n<p data-start=\"2762\" data-end=\"3023\"><strong data-start=\"247\" data-end=\"292\">Derni\u00e8re mise \u00e0 jour : 21 mars 2025<\/strong><\/p>","protected":false},"excerpt":{"rendered":"<p>1. IDENTIFICACI\u00d3N DEL TITULAR DEL SITIO WEB En cumplimiento con el art\u00edculo 10 de la Ley 34\/2002, de 11 de julio, de Servicios de la Sociedad de la Informaci\u00f3n y del Comercio Electr\u00f3nico (LSSI-CE), se informa que este sitio web es propiedad de: Nombre comercial: Tu Nido Tenerife Raz\u00f3n social: Tu Nido Tenerife SL CIF: [&hellip;]<\/p>\n","protected":false},"author":1,"featured_media":0,"parent":0,"menu_order":0,"comment_status":"closed","ping_status":"closed","template":"","meta":{"footnotes":""},"class_list":["post-26168","page","type-page","status-publish","hentry"],"_links":{"self":[{"href":"https:\/\/www.tunidotenerife.com\/fr\/wp-json\/wp\/v2\/pages\/26168","targetHints":{"allow":["GET"]}}],"collection":[{"href":"https:\/\/www.tunidotenerife.com\/fr\/wp-json\/wp\/v2\/pages"}],"about":[{"href":"https:\/\/www.tunidotenerife.com\/fr\/wp-json\/wp\/v2\/types\/page"}],"author":[{"embeddable":true,"href":"https:\/\/www.tunidotenerife.com\/fr\/wp-json\/wp\/v2\/users\/1"}],"replies":[{"embeddable":true,"href":"https:\/\/www.tunidotenerife.com\/fr\/wp-json\/wp\/v2\/comments?post=26168"}],"version-history":[{"count":0,"href":"https:\/\/www.tunidotenerife.com\/fr\/wp-json\/wp\/v2\/pages\/26168\/revisions"}],"wp:attachment":[{"href":"https:\/\/www.tunidotenerife.com\/fr\/wp-json\/wp\/v2\/media?parent=26168"}],"curies":[{"name":"wp","href":"https:\/\/api.w.org\/{rel}","templated":true}]}}