{"id":20906,"date":"2024-04-11T16:47:57","date_gmt":"2024-04-11T15:47:57","guid":{"rendered":"https:\/\/www.tunidotenerife.com\/?page_id=20906"},"modified":"2024-05-10T01:04:26","modified_gmt":"2024-05-10T00:04:26","slug":"tipo-propiedad","status":"publish","type":"page","link":"https:\/\/www.tunidotenerife.com\/fr\/tipo-propiedad\/","title":{"rendered":"Types de biens"},"content":{"rendered":"<div data-elementor-type=\"wp-page\" data-elementor-id=\"20906\" class=\"elementor elementor-20906\">\n\t\t\t\t<div class=\"elementor-element elementor-element-2f68b8a e-flex e-con-boxed e-con e-parent\" data-id=\"2f68b8a\" data-element_type=\"container\" data-e-type=\"container\">\n\t\t\t\t\t<div class=\"e-con-inner\">\n\t\t\t\t<div class=\"elementor-element elementor-element-fad413b elementor-widget elementor-widget-spacer\" data-id=\"fad413b\" data-element_type=\"widget\" data-e-type=\"widget\" data-widget_type=\"spacer.default\">\n\t\t\t\t<div class=\"elementor-widget-container\">\n\t\t\t\t\t\t\t<div class=\"elementor-spacer\">\n\t\t\t<div class=\"elementor-spacer-inner\"><\/div>\n\t\t<\/div>\n\t\t\t\t\t\t<\/div>\n\t\t\t\t<\/div>\n\t\t\t\t<div class=\"elementor-element elementor-element-47a3d46 elementor-widget elementor-widget-heading\" data-id=\"47a3d46\" data-element_type=\"widget\" data-e-type=\"widget\" data-widget_type=\"heading.default\">\n\t\t\t\t<div class=\"elementor-widget-container\">\n\t\t\t\t\t<h1 class=\"elementor-heading-title elementor-size-default\">Propri\u00e9t\u00e9s \u00e0 vendre et \u00e0 louer \u00e0 Tenerife<\/h1>\t\t\t\t<\/div>\n\t\t\t\t<\/div>\n\t\t\t\t<div class=\"elementor-element elementor-element-b47950d elementor-widget elementor-widget-spacer\" data-id=\"b47950d\" data-element_type=\"widget\" data-e-type=\"widget\" data-widget_type=\"spacer.default\">\n\t\t\t\t<div class=\"elementor-widget-container\">\n\t\t\t\t\t\t\t<div class=\"elementor-spacer\">\n\t\t\t<div class=\"elementor-spacer-inner\"><\/div>\n\t\t<\/div>\n\t\t\t\t\t\t<\/div>\n\t\t\t\t<\/div>\n\t\t\t\t<div class=\"elementor-element elementor-element-622be95 elementor-widget elementor-widget-houzez_elementor_grids\" data-id=\"622be95\" data-element_type=\"widget\" data-e-type=\"widget\" data-widget_type=\"houzez_elementor_grids.default\">\n\t\t\t\t<div class=\"elementor-widget-container\">\n\t\t\t\t\t\t\t<div class=\"taxonomy-grids-module taxonomy-grids-module-v4\">\r\n    \t\t<div class=\"taxonomy-grids-module-grid\">\r\n\t\t\t\t\t\t\t\t\t\t<div class=\"taxonomy-item-rectangle\">\r\n\t\t\t\t\t\t\t<div class=\"taxonomy-item-wrap h-100\">\t\r\n\t\t\t\t\t\t\t\t<div class=\"taxonomy-item\" style=\"background-image: url(https:\/\/www.tunidotenerife.com\/wp-content\/uploads\/2024\/04\/apartamento.jpeg);\">\r\n\t\t\t\t\t\t\t\t\t<a class=\"taxonomy-link hover-effect-flat\" href=\"https:\/\/www.tunidotenerife.com\/fr\/tipo-propiedad\/apartamento\/\">\r\n\t\t\t\t\t\t\t\t\t\t<div class=\"taxonomy-text-wrap d-flex flex-column justify-content-end align-items-start h-100 w-100\">\r\n\t\t\t\t\t\t\t\t\t\t\t<div class=\"taxonomy-title\">Appartement<\/div>\r\n\t\t\t\t\t\t\t\t\t\t\t\t\t\t\t\t\t\t\t\t\t<\/div><!-- taxonomy-text-wrap -->\r\n\t\t\t\t\t\t\t\t\t<\/a>\r\n\t\t\t\t\t\t\t\t<\/div>\r\n\t\t\t\t\t\t\t<\/div>\r\n\t\t\t\t\t\t<\/div>\r\n\t\t\t\t\t\t\t\t\t\t\t\t<div class=\"taxonomy-item-square\">\r\n\t\t\t\t\t\t\t<div class=\"taxonomy-item-wrap h-100\">\t\r\n\t\t\t\t\t\t\t\t<div class=\"taxonomy-item\" style=\"background-image: url(https:\/\/www.tunidotenerife.com\/wp-content\/uploads\/2024\/04\/villa.jpeg);\">\r\n\t\t\t\t\t\t\t\t\t<a class=\"taxonomy-link hover-effect-flat\" href=\"https:\/\/www.tunidotenerife.com\/fr\/tipo-propiedad\/villa\/\">\r\n\t\t\t\t\t\t\t\t\t\t<div class=\"taxonomy-text-wrap d-flex flex-column justify-content-end align-items-start h-100 w-100\">\r\n\t\t\t\t\t\t\t\t\t\t\t<div class=\"taxonomy-title\">Villa \/ Maison<\/div>\r\n\t\t\t\t\t\t\t\t\t\t\t\t\t\t\t\t\t\t\t\t\t<\/div><!-- taxonomy-text-wrap -->\r\n\t\t\t\t\t\t\t\t\t<\/a>\r\n\t\t\t\t\t\t\t\t<\/div>\r\n\t\t\t\t\t\t\t<\/div>\r\n\t\t\t\t\t\t<\/div>\r\n\t\t\t\t\t\t\t\t\t\t\t\t<div class=\"taxonomy-item-square\">\r\n\t\t\t\t\t\t\t<div class=\"taxonomy-item-wrap h-100\">\t\r\n\t\t\t\t\t\t\t\t<div class=\"taxonomy-item\" style=\"background-image: url(https:\/\/www.tunidotenerife.com\/wp-content\/uploads\/2024\/04\/terrenos.jpg);\">\r\n\t\t\t\t\t\t\t\t\t<a class=\"taxonomy-link hover-effect-flat\" href=\"https:\/\/www.tunidotenerife.com\/fr\/tipo-propiedad\/terreno\/\">\r\n\t\t\t\t\t\t\t\t\t\t<div class=\"taxonomy-text-wrap d-flex flex-column justify-content-end align-items-start h-100 w-100\">\r\n\t\t\t\t\t\t\t\t\t\t\t<div class=\"taxonomy-title\">Terre<\/div>\r\n\t\t\t\t\t\t\t\t\t\t\t\t\t\t\t\t\t\t\t\t\t<\/div><!-- taxonomy-text-wrap -->\r\n\t\t\t\t\t\t\t\t\t<\/a>\r\n\t\t\t\t\t\t\t\t<\/div>\r\n\t\t\t\t\t\t\t<\/div>\r\n\t\t\t\t\t\t<\/div>\r\n\t\t\t\t\t\t\t\t\t\t\t\t<div class=\"taxonomy-item-square\">\r\n\t\t\t\t\t\t\t<div class=\"taxonomy-item-wrap h-100\">\t\r\n\t\t\t\t\t\t\t\t<div class=\"taxonomy-item\" style=\"background-image: url(https:\/\/www.tunidotenerife.com\/wp-content\/uploads\/2024\/04\/adosado.jpeg);\">\r\n\t\t\t\t\t\t\t\t\t<a class=\"taxonomy-link hover-effect-flat\" href=\"https:\/\/www.tunidotenerife.com\/fr\/tipo-propiedad\/adosado\/\">\r\n\t\t\t\t\t\t\t\t\t\t<div class=\"taxonomy-text-wrap d-flex flex-column justify-content-end align-items-start h-100 w-100\">\r\n\t\t\t\t\t\t\t\t\t\t\t<div class=\"taxonomy-title\">Maison de ville<\/div>\r\n\t\t\t\t\t\t\t\t\t\t\t\t\t\t\t\t\t\t\t\t\t<\/div><!-- taxonomy-text-wrap -->\r\n\t\t\t\t\t\t\t\t\t<\/a>\r\n\t\t\t\t\t\t\t\t<\/div>\r\n\t\t\t\t\t\t\t<\/div>\r\n\t\t\t\t\t\t<\/div>\r\n\t\t\t\t\t\t\t\t\t\t\t\t<div class=\"taxonomy-item-square\">\r\n\t\t\t\t\t\t\t<div class=\"taxonomy-item-wrap h-100\">\t\r\n\t\t\t\t\t\t\t\t<div class=\"taxonomy-item\" style=\"background-image: url(https:\/\/www.tunidotenerife.com\/wp-content\/uploads\/2024\/04\/duplex.jpeg);\">\r\n\t\t\t\t\t\t\t\t\t<a class=\"taxonomy-link hover-effect-flat\" href=\"https:\/\/www.tunidotenerife.com\/fr\/tipo-propiedad\/duplex\/\">\r\n\t\t\t\t\t\t\t\t\t\t<div class=\"taxonomy-text-wrap d-flex flex-column justify-content-end align-items-start h-100 w-100\">\r\n\t\t\t\t\t\t\t\t\t\t\t<div class=\"taxonomy-title\">Duplex<\/div>\r\n\t\t\t\t\t\t\t\t\t\t\t\t\t\t\t\t\t\t\t\t\t<\/div><!-- taxonomy-text-wrap -->\r\n\t\t\t\t\t\t\t\t\t<\/a>\r\n\t\t\t\t\t\t\t\t<\/div>\r\n\t\t\t\t\t\t\t<\/div>\r\n\t\t\t\t\t\t<\/div>\r\n\t\t\t\t\t\t\t\t\t\t\t\t<div class=\"taxonomy-item-rectangle\">\r\n\t\t\t\t\t\t\t<div class=\"taxonomy-item-wrap h-100\">\t\r\n\t\t\t\t\t\t\t\t<div class=\"taxonomy-item\" style=\"background-image: url(https:\/\/www.tunidotenerife.com\/wp-content\/uploads\/2024\/04\/fincas.jpeg);\">\r\n\t\t\t\t\t\t\t\t\t<a class=\"taxonomy-link hover-effect-flat\" href=\"https:\/\/www.tunidotenerife.com\/fr\/tipo-propiedad\/finca\/\">\r\n\t\t\t\t\t\t\t\t\t\t<div class=\"taxonomy-text-wrap d-flex flex-column justify-content-end align-items-start h-100 w-100\">\r\n\t\t\t\t\t\t\t\t\t\t\t<div class=\"taxonomy-title\">Finca<\/div>\r\n\t\t\t\t\t\t\t\t\t\t\t\t\t\t\t\t\t\t\t\t\t<\/div><!-- taxonomy-text-wrap -->\r\n\t\t\t\t\t\t\t\t\t<\/a>\r\n\t\t\t\t\t\t\t\t<\/div>\r\n\t\t\t\t\t\t\t<\/div>\r\n\t\t\t\t\t\t<\/div>\r\n\t\t\t\t\t\t\t\t\t\t\t\t<div class=\"taxonomy-item-rectangle\">\r\n\t\t\t\t\t\t\t<div class=\"taxonomy-item-wrap h-100\">\t\r\n\t\t\t\t\t\t\t\t<div class=\"taxonomy-item\" style=\"background-image: url(https:\/\/www.tunidotenerife.com\/wp-content\/uploads\/2024\/04\/estudio.jpeg);\">\r\n\t\t\t\t\t\t\t\t\t<a class=\"taxonomy-link hover-effect-flat\" href=\"https:\/\/www.tunidotenerife.com\/fr\/tipo-propiedad\/estudio\/\">\r\n\t\t\t\t\t\t\t\t\t\t<div class=\"taxonomy-text-wrap d-flex flex-column justify-content-end align-items-start h-100 w-100\">\r\n\t\t\t\t\t\t\t\t\t\t\t<div class=\"taxonomy-title\">L'\u00e9tude<\/div>\r\n\t\t\t\t\t\t\t\t\t\t\t\t\t\t\t\t\t\t\t\t\t<\/div><!-- taxonomy-text-wrap -->\r\n\t\t\t\t\t\t\t\t\t<\/a>\r\n\t\t\t\t\t\t\t\t<\/div>\r\n\t\t\t\t\t\t\t<\/div>\r\n\t\t\t\t\t\t<\/div>\r\n\t\t\t\t\t\t\t\t\t\t\t\t<div class=\"taxonomy-item-square\">\r\n\t\t\t\t\t\t\t<div class=\"taxonomy-item-wrap h-100\">\t\r\n\t\t\t\t\t\t\t\t<div class=\"taxonomy-item\" style=\"background-image: url();\">\r\n\t\t\t\t\t\t\t\t\t<a class=\"taxonomy-link hover-effect-flat\" href=\"https:\/\/www.tunidotenerife.com\/fr\/tipo-propiedad\/local-comercial\/\">\r\n\t\t\t\t\t\t\t\t\t\t<div class=\"taxonomy-text-wrap d-flex flex-column justify-content-end align-items-start h-100 w-100\">\r\n\t\t\t\t\t\t\t\t\t\t\t<div class=\"taxonomy-title\">Locaux commerciaux<\/div>\r\n\t\t\t\t\t\t\t\t\t\t\t\t\t\t\t\t\t\t\t\t\t<\/div><!-- taxonomy-text-wrap -->\r\n\t\t\t\t\t\t\t\t\t<\/a>\r\n\t\t\t\t\t\t\t\t<\/div>\r\n\t\t\t\t\t\t\t<\/div>\r\n\t\t\t\t\t\t<\/div>\r\n\t\t\t\t\t\t\t\t\t\t\t\t<div class=\"taxonomy-item-square\">\r\n\t\t\t\t\t\t\t<div class=\"taxonomy-item-wrap h-100\">\t\r\n\t\t\t\t\t\t\t\t<div class=\"taxonomy-item\" style=\"background-image: url(https:\/\/www.tunidotenerife.com\/wp-content\/uploads\/2024\/04\/atico.jpeg);\">\r\n\t\t\t\t\t\t\t\t\t<a class=\"taxonomy-link hover-effect-flat\" href=\"https:\/\/www.tunidotenerife.com\/fr\/tipo-propiedad\/atico\/\">\r\n\t\t\t\t\t\t\t\t\t\t<div class=\"taxonomy-text-wrap d-flex flex-column justify-content-end align-items-start h-100 w-100\">\r\n\t\t\t\t\t\t\t\t\t\t\t<div class=\"taxonomy-title\">Penthouse<\/div>\r\n\t\t\t\t\t\t\t\t\t\t\t\t\t\t\t\t\t\t\t\t\t<\/div><!-- taxonomy-text-wrap -->\r\n\t\t\t\t\t\t\t\t\t<\/a>\r\n\t\t\t\t\t\t\t\t<\/div>\r\n\t\t\t\t\t\t\t<\/div>\r\n\t\t\t\t\t\t<\/div>\r\n\t\t\t\t\t\t\t\t\t\t\t\t<div class=\"taxonomy-item-square\">\r\n\t\t\t\t\t\t\t<div class=\"taxonomy-item-wrap h-100\">\t\r\n\t\t\t\t\t\t\t\t<div class=\"taxonomy-item\" style=\"background-image: url(https:\/\/www.tunidotenerife.com\/wp-content\/uploads\/2024\/04\/negocio.jpeg);\">\r\n\t\t\t\t\t\t\t\t\t<a class=\"taxonomy-link hover-effect-flat\" href=\"https:\/\/www.tunidotenerife.com\/fr\/tipo-propiedad\/negocio\/\">\r\n\t\t\t\t\t\t\t\t\t\t<div class=\"taxonomy-text-wrap d-flex flex-column justify-content-end align-items-start h-100 w-100\">\r\n\t\t\t\t\t\t\t\t\t\t\t<div class=\"taxonomy-title\">Entreprises<\/div>\r\n\t\t\t\t\t\t\t\t\t\t\t\t\t\t\t\t\t\t\t\t\t<\/div><!-- taxonomy-text-wrap -->\r\n\t\t\t\t\t\t\t\t\t<\/a>\r\n\t\t\t\t\t\t\t\t<\/div>\r\n\t\t\t\t\t\t\t<\/div>\r\n\t\t\t\t\t\t<\/div>\r\n\t\t\t\t\t\t\t\t\t\t\t\t<div class=\"taxonomy-item-square\">\r\n\t\t\t\t\t\t\t<div class=\"taxonomy-item-wrap h-100\">\t\r\n\t\t\t\t\t\t\t\t<div class=\"taxonomy-item\" style=\"background-image: url(https:\/\/www.tunidotenerife.com\/wp-content\/uploads\/2024\/04\/edificios.jpeg);\">\r\n\t\t\t\t\t\t\t\t\t<a class=\"taxonomy-link hover-effect-flat\" href=\"https:\/\/www.tunidotenerife.com\/fr\/tipo-propiedad\/edificio\/\">\r\n\t\t\t\t\t\t\t\t\t\t<div class=\"taxonomy-text-wrap d-flex flex-column justify-content-end align-items-start h-100 w-100\">\r\n\t\t\t\t\t\t\t\t\t\t\t<div class=\"taxonomy-title\">B\u00e2timent<\/div>\r\n\t\t\t\t\t\t\t\t\t\t\t\t\t\t\t\t\t\t\t\t\t<\/div><!-- taxonomy-text-wrap -->\r\n\t\t\t\t\t\t\t\t\t<\/a>\r\n\t\t\t\t\t\t\t\t<\/div>\r\n\t\t\t\t\t\t\t<\/div>\r\n\t\t\t\t\t\t<\/div>\r\n\t\t\t\t\t\t\t\t\t\t\t\t<div class=\"taxonomy-item-rectangle\">\r\n\t\t\t\t\t\t\t<div class=\"taxonomy-item-wrap h-100\">\t\r\n\t\t\t\t\t\t\t\t<div class=\"taxonomy-item\" style=\"background-image: url(https:\/\/www.tunidotenerife.com\/wp-content\/uploads\/2024\/04\/bungalo.jpeg);\">\r\n\t\t\t\t\t\t\t\t\t<a class=\"taxonomy-link hover-effect-flat\" href=\"https:\/\/www.tunidotenerife.com\/fr\/tipo-propiedad\/bungalo\/\">\r\n\t\t\t\t\t\t\t\t\t\t<div class=\"taxonomy-text-wrap d-flex flex-column justify-content-end align-items-start h-100 w-100\">\r\n\t\t\t\t\t\t\t\t\t\t\t<div class=\"taxonomy-title\">Bungalow<\/div>\r\n\t\t\t\t\t\t\t\t\t\t\t\t\t\t\t\t\t\t\t\t\t<\/div><!-- taxonomy-text-wrap -->\r\n\t\t\t\t\t\t\t\t\t<\/a>\r\n\t\t\t\t\t\t\t\t<\/div>\r\n\t\t\t\t\t\t\t<\/div>\r\n\t\t\t\t\t\t<\/div>\r\n\t\t\t\t\t\t\t\t\t\t\t\t<div class=\"taxonomy-item-rectangle\">\r\n\t\t\t\t\t\t\t<div class=\"taxonomy-item-wrap h-100\">\t\r\n\t\t\t\t\t\t\t\t<div class=\"taxonomy-item\" style=\"background-image: url();\">\r\n\t\t\t\t\t\t\t\t\t<a class=\"taxonomy-link hover-effect-flat\" href=\"https:\/\/www.tunidotenerife.com\/fr\/tipo-propiedad\/traspaso\/\">\r\n\t\t\t\t\t\t\t\t\t\t<div class=\"taxonomy-text-wrap d-flex flex-column justify-content-end align-items-start h-100 w-100\">\r\n\t\t\t\t\t\t\t\t\t\t\t<div class=\"taxonomy-title\">Transfert<\/div>\r\n\t\t\t\t\t\t\t\t\t\t\t\t\t\t\t\t\t\t\t\t\t<\/div><!-- taxonomy-text-wrap -->\r\n\t\t\t\t\t\t\t\t\t<\/a>\r\n\t\t\t\t\t\t\t\t<\/div>\r\n\t\t\t\t\t\t\t<\/div>\r\n\t\t\t\t\t\t<\/div>\r\n\t\t\t\t\t\t\t\t\t\t\t\t<div class=\"taxonomy-item-square\">\r\n\t\t\t\t\t\t\t<div class=\"taxonomy-item-wrap h-100\">\t\r\n\t\t\t\t\t\t\t\t<div class=\"taxonomy-item\" style=\"background-image: url(https:\/\/www.tunidotenerife.com\/wp-content\/uploads\/2024\/04\/hotel.jpeg);\">\r\n\t\t\t\t\t\t\t\t\t<a class=\"taxonomy-link hover-effect-flat\" href=\"https:\/\/www.tunidotenerife.com\/fr\/tipo-propiedad\/hotel\/\">\r\n\t\t\t\t\t\t\t\t\t\t<div class=\"taxonomy-text-wrap d-flex flex-column justify-content-end align-items-start h-100 w-100\">\r\n\t\t\t\t\t\t\t\t\t\t\t<div class=\"taxonomy-title\">H\u00f4tel<\/div>\r\n\t\t\t\t\t\t\t\t\t\t\t\t\t\t\t\t\t\t\t\t\t<\/div><!-- taxonomy-text-wrap -->\r\n\t\t\t\t\t\t\t\t\t<\/a>\r\n\t\t\t\t\t\t\t\t<\/div>\r\n\t\t\t\t\t\t\t<\/div>\r\n\t\t\t\t\t\t<\/div>\r\n\t\t\t\t\t\t\t\t\t<\/div>\r\n\t\t<\/div>\r\n\t\t\t\t\t\t<\/div>\n\t\t\t\t<\/div>\n\t\t\t\t\t<\/div>\n\t\t\t\t<\/div>\n\t\t<div class=\"elementor-element elementor-element-dbc0b60 e-flex e-con-boxed e-con e-parent\" data-id=\"dbc0b60\" data-element_type=\"container\" data-e-type=\"container\">\n\t\t\t\t\t<div class=\"e-con-inner\">\n\t\t\t\t<div class=\"elementor-element elementor-element-687ce94 elementor-widget elementor-widget-text-editor\" data-id=\"687ce94\" data-element_type=\"widget\" data-e-type=\"widget\" data-widget_type=\"text-editor.default\">\n\t\t\t\t<div class=\"elementor-widget-container\">\n\t\t\t\t\t\t\t\t\t<p>L'exploration des diff\u00e9rents types de biens immobiliers disponibles \u00e0 Tenerife, que ce soit pour l'achat ou la location, ouvre un \u00e9ventail de possibilit\u00e9s pour ceux qui r\u00eavent de vivre sur cette \u00eele paradisiaque ou d'investir dans son march\u00e9 immobilier. Avec son climat idyllique, ses paysages \u00e0 couper le souffle et son mode de vie dynamique, Tenerife offre des possibilit\u00e9s de logement pour tous les go\u00fbts et tous les besoins. Des villas luxueuses aux studios confortables, la diversit\u00e9 de l'immobilier sur l'\u00eele permet \u00e0 chacun de trouver sa place au soleil.<\/p>\n<p>Pour ceux qui recherchent <strong>acheter une maison \u00e0 Tenerife,<\/strong>&nbsp;L'\u00eele offre tout, des maisons de ville tranquilles dans des communaut\u00e9s sereines aux impressionnantes maisons individuelles avec vue sur la mer ou la montagne. L'\u00eele <strong>villas<\/strong> repr\u00e9sentent le summum du luxe \u00e0 Tenerife, avec des propri\u00e9t\u00e9s qui offrent intimit\u00e9, exclusivit\u00e9 et souvent un acc\u00e8s direct aux terrains de golf et aux c\u00f4tes priv\u00e9es. Acheter une villa \u00e0 Tenerife, c'est investir dans un mode de vie unique, o\u00f9 le confort et la beaut\u00e9 naturelle se retrouvent dans votre propre maison.<\/p>\n<p>Le march\u00e9 des <strong>appartements<\/strong> est tout aussi attrayante, offrant des options \u00e0 la fois pour ceux qui veulent <strong>acheter appartement \u00e0 Tenerife<\/strong> ainsi que pour les personnes int\u00e9ress\u00e9es par <strong>louer un appartement \u00e0 Tenerife.<\/strong>&nbsp;Les appartements de l'\u00eele vont des unit\u00e9s compactes et pratiques aux penthouses spacieux avec des vues panoramiques de r\u00eave. Id\u00e9ale pour les particuliers, les couples ou les familles, la vie en appartement \u00e0 T\u00e9n\u00e9rife allie la proximit\u00e9 des commodit\u00e9s et des attractions \u00e0 la beaut\u00e9 de l'environnement de l'\u00eele.<\/p>\n<p>Pour ceux qui pr\u00e9f\u00e8rent un espace plus intime ou qui sont \u00e0 la recherche d'une option plus abordable, le <strong>\u00e9tudes<\/strong> offrent une solution pratique et moderne. Ces espaces sont parfaits pour les jeunes professionnels ou toute personne souhaitant commencer son aventure \u00e0 T\u00e9n\u00e9rife avec un investissement intelligent et g\u00e9rable.<\/p>\n<p>Le <strong>duplex<\/strong> y <strong>bungalows<\/strong> \u00e0 Tenerife offrent des sensations similaires \u00e0 celles d'une maison, avec l'avantage de disposer d'espaces communs et, dans de nombreux cas, de piscines et de jardins. Elles sont id\u00e9ales pour les familles ou pour ceux qui recherchent un \u00e9quilibre entre intimit\u00e9 et communaut\u00e9.<\/p>\n<p>Pour les investisseurs, le march\u00e9 offre <strong>garages<\/strong> \u00e0 <strong>des b\u00e2timents complets,<\/strong>&nbsp;en passant par <strong>terre<\/strong> o\u00f9 construire des projets sur mesure, <strong>transferts d'entreprises<\/strong> avec un potentiel de croissance, et <strong>h\u00f4tels<\/strong> dans des endroits de premier choix, pr\u00eats \u00e0 \u00eatre exploit\u00e9s. Investir \u00e0 Tenerife, c'est miser sur un march\u00e9 en constante \u00e9volution, o\u00f9 la demande de locations de vacances et de propri\u00e9t\u00e9s r\u00e9sidentielles permanentes ne cesse de cro\u00eetre.<\/p>\n<p>En outre, pour ceux qui recherchent une retraite tranquille ou un projet de vie \u00e0 la campagne, la <strong>fermes<\/strong> \u00e0 Tenerife offrent la possibilit\u00e9 de vivre en harmonie avec la nature, en profitant de vastes terrains et de vues \u00e0 couper le souffle.<\/p>\n<p>Choisissez <strong>acheter \u00e0 Tenerife<\/strong> o <strong>louer \u00e0 Tenerife<\/strong> est d'opter pour un mode de vie enrichissant sur l'une des \u00eeles les plus belles et les plus accueillantes du monde. Avec une offre immobili\u00e8re aussi diversifi\u00e9e, trouver votre maison id\u00e9ale \u00e0 Tenerife est \u00e0 port\u00e9e de main. Que vous souhaitiez <strong>louer une villa \u00e0 Tenerife<\/strong> pour vos vacances ou pour acheter votre prochaine maison, l'\u00eele vous promet l'environnement parfait pour r\u00e9aliser vos r\u00eaves.<\/p>\t\t\t\t\t\t\t\t<\/div>\n\t\t\t\t<\/div>\n\t\t\t\t\t<\/div>\n\t\t\t\t<\/div>\n\t\t\t\t<\/div>","protected":false},"excerpt":{"rendered":"<p>Propiedades en Venta y Alquiler en Tenerife Villa \/ Casa Adosado Apartamento Estudio D\u00faplex Negocio Edificio Hotel Finca Bungal\u00f3 \u00c1tico Terreno Explorar los diversos tipos de propiedades disponibles en Tenerife, ya sea para compra o alquiler, abre un abanico de posibilidades para aquellos que sue\u00f1an con vivir en esta isla paradis\u00edaca o invertir en su [&hellip;]<\/p>\n","protected":false},"author":1,"featured_media":0,"parent":0,"menu_order":0,"comment_status":"closed","ping_status":"closed","template":"elementor_header_footer","meta":{"footnotes":""},"class_list":["post-20906","page","type-page","status-publish","hentry"],"_links":{"self":[{"href":"https:\/\/www.tunidotenerife.com\/fr\/wp-json\/wp\/v2\/pages\/20906","targetHints":{"allow":["GET"]}}],"collection":[{"href":"https:\/\/www.tunidotenerife.com\/fr\/wp-json\/wp\/v2\/pages"}],"about":[{"href":"https:\/\/www.tunidotenerife.com\/fr\/wp-json\/wp\/v2\/types\/page"}],"author":[{"embeddable":true,"href":"https:\/\/www.tunidotenerife.com\/fr\/wp-json\/wp\/v2\/users\/1"}],"replies":[{"embeddable":true,"href":"https:\/\/www.tunidotenerife.com\/fr\/wp-json\/wp\/v2\/comments?post=20906"}],"version-history":[{"count":0,"href":"https:\/\/www.tunidotenerife.com\/fr\/wp-json\/wp\/v2\/pages\/20906\/revisions"}],"wp:attachment":[{"href":"https:\/\/www.tunidotenerife.com\/fr\/wp-json\/wp\/v2\/media?parent=20906"}],"curies":[{"name":"wp","href":"https:\/\/api.w.org\/{rel}","templated":true}]}}