{"id":27344,"date":"2025-07-02T12:50:17","date_gmt":"2025-07-02T11:50:17","guid":{"rendered":"https:\/\/www.tunidotenerife.com\/?page_id=27344"},"modified":"2025-07-20T23:36:12","modified_gmt":"2025-07-20T22:36:12","slug":"gestion-vivienda-vacacional-tenerife","status":"publish","type":"page","link":"https:\/\/www.tunidotenerife.com\/en\/gestion-vivienda-vacacional-tenerife\/","title":{"rendered":"We manage VV in Tenerife"},"content":{"rendered":"<div data-elementor-type=\"wp-page\" data-elementor-id=\"27344\" class=\"elementor elementor-27344\">\n\t\t\t\t<div class=\"elementor-element elementor-element-e923478 e-flex e-con-boxed e-con e-parent\" data-id=\"e923478\" data-element_type=\"container\" data-e-type=\"container\">\n\t\t\t\t\t<div class=\"e-con-inner\">\n\t\t<div class=\"elementor-element elementor-element-710b760 e-con-full e-flex e-con e-child\" data-id=\"710b760\" data-element_type=\"container\" data-e-type=\"container\">\n\t\t<div class=\"elementor-element elementor-element-0ffeaf2 e-con-full e-flex elementor-invisible e-con e-child\" data-id=\"0ffeaf2\" data-element_type=\"container\" data-e-type=\"container\" data-settings=\"{&quot;background_background&quot;:&quot;classic&quot;,&quot;animation&quot;:&quot;fadeInUp&quot;}\">\n\t\t<div class=\"elementor-element elementor-element-a6dfc9b e-con-full e-flex e-con e-child\" data-id=\"a6dfc9b\" data-element_type=\"container\" data-e-type=\"container\">\n\t\t\t\t<div class=\"elementor-element elementor-element-5ca97fe elementor-widget__width-initial elementor-widget elementor-widget-heading\" data-id=\"5ca97fe\" data-element_type=\"widget\" data-e-type=\"widget\" data-widget_type=\"heading.default\">\n\t\t\t\t<div class=\"elementor-widget-container\">\n\t\t\t\t\t<h1 class=\"elementor-heading-title elementor-size-large\">Holiday Rental Property Management Company in Tenerife<\/h1>\t\t\t\t<\/div>\n\t\t\t\t<\/div>\n\t\t\t\t<div class=\"elementor-element elementor-element-bacfd91 elementor-align-start elementor-icon-list--layout-traditional elementor-list-item-link-full_width elementor-widget elementor-widget-icon-list\" data-id=\"bacfd91\" data-element_type=\"widget\" data-e-type=\"widget\" data-widget_type=\"icon-list.default\">\n\t\t\t\t<div class=\"elementor-widget-container\">\n\t\t\t\t\t\t\t<ul class=\"elementor-icon-list-items\">\n\t\t\t\t\t\t\t<li class=\"elementor-icon-list-item\">\n\t\t\t\t\t\t\t\t\t\t\t<span class=\"elementor-icon-list-icon\">\n\t\t\t\t\t\t\t<svg aria-hidden=\"true\" class=\"e-font-icon-svg e-fas-home\" viewbox=\"0 0 576 512\" xmlns=\"http:\/\/www.w3.org\/2000\/svg\"><path d=\"M280.37 148.26L96 300.11V464a16 16 0 0 0 16 16l112.06-.29a16 16 0 0 0 15.92-16V368a16 16 0 0 1 16-16h64a16 16 0 0 1 16 16v95.64a16 16 0 0 0 16 16.05L464 480a16 16 0 0 0 16-16V300L295.67 148.26a12.19 12.19 0 0 0-15.3 0zM571.6 251.47L488 182.56V44.05a12 12 0 0 0-12-12h-56a12 12 0 0 0-12 12v72.61L318.47 43a48 48 0 0 0-61 0L4.34 251.47a12 12 0 0 0-1.6 16.9l25.5 31A12 12 0 0 0 45.15 301l235.22-193.74a12.19 12.19 0 0 1 15.3 0L530.9 301a12 12 0 0 0 16.9-1.6l25.5-31a12 12 0 0 0-1.7-16.93z\"><\/path><\/svg>\t\t\t\t\t\t<\/span>\n\t\t\t\t\t\t\t\t\t\t<span class=\"elementor-icon-list-text\">+25 Managed Properties<\/span>\n\t\t\t\t\t\t\t\t\t<\/li>\n\t\t\t\t\t\t\t\t<li class=\"elementor-icon-list-item\">\n\t\t\t\t\t\t\t\t\t\t\t<span class=\"elementor-icon-list-icon\">\n\t\t\t\t\t\t\t<svg aria-hidden=\"true\" class=\"e-font-icon-svg e-far-check-circle\" viewbox=\"0 0 512 512\" xmlns=\"http:\/\/www.w3.org\/2000\/svg\"><path d=\"M256 8C119.033 8 8 119.033 8 256s111.033 248 248 248 248-111.033 248-248S392.967 8 256 8zm0 48c110.532 0 200 89.451 200 200 0 110.532-89.451 200-200 200-110.532 0-200-89.451-200-200 0-110.532 89.451-200 200-200m140.204 130.267l-22.536-22.718c-4.667-4.705-12.265-4.736-16.97-.068L215.346 303.697l-59.792-60.277c-4.667-4.705-12.265-4.736-16.97-.069l-22.719 22.536c-4.705 4.667-4.736 12.265-.068 16.971l90.781 91.516c4.667 4.705 12.265 4.736 16.97.068l172.589-171.204c4.704-4.668 4.734-12.266.067-16.971z\"><\/path><\/svg>\t\t\t\t\t\t<\/span>\n\t\t\t\t\t\t\t\t\t\t<span class=\"elementor-icon-list-text\">+15 Years of Experience<\/span>\n\t\t\t\t\t\t\t\t\t<\/li>\n\t\t\t\t\t\t\t\t<li class=\"elementor-icon-list-item\">\n\t\t\t\t\t\t\t\t\t\t\t<span class=\"elementor-icon-list-icon\">\n\t\t\t\t\t\t\t<svg aria-hidden=\"true\" class=\"e-font-icon-svg e-fab-airbnb\" viewbox=\"0 0 448 512\" xmlns=\"http:\/\/www.w3.org\/2000\/svg\"><path d=\"M224 373.12c-25.24-31.67-40.08-59.43-45-83.18-22.55-88 112.61-88 90.06 0-5.45 24.25-20.29 52-45 83.18zm138.15 73.23c-42.06 18.31-83.67-10.88-119.3-50.47 103.9-130.07 46.11-200-18.85-200-54.92 0-85.16 46.51-73.28 100.5 6.93 29.19 25.23 62.39 54.43 99.5-32.53 36.05-60.55 52.69-85.15 54.92-50 7.43-89.11-41.06-71.3-91.09 15.1-39.16 111.72-231.18 115.87-241.56 15.75-30.07 25.56-57.4 59.38-57.4 32.34 0 43.4 25.94 60.37 59.87 36 70.62 89.35 177.48 114.84 239.09 13.17 33.07-1.37 71.29-37.01 86.64zm47-136.12C280.27 35.93 273.13 32 224 32c-45.52 0-64.87 31.67-84.66 72.79C33.18 317.1 22.89 347.19 22 349.81-3.22 419.14 48.74 480 111.63 480c21.71 0 60.61-6.06 112.37-62.4 58.68 63.78 101.26 62.4 112.37 62.4 62.89.05 114.85-60.86 89.61-130.19.02-3.89-16.82-38.9-16.82-39.58z\"><\/path><\/svg>\t\t\t\t\t\t<\/span>\n\t\t\t\t\t\t\t\t\t\t<span class=\"elementor-icon-list-text\">SuperHost on Airbnb and Booking<\/span>\n\t\t\t\t\t\t\t\t\t<\/li>\n\t\t\t\t\t\t<\/ul>\n\t\t\t\t\t\t<\/div>\n\t\t\t\t<\/div>\n\t\t\t\t<div class=\"elementor-element elementor-element-4b5fdb6 elementor-widget elementor-widget-text-editor\" data-id=\"4b5fdb6\" data-element_type=\"widget\" data-e-type=\"widget\" data-widget_type=\"text-editor.default\">\n\t\t\t\t<div class=\"elementor-widget-container\">\n\t\t\t\t\t\t\t\t\t<p class=\"translation-block\">We take care of the whole process of <strong>managing your holiday property in Tenerife<\/strong> so that you don't have to worry about anything: from promotion and booking management to cleaning, maintenance and personalised guest service. Our aim is to maximise your income and keep your property in Tenerife always in the best conditions.<\/p>\t\t\t\t\t\t\t\t<\/div>\n\t\t\t\t<\/div>\n\t\t\t\t<div class=\"elementor-element elementor-element-e5a211e elementor-button-success elementor-align-left elementor-mobile-align-center elementor-widget elementor-widget-button\" data-id=\"e5a211e\" data-element_type=\"widget\" data-e-type=\"widget\" data-widget_type=\"button.default\">\n\t\t\t\t<div class=\"elementor-widget-container\">\n\t\t\t\t\t\t\t\t\t<div class=\"elementor-button-wrapper\">\n\t\t\t\t\t<a class=\"elementor-button elementor-button-link elementor-size-sm\" href=\"https:\/\/api.whatsapp.com\/send?phone=+34616620497&#038;text=Hola,%20tengo%20una%20propiedad%20en%20Tenerife%20y%20estoy%20interesado%20en%20venderla.%20Me%20gustar\u00eda%20recibir%20m\u00e1s%20informaci\u00f3n%20sobre%20c\u00f3mo%20pod\u00e9is%20ayudarme.\" target=\"_blank\" rel=\"noopener\">\n\t\t\t\t\t\t<span class=\"elementor-button-content-wrapper\">\n\t\t\t\t\t\t<span class=\"elementor-button-icon\">\n\t\t\t\t<svg aria-hidden=\"true\" class=\"e-font-icon-svg e-fab-whatsapp\" viewbox=\"0 0 448 512\" xmlns=\"http:\/\/www.w3.org\/2000\/svg\"><path d=\"M380.9 97.1C339 55.1 283.2 32 223.9 32c-122.4 0-222 99.6-222 222 0 39.1 10.2 77.3 29.6 111L0 480l117.7-30.9c32.4 17.7 68.9 27 106.1 27h.1c122.3 0 224.1-99.6 224.1-222 0-59.3-25.2-115-67.1-157zm-157 341.6c-33.2 0-65.7-8.9-94-25.7l-6.7-4-69.8 18.3L72 359.2l-4.4-7c-18.5-29.4-28.2-63.3-28.2-98.2 0-101.7 82.8-184.5 184.6-184.5 49.3 0 95.6 19.2 130.4 54.1 34.8 34.9 56.2 81.2 56.1 130.5 0 101.8-84.9 184.6-186.6 184.6zm101.2-138.2c-5.5-2.8-32.8-16.2-37.9-18-5.1-1.9-8.8-2.8-12.5 2.8-3.7 5.6-14.3 18-17.6 21.8-3.2 3.7-6.5 4.2-12 1.4-32.6-16.3-54-29.1-75.5-66-5.7-9.8 5.7-9.1 16.3-30.3 1.8-3.7.9-6.9-.5-9.7-1.4-2.8-12.5-30.1-17.1-41.2-4.5-10.8-9.1-9.3-12.5-9.5-3.2-.2-6.9-.2-10.6-.2-3.7 0-9.7 1.4-14.8 6.9-5.1 5.6-19.4 19-19.4 46.3 0 27.3 19.9 53.7 22.6 57.4 2.8 3.7 39.1 59.7 94.8 83.8 35.2 15.2 49 16.5 66.6 13.9 10.7-1.6 32.8-13.4 37.4-26.4 4.6-13 4.6-24.1 3.2-26.4-1.3-2.5-5-3.9-10.5-6.6z\"><\/path><\/svg>\t\t\t<\/span>\n\t\t\t\t\t\t\t\t\t<span class=\"elementor-button-text\">Contact by Whatsapp<\/span>\n\t\t\t\t\t<\/span>\n\t\t\t\t\t<\/a>\n\t\t\t\t<\/div>\n\t\t\t\t\t\t\t\t<\/div>\n\t\t\t\t<\/div>\n\t\t\t\t<div class=\"elementor-element elementor-element-3327c13 elementor-button-info elementor-align-left elementor-mobile-align-center elementor-widget elementor-widget-button\" data-id=\"3327c13\" data-element_type=\"widget\" data-e-type=\"widget\" data-widget_type=\"button.default\">\n\t\t\t\t<div class=\"elementor-widget-container\">\n\t\t\t\t\t\t\t\t\t<div class=\"elementor-button-wrapper\">\n\t\t\t\t\t<a class=\"elementor-button elementor-button-link elementor-size-sm\" href=\"tel:+34616620497\">\n\t\t\t\t\t\t<span class=\"elementor-button-content-wrapper\">\n\t\t\t\t\t\t<span class=\"elementor-button-icon\">\n\t\t\t\t<svg aria-hidden=\"true\" class=\"e-font-icon-svg e-fas-phone-square-alt\" viewbox=\"0 0 448 512\" xmlns=\"http:\/\/www.w3.org\/2000\/svg\"><path d=\"M400 32H48A48 48 0 0 0 0 80v352a48 48 0 0 0 48 48h352a48 48 0 0 0 48-48V80a48 48 0 0 0-48-48zm-16.39 307.37l-15 65A15 15 0 0 1 354 416C194 416 64 286.29 64 126a15.7 15.7 0 0 1 11.63-14.61l65-15A18.23 18.23 0 0 1 144 96a16.27 16.27 0 0 1 13.79 9.09l30 70A17.9 17.9 0 0 1 189 181a17 17 0 0 1-5.5 11.61l-37.89 31a231.91 231.91 0 0 0 110.78 110.78l31-37.89A17 17 0 0 1 299 291a17.85 17.85 0 0 1 5.91 1.21l70 30A16.25 16.25 0 0 1 384 336a17.41 17.41 0 0 1-.39 3.37z\"><\/path><\/svg>\t\t\t<\/span>\n\t\t\t\t\t\t\t\t\t<span class=\"elementor-button-text\">Contact by Phone<\/span>\n\t\t\t\t\t<\/span>\n\t\t\t\t\t<\/a>\n\t\t\t\t<\/div>\n\t\t\t\t\t\t\t\t<\/div>\n\t\t\t\t<\/div>\n\t\t\t\t<\/div>\n\t\t<div class=\"elementor-element elementor-element-13c4858 e-con-full e-flex e-con e-child\" data-id=\"13c4858\" data-element_type=\"container\" data-e-type=\"container\">\n\t\t\t\t<div class=\"elementor-element elementor-element-e77c578 elementor-widget elementor-widget-image\" data-id=\"e77c578\" data-element_type=\"widget\" data-e-type=\"widget\" data-widget_type=\"image.default\">\n\t\t\t\t<div class=\"elementor-widget-container\">\n\t\t\t\t\t\t\t\t\t\t\t\t\t\t\t<img decoding=\"async\" src=\"https:\/\/www.tunidotenerife.com\/wp-content\/uploads\/elementor\/thumbs\/sunsetalquilertenerife-r8j74ns4ypu924zarm2fghfex65xhmriqgq4692o1s.webp\" title=\"Duplex with sunset views for rent in Tenerife\" alt=\"Duplex with sunset views for rent in Tenerife\" loading=\"lazy\" \/>\t\t\t\t\t\t\t\t\t\t\t\t\t\t\t<\/div>\n\t\t\t\t<\/div>\n\t\t\t\t<\/div>\n\t\t\t\t<\/div>\n\t\t\t\t<\/div>\n\t\t\t\t\t<\/div>\n\t\t\t\t<\/div>\n\t\t<div class=\"elementor-element elementor-element-5488033 e-flex e-con-boxed e-con e-parent\" data-id=\"5488033\" data-element_type=\"container\" data-e-type=\"container\">\n\t\t\t\t\t<div class=\"e-con-inner\">\n\t\t\t\t<div class=\"elementor-element elementor-element-a5d8edc elementor-widget elementor-widget-text-editor\" data-id=\"a5d8edc\" data-element_type=\"widget\" data-e-type=\"widget\" data-widget_type=\"text-editor.default\">\n\t\t\t\t<div class=\"elementor-widget-container\">\n\t\t\t\t\t\t\t\t\t<h2>Holiday Rental Management in Tenerife<\/h2><p class=\"translation-block\">At <strong>Tu Nido Tenerife<\/strong> we are a holiday property management company in Tenerife with <span style=\"text-decoration: underline\">more than 15 years of experience<\/span> helping owners to make their properties profitable without stress or complications. Our aim is for you to get the maximum profitability from your property, offering a complete and personalised <strong>vacation rental management service in Tenerife<\/strong>.<\/p><p>We specialise in transforming the management of your holiday home into a profitable, secure and totally worry-free experience. Thanks to our expert team, your property will always be in the best hands, cared for and prepared to welcome each guest with the best quality and professionalism.<\/p><h3>Our Vacation Rental Management Process<\/h3><ol><li><span style=\"text-decoration: underline;\"><strong>Professional Preparation<\/strong>:<\/span><ul><li class=\"translation-block\"><strong>Revision and Adaptation<\/strong>: We analyse your property and adapt it to meet all the legal and quality standards required for holiday rentals in Tenerife.<\/li><li class=\"translation-block\"><strong>Photography and Videotour<\/strong>: We carry out a photographic report and a professional videotour that highlight the strong points of your property, attracting more bookings.<\/li><li class=\"translation-block\"><strong>Ad Optimisation<\/strong>: We write attractive and multilingual descriptions, optimised for SEO, that increase visibility on platforms such as Airbnb, Booking and other specialised websites.<\/li><\/ul><\/li><li><span style=\"text-decoration: underline;\"><strong>Promotion and Booking<\/strong>:<\/span><ul><li class=\"translation-block\"><strong>Global Dissemination<\/strong>: We publish your holiday home on the main international portals and in our own network of clients and direct collaborators.<\/li><li class=\"translation-block\"><strong>Reservation Management<\/strong>: We take care of managing each reservation safely and efficiently, maximising occupancy and adjusting prices strategically to obtain the best performance.<\/li><li class=\"translation-block\"><strong>Multilingual Service<\/strong>: We offer service in several languages, guaranteeing a fluid and professional communication with each guest, which improves their experience and valuation.<\/li><\/ul><\/li><li><span style=\"text-decoration: underline;\"><strong>Operation and Maintenance<\/strong>:<\/span><ul><li class=\"translation-block\"><strong>Check-in and Check-out<\/strong>: We manage the reception and departure of guests, offering a personalised service that generates confidence and comfort.<\/li><li class=\"translation-block\"><strong>Cleaning and Laundry<\/strong>: We coordinate deep cleaning and change of bed linen and towels after each stay, always ensuring the best presentation.<\/li><li class=\"translation-block\"><strong>Preventive Maintenance<\/strong>: We constantly monitor your property to ensure that it is kept in perfect condition and avoid incidents that could affect bookings.<\/li><\/ul><\/li><li><span style=\"text-decoration: underline;\"><strong>Administrative and Legal Management<\/strong>:<\/span><ul><li class=\"translation-block\"><strong>Income and Payment Control<\/strong>: We manage collections and payments with total transparency and punctuality, offering you clear and detailed reports.<\/li><li class=\"translation-block\"><strong>Legality and Licensing<\/strong>: We ensure that your holiday home complies with all local regulations and has the necessary licences to operate legally in Tenerife.<\/li><li class=\"translation-block\"><strong>Periodic Reports<\/strong>: You will receive up-to-date reports on the occupancy, income and general condition of your property, so you will always be aware of its performance.<\/li><\/ul><\/li><\/ol><h4>Why Choose Tu Nido Tenerife as your Holiday Property Management Company in Tenerife?<\/h4><ul><li class=\"translation-block\"><strong>More than 15 years of experience<\/strong>: We are experts in the local market and know the best strategies to maximise the yield of each holiday home in Tenerife.<\/li><li class=\"translation-block\"><strong>Excellent ratings<\/strong>: We have an average rating of 4.8 out of 5 on platforms such as Airbnb and Booking. We are Superhost and have the distinction of excellence, which reflects the quality of our service.<\/li><li class=\"translation-block\"><strong>Personalised Treatment<\/strong>: We adapt every detail of the management to your needs and the particularities of your property to achieve optimal results.<\/li><li class=\"translation-block\"><strong>Maximum Profitability<\/strong>: We adjust prices and occupancy dynamically so that you obtain the highest possible profit, without sacrificing quality or guest satisfaction.<\/li><li class=\"translation-block\"><strong>Peace of mind and confidence<\/strong>: With our comprehensive service, you can completely forget about worrying and enjoy the benefits of your investment without complications.<\/li><\/ul><p class=\"translation-block\">If you are looking for a <strong>holiday rental management company in Tenerife<\/strong> that looks after your property as if it were its own, maximises your income and guarantees the best experience for each guest, <strong>Tu Nido Tenerife<\/strong> is your best option.<\/p><p><strong>Contact us today and leave the management of your holiday home in the best hands with Tu Nido Tenerife!<\/strong><\/p>\t\t\t\t\t\t\t\t<\/div>\n\t\t\t\t<\/div>\n\t\t\t\t\t<\/div>\n\t\t\t\t<\/div>\n\t\t\t\t<\/div>","protected":false},"excerpt":{"rendered":"<p>Empresa de Gesti\u00f3n de Propiedades de Alquiler Vacacional en Tenerife +25 Propiedades Gestionadas +15 A\u00f1os de Experiencia SuperHost en Airbnb y Booking Nos encargamos de todo el proceso de gesti\u00f3n de su propiedad vacacional en Tenerife para que usted no tenga que preocuparse por nada: desde la promoci\u00f3n y gesti\u00f3n de reservas hasta la limpieza, [&hellip;]<\/p>\n","protected":false},"author":1,"featured_media":0,"parent":0,"menu_order":0,"comment_status":"closed","ping_status":"closed","template":"template\/template-homepage.php","meta":{"footnotes":""},"class_list":["post-27344","page","type-page","status-publish","hentry"],"_links":{"self":[{"href":"https:\/\/www.tunidotenerife.com\/en\/wp-json\/wp\/v2\/pages\/27344","targetHints":{"allow":["GET"]}}],"collection":[{"href":"https:\/\/www.tunidotenerife.com\/en\/wp-json\/wp\/v2\/pages"}],"about":[{"href":"https:\/\/www.tunidotenerife.com\/en\/wp-json\/wp\/v2\/types\/page"}],"author":[{"embeddable":true,"href":"https:\/\/www.tunidotenerife.com\/en\/wp-json\/wp\/v2\/users\/1"}],"replies":[{"embeddable":true,"href":"https:\/\/www.tunidotenerife.com\/en\/wp-json\/wp\/v2\/comments?post=27344"}],"version-history":[{"count":0,"href":"https:\/\/www.tunidotenerife.com\/en\/wp-json\/wp\/v2\/pages\/27344\/revisions"}],"wp:attachment":[{"href":"https:\/\/www.tunidotenerife.com\/en\/wp-json\/wp\/v2\/media?parent=27344"}],"curies":[{"name":"wp","href":"https:\/\/api.w.org\/{rel}","templated":true}]}}