{"id":26171,"date":"2025-03-21T16:13:36","date_gmt":"2025-03-21T16:13:36","guid":{"rendered":"https:\/\/www.tunidotenerife.com\/?page_id=26171"},"modified":"2025-03-21T16:15:41","modified_gmt":"2025-03-21T16:15:41","slug":"politica-de-cookies","status":"publish","type":"page","link":"https:\/\/www.tunidotenerife.com\/en\/politica-de-cookies\/","title":{"rendered":"Cookie Policy"},"content":{"rendered":"<p data-start=\"321\" data-end=\"593\">At <strong data-start=\"324\" data-end=\"344\">Tu Nido Tenerife<\/strong>We use cookies to ensure the proper functioning of the website, improve the user experience and collect anonymous statistical information. This policy explains what cookies are, what type we use and how you can manage them.<\/p>\n<h3 data-start=\"600\" data-end=\"632\"><strong data-start=\"604\" data-end=\"632\">1. What are cookies?<\/strong><\/h3>\n<p data-start=\"634\" data-end=\"928\">Cookies are small text files that websites install in the user's browser to store information about their visit, such as preferred language, session data or behaviour on the website. They do not damage the device and their use is regulated by current legislation.<\/p>\n<h3 data-start=\"935\" data-end=\"979\"><strong data-start=\"939\" data-end=\"979\">2. What types of cookies do we use?<\/strong><\/h3>\n<p data-start=\"981\" data-end=\"1050\">We use the following categories of cookies on our website:<\/p>\n<h4 data-start=\"1052\" data-end=\"1092\">\u2705 <strong data-start=\"1059\" data-end=\"1092\">Technical or necessary cookies<\/strong><\/h4>\n<p data-start=\"1093\" data-end=\"1281\">They are essential for the basic functioning of the website and do not require consent. They enable functions such as secure browsing, form management or access to private areas.<\/p>\n<h4 data-start=\"1283\" data-end=\"1328\">\ud83d\udcca <strong data-start=\"1291\" data-end=\"1328\">Analytics or performance cookies<\/strong><\/h4>\n<p data-start=\"1329\" data-end=\"1589\">They allow us to understand how visitors interact with our website and thus improve its performance. We use tools such as <strong data-start=\"1460\" data-end=\"1480\">Google Analytics<\/strong>which collect information in an anonymous form (e.g. pages visited, time spent on the website, device, etc.).<\/p>\n<h4 data-start=\"1591\" data-end=\"1645\">\ud83c\udfaf <strong data-start=\"1599\" data-end=\"1645\">Personalisation or functionality cookies<\/strong><\/h4>\n<p data-start=\"1646\" data-end=\"1767\">These cookies remember your preferences and settings to provide a more personalised experience (language, region, etc.).<\/p>\n<h4 data-start=\"1769\" data-end=\"1800\">\ud83d\udce2 <strong data-start=\"1777\" data-end=\"1800\">Third party cookies<\/strong><\/h4>\n<p data-start=\"1801\" data-end=\"1964\">We may use third party services that set their own cookies, for example, when playing embedded YouTube videos or embedding Google Maps.<\/p>\n<h3 data-start=\"1971\" data-end=\"2016\"><strong data-start=\"1975\" data-end=\"2016\">3. How do we obtain your consent?<\/strong><\/h3>\n<p data-start=\"2018\" data-end=\"2136\">When you access our site for the first time, you will be shown a <strong data-start=\"2076\" data-end=\"2112\">banner managed by YesCookies<\/strong> which allows the user:<\/p>\n<ul data-start=\"2138\" data-end=\"2258\">\n<li data-start=\"2138\" data-end=\"2168\">\u2705 Accept all cookies.<\/li>\n<li data-start=\"2169\" data-end=\"2206\">\u274c Reject all unnecessary ones.<\/li>\n<li data-start=\"2207\" data-end=\"2258\">\u2699\ufe0f Configure your preferences in a granular way.<\/li>\n<\/ul>\n<p data-start=\"2260\" data-end=\"2450\">The user can change his or her settings or withdraw consent at any time by clicking on the link \".<strong data-start=\"2370\" data-end=\"2398\">Cookie settings<\/strong>\"available in the footer of the website.<\/p>\n<h3 data-start=\"2457\" data-end=\"2511\"><strong data-start=\"2461\" data-end=\"2511\">4. How can you disable or delete cookies?<\/strong><\/h3>\n<p data-start=\"2513\" data-end=\"2690\">You can configure your browser to accept, block or delete cookies. Please note that disabling the necessary cookies may affect the proper functioning of the website.<\/p>\n<p data-start=\"2692\" data-end=\"2763\">Here are links to instructions for the most common browsers:<\/p>\n<ul data-start=\"2765\" data-end=\"3137\">\n<li data-start=\"2765\" data-end=\"2834\"><strong data-start=\"2767\" data-end=\"2785\">Google Chrome:<\/strong> <a href=\"https:\/\/support.google.com\/chrome\/answer\/95647\" target=\"_new\" rel=\"noopener\" data-start=\"2786\" data-end=\"2832\">https:\/\/support.google.com\/chrome\/answer\/95647<\/a><\/li>\n<li data-start=\"2835\" data-end=\"2926\"><strong data-start=\"2837\" data-end=\"2857\">Mozilla Firefox:<\/strong> <a href=\"https:\/\/support.mozilla.org\/es\/kb\/habilitar-y-deshabilitar-cookies\" target=\"_new\" rel=\"noopener\" data-start=\"2858\" data-end=\"2924\">https:\/\/support.mozilla.org\/es\/kb\/habilitar-y-deshabilitar-cookies<\/a><\/li>\n<li data-start=\"2927\" data-end=\"2991\"><strong data-start=\"2929\" data-end=\"2948\">Safari (Apple):<\/strong> <a href=\"https:\/\/support.apple.com\/es-es\/HT201265\" target=\"_new\" rel=\"noopener\" data-start=\"2949\" data-end=\"2989\">https:\/\/support.apple.com\/es-es\/HT201265<\/a><\/li>\n<li data-start=\"2992\" data-end=\"3064\"><strong data-start=\"2994\" data-end=\"3013\">Microsoft Edge:<\/strong> <a href=\"https:\/\/support.microsoft.com\/es-es\/help\/4027947\" target=\"_new\" rel=\"noopener\" data-start=\"3014\" data-end=\"3062\">https:\/\/support.microsoft.com\/es-es\/help\/4027947<\/a><\/li>\n<li data-start=\"3065\" data-end=\"3137\"><strong data-start=\"3067\" data-end=\"3077\">Opera:<\/strong> <a href=\"https:\/\/help.opera.com\/en\/latest\/web-preferences\/#cookies\" target=\"_new\" rel=\"noopener\" data-start=\"3078\" data-end=\"3135\">https:\/\/help.opera.com\/en\/latest\/web-preferences\/#cookies<\/a><\/li>\n<\/ul>\n<p data-start=\"3139\" data-end=\"3258\">You can also install extensions such as <strong data-start=\"3180\" data-end=\"3192\">Ghostery<\/strong> or a <strong data-start=\"3195\" data-end=\"3216\">AutoDelete Cookie<\/strong> to have more control over cookies.<\/p>\n<h3 data-start=\"3265\" data-end=\"3315\"><strong data-start=\"3269\" data-end=\"3315\">5. International data transfers<\/strong><\/h3>\n<p data-start=\"3317\" data-end=\"3587\">Some third party cookies, such as Google or Meta, may involve transfers of data outside the European Economic Area (EEA). These transfers are made under appropriate safeguards such as <strong data-start=\"3516\" data-end=\"3548\">Standard Contractual Clauses<\/strong> or the <strong data-start=\"3554\" data-end=\"3586\">Data Privacy Framework (DPF)<\/strong>.<\/p>\n<h3 data-start=\"3594\" data-end=\"3646\"><strong data-start=\"3598\" data-end=\"3646\">6. Cookie policy updates<\/strong><\/h3>\n<p data-start=\"3648\" data-end=\"3797\">We may update this policy depending on legal, technical or operational changes to the website. We encourage you to review it periodically.<\/p>\n<h3 data-start=\"3804\" data-end=\"3820\"><strong data-start=\"3808\" data-end=\"3820\">Contact<\/strong><\/h3>\n<p data-start=\"3822\" data-end=\"3925\">For any questions regarding the use of cookies on our website, you can contact us at:<\/p>\n<p data-start=\"3927\" data-end=\"4046\"><strong data-start=\"3927\" data-end=\"3940\">\ud83d\udce9 Email:<\/strong> <a rel=\"noopener\" data-start=\"3941\" data-end=\"3963\">psa@tunidotenerife.com<\/a><br data-start=\"3963\" data-end=\"3966\" \/><strong data-start=\"3966\" data-end=\"3983\">\ud83d\udccd Address:<\/strong> Calle el Sauce 9, Local 3, Costa Adeje, Santa Cruz de Tenerife.<\/p>\n<p data-start=\"3927\" data-end=\"4046\">\n<p data-start=\"3927\" data-end=\"4046\">\n<p data-start=\"3927\" data-end=\"4046\"><strong data-start=\"274\" data-end=\"319\">Last updated: 21 March 2025<\/strong><\/p>","protected":false},"excerpt":{"rendered":"<p>En Tu Nido Tenerife, utilizamos cookies para garantizar el correcto funcionamiento del sitio web, mejorar la experiencia del usuario y recopilar informaci\u00f3n estad\u00edstica an\u00f3nima. Esta pol\u00edtica explica qu\u00e9 son las cookies, qu\u00e9 tipo utilizamos y c\u00f3mo puedes gestionarlas. 1. \u00bfQu\u00e9 son las cookies? Las cookies son peque\u00f1os archivos de texto que los sitios web instalan [&hellip;]<\/p>\n","protected":false},"author":1,"featured_media":0,"parent":0,"menu_order":0,"comment_status":"closed","ping_status":"closed","template":"","meta":{"footnotes":""},"class_list":["post-26171","page","type-page","status-publish","hentry"],"_links":{"self":[{"href":"https:\/\/www.tunidotenerife.com\/en\/wp-json\/wp\/v2\/pages\/26171","targetHints":{"allow":["GET"]}}],"collection":[{"href":"https:\/\/www.tunidotenerife.com\/en\/wp-json\/wp\/v2\/pages"}],"about":[{"href":"https:\/\/www.tunidotenerife.com\/en\/wp-json\/wp\/v2\/types\/page"}],"author":[{"embeddable":true,"href":"https:\/\/www.tunidotenerife.com\/en\/wp-json\/wp\/v2\/users\/1"}],"replies":[{"embeddable":true,"href":"https:\/\/www.tunidotenerife.com\/en\/wp-json\/wp\/v2\/comments?post=26171"}],"version-history":[{"count":0,"href":"https:\/\/www.tunidotenerife.com\/en\/wp-json\/wp\/v2\/pages\/26171\/revisions"}],"wp:attachment":[{"href":"https:\/\/www.tunidotenerife.com\/en\/wp-json\/wp\/v2\/media?parent=26171"}],"curies":[{"name":"wp","href":"https:\/\/api.w.org\/{rel}","templated":true}]}}