{"id":17149,"date":"2024-04-03T23:33:27","date_gmt":"2024-04-03T22:33:27","guid":{"rendered":"https:\/\/demo29.houzez.co\/?page_id=17149"},"modified":"2025-07-10T02:20:38","modified_gmt":"2025-07-10T01:20:38","slug":"vender-propiedad","status":"publish","type":"page","link":"https:\/\/www.tunidotenerife.com\/en\/vender-propiedad\/","title":{"rendered":"Sell Property"},"content":{"rendered":"<div data-elementor-type=\"wp-page\" data-elementor-id=\"17149\" class=\"elementor elementor-17149\">\n\t\t\t\t<div class=\"elementor-element elementor-element-2454a827 e-flex e-con-boxed e-con e-parent\" data-id=\"2454a827\" data-element_type=\"container\" data-e-type=\"container\">\n\t\t\t\t\t<div class=\"e-con-inner\">\n\t\t<div class=\"elementor-element elementor-element-346ad1e8 e-con-full e-flex e-con e-child\" data-id=\"346ad1e8\" data-element_type=\"container\" data-e-type=\"container\">\n\t\t<div class=\"elementor-element elementor-element-6f06724a e-con-full e-flex elementor-invisible e-con e-child\" data-id=\"6f06724a\" data-element_type=\"container\" data-e-type=\"container\" data-settings=\"{&quot;background_background&quot;:&quot;classic&quot;,&quot;animation&quot;:&quot;fadeInUp&quot;}\">\n\t\t<div class=\"elementor-element elementor-element-29348479 e-con-full e-flex e-con e-child\" data-id=\"29348479\" data-element_type=\"container\" data-e-type=\"container\">\n\t\t\t\t<div class=\"elementor-element elementor-element-7389d0c elementor-widget elementor-widget-heading\" data-id=\"7389d0c\" data-element_type=\"widget\" data-e-type=\"widget\" data-widget_type=\"heading.default\">\n\t\t\t\t<div class=\"elementor-widget-container\">\n\t\t\t\t\t<h1 class=\"elementor-heading-title elementor-size-large\">We sell your property in Tenerife<\/h1>\t\t\t\t<\/div>\n\t\t\t\t<\/div>\n\t\t\t\t<div class=\"elementor-element elementor-element-85e9eb5 elementor-widget elementor-widget-text-editor\" data-id=\"85e9eb5\" data-element_type=\"widget\" data-e-type=\"widget\" data-widget_type=\"text-editor.default\">\n\t\t\t\t<div class=\"elementor-widget-container\">\n\t\t\t\t\t\t\t\t\t<p>We help you to sell your property in Tenerife, whether flats or villas. We are committed to obtaining the highest price in the shortest possible time.<\/p>\t\t\t\t\t\t\t\t<\/div>\n\t\t\t\t<\/div>\n\t\t\t\t<div class=\"elementor-element elementor-element-7b68044 elementor-button-success elementor-align-left elementor-mobile-align-center elementor-widget elementor-widget-button\" data-id=\"7b68044\" data-element_type=\"widget\" data-e-type=\"widget\" data-widget_type=\"button.default\">\n\t\t\t\t<div class=\"elementor-widget-container\">\n\t\t\t\t\t\t\t\t\t<div class=\"elementor-button-wrapper\">\n\t\t\t\t\t<a class=\"elementor-button elementor-button-link elementor-size-sm\" href=\"https:\/\/api.whatsapp.com\/send?phone=+34616620497&#038;text=Hola,%20tengo%20una%20propiedad%20en%20Tenerife%20y%20estoy%20interesado%20en%20venderla.%20Me%20gustar\u00eda%20recibir%20m\u00e1s%20informaci\u00f3n%20sobre%20c\u00f3mo%20pod\u00e9is%20ayudarme.\" target=\"_blank\" rel=\"noopener\">\n\t\t\t\t\t\t<span class=\"elementor-button-content-wrapper\">\n\t\t\t\t\t\t<span class=\"elementor-button-icon\">\n\t\t\t\t<svg aria-hidden=\"true\" class=\"e-font-icon-svg e-fab-whatsapp\" viewbox=\"0 0 448 512\" xmlns=\"http:\/\/www.w3.org\/2000\/svg\"><path d=\"M380.9 97.1C339 55.1 283.2 32 223.9 32c-122.4 0-222 99.6-222 222 0 39.1 10.2 77.3 29.6 111L0 480l117.7-30.9c32.4 17.7 68.9 27 106.1 27h.1c122.3 0 224.1-99.6 224.1-222 0-59.3-25.2-115-67.1-157zm-157 341.6c-33.2 0-65.7-8.9-94-25.7l-6.7-4-69.8 18.3L72 359.2l-4.4-7c-18.5-29.4-28.2-63.3-28.2-98.2 0-101.7 82.8-184.5 184.6-184.5 49.3 0 95.6 19.2 130.4 54.1 34.8 34.9 56.2 81.2 56.1 130.5 0 101.8-84.9 184.6-186.6 184.6zm101.2-138.2c-5.5-2.8-32.8-16.2-37.9-18-5.1-1.9-8.8-2.8-12.5 2.8-3.7 5.6-14.3 18-17.6 21.8-3.2 3.7-6.5 4.2-12 1.4-32.6-16.3-54-29.1-75.5-66-5.7-9.8 5.7-9.1 16.3-30.3 1.8-3.7.9-6.9-.5-9.7-1.4-2.8-12.5-30.1-17.1-41.2-4.5-10.8-9.1-9.3-12.5-9.5-3.2-.2-6.9-.2-10.6-.2-3.7 0-9.7 1.4-14.8 6.9-5.1 5.6-19.4 19-19.4 46.3 0 27.3 19.9 53.7 22.6 57.4 2.8 3.7 39.1 59.7 94.8 83.8 35.2 15.2 49 16.5 66.6 13.9 10.7-1.6 32.8-13.4 37.4-26.4 4.6-13 4.6-24.1 3.2-26.4-1.3-2.5-5-3.9-10.5-6.6z\"><\/path><\/svg>\t\t\t<\/span>\n\t\t\t\t\t\t\t\t\t<span class=\"elementor-button-text\">Contact by Whatsapp<\/span>\n\t\t\t\t\t<\/span>\n\t\t\t\t\t<\/a>\n\t\t\t\t<\/div>\n\t\t\t\t\t\t\t\t<\/div>\n\t\t\t\t<\/div>\n\t\t\t\t<div class=\"elementor-element elementor-element-488274f elementor-button-info elementor-align-left elementor-mobile-align-center elementor-widget elementor-widget-button\" data-id=\"488274f\" data-element_type=\"widget\" data-e-type=\"widget\" data-widget_type=\"button.default\">\n\t\t\t\t<div class=\"elementor-widget-container\">\n\t\t\t\t\t\t\t\t\t<div class=\"elementor-button-wrapper\">\n\t\t\t\t\t<a class=\"elementor-button elementor-button-link elementor-size-sm\" href=\"tel:+34616620497\">\n\t\t\t\t\t\t<span class=\"elementor-button-content-wrapper\">\n\t\t\t\t\t\t<span class=\"elementor-button-icon\">\n\t\t\t\t<svg aria-hidden=\"true\" class=\"e-font-icon-svg e-fas-phone-square-alt\" viewbox=\"0 0 448 512\" xmlns=\"http:\/\/www.w3.org\/2000\/svg\"><path d=\"M400 32H48A48 48 0 0 0 0 80v352a48 48 0 0 0 48 48h352a48 48 0 0 0 48-48V80a48 48 0 0 0-48-48zm-16.39 307.37l-15 65A15 15 0 0 1 354 416C194 416 64 286.29 64 126a15.7 15.7 0 0 1 11.63-14.61l65-15A18.23 18.23 0 0 1 144 96a16.27 16.27 0 0 1 13.79 9.09l30 70A17.9 17.9 0 0 1 189 181a17 17 0 0 1-5.5 11.61l-37.89 31a231.91 231.91 0 0 0 110.78 110.78l31-37.89A17 17 0 0 1 299 291a17.85 17.85 0 0 1 5.91 1.21l70 30A16.25 16.25 0 0 1 384 336a17.41 17.41 0 0 1-.39 3.37z\"><\/path><\/svg>\t\t\t<\/span>\n\t\t\t\t\t\t\t\t\t<span class=\"elementor-button-text\">Contact by Phone<\/span>\n\t\t\t\t\t<\/span>\n\t\t\t\t\t<\/a>\n\t\t\t\t<\/div>\n\t\t\t\t\t\t\t\t<\/div>\n\t\t\t\t<\/div>\n\t\t\t\t<\/div>\n\t\t<div class=\"elementor-element elementor-element-41613eea e-con-full e-flex e-con e-child\" data-id=\"41613eea\" data-element_type=\"container\" data-e-type=\"container\">\n\t\t\t\t<div class=\"elementor-element elementor-element-116bbab6 elementor-widget elementor-widget-image\" data-id=\"116bbab6\" data-element_type=\"widget\" data-e-type=\"widget\" data-widget_type=\"image.default\">\n\t\t\t\t<div class=\"elementor-widget-container\">\n\t\t\t\t\t\t\t\t\t\t\t\t\t\t\t<img decoding=\"async\" src=\"https:\/\/www.tunidotenerife.com\/wp-content\/uploads\/elementor\/thumbs\/casatunidovert-r8j74opz5jvjdqxxm4h20z6vik1apbv92ldlnj19vk.webp\" title=\"Sell Property in Tenerife\" alt=\"Sell Property in Tenerife\" loading=\"lazy\" \/>\t\t\t\t\t\t\t\t\t\t\t\t\t\t\t<\/div>\n\t\t\t\t<\/div>\n\t\t\t\t<\/div>\n\t\t\t\t<\/div>\n\t\t\t\t<\/div>\n\t\t\t\t\t<\/div>\n\t\t\t\t<\/div>\n\t\t<div class=\"elementor-element elementor-element-5488033 e-flex e-con-boxed e-con e-parent\" data-id=\"5488033\" data-element_type=\"container\" data-e-type=\"container\">\n\t\t\t\t\t<div class=\"e-con-inner\">\n\t\t\t\t<div class=\"elementor-element elementor-element-a5d8edc elementor-widget elementor-widget-text-editor\" data-id=\"a5d8edc\" data-element_type=\"widget\" data-e-type=\"widget\" data-widget_type=\"text-editor.default\">\n\t\t\t\t<div class=\"elementor-widget-container\">\n\t\t\t\t\t\t\t\t\t<h2>Sell Your Property in Tenerife with Tu Nido Tenerife<\/h2><p>At <strong>Tu Nido Tenerife,<\/strong>\u00a0we are dedicated to making the sale of your property a smooth and successful experience. Our comprehensive approach ensures that every aspect of the process is managed professionally and efficiently, ensuring the best outcome for you.<\/p><h3>Our Sales Process<\/h3><ol><li><p><strong>Comprehensive Preparation<\/strong>:<\/p><ul><li><strong>Documentary Verification<\/strong>We check all the necessary documentation to ensure a smooth sale.<\/li><li><strong>Accurate Assessment<\/strong>We carry out a detailed evaluation to determine the optimal selling price.<\/li><li><strong>Personalised Marketing Strategy<\/strong>We create an exclusive marketing plan for your property.<br \/><br \/><\/li><\/ul><\/li><li><p><strong>Featured Promotion<\/strong>:<\/p><ul><li><strong>Professional Photography and Videotour<\/strong>We capture the essence of your property with high quality images and videos.<\/li><li><strong>Multilingual Description<\/strong>We present your property in 9 different languages.<\/li><li><strong>Broadcasting<\/strong>We promote your property on international portals, our own platforms and among more than 400 partner agencies.<\/li><li><strong>Open Days<\/strong>We organise exclusive events for potential buyers.<br \/><br \/><\/li><\/ul><\/li><li><p><strong>Sales Management<\/strong>:<\/p><ul><li><strong>Multilingualism<\/strong>We serve buyers in more than 10 languages, facilitating international communication.<\/li><li><strong>Secure Reserve<\/strong>: We manage the deposits in a secure client account.<\/li><li><strong>Energy Certification and Debts<\/strong>We take care of all the necessary certificates.<\/li><li><strong>Notarial preparation<\/strong>We prepare all the documentation for the signature before the notary.<\/li><li><strong>Mortgage Cancellation<\/strong>: We manage the cancellation of your mortgage.<br \/><br \/><\/li><\/ul><\/li><li><p><strong>After Sales Services<\/strong>:<\/p><ul><li><strong>Register of Deeds<\/strong>We register the deed at the Land Registry.<\/li><li><strong>Change of Headlines<\/strong>We manage the change of ownership of water and electricity services, community of owners and town hall.<\/li><li><strong>Payment of Taxes<\/strong>We take care of all tax payments related to the sale.<br \/><br \/><\/li><\/ul><\/li><\/ol><h4>Why Choose Tu Nido Tenerife?<\/h4><ul><li><strong>Transparency and Trust<\/strong>We prioritise honesty at every step of the process.<\/li><li><strong>Speed and Efficiency<\/strong>We strive to sell your property in the shortest possible time.<\/li><li><strong>Customer Satisfaction<\/strong>Your satisfaction is our ultimate goal, and we work tirelessly to exceed your expectations.<\/li><\/ul><p><strong>Contact us today and start selling your property with the experience and dedication of Tu Nido Tenerife!<\/strong><\/p>\t\t\t\t\t\t\t\t<\/div>\n\t\t\t\t<\/div>\n\t\t\t\t\t<\/div>\n\t\t\t\t<\/div>\n\t\t\t\t<\/div>","protected":false},"excerpt":{"rendered":"<p>Vendemos su Propiedad en Tenerife Le ayudamos a vender su propiedad en Tenerife, ya sean apartamentos o villas. Nos comprometemos a obtener el precio m\u00e1s alto en el menor tiempo posible. Contactar por Whatsapp Contactar por Tel\u00e9fono Vender Su Propiedad en Tenerife con Tu Nido Tenerife En Tu Nido Tenerife,\u00a0nos dedicamos a convertir la venta [&hellip;]<\/p>\n","protected":false},"author":1,"featured_media":0,"parent":0,"menu_order":0,"comment_status":"closed","ping_status":"closed","template":"template\/template-homepage.php","meta":{"footnotes":""},"class_list":["post-17149","page","type-page","status-publish","hentry"],"_links":{"self":[{"href":"https:\/\/www.tunidotenerife.com\/en\/wp-json\/wp\/v2\/pages\/17149","targetHints":{"allow":["GET"]}}],"collection":[{"href":"https:\/\/www.tunidotenerife.com\/en\/wp-json\/wp\/v2\/pages"}],"about":[{"href":"https:\/\/www.tunidotenerife.com\/en\/wp-json\/wp\/v2\/types\/page"}],"author":[{"embeddable":true,"href":"https:\/\/www.tunidotenerife.com\/en\/wp-json\/wp\/v2\/users\/1"}],"replies":[{"embeddable":true,"href":"https:\/\/www.tunidotenerife.com\/en\/wp-json\/wp\/v2\/comments?post=17149"}],"version-history":[{"count":0,"href":"https:\/\/www.tunidotenerife.com\/en\/wp-json\/wp\/v2\/pages\/17149\/revisions"}],"wp:attachment":[{"href":"https:\/\/www.tunidotenerife.com\/en\/wp-json\/wp\/v2\/media?parent=17149"}],"curies":[{"name":"wp","href":"https:\/\/api.w.org\/{rel}","templated":true}]}}