{"id":29340,"date":"2026-03-23T16:56:59","date_gmt":"2026-03-23T16:56:59","guid":{"rendered":"https:\/\/www.tunidotenerife.com\/?page_id=29340"},"modified":"2026-03-23T17:03:02","modified_gmt":"2026-03-23T17:03:02","slug":"canal-denuncias","status":"publish","type":"page","link":"https:\/\/www.tunidotenerife.com\/de\/canal-denuncias\/","title":{"rendered":"Tu Nido Tenerife Whistleblowing-Kanal"},"content":{"rendered":"<div data-elementor-type=\"wp-page\" data-elementor-id=\"29340\" class=\"elementor elementor-29340\">\n\t\t\t\t<div class=\"elementor-element elementor-element-5925fe7 e-flex e-con-boxed e-con e-parent\" data-id=\"5925fe7\" data-element_type=\"container\" data-e-type=\"container\">\n\t\t\t\t\t<div class=\"e-con-inner\">\n\t\t\t\t<div class=\"elementor-element elementor-element-a924b77 elementor-widget elementor-widget-text-editor\" data-id=\"a924b77\" data-element_type=\"widget\" data-e-type=\"widget\" data-widget_type=\"text-editor.default\">\n\t\t\t\t<div class=\"elementor-widget-container\">\n\t\t\t\t\t\t\t\t\t<h1>Kanal f\u00fcr Reklamationen<\/h1><h2><b>Ihre Stimme z\u00e4hlt. Ihre Identit\u00e4t ist gesch\u00fctzt.<\/b><\/h2><p><span style=\"font-weight: 400;\">Wir bei Tunido Tenerife sind der Meinung, dass Vertrauen nicht nur mit Worten, sondern auch mit Taten geschaffen wird. Aus diesem Grund haben wir einen internen Whistleblowing-Kanal eingerichtet, einen sicheren und vertraulichen Kanal, \u00fcber den jeder, der mit unserer T\u00e4tigkeit in Verbindung steht, Unregelm\u00e4\u00dfigkeiten melden kann, ohne Repressalien bef\u00fcrchten zu m\u00fcssen.<\/span><\/p><p><span style=\"font-weight: 400;\">Diese Initiative entspricht dem Engagement unseres Unternehmens f\u00fcr das Gesetz 2\/2023 vom 20. Februar, das den Schutz von Personen, die Verst\u00f6\u00dfe gegen Vorschriften melden, und den Kampf gegen Korruption regelt, sowie der \u00dcberzeugung, dass ein Immobilienunternehmen, das integer arbeitet, seinen Kunden und der Gemeinschaft einen besseren Service bietet.<\/span><\/p><h3><b>Wer kann es nutzen?<\/b><\/h3><p><span style=\"font-weight: 400;\">Der Kanal steht allen offen, die mit Tunido Tenerife in Verbindung stehen: Angestellte, Mitarbeiter, Lieferanten, Kunden oder Dritte, die beruflich mit uns in Kontakt stehen.<\/span><\/p><h3><b>Welche Art von Situationen k\u00f6nnen Sie kommunizieren?<\/b><\/h3><p><span style=\"font-weight: 400;\">\u00dcber diesen Kanal k\u00f6nnen Sie Verhaltensweisen melden, die Ihrer Meinung nach gegen das Gesetz, die Berufsethik oder die Werte unseres Unternehmens versto\u00dfen. Hier sind einige Beispiele zur Orientierung:<\/span><\/p><p><span style=\"font-weight: 400;\">Betr\u00fcgerisches Verhalten oder Anzeichen von Korruption in jedem Bereich der Gesch\u00e4ftst\u00e4tigkeit. Verst\u00f6\u00dfe gegen geltendes Recht, sei es im Bereich der Stadtplanung, der Steuern, des Datenschutzes oder sonstiger f\u00fcr den Immobiliensektor geltender Vorschriften. Verhalten, das gegen den Ethikkodex des Unternehmens verst\u00f6\u00dft, einschlie\u00dflich nicht deklarierter Interessenkonflikte oder missbr\u00e4uchlicher Verwendung privilegierter Informationen. Bel\u00e4stigung, Diskriminierung oder jegliche Behandlung, die die W\u00fcrde des Einzelnen verletzt.<\/span><\/p><h3><b>Garantien f\u00fcr den Kanal<\/b><\/h3><p><span style=\"font-weight: 400;\">Absolute Vertraulichkeit: Die Identit\u00e4t des Informanten ist zu jedem Zeitpunkt gesch\u00fctzt, und es besteht die M\u00f6glichkeit, Mitteilungen anonym zu machen. Schutz vor Repressalien: Das Gesetz sch\u00fctzt diejenigen, die in gutem Glauben Anzeige erstatten, und wir von Tunido Teneriffa haben uns verpflichtet, diesen Schutz wirksam zu gew\u00e4hrleisten. Unabh\u00e4ngige Verwaltung: Die Meldungen werden \u00fcber eine spezialisierte externe Plattform bearbeitet, die die Unparteilichkeit des Prozesses gew\u00e4hrleistet.<\/span><\/p><h3><b>Warum haben wir diesen Schritt getan?<\/b><\/h3><p><span style=\"font-weight: 400;\">Denn in der Immobilienbranche zu arbeiten bedeutet, wichtige Entscheidungen f\u00fcr Menschen zu treffen: den Kauf ihres Hauses, die Investition ihrer Ersparnisse, das Vertrauen in ehrliche Beratung. Die Einrichtung einer Meldestelle ist nicht nur eine gesetzliche Verpflichtung, sondern auch eine Grundsatzerkl\u00e4rung. Wir m\u00f6chten, dass jeder, der mit uns zusammenarbeitet oder unsere Dienste in Anspruch nimmt, wei\u00df, dass jede Unregelm\u00e4\u00dfigkeit gemeldet werden kann und behandelt wird.<\/span><\/p><h3><b>Zugriff auf den Whistleblower-Kanal<\/b><\/h3><p><span style=\"font-weight: 400;\">Sie k\u00f6nnen Ihre Mitteilung sicher \u00fcber den folgenden Link \u00fcbermitteln:<\/span><\/p>\t\t\t\t\t\t\t\t<\/div>\n\t\t\t\t<\/div>\n\t\t\t\t<div class=\"elementor-element elementor-element-5f691ef elementor-button-success elementor-widget elementor-widget-button\" data-id=\"5f691ef\" data-element_type=\"widget\" data-e-type=\"widget\" data-widget_type=\"button.default\">\n\t\t\t\t<div class=\"elementor-widget-container\">\n\t\t\t\t\t\t\t\t\t<div class=\"elementor-button-wrapper\">\n\t\t\t\t\t<a class=\"elementor-button elementor-button-link elementor-size-sm\" href=\"https:\/\/whistlelegal.com\/u\/tunidotenerife\" target=\"_blank\" rel=\"noopener\">\n\t\t\t\t\t\t<span class=\"elementor-button-content-wrapper\">\n\t\t\t\t\t\t\t\t\t<span class=\"elementor-button-text\">zum Beschwerdekanal gehen<\/span>\n\t\t\t\t\t<\/span>\n\t\t\t\t\t<\/a>\n\t\t\t\t<\/div>\n\t\t\t\t\t\t\t\t<\/div>\n\t\t\t\t<\/div>\n\t\t\t\t<div class=\"elementor-element elementor-element-a62d9fa elementor-widget elementor-widget-text-editor\" data-id=\"a62d9fa\" data-element_type=\"widget\" data-e-type=\"widget\" data-widget_type=\"text-editor.default\">\n\t\t\t\t<div class=\"elementor-widget-container\">\n\t\t\t\t\t\t\t\t\t<p><span style=\"font-weight: 400;\">Das Verfahren ist einfach, gef\u00fchrt und jederzeit verf\u00fcgbar. Wenn Sie Fragen zum Ablauf haben, z\u00f6gern Sie nicht, uns zu kontaktieren.<\/span><\/p>\t\t\t\t\t\t\t\t<\/div>\n\t\t\t\t<\/div>\n\t\t\t\t\t<\/div>\n\t\t\t\t<\/div>\n\t\t\t\t<\/div>","protected":false},"excerpt":{"rendered":"<p>Canal de Denuncias Tu voz importa. Tu identidad est\u00e1 protegida. En Tunido Tenerife creemos que la confianza se construye con hechos, no solo con palabras. Por eso hemos puesto en marcha un Canal de Denuncias interno, una v\u00eda segura y confidencial para que cualquier persona vinculada a nuestra actividad pueda comunicar irregularidades sin temor a [&hellip;]<\/p>\n","protected":false},"author":1,"featured_media":0,"parent":0,"menu_order":0,"comment_status":"closed","ping_status":"closed","template":"elementor_header_footer","meta":{"footnotes":""},"class_list":["post-29340","page","type-page","status-publish","hentry"],"_links":{"self":[{"href":"https:\/\/www.tunidotenerife.com\/de\/wp-json\/wp\/v2\/pages\/29340","targetHints":{"allow":["GET"]}}],"collection":[{"href":"https:\/\/www.tunidotenerife.com\/de\/wp-json\/wp\/v2\/pages"}],"about":[{"href":"https:\/\/www.tunidotenerife.com\/de\/wp-json\/wp\/v2\/types\/page"}],"author":[{"embeddable":true,"href":"https:\/\/www.tunidotenerife.com\/de\/wp-json\/wp\/v2\/users\/1"}],"replies":[{"embeddable":true,"href":"https:\/\/www.tunidotenerife.com\/de\/wp-json\/wp\/v2\/comments?post=29340"}],"version-history":[{"count":7,"href":"https:\/\/www.tunidotenerife.com\/de\/wp-json\/wp\/v2\/pages\/29340\/revisions"}],"predecessor-version":[{"id":29348,"href":"https:\/\/www.tunidotenerife.com\/de\/wp-json\/wp\/v2\/pages\/29340\/revisions\/29348"}],"wp:attachment":[{"href":"https:\/\/www.tunidotenerife.com\/de\/wp-json\/wp\/v2\/media?parent=29340"}],"curies":[{"name":"wp","href":"https:\/\/api.w.org\/{rel}","templated":true}]}}