{"id":26171,"date":"2025-03-21T16:13:36","date_gmt":"2025-03-21T16:13:36","guid":{"rendered":"https:\/\/www.tunidotenerife.com\/?page_id=26171"},"modified":"2025-03-21T16:15:41","modified_gmt":"2025-03-21T16:15:41","slug":"politica-de-cookies","status":"publish","type":"page","link":"https:\/\/www.tunidotenerife.com\/de\/politica-de-cookies\/","title":{"rendered":"Cookie-Richtlinie"},"content":{"rendered":"<p data-start=\"321\" data-end=\"593\">Unter <strong data-start=\"324\" data-end=\"344\">Tu Nido Tenerife<\/strong>Wir verwenden Cookies, um das ordnungsgem\u00e4\u00dfe Funktionieren der Website zu gew\u00e4hrleisten, die Benutzerfreundlichkeit zu verbessern und anonyme statistische Daten zu sammeln. Diese Richtlinie erkl\u00e4rt, was Cookies sind, welche Art von Cookies wir verwenden und wie Sie sie verwalten k\u00f6nnen.<\/p>\n<h3 data-start=\"600\" data-end=\"632\"><strong data-start=\"604\" data-end=\"632\">1. was sind Cookies?<\/strong><\/h3>\n<p data-start=\"634\" data-end=\"928\">Cookies sind kleine Textdateien, die Websites im Browser des Nutzers installieren, um Informationen \u00fcber den Besuch der Website zu speichern, z. B. die bevorzugte Sprache, Sitzungsdaten oder das Verhalten auf der Website. Sie besch\u00e4digen das Ger\u00e4t nicht und ihre Verwendung ist durch die geltenden Rechtsvorschriften geregelt.<\/p>\n<h3 data-start=\"935\" data-end=\"979\"><strong data-start=\"939\" data-end=\"979\">2. welche Arten von Cookies verwenden wir?<\/strong><\/h3>\n<p data-start=\"981\" data-end=\"1050\">Wir verwenden auf unserer Website die folgenden Kategorien von Cookies:<\/p>\n<h4 data-start=\"1052\" data-end=\"1092\">\u2705 <strong data-start=\"1059\" data-end=\"1092\">Technische oder notwendige Cookies<\/strong><\/h4>\n<p data-start=\"1093\" data-end=\"1281\">Sie sind f\u00fcr das grundlegende Funktionieren der Website unerl\u00e4sslich und bed\u00fcrfen keiner Zustimmung. Sie erm\u00f6glichen Funktionen wie sicheres Surfen, Formularverwaltung oder den Zugang zu privaten Bereichen.<\/p>\n<h4 data-start=\"1283\" data-end=\"1328\">\ud83d\udcca <strong data-start=\"1291\" data-end=\"1328\">Analyse- oder Leistungs-Cookies<\/strong><\/h4>\n<p data-start=\"1329\" data-end=\"1589\">Sie erm\u00f6glichen es uns zu verstehen, wie Besucher mit unserer Website interagieren, und so ihre Leistung zu verbessern. Wir verwenden Tools wie zum Beispiel <strong data-start=\"1460\" data-end=\"1480\">Google Analytics<\/strong>die Informationen in anonymer Form sammeln (z. B. besuchte Seiten, Verweildauer auf der Website, Ger\u00e4t usw.).<\/p>\n<h4 data-start=\"1591\" data-end=\"1645\">\ud83c\udfaf <strong data-start=\"1599\" data-end=\"1645\">Cookies f\u00fcr Personalisierung oder Funktionalit\u00e4t<\/strong><\/h4>\n<p data-start=\"1646\" data-end=\"1767\">Diese Cookies speichern Ihre Pr\u00e4ferenzen und Einstellungen, um Ihnen eine individuellere Erfahrung zu erm\u00f6glichen (Sprache, Region usw.).<\/p>\n<h4 data-start=\"1769\" data-end=\"1800\">\ud83d\udce2 <strong data-start=\"1777\" data-end=\"1800\">Cookies von Dritten<\/strong><\/h4>\n<p data-start=\"1801\" data-end=\"1964\">Wir k\u00f6nnen Dienste von Drittanbietern nutzen, die ihre eigenen Cookies setzen, zum Beispiel beim Abspielen von eingebetteten YouTube-Videos oder beim Einbetten von Google Maps.<\/p>\n<h3 data-start=\"1971\" data-end=\"2016\"><strong data-start=\"1975\" data-end=\"2016\">3. wie erhalten wir Ihre Zustimmung?<\/strong><\/h3>\n<p data-start=\"2018\" data-end=\"2136\">Wenn Sie zum ersten Mal auf unsere Website zugreifen, wird Ihnen ein <strong data-start=\"2076\" data-end=\"2112\">Banner verwaltet von YesCookies<\/strong> die es dem Benutzer erm\u00f6glicht:<\/p>\n<ul data-start=\"2138\" data-end=\"2258\">\n<li data-start=\"2138\" data-end=\"2168\">\u2705 Akzeptieren Sie alle Cookies.<\/li>\n<li data-start=\"2169\" data-end=\"2206\">\u274c Verwerfen Sie alle unn\u00f6tigen.<\/li>\n<li data-start=\"2207\" data-end=\"2258\">\u2699\ufe0f Konfigurieren Sie Ihre Pr\u00e4ferenzen auf granulare Weise.<\/li>\n<\/ul>\n<p data-start=\"2260\" data-end=\"2450\">Der Nutzer kann seine Einstellungen jederzeit \u00e4ndern oder seine Zustimmung widerrufen, indem er auf den Link \".<strong data-start=\"2370\" data-end=\"2398\">Cookie-Einstellungen<\/strong>\" in der Fu\u00dfzeile der Website verf\u00fcgbar.<\/p>\n<h3 data-start=\"2457\" data-end=\"2511\"><strong data-start=\"2461\" data-end=\"2511\">4. wie k\u00f6nnen Sie Cookies deaktivieren oder l\u00f6schen?<\/strong><\/h3>\n<p data-start=\"2513\" data-end=\"2690\">Sie k\u00f6nnen Ihren Browser so einstellen, dass er Cookies akzeptiert, blockiert oder l\u00f6scht. Bitte beachten Sie, dass die Deaktivierung der notwendigen Cookies das ordnungsgem\u00e4\u00dfe Funktionieren der Website beeintr\u00e4chtigen kann.<\/p>\n<p data-start=\"2692\" data-end=\"2763\">Hier finden Sie Links zu Anleitungen f\u00fcr die g\u00e4ngigsten Browser:<\/p>\n<ul data-start=\"2765\" data-end=\"3137\">\n<li data-start=\"2765\" data-end=\"2834\"><strong data-start=\"2767\" data-end=\"2785\">Google Chrome:<\/strong> <a href=\"https:\/\/support.google.com\/chrome\/answer\/95647\" target=\"_new\" rel=\"noopener\" data-start=\"2786\" data-end=\"2832\">https:\/\/support.google.com\/chrome\/answer\/95647<\/a><\/li>\n<li data-start=\"2835\" data-end=\"2926\"><strong data-start=\"2837\" data-end=\"2857\">Mozilla Firefox:<\/strong> <a href=\"https:\/\/support.mozilla.org\/es\/kb\/habilitar-y-deshabilitar-cookies\" target=\"_new\" rel=\"noopener\" data-start=\"2858\" data-end=\"2924\">https:\/\/support.mozilla.org\/es\/kb\/habilitar-y-deshabilitar-cookies<\/a><\/li>\n<li data-start=\"2927\" data-end=\"2991\"><strong data-start=\"2929\" data-end=\"2948\">Safari (Apple):<\/strong> <a href=\"https:\/\/support.apple.com\/es-es\/HT201265\" target=\"_new\" rel=\"noopener\" data-start=\"2949\" data-end=\"2989\">https:\/\/support.apple.com\/es-es\/HT201265<\/a><\/li>\n<li data-start=\"2992\" data-end=\"3064\"><strong data-start=\"2994\" data-end=\"3013\">Microsoft Edge:<\/strong> <a href=\"https:\/\/support.microsoft.com\/es-es\/help\/4027947\" target=\"_new\" rel=\"noopener\" data-start=\"3014\" data-end=\"3062\">https:\/\/support.microsoft.com\/es-es\/help\/4027947<\/a><\/li>\n<li data-start=\"3065\" data-end=\"3137\"><strong data-start=\"3067\" data-end=\"3077\">Oper:<\/strong> <a href=\"https:\/\/help.opera.com\/en\/latest\/web-preferences\/#cookies\" target=\"_new\" rel=\"noopener\" data-start=\"3078\" data-end=\"3135\">https:\/\/help.opera.com\/en\/latest\/web-preferences\/#cookies<\/a><\/li>\n<\/ul>\n<p data-start=\"3139\" data-end=\"3258\">Sie k\u00f6nnen auch Erweiterungen installieren, z. B. <strong data-start=\"3180\" data-end=\"3192\">Ghostery<\/strong> o <strong data-start=\"3195\" data-end=\"3216\">AutoDelete Cookie<\/strong> um mehr Kontrolle \u00fcber Cookies zu haben.<\/p>\n<h3 data-start=\"3265\" data-end=\"3315\"><strong data-start=\"3269\" data-end=\"3315\">5. Internationale Daten\u00fcbermittlung<\/strong><\/h3>\n<p data-start=\"3317\" data-end=\"3587\">Einige Cookies von Drittanbietern, wie Google oder Meta, k\u00f6nnen Daten\u00fcbertragungen au\u00dferhalb des Europ\u00e4ischen Wirtschaftsraums (EWR) beinhalten. Diese \u00dcbertragungen erfolgen unter angemessenen Sicherheitsvorkehrungen wie <strong data-start=\"3516\" data-end=\"3548\">Standardvertragsklauseln<\/strong> oder die <strong data-start=\"3554\" data-end=\"3586\">Datenschutzrahmen (DPF)<\/strong>.<\/p>\n<h3 data-start=\"3594\" data-end=\"3646\"><strong data-start=\"3598\" data-end=\"3646\">6. Aktualisierungen der Cookie-Richtlinie<\/strong><\/h3>\n<p data-start=\"3648\" data-end=\"3797\">Wir k\u00f6nnen diese Richtlinie je nach rechtlichen, technischen oder betrieblichen \u00c4nderungen an der Website aktualisieren. Wir empfehlen Ihnen, sie regelm\u00e4\u00dfig zu \u00fcberpr\u00fcfen.<\/p>\n<h3 data-start=\"3804\" data-end=\"3820\"><strong data-start=\"3808\" data-end=\"3820\">Kontakt<\/strong><\/h3>\n<p data-start=\"3822\" data-end=\"3925\">Wenn Sie Fragen zur Verwendung von Cookies auf unserer Website haben, k\u00f6nnen Sie uns unter folgender Adresse kontaktieren:<\/p>\n<p data-start=\"3927\" data-end=\"4046\"><strong data-start=\"3927\" data-end=\"3940\">\ud83d\udce9 E-Mail:<\/strong> <a rel=\"noopener\" data-start=\"3941\" data-end=\"3963\">psa@tunidotenerife.com<\/a><br data-start=\"3963\" data-end=\"3966\" \/><strong data-start=\"3966\" data-end=\"3983\">\ud83d\udccd Anschrift:<\/strong> Calle el Sauce 9, Local 3, Costa Adeje, Santa Cruz de Tenerife<\/p>\n<p data-start=\"3927\" data-end=\"4046\">\n<p data-start=\"3927\" data-end=\"4046\">\n<p data-start=\"3927\" data-end=\"4046\"><strong data-start=\"274\" data-end=\"319\">Letzte Aktualisierung: 21. M\u00e4rz 2025<\/strong><\/p>","protected":false},"excerpt":{"rendered":"<p>En Tu Nido Tenerife, utilizamos cookies para garantizar el correcto funcionamiento del sitio web, mejorar la experiencia del usuario y recopilar informaci\u00f3n estad\u00edstica an\u00f3nima. Esta pol\u00edtica explica qu\u00e9 son las cookies, qu\u00e9 tipo utilizamos y c\u00f3mo puedes gestionarlas. 1. \u00bfQu\u00e9 son las cookies? Las cookies son peque\u00f1os archivos de texto que los sitios web instalan [&hellip;]<\/p>\n","protected":false},"author":1,"featured_media":0,"parent":0,"menu_order":0,"comment_status":"closed","ping_status":"closed","template":"","meta":{"footnotes":""},"class_list":["post-26171","page","type-page","status-publish","hentry"],"_links":{"self":[{"href":"https:\/\/www.tunidotenerife.com\/de\/wp-json\/wp\/v2\/pages\/26171","targetHints":{"allow":["GET"]}}],"collection":[{"href":"https:\/\/www.tunidotenerife.com\/de\/wp-json\/wp\/v2\/pages"}],"about":[{"href":"https:\/\/www.tunidotenerife.com\/de\/wp-json\/wp\/v2\/types\/page"}],"author":[{"embeddable":true,"href":"https:\/\/www.tunidotenerife.com\/de\/wp-json\/wp\/v2\/users\/1"}],"replies":[{"embeddable":true,"href":"https:\/\/www.tunidotenerife.com\/de\/wp-json\/wp\/v2\/comments?post=26171"}],"version-history":[{"count":0,"href":"https:\/\/www.tunidotenerife.com\/de\/wp-json\/wp\/v2\/pages\/26171\/revisions"}],"wp:attachment":[{"href":"https:\/\/www.tunidotenerife.com\/de\/wp-json\/wp\/v2\/media?parent=26171"}],"curies":[{"name":"wp","href":"https:\/\/api.w.org\/{rel}","templated":true}]}}