{"id":26168,"date":"2025-03-21T16:12:51","date_gmt":"2025-03-21T16:12:51","guid":{"rendered":"https:\/\/www.tunidotenerife.com\/?page_id=26168"},"modified":"2025-03-21T16:12:51","modified_gmt":"2025-03-21T16:12:51","slug":"aviso-legal","status":"publish","type":"page","link":"https:\/\/www.tunidotenerife.com\/de\/aviso-legal\/","title":{"rendered":"Rechtlicher Hinweis"},"content":{"rendered":"<h2 data-start=\"294\" data-end=\"343\">1. IDENTIFIZIERUNG DES EIGENT\u00dcMERS DER WEBSITE<\/h2>\n<p data-start=\"344\" data-end=\"544\">Gem\u00e4\u00df Artikel 10 des Gesetzes 34\/2002 vom 11. Juli \u00fcber die Dienste der Informationsgesellschaft und den elektronischen Gesch\u00e4ftsverkehr (LSSI-CE) informieren wir Sie hiermit, dass diese Website Eigentum von:<\/p>\n<ul data-start=\"546\" data-end=\"946\">\n<li data-start=\"546\" data-end=\"588\"><strong data-start=\"548\" data-end=\"569\">Handelsname:<\/strong> Tu Nido Tenerife<\/li>\n<li data-start=\"589\" data-end=\"630\"><strong data-start=\"591\" data-end=\"608\">Name des Unternehmens:<\/strong> Tu Nido Tenerife SL<\/li>\n<li data-start=\"631\" data-end=\"653\"><strong data-start=\"633\" data-end=\"641\">CIF:<\/strong> B76752567<\/li>\n<li data-start=\"654\" data-end=\"742\"><strong data-start=\"656\" data-end=\"677\">Eingetragener Sitz:<\/strong> Calle el Sauce 9, Local 3, Costa Adeje, Santa Cruz de Tenerife<\/li>\n<li data-start=\"743\" data-end=\"815\"><strong data-start=\"745\" data-end=\"770\">Telefonnummer der Kontaktperson:<\/strong> +34 922 71 38 83<\/li>\n<li data-start=\"816\" data-end=\"866\"><strong data-start=\"818\" data-end=\"841\">E-Mail:<\/strong> <a rel=\"noopener\" data-start=\"842\" data-end=\"864\">psa@tunidotenerife.com<\/a><\/li>\n<li data-start=\"867\" data-end=\"946\"><strong data-start=\"869\" data-end=\"883\">T\u00e4tigkeit:<\/strong> Vermittlung und Verwaltung von Immobilien auf Teneriffa<\/li>\n<\/ul>\n<h3 data-start=\"953\" data-end=\"979\">2. NUTZUNG DER WEBSITE<\/h3>\n<p data-start=\"980\" data-end=\"1145\">Der Zugang zu und die Nutzung dieser Website verleiht den Status eines Nutzers, was die vollst\u00e4ndige und uneingeschr\u00e4nkte Annahme aller Bestimmungen des vorliegenden rechtlichen Hinweises voraussetzt.<\/p>\n<p data-start=\"1147\" data-end=\"1305\">Der Nutzer verpflichtet sich, die Inhalte der Website angemessen zu nutzen, sie nicht f\u00fcr illegale Aktivit\u00e4ten zu verwenden und die Rechte Dritter zu respektieren.<\/p>\n<h3 data-start=\"1312\" data-end=\"1355\">3. GEISTIGES UND GEWERBLICHES EIGENTUM<\/h3>\n<p data-start=\"1356\" data-end=\"1662\">Alle Inhalte der Website (Texte, Bilder, Logos, grafische Gestaltung, Navigationsstruktur, Quellcode usw.) sind durch geistige und gewerbliche Eigentumsrechte gesch\u00fctzt, deren Eigent\u00fcmer Tu Nido Tenerife oder Dritte sind, mit denen eine Vereinbarung \u00fcber die \u00dcbertragung der Rechte getroffen wurde.<\/p>\n<p data-start=\"1664\" data-end=\"1810\">Die Vervielf\u00e4ltigung, Verbreitung, \u00f6ffentliche Wiedergabe oder Umgestaltung dieses Inhalts ist ohne die ausdr\u00fcckliche Genehmigung des Eigent\u00fcmers verboten.<\/p>\n<h3 data-start=\"1817\" data-end=\"1842\">4. EXTERNE VERBINDUNGEN<\/h3>\n<p data-start=\"1843\" data-end=\"2052\">Diese Website kann Links zu Websites von Dritten enthalten. Tu Nido Tenerife ist nicht verantwortlich f\u00fcr den Inhalt, die Datenschutzrichtlinien oder die Verwendung pers\u00f6nlicher Daten durch diese Dritten.<\/p>\n<h3 data-start=\"2059\" data-end=\"2083\">5. VERANTWORTUNG<\/h3>\n<p data-start=\"2084\" data-end=\"2286\">Tu Nido Tenerife \u00fcbernimmt keine Garantie f\u00fcr das Nichtvorhandensein von Fehlern beim Zugriff auf die Website, in ihrem Inhalt oder bei ihrer Aktualisierung, verpflichtet sich jedoch, diese zu korrigieren, sobald sie ihm bekannt werden.<\/p>\n<p data-start=\"2288\" data-end=\"2463\">Sie haftet auch nicht f\u00fcr Sch\u00e4den, die durch St\u00f6rungen, Unterbrechungen, Computerviren oder Verbindungsabbr\u00fcche im Betriebssystem des Nutzers entstehen k\u00f6nnen.<\/p>\n<h3 data-start=\"2470\" data-end=\"2510\">6. DATENSCHUTZPOLITIK<\/h3>\n<p data-start=\"2511\" data-end=\"2709\">Personenbezogene Daten, die \u00fcber die Website erhoben werden, werden in \u00dcbereinstimmung mit den geltenden Datenschutzbestimmungen verarbeitet. Weitere Informationen finden Sie in unserer <strong data-start=\"2677\" data-end=\"2708\"><a href=\"#\" rel=\"noopener\" data-start=\"2679\" data-end=\"2706\">Datenschutzbestimmungen<\/a><\/strong>.<\/p>\n<h3 data-start=\"2716\" data-end=\"2761\">7. ANWENDBARES RECHT UND GERICHTSBARKEIT<\/h3>\n<p data-start=\"2762\" data-end=\"3023\">Dieser Rechtshinweis unterliegt dem spanischen Recht. Im Falle eines Rechtsstreits, der sich aus dem Zugang zu oder der Nutzung dieser Website ergibt, unterwerfen sich beide Parteien den Gerichten von Santa Cruz de Tenerife und verzichten ausdr\u00fccklich auf ihr Recht auf eine andere Gerichtsbarkeit.<\/p>\n<p data-start=\"2762\" data-end=\"3023\">\n<p data-start=\"2762\" data-end=\"3023\"><strong data-start=\"247\" data-end=\"292\">Letzte Aktualisierung: 21. M\u00e4rz 2025<\/strong><\/p>","protected":false},"excerpt":{"rendered":"<p>1. IDENTIFICACI\u00d3N DEL TITULAR DEL SITIO WEB En cumplimiento con el art\u00edculo 10 de la Ley 34\/2002, de 11 de julio, de Servicios de la Sociedad de la Informaci\u00f3n y del Comercio Electr\u00f3nico (LSSI-CE), se informa que este sitio web es propiedad de: Nombre comercial: Tu Nido Tenerife Raz\u00f3n social: Tu Nido Tenerife SL CIF: [&hellip;]<\/p>\n","protected":false},"author":1,"featured_media":0,"parent":0,"menu_order":0,"comment_status":"closed","ping_status":"closed","template":"","meta":{"footnotes":""},"class_list":["post-26168","page","type-page","status-publish","hentry"],"_links":{"self":[{"href":"https:\/\/www.tunidotenerife.com\/de\/wp-json\/wp\/v2\/pages\/26168","targetHints":{"allow":["GET"]}}],"collection":[{"href":"https:\/\/www.tunidotenerife.com\/de\/wp-json\/wp\/v2\/pages"}],"about":[{"href":"https:\/\/www.tunidotenerife.com\/de\/wp-json\/wp\/v2\/types\/page"}],"author":[{"embeddable":true,"href":"https:\/\/www.tunidotenerife.com\/de\/wp-json\/wp\/v2\/users\/1"}],"replies":[{"embeddable":true,"href":"https:\/\/www.tunidotenerife.com\/de\/wp-json\/wp\/v2\/comments?post=26168"}],"version-history":[{"count":0,"href":"https:\/\/www.tunidotenerife.com\/de\/wp-json\/wp\/v2\/pages\/26168\/revisions"}],"wp:attachment":[{"href":"https:\/\/www.tunidotenerife.com\/de\/wp-json\/wp\/v2\/media?parent=26168"}],"curies":[{"name":"wp","href":"https:\/\/api.w.org\/{rel}","templated":true}]}}