{"id":20906,"date":"2024-04-11T16:47:57","date_gmt":"2024-04-11T15:47:57","guid":{"rendered":"https:\/\/www.tunidotenerife.com\/?page_id=20906"},"modified":"2024-05-10T01:04:26","modified_gmt":"2024-05-10T00:04:26","slug":"tipo-propiedad","status":"publish","type":"page","link":"https:\/\/www.tunidotenerife.com\/de\/tipo-propiedad\/","title":{"rendered":"Immobilien-Typen"},"content":{"rendered":"<div data-elementor-type=\"wp-page\" data-elementor-id=\"20906\" class=\"elementor elementor-20906\">\n\t\t\t\t<div class=\"elementor-element elementor-element-2f68b8a e-flex e-con-boxed e-con e-parent\" data-id=\"2f68b8a\" data-element_type=\"container\" data-e-type=\"container\">\n\t\t\t\t\t<div class=\"e-con-inner\">\n\t\t\t\t<div class=\"elementor-element elementor-element-fad413b elementor-widget elementor-widget-spacer\" data-id=\"fad413b\" data-element_type=\"widget\" data-e-type=\"widget\" data-widget_type=\"spacer.default\">\n\t\t\t\t<div class=\"elementor-widget-container\">\n\t\t\t\t\t\t\t<div class=\"elementor-spacer\">\n\t\t\t<div class=\"elementor-spacer-inner\"><\/div>\n\t\t<\/div>\n\t\t\t\t\t\t<\/div>\n\t\t\t\t<\/div>\n\t\t\t\t<div class=\"elementor-element elementor-element-47a3d46 elementor-widget elementor-widget-heading\" data-id=\"47a3d46\" data-element_type=\"widget\" data-e-type=\"widget\" data-widget_type=\"heading.default\">\n\t\t\t\t<div class=\"elementor-widget-container\">\n\t\t\t\t\t<h1 class=\"elementor-heading-title elementor-size-default\">Immobilien zum Verkauf und zur Miete auf Teneriffa<\/h1>\t\t\t\t<\/div>\n\t\t\t\t<\/div>\n\t\t\t\t<div class=\"elementor-element elementor-element-b47950d elementor-widget elementor-widget-spacer\" data-id=\"b47950d\" data-element_type=\"widget\" data-e-type=\"widget\" data-widget_type=\"spacer.default\">\n\t\t\t\t<div class=\"elementor-widget-container\">\n\t\t\t\t\t\t\t<div class=\"elementor-spacer\">\n\t\t\t<div class=\"elementor-spacer-inner\"><\/div>\n\t\t<\/div>\n\t\t\t\t\t\t<\/div>\n\t\t\t\t<\/div>\n\t\t\t\t<div class=\"elementor-element elementor-element-622be95 elementor-widget elementor-widget-houzez_elementor_grids\" data-id=\"622be95\" data-element_type=\"widget\" data-e-type=\"widget\" data-widget_type=\"houzez_elementor_grids.default\">\n\t\t\t\t<div class=\"elementor-widget-container\">\n\t\t\t\t\t\t\t<div class=\"taxonomy-grids-module taxonomy-grids-module-v4\">\r\n    \t\t<div class=\"taxonomy-grids-module-grid\">\r\n\t\t\t\t\t\t\t\t\t\t<div class=\"taxonomy-item-rectangle\">\r\n\t\t\t\t\t\t\t<div class=\"taxonomy-item-wrap h-100\">\t\r\n\t\t\t\t\t\t\t\t<div class=\"taxonomy-item\" style=\"background-image: url(https:\/\/www.tunidotenerife.com\/wp-content\/uploads\/2024\/04\/apartamento.jpeg);\">\r\n\t\t\t\t\t\t\t\t\t<a class=\"taxonomy-link hover-effect-flat\" href=\"https:\/\/www.tunidotenerife.com\/de\/tipo-propiedad\/apartamento\/\">\r\n\t\t\t\t\t\t\t\t\t\t<div class=\"taxonomy-text-wrap d-flex flex-column justify-content-end align-items-start h-100 w-100\">\r\n\t\t\t\t\t\t\t\t\t\t\t<div class=\"taxonomy-title\">Wohnung<\/div>\r\n\t\t\t\t\t\t\t\t\t\t\t\t\t\t\t\t\t\t\t\t\t<\/div><!-- taxonomy-text-wrap -->\r\n\t\t\t\t\t\t\t\t\t<\/a>\r\n\t\t\t\t\t\t\t\t<\/div>\r\n\t\t\t\t\t\t\t<\/div>\r\n\t\t\t\t\t\t<\/div>\r\n\t\t\t\t\t\t\t\t\t\t\t\t<div class=\"taxonomy-item-square\">\r\n\t\t\t\t\t\t\t<div class=\"taxonomy-item-wrap h-100\">\t\r\n\t\t\t\t\t\t\t\t<div class=\"taxonomy-item\" style=\"background-image: url(https:\/\/www.tunidotenerife.com\/wp-content\/uploads\/2024\/04\/villa.jpeg);\">\r\n\t\t\t\t\t\t\t\t\t<a class=\"taxonomy-link hover-effect-flat\" href=\"https:\/\/www.tunidotenerife.com\/de\/tipo-propiedad\/villa\/\">\r\n\t\t\t\t\t\t\t\t\t\t<div class=\"taxonomy-text-wrap d-flex flex-column justify-content-end align-items-start h-100 w-100\">\r\n\t\t\t\t\t\t\t\t\t\t\t<div class=\"taxonomy-title\">Villa \/ Haus<\/div>\r\n\t\t\t\t\t\t\t\t\t\t\t\t\t\t\t\t\t\t\t\t\t<\/div><!-- taxonomy-text-wrap -->\r\n\t\t\t\t\t\t\t\t\t<\/a>\r\n\t\t\t\t\t\t\t\t<\/div>\r\n\t\t\t\t\t\t\t<\/div>\r\n\t\t\t\t\t\t<\/div>\r\n\t\t\t\t\t\t\t\t\t\t\t\t<div class=\"taxonomy-item-square\">\r\n\t\t\t\t\t\t\t<div class=\"taxonomy-item-wrap h-100\">\t\r\n\t\t\t\t\t\t\t\t<div class=\"taxonomy-item\" style=\"background-image: url(https:\/\/www.tunidotenerife.com\/wp-content\/uploads\/2024\/04\/terrenos.jpg);\">\r\n\t\t\t\t\t\t\t\t\t<a class=\"taxonomy-link hover-effect-flat\" href=\"https:\/\/www.tunidotenerife.com\/de\/tipo-propiedad\/terreno\/\">\r\n\t\t\t\t\t\t\t\t\t\t<div class=\"taxonomy-text-wrap d-flex flex-column justify-content-end align-items-start h-100 w-100\">\r\n\t\t\t\t\t\t\t\t\t\t\t<div class=\"taxonomy-title\">Land<\/div>\r\n\t\t\t\t\t\t\t\t\t\t\t\t\t\t\t\t\t\t\t\t\t<\/div><!-- taxonomy-text-wrap -->\r\n\t\t\t\t\t\t\t\t\t<\/a>\r\n\t\t\t\t\t\t\t\t<\/div>\r\n\t\t\t\t\t\t\t<\/div>\r\n\t\t\t\t\t\t<\/div>\r\n\t\t\t\t\t\t\t\t\t\t\t\t<div class=\"taxonomy-item-square\">\r\n\t\t\t\t\t\t\t<div class=\"taxonomy-item-wrap h-100\">\t\r\n\t\t\t\t\t\t\t\t<div class=\"taxonomy-item\" style=\"background-image: url(https:\/\/www.tunidotenerife.com\/wp-content\/uploads\/2024\/04\/adosado.jpeg);\">\r\n\t\t\t\t\t\t\t\t\t<a class=\"taxonomy-link hover-effect-flat\" href=\"https:\/\/www.tunidotenerife.com\/de\/tipo-propiedad\/adosado\/\">\r\n\t\t\t\t\t\t\t\t\t\t<div class=\"taxonomy-text-wrap d-flex flex-column justify-content-end align-items-start h-100 w-100\">\r\n\t\t\t\t\t\t\t\t\t\t\t<div class=\"taxonomy-title\">Stadthaus<\/div>\r\n\t\t\t\t\t\t\t\t\t\t\t\t\t\t\t\t\t\t\t\t\t<\/div><!-- taxonomy-text-wrap -->\r\n\t\t\t\t\t\t\t\t\t<\/a>\r\n\t\t\t\t\t\t\t\t<\/div>\r\n\t\t\t\t\t\t\t<\/div>\r\n\t\t\t\t\t\t<\/div>\r\n\t\t\t\t\t\t\t\t\t\t\t\t<div class=\"taxonomy-item-square\">\r\n\t\t\t\t\t\t\t<div class=\"taxonomy-item-wrap h-100\">\t\r\n\t\t\t\t\t\t\t\t<div class=\"taxonomy-item\" style=\"background-image: url(https:\/\/www.tunidotenerife.com\/wp-content\/uploads\/2024\/04\/duplex.jpeg);\">\r\n\t\t\t\t\t\t\t\t\t<a class=\"taxonomy-link hover-effect-flat\" href=\"https:\/\/www.tunidotenerife.com\/de\/tipo-propiedad\/duplex\/\">\r\n\t\t\t\t\t\t\t\t\t\t<div class=\"taxonomy-text-wrap d-flex flex-column justify-content-end align-items-start h-100 w-100\">\r\n\t\t\t\t\t\t\t\t\t\t\t<div class=\"taxonomy-title\">Duplex<\/div>\r\n\t\t\t\t\t\t\t\t\t\t\t\t\t\t\t\t\t\t\t\t\t<\/div><!-- taxonomy-text-wrap -->\r\n\t\t\t\t\t\t\t\t\t<\/a>\r\n\t\t\t\t\t\t\t\t<\/div>\r\n\t\t\t\t\t\t\t<\/div>\r\n\t\t\t\t\t\t<\/div>\r\n\t\t\t\t\t\t\t\t\t\t\t\t<div class=\"taxonomy-item-rectangle\">\r\n\t\t\t\t\t\t\t<div class=\"taxonomy-item-wrap h-100\">\t\r\n\t\t\t\t\t\t\t\t<div class=\"taxonomy-item\" style=\"background-image: url(https:\/\/www.tunidotenerife.com\/wp-content\/uploads\/2024\/04\/fincas.jpeg);\">\r\n\t\t\t\t\t\t\t\t\t<a class=\"taxonomy-link hover-effect-flat\" href=\"https:\/\/www.tunidotenerife.com\/de\/tipo-propiedad\/finca\/\">\r\n\t\t\t\t\t\t\t\t\t\t<div class=\"taxonomy-text-wrap d-flex flex-column justify-content-end align-items-start h-100 w-100\">\r\n\t\t\t\t\t\t\t\t\t\t\t<div class=\"taxonomy-title\">Finca<\/div>\r\n\t\t\t\t\t\t\t\t\t\t\t\t\t\t\t\t\t\t\t\t\t<\/div><!-- taxonomy-text-wrap -->\r\n\t\t\t\t\t\t\t\t\t<\/a>\r\n\t\t\t\t\t\t\t\t<\/div>\r\n\t\t\t\t\t\t\t<\/div>\r\n\t\t\t\t\t\t<\/div>\r\n\t\t\t\t\t\t\t\t\t\t\t\t<div class=\"taxonomy-item-rectangle\">\r\n\t\t\t\t\t\t\t<div class=\"taxonomy-item-wrap h-100\">\t\r\n\t\t\t\t\t\t\t\t<div class=\"taxonomy-item\" style=\"background-image: url(https:\/\/www.tunidotenerife.com\/wp-content\/uploads\/2024\/04\/estudio.jpeg);\">\r\n\t\t\t\t\t\t\t\t\t<a class=\"taxonomy-link hover-effect-flat\" href=\"https:\/\/www.tunidotenerife.com\/de\/tipo-propiedad\/estudio\/\">\r\n\t\t\t\t\t\t\t\t\t\t<div class=\"taxonomy-text-wrap d-flex flex-column justify-content-end align-items-start h-100 w-100\">\r\n\t\t\t\t\t\t\t\t\t\t\t<div class=\"taxonomy-title\">Studie<\/div>\r\n\t\t\t\t\t\t\t\t\t\t\t\t\t\t\t\t\t\t\t\t\t<\/div><!-- taxonomy-text-wrap -->\r\n\t\t\t\t\t\t\t\t\t<\/a>\r\n\t\t\t\t\t\t\t\t<\/div>\r\n\t\t\t\t\t\t\t<\/div>\r\n\t\t\t\t\t\t<\/div>\r\n\t\t\t\t\t\t\t\t\t\t\t\t<div class=\"taxonomy-item-square\">\r\n\t\t\t\t\t\t\t<div class=\"taxonomy-item-wrap h-100\">\t\r\n\t\t\t\t\t\t\t\t<div class=\"taxonomy-item\" style=\"background-image: url();\">\r\n\t\t\t\t\t\t\t\t\t<a class=\"taxonomy-link hover-effect-flat\" href=\"https:\/\/www.tunidotenerife.com\/de\/tipo-propiedad\/local-comercial\/\">\r\n\t\t\t\t\t\t\t\t\t\t<div class=\"taxonomy-text-wrap d-flex flex-column justify-content-end align-items-start h-100 w-100\">\r\n\t\t\t\t\t\t\t\t\t\t\t<div class=\"taxonomy-title\">Kommerzielle R\u00e4umlichkeiten<\/div>\r\n\t\t\t\t\t\t\t\t\t\t\t\t\t\t\t\t\t\t\t\t\t<\/div><!-- taxonomy-text-wrap -->\r\n\t\t\t\t\t\t\t\t\t<\/a>\r\n\t\t\t\t\t\t\t\t<\/div>\r\n\t\t\t\t\t\t\t<\/div>\r\n\t\t\t\t\t\t<\/div>\r\n\t\t\t\t\t\t\t\t\t\t\t\t<div class=\"taxonomy-item-square\">\r\n\t\t\t\t\t\t\t<div class=\"taxonomy-item-wrap h-100\">\t\r\n\t\t\t\t\t\t\t\t<div class=\"taxonomy-item\" style=\"background-image: url(https:\/\/www.tunidotenerife.com\/wp-content\/uploads\/2024\/04\/atico.jpeg);\">\r\n\t\t\t\t\t\t\t\t\t<a class=\"taxonomy-link hover-effect-flat\" href=\"https:\/\/www.tunidotenerife.com\/de\/tipo-propiedad\/atico\/\">\r\n\t\t\t\t\t\t\t\t\t\t<div class=\"taxonomy-text-wrap d-flex flex-column justify-content-end align-items-start h-100 w-100\">\r\n\t\t\t\t\t\t\t\t\t\t\t<div class=\"taxonomy-title\">Penthouse<\/div>\r\n\t\t\t\t\t\t\t\t\t\t\t\t\t\t\t\t\t\t\t\t\t<\/div><!-- taxonomy-text-wrap -->\r\n\t\t\t\t\t\t\t\t\t<\/a>\r\n\t\t\t\t\t\t\t\t<\/div>\r\n\t\t\t\t\t\t\t<\/div>\r\n\t\t\t\t\t\t<\/div>\r\n\t\t\t\t\t\t\t\t\t\t\t\t<div class=\"taxonomy-item-square\">\r\n\t\t\t\t\t\t\t<div class=\"taxonomy-item-wrap h-100\">\t\r\n\t\t\t\t\t\t\t\t<div class=\"taxonomy-item\" style=\"background-image: url(https:\/\/www.tunidotenerife.com\/wp-content\/uploads\/2024\/04\/negocio.jpeg);\">\r\n\t\t\t\t\t\t\t\t\t<a class=\"taxonomy-link hover-effect-flat\" href=\"https:\/\/www.tunidotenerife.com\/de\/tipo-propiedad\/negocio\/\">\r\n\t\t\t\t\t\t\t\t\t\t<div class=\"taxonomy-text-wrap d-flex flex-column justify-content-end align-items-start h-100 w-100\">\r\n\t\t\t\t\t\t\t\t\t\t\t<div class=\"taxonomy-title\">Business<\/div>\r\n\t\t\t\t\t\t\t\t\t\t\t\t\t\t\t\t\t\t\t\t\t<\/div><!-- taxonomy-text-wrap -->\r\n\t\t\t\t\t\t\t\t\t<\/a>\r\n\t\t\t\t\t\t\t\t<\/div>\r\n\t\t\t\t\t\t\t<\/div>\r\n\t\t\t\t\t\t<\/div>\r\n\t\t\t\t\t\t\t\t\t\t\t\t<div class=\"taxonomy-item-square\">\r\n\t\t\t\t\t\t\t<div class=\"taxonomy-item-wrap h-100\">\t\r\n\t\t\t\t\t\t\t\t<div class=\"taxonomy-item\" style=\"background-image: url(https:\/\/www.tunidotenerife.com\/wp-content\/uploads\/2024\/04\/edificios.jpeg);\">\r\n\t\t\t\t\t\t\t\t\t<a class=\"taxonomy-link hover-effect-flat\" href=\"https:\/\/www.tunidotenerife.com\/de\/tipo-propiedad\/edificio\/\">\r\n\t\t\t\t\t\t\t\t\t\t<div class=\"taxonomy-text-wrap d-flex flex-column justify-content-end align-items-start h-100 w-100\">\r\n\t\t\t\t\t\t\t\t\t\t\t<div class=\"taxonomy-title\">Geb\u00e4ude<\/div>\r\n\t\t\t\t\t\t\t\t\t\t\t\t\t\t\t\t\t\t\t\t\t<\/div><!-- taxonomy-text-wrap -->\r\n\t\t\t\t\t\t\t\t\t<\/a>\r\n\t\t\t\t\t\t\t\t<\/div>\r\n\t\t\t\t\t\t\t<\/div>\r\n\t\t\t\t\t\t<\/div>\r\n\t\t\t\t\t\t\t\t\t\t\t\t<div class=\"taxonomy-item-rectangle\">\r\n\t\t\t\t\t\t\t<div class=\"taxonomy-item-wrap h-100\">\t\r\n\t\t\t\t\t\t\t\t<div class=\"taxonomy-item\" style=\"background-image: url(https:\/\/www.tunidotenerife.com\/wp-content\/uploads\/2024\/04\/bungalo.jpeg);\">\r\n\t\t\t\t\t\t\t\t\t<a class=\"taxonomy-link hover-effect-flat\" href=\"https:\/\/www.tunidotenerife.com\/de\/tipo-propiedad\/bungalo\/\">\r\n\t\t\t\t\t\t\t\t\t\t<div class=\"taxonomy-text-wrap d-flex flex-column justify-content-end align-items-start h-100 w-100\">\r\n\t\t\t\t\t\t\t\t\t\t\t<div class=\"taxonomy-title\">Bungalow<\/div>\r\n\t\t\t\t\t\t\t\t\t\t\t\t\t\t\t\t\t\t\t\t\t<\/div><!-- taxonomy-text-wrap -->\r\n\t\t\t\t\t\t\t\t\t<\/a>\r\n\t\t\t\t\t\t\t\t<\/div>\r\n\t\t\t\t\t\t\t<\/div>\r\n\t\t\t\t\t\t<\/div>\r\n\t\t\t\t\t\t\t\t\t\t\t\t<div class=\"taxonomy-item-rectangle\">\r\n\t\t\t\t\t\t\t<div class=\"taxonomy-item-wrap h-100\">\t\r\n\t\t\t\t\t\t\t\t<div class=\"taxonomy-item\" style=\"background-image: url();\">\r\n\t\t\t\t\t\t\t\t\t<a class=\"taxonomy-link hover-effect-flat\" href=\"https:\/\/www.tunidotenerife.com\/de\/tipo-propiedad\/traspaso\/\">\r\n\t\t\t\t\t\t\t\t\t\t<div class=\"taxonomy-text-wrap d-flex flex-column justify-content-end align-items-start h-100 w-100\">\r\n\t\t\t\t\t\t\t\t\t\t\t<div class=\"taxonomy-title\">\u00dcbertragen Sie<\/div>\r\n\t\t\t\t\t\t\t\t\t\t\t\t\t\t\t\t\t\t\t\t\t<\/div><!-- taxonomy-text-wrap -->\r\n\t\t\t\t\t\t\t\t\t<\/a>\r\n\t\t\t\t\t\t\t\t<\/div>\r\n\t\t\t\t\t\t\t<\/div>\r\n\t\t\t\t\t\t<\/div>\r\n\t\t\t\t\t\t\t\t\t\t\t\t<div class=\"taxonomy-item-square\">\r\n\t\t\t\t\t\t\t<div class=\"taxonomy-item-wrap h-100\">\t\r\n\t\t\t\t\t\t\t\t<div class=\"taxonomy-item\" style=\"background-image: url(https:\/\/www.tunidotenerife.com\/wp-content\/uploads\/2024\/04\/hotel.jpeg);\">\r\n\t\t\t\t\t\t\t\t\t<a class=\"taxonomy-link hover-effect-flat\" href=\"https:\/\/www.tunidotenerife.com\/de\/tipo-propiedad\/hotel\/\">\r\n\t\t\t\t\t\t\t\t\t\t<div class=\"taxonomy-text-wrap d-flex flex-column justify-content-end align-items-start h-100 w-100\">\r\n\t\t\t\t\t\t\t\t\t\t\t<div class=\"taxonomy-title\">Hotel<\/div>\r\n\t\t\t\t\t\t\t\t\t\t\t\t\t\t\t\t\t\t\t\t\t<\/div><!-- taxonomy-text-wrap -->\r\n\t\t\t\t\t\t\t\t\t<\/a>\r\n\t\t\t\t\t\t\t\t<\/div>\r\n\t\t\t\t\t\t\t<\/div>\r\n\t\t\t\t\t\t<\/div>\r\n\t\t\t\t\t\t\t\t\t<\/div>\r\n\t\t<\/div>\r\n\t\t\t\t\t\t<\/div>\n\t\t\t\t<\/div>\n\t\t\t\t\t<\/div>\n\t\t\t\t<\/div>\n\t\t<div class=\"elementor-element elementor-element-dbc0b60 e-flex e-con-boxed e-con e-parent\" data-id=\"dbc0b60\" data-element_type=\"container\" data-e-type=\"container\">\n\t\t\t\t\t<div class=\"e-con-inner\">\n\t\t\t\t<div class=\"elementor-element elementor-element-687ce94 elementor-widget elementor-widget-text-editor\" data-id=\"687ce94\" data-element_type=\"widget\" data-e-type=\"widget\" data-widget_type=\"text-editor.default\">\n\t\t\t\t<div class=\"elementor-widget-container\">\n\t\t\t\t\t\t\t\t\t<p>Die Erkundung der verschiedenen Arten von Immobilien, die auf Teneriffa zum Kauf oder zur Miete angeboten werden, er\u00f6ffnet denjenigen, die davon tr\u00e4umen, auf diesem Inselparadies zu leben oder in den dortigen Immobilienmarkt zu investieren, eine Reihe von M\u00f6glichkeiten. Teneriffa mit seinem idyllischen Klima, seiner atemberaubenden Landschaft und seinem pulsierenden Lebensstil bietet Wohnm\u00f6glichkeiten f\u00fcr jeden Geschmack und Bedarf. Von luxuri\u00f6sen Villen bis hin zu gem\u00fctlichen Studios - die Vielfalt der Immobilien auf der Insel sorgt daf\u00fcr, dass jeder seinen perfekten Platz an der Sonne finden kann.<\/p>\n<p>F\u00fcr diejenigen, die auf der Suche nach <strong>ein Haus auf Teneriffa kaufen,<\/strong>&nbsp;Die Insel bietet alles, von ruhigen Stadth\u00e4usern in ruhigen Gemeinden bis hin zu beeindruckenden freistehenden H\u00e4usern mit Meer- oder Bergblick. Die <strong>Villen<\/strong> stellen den Gipfel des Luxus auf Teneriffa dar. Die Immobilien bieten Privatsph\u00e4re, Exklusivit\u00e4t und oft direkten Zugang zu Golfpl\u00e4tzen und privaten K\u00fcstenabschnitten. Eine Villa auf Teneriffa zu kaufen, bedeutet, in einen Lebensstil zu investieren, der seinesgleichen sucht und bei dem Sie Komfort und nat\u00fcrliche Sch\u00f6nheit in Ihrem eigenen Haus finden.<\/p>\n<p>Der Markt f\u00fcr <strong>Wohnungen<\/strong> ist ebenso attraktiv und bietet Optionen sowohl f\u00fcr diejenigen, die <strong>Wohnung auf Teneriffa kaufen<\/strong> sowie f\u00fcr diejenigen, die sich f\u00fcr <strong>Wohnung auf Teneriffa mieten.<\/strong>&nbsp;Die Wohnungen auf der Insel reichen von kompakten, praktischen Einheiten bis hin zu ger\u00e4umigen Penth\u00e4usern mit traumhaftem Panoramablick. Das Wohnen in einer Wohnung auf Teneriffa ist ideal f\u00fcr Einzelpersonen, Paare oder Familien und verbindet die Annehmlichkeiten der N\u00e4he zu Annehmlichkeiten und Attraktionen mit der Sch\u00f6nheit der Umgebung der Insel.<\/p>\n<p>F\u00fcr diejenigen, die einen intimeren Raum bevorzugen oder nach einer erschwinglicheren Option suchen, ist das <strong>Studien<\/strong> bieten eine praktische und moderne L\u00f6sung. Diese R\u00e4ume sind perfekt f\u00fcr junge Berufst\u00e4tige oder alle, die ihr Abenteuer auf Teneriffa mit einer intelligenten und \u00fcberschaubaren Investition beginnen m\u00f6chten.<\/p>\n<p>Die <strong>duplex<\/strong> y <strong>Bungalows<\/strong> auf Teneriffa bieten ein \u00e4hnliches Gef\u00fchl wie ein Haus, mit dem Vorteil, dass sie \u00fcber Gemeinschaftsbereiche und in vielen F\u00e4llen auch \u00fcber Swimmingpools und G\u00e4rten verf\u00fcgen. Sie sind ideal f\u00fcr Familien oder f\u00fcr diejenigen, die ein Gleichgewicht zwischen Privatsph\u00e4re und Gemeinschaft suchen.<\/p>\n<p>F\u00fcr Anleger bietet der Markt von <strong>Garagen<\/strong> zu <strong>komplette Geb\u00e4ude,<\/strong>&nbsp;durchreisend <strong>Land<\/strong> wo Sie ma\u00dfgeschneiderte Projekte erstellen k\u00f6nnen, <strong>Unternehmens\u00fcbertragungen<\/strong> mit Wachstumspotenzial, und <strong>Hotels<\/strong> in bester Lage, sofort betriebsbereit. Auf Teneriffa zu investieren bedeutet, auf einen Markt zu setzen, der sich st\u00e4ndig weiterentwickelt und auf dem die Nachfrage nach Ferienvermietungen und dauerhaften Wohnimmobilien weiter steigt.<\/p>\n<p>Und f\u00fcr diejenigen, die einen friedlichen R\u00fcckzugsort oder ein Projekt f\u00fcr das Landleben suchen, ist das <strong>Bauernh\u00f6fe<\/strong> auf Teneriffa bieten die M\u00f6glichkeit, in Harmonie mit der Natur zu leben, gro\u00dfe Grundst\u00fccke und atemberaubende Aussichten zu genie\u00dfen.<\/p>\n<p>W\u00e4hlen Sie <strong>auf Teneriffa kaufen<\/strong> o <strong>mieten auf Teneriffa<\/strong> ist, sich f\u00fcr einen bereichernden Lebensstil auf einer der sch\u00f6nsten und einladendsten Inseln der Welt zu entscheiden. Mit einem so vielf\u00e4ltigen Angebot an Immobilien ist es ein Leichtes, Ihr ideales Zuhause auf Teneriffa zu finden. Ob Sie nun <strong>eine Villa auf Teneriffa mieten<\/strong> f\u00fcr Ihren Urlaub oder um Ihr n\u00e4chstes Haus zu kaufen, verspricht die Insel die perfekte Umgebung, um Ihre Tr\u00e4ume wahr werden zu lassen.<\/p>\t\t\t\t\t\t\t\t<\/div>\n\t\t\t\t<\/div>\n\t\t\t\t\t<\/div>\n\t\t\t\t<\/div>\n\t\t\t\t<\/div>","protected":false},"excerpt":{"rendered":"<p>Propiedades en Venta y Alquiler en Tenerife Villa \/ Casa Adosado Apartamento Estudio D\u00faplex Negocio Edificio Hotel Finca Bungal\u00f3 \u00c1tico Terreno Explorar los diversos tipos de propiedades disponibles en Tenerife, ya sea para compra o alquiler, abre un abanico de posibilidades para aquellos que sue\u00f1an con vivir en esta isla paradis\u00edaca o invertir en su [&hellip;]<\/p>\n","protected":false},"author":1,"featured_media":0,"parent":0,"menu_order":0,"comment_status":"closed","ping_status":"closed","template":"elementor_header_footer","meta":{"footnotes":""},"class_list":["post-20906","page","type-page","status-publish","hentry"],"_links":{"self":[{"href":"https:\/\/www.tunidotenerife.com\/de\/wp-json\/wp\/v2\/pages\/20906","targetHints":{"allow":["GET"]}}],"collection":[{"href":"https:\/\/www.tunidotenerife.com\/de\/wp-json\/wp\/v2\/pages"}],"about":[{"href":"https:\/\/www.tunidotenerife.com\/de\/wp-json\/wp\/v2\/types\/page"}],"author":[{"embeddable":true,"href":"https:\/\/www.tunidotenerife.com\/de\/wp-json\/wp\/v2\/users\/1"}],"replies":[{"embeddable":true,"href":"https:\/\/www.tunidotenerife.com\/de\/wp-json\/wp\/v2\/comments?post=20906"}],"version-history":[{"count":0,"href":"https:\/\/www.tunidotenerife.com\/de\/wp-json\/wp\/v2\/pages\/20906\/revisions"}],"wp:attachment":[{"href":"https:\/\/www.tunidotenerife.com\/de\/wp-json\/wp\/v2\/media?parent=20906"}],"curies":[{"name":"wp","href":"https:\/\/api.w.org\/{rel}","templated":true}]}}